{"id":971,"date":"2016-03-08T12:08:25","date_gmt":"2016-03-08T12:08:25","guid":{"rendered":"http:\/\/www.taraspringett.com\/de\/?page_id=971"},"modified":"2023-08-29T14:30:33","modified_gmt":"2023-08-29T14:30:33","slug":"buch-kaufen-spirituelle-freude","status":"publish","type":"page","link":"https:\/\/www.taraspringett.com\/de\/gluckseligkeit\/buch-kaufen-spirituelle-freude","title":{"rendered":"Buch kaufen: Spirituelle Freude"},"content":{"rendered":"<p><strong><img loading=\"lazy\" decoding=\"async\" class=\"alignleft  wp-image-1528\" src=\"https:\/\/www.taraspringett.com\/de\/wp-content\/uploads\/2013\/09\/spir-freude-weniger-pixel-217x300.jpg\" alt=\"\" width=\"276\" height=\"377\" \/>Der\u00a0buddhistische Dzogchen-Weg zur Erleuchtung <\/strong><span style=\"font-size: 16px;\">In diesem bahnbrechenden und inspirierenden Buch offenbart die tibetisch-buddhistische Lehrerin Tara Springett, wie man durch den buddhistischen Dzogchen-Weg spirituelle Freude findet und dadurch auf dem schnellsten Weg Erleuchtung erreicht.<\/span><\/p>\n<p style=\"text-align: left;\">Diese traditionelle tibetisch-buddhistische Methode wird ohne viele Fachbegriffe oder kulturelle \u00dcberfrachtung pr\u00e4sentiert. In einfacher und direkter Weise erz\u00e4hlt Tara, wie sie selbst in diesen unvergleichlichen Geisteszustand eingef\u00fchrt wurde und wie jeder Mensch in kurzer Zeit dasselbe erreichen kann.<\/p>\n<p style=\"text-align: left;\"><strong>Aus dem Inhalt:<\/strong><\/p>\n<ul>\n<li>Spirituelle Freude ist unsere tiefste Natur und sie ist hinter jedem Gedanken und jedem Gef\u00fchl stets vorhanden.<\/li>\n<li>Wie man sich ohne jegliche Methode oder Technik in die spirituelle Freude einstimmt.<\/li>\n<li>Wie man das gesamte Wesen und das ganze Leben mit spiritueller Freude durchtr\u00e4nkt.<\/li>\n<li>Wie man alle negativen Geisteszust\u00e4nde mit spiritueller Freude in einem einzigen Augenblick \u00a0aufl\u00f6st.<\/li>\n<li>Wie man durch spirituelle Freude auf die schnellste Weise Erleuchtung erreicht.<\/li>\n<\/ul>\n<p style=\"text-align: left;\">Tara Springett M.A. ist eine qualifizierte Psychotherapeutin und tibetisch-buddhistische Lehrerin und hilft seit \u00fcber 25 Jahren ihren Klienten und Sch\u00fclern, spirituelle Freude zu finden und sich auf dem Dzogchen-Weg weiterzuentwickeln. Sie ist Autorin von mehreren Selbsthilfeb\u00fcchern, die in viele Sprachen \u00fcbersetzt wurden. Tara ist in zahlreichen Magazinen, Radio- und Fernsehsendungen in mehreren L\u00e4ndern erschienen.<\/p>\n<p style=\"text-align: left;\">Die Einleitung zu &#8220;<strong>Spirituelle Freude<\/strong>&#8221; kannst Du <a href=\"https:\/\/www.taraspringett.com\/de\/einleitung-spirituelle-freude\">hier<\/a>\u00a0lesen.<\/p>\n<p style=\"text-align: left;\">Das Buch ist auf amazon.de als Taschenbuch und als Kindleversion verf\u00fcgbar.<\/p>\n<p style=\"text-align: left;\"><strong>Hier kannst Du das 217-seitige Buch (als PDF)\u00a0 zum sofortigen Download kaufen.\u00a0 <span style=\"color: #ff0000;\">Vorzugspreis: 6.49 Euro (25% billiger als bei Amazon)\u00a0\u00a0<\/span><\/strong><\/p>\n<p>AusChecken mit PayPal:<\/p>\n<p><a href=\"https:\/\/www.paypal.com\/cgi-bin\/webscr?cmd=_s-xclick&amp;hosted_button_id=D8NH2DHJM6J8S\"><img loading=\"lazy\" decoding=\"async\" class=\"aligncenter\" src=\"https:\/\/www.taraspringett.com\/de\/wp-content\/uploads\/2014\/12\/paypal-deutsch.gif\" alt=\"paypal\" width=\"126\" height=\"47\" \/><\/a><\/p>\n<h2 style=\"text-align: left;\"><span style=\"color: #ff0000;\">Bitte achte am Ende des AusCheck-Prozesses bei PayPal besonders auf den Link zur Download-Seite!<br \/>\n<\/span><\/h2>\n<p style=\"text-align: left;\">Falls ein Problem auftreten sollte, kannst Du mich <a title=\"Kontakt\" href=\"https:\/\/www.taraspringett.com\/de\/kontakt\">hier<\/a>\u00a0kontaktieren.<\/p>\n<p>\u00a0\u00a0\u00a0\u00a0\u00a0\u00a0\u00a0\u00a0\u00a0\u00a0\u00a0\u00a0\u00a0\u00a0\u00a0\u00a0\u00a0\u00a0\u00a0\u00a0\u00a0\u00a0\u00a0\u00a0\u00a0\u00a0\u00a0 14 Tage Geld-zur\u00fcck-Garantie!<\/p>\n<p><iframe loading=\"lazy\" src=\"https:\/\/www.youtube.com\/embed\/E0Otg0mvQaE?rel=0\" width=\"560\" height=\"315\" frameborder=\"0\" allowfullscreen=\"allowfullscreen\"><\/iframe><\/p>\n<p><a href=\"https:\/\/www.taraspringett.com\/de\/wp-content\/uploads\/2016\/03\/spir-freude-cover-dzogchen-low-resolution.jpeg\"><img loading=\"lazy\" decoding=\"async\" class=\"aligncenter size-medium wp-image-1108\" src=\"https:\/\/www.taraspringett.com\/de\/wp-content\/uploads\/2016\/03\/spir-freude-cover-dzogchen-low-resolution-200x300.jpeg\" alt=\"Spirituelle Freude\" width=\"200\" height=\"300\" srcset=\"https:\/\/www.taraspringett.com\/de\/wp-content\/uploads\/2016\/03\/spir-freude-cover-dzogchen-low-resolution-200x300.jpeg 200w, https:\/\/www.taraspringett.com\/de\/wp-content\/uploads\/2016\/03\/spir-freude-cover-dzogchen-low-resolution-684x1024.jpeg 684w, https:\/\/www.taraspringett.com\/de\/wp-content\/uploads\/2016\/03\/spir-freude-cover-dzogchen-low-resolution-900x1345.jpeg 900w\" sizes=\"auto, (max-width: 200px) 100vw, 200px\" \/><\/a><\/p>\n<p><a href=\"https:\/\/www.taraspringett.com\/de\/wp-content\/uploads\/2013\/09\/Advanced-Manifesting.jpg\"><img loading=\"lazy\" decoding=\"async\" src=\"http:\/\/www.taraspringett.com\/wp-content\/uploads\/2011\/02\/Download-1-150x150.jpg\" alt=\"\" width=\"32\" height=\"32\" \/><\/a><a href=\"http:\/\/www.taraspringett.com\">English<\/a><\/p>\n","protected":false},"excerpt":{"rendered":"<p>Der\u00a0buddhistische Dzogchen-Weg zur Erleuchtung In diesem bahnbrechenden und inspirierenden Buch offenbart die tibetisch-buddhistische Lehrerin Tara Springett, wie man durch den buddhistischen Dzogchen-Weg spirituelle Freude findet und dadurch auf dem schnellsten Weg Erleuchtung erreicht. Diese traditionelle tibetisch-buddhistische Methode wird ohne viele Fachbegriffe oder kulturelle \u00dcberfrachtung pr\u00e4sentiert. In einfacher und direkter Weise erz\u00e4hlt Tara, wie sie selbst &#8230; <a title=\"Buch kaufen: Spirituelle Freude\" class=\"read-more\" href=\"https:\/\/www.taraspringett.com\/de\/gluckseligkeit\/buch-kaufen-spirituelle-freude\" aria-label=\"Read more about Buch kaufen: Spirituelle Freude\">Read more<\/a><\/p>\n","protected":false},"author":1,"featured_media":0,"parent":45,"menu_order":0,"comment_status":"closed","ping_status":"closed","template":"","meta":{"footnotes":""},"class_list":["post-971","page","type-page","status-publish"],"aioseo_notices":[],"_links":{"self":[{"href":"https:\/\/www.taraspringett.com\/de\/wp-json\/wp\/v2\/pages\/971","targetHints":{"allow":["GET"]}}],"collection":[{"href":"https:\/\/www.taraspringett.com\/de\/wp-json\/wp\/v2\/pages"}],"about":[{"href":"https:\/\/www.taraspringett.com\/de\/wp-json\/wp\/v2\/types\/page"}],"author":[{"embeddable":true,"href":"https:\/\/www.taraspringett.com\/de\/wp-json\/wp\/v2\/users\/1"}],"replies":[{"embeddable":true,"href":"https:\/\/www.taraspringett.com\/de\/wp-json\/wp\/v2\/comments?post=971"}],"version-history":[{"count":3,"href":"https:\/\/www.taraspringett.com\/de\/wp-json\/wp\/v2\/pages\/971\/revisions"}],"predecessor-version":[{"id":2044,"href":"https:\/\/www.taraspringett.com\/de\/wp-json\/wp\/v2\/pages\/971\/revisions\/2044"}],"up":[{"embeddable":true,"href":"https:\/\/www.taraspringett.com\/de\/wp-json\/wp\/v2\/pages\/45"}],"wp:attachment":[{"href":"https:\/\/www.taraspringett.com\/de\/wp-json\/wp\/v2\/media?parent=971"}],"curies":[{"name":"wp","href":"https:\/\/api.w.org\/{rel}","templated":true}]}}