{"id":94,"date":"2013-09-15T05:19:44","date_gmt":"2013-09-15T05:19:44","guid":{"rendered":"http:\/\/www.taraspringett.com\/de1\/?page_id=94"},"modified":"2025-03-12T19:09:23","modified_gmt":"2025-03-12T19:09:23","slug":"kundalini-heilung","status":"publish","type":"page","link":"https:\/\/www.taraspringett.com\/de\/kundalini-heilung","title":{"rendered":"Sitzungen f\u00fcr Kundalini-Heilung"},"content":{"rendered":"<p><!--:en--><\/p>\n<p><img loading=\"lazy\" decoding=\"async\" class=\"alignleft wp-image-1450\" src=\"https:\/\/www.taraspringett.com\/de\/wp-content\/uploads\/2013\/09\/tara-2017-244x300.jpg\" alt=\"\" width=\"190\" height=\"232\" \/>Ich arbeite seit Jahrzehnten als Psychotherapeutin und Buddhistische Lehrerin<a href=\"https:\/\/kundalinisymptoms.com\/supportgroup\/\"><img loading=\"lazy\" decoding=\"async\" class=\"alignright size-full wp-image-2019\" src=\"https:\/\/www.taraspringett.com\/de\/wp-content\/uploads\/2023\/05\/zoom.jpg\" alt=\"\" width=\"246\" height=\"243\" \/><\/a>. Seit 2010 habe mich auf die Beratung f\u00fcr das Kundalini-Syndroms (oder spirituelle Krise) spezialisiert.<\/p>\n<p>Ich liebe meine Arbeit und habe tausenden von Menschen auf der ganzen Welt geholfen Heilung f\u00fcr ihre Kundalini-Symptome zu finden. Im Allgemeinen finden meine Klienten meinen Ansatz sehr effektiv und sind in der Lage ihre Symptome innerhalb weniger Wochen oder Monate zu lindern oder sogar v\u00f6llig zu eliminieren.<\/p>\n<p><strong>Mein Hintergrund:<br \/>\n<\/strong><\/p>\n<p>Mein eigener Kundalini-Prozess hat im Jahr 1978 (im zarten Alter von 17) angefangen und somit kann ich mich gut einf\u00fchlen in das, was meine Klienten durchmachen, weil ich diese Erfahrungen selbst erlebt habe. Viele von den untenstehenden Symptomen habe ich selber erlebt und erfolgreich \u00fcberwunden.<\/p>\n<p>Ich f\u00fchle, dass ich meinen eigenen Kundalini-Prozess gemeistert habe. Alle meine schwierigen Aspekte sind schon seit sehr vielen Jahren abgeklungen und ich erlebe jetzt die positive Seite der Kundalini. welche mir vermehrte Weisheit, Gl\u00fcckseligkeit, Kreativit\u00e4t, die F\u00e4higkeit, meine W\u00fcnsche zu manifestieren und anderen zu helfen, gebracht hat.<\/p>\n<p>In unseren Sitzungen werde ich Dir zeigen, wie Du Zugang zu diesen positiven Aspekten der Kundalini-Erweckung bekommst.<\/p>\n<p><img loading=\"lazy\" decoding=\"async\" class=\"alignright wp-image-1481\" src=\"https:\/\/www.taraspringett.com\/de\/wp-content\/uploads\/2013\/09\/kundalini-aktiv-300x222.jpg\" alt=\"\" width=\"208\" height=\"154\" srcset=\"https:\/\/www.taraspringett.com\/de\/wp-content\/uploads\/2013\/09\/kundalini-aktiv-300x222.jpg 300w, https:\/\/www.taraspringett.com\/de\/wp-content\/uploads\/2013\/09\/kundalini-aktiv-768x568.jpg 768w, https:\/\/www.taraspringett.com\/de\/wp-content\/uploads\/2013\/09\/kundalini-aktiv-1024x757.jpg 1024w, https:\/\/www.taraspringett.com\/de\/wp-content\/uploads\/2013\/09\/kundalini-aktiv-600x444.jpg 600w, https:\/\/www.taraspringett.com\/de\/wp-content\/uploads\/2013\/09\/kundalini-aktiv.jpg 1455w\" sizes=\"auto, (max-width: 208px) 100vw, 208px\" \/><strong>Lehren anstatt in Dein Energie-System einzugreifen<\/strong><\/p>\n<p>Wenn die Kundalini fliesst, ist es gef\u00e4hrlich, einem Energieheiler\/in zu erlauben, in Dein Energie-System einzugreifen, egal wie positiv er oder sie motiviert ist, denn Du kannst unabsichtlich ungewolltes Material von diesem Heiler aufnehmen. Ausserdem k\u00f6nnen Energie-Heilungen wie z.B. Reiki oder Akupunktur die Kundalini-Symptome verschlimmern, anstatt sie zu verbessern.<\/p>\n<p>Aus diesem Grund werde ich niemals in Dein Energie-System eingreifen, sondern Dir zeigen, wie Du Dein eigenes Energie-System heilen und managen kannst. Wir werden das auf folgende Weise tun:<\/p>\n<ol>\n<li>Die Methode <em>des Heilens mit dem h\u00f6heren Bewusstsein<\/em> verwendet reine Liebe als Heilmittel. Diese Methode ist total sicher und hat noch niemals negative Nebenwirkungen bei meinen Klienten erzeugt. Es ist meine durchg\u00e4ngige Erfahrung mit meinen Klienten, dass k\u00f6rperliche Symptome nachlassen, sobald emotionale, spirituelle und mit Beziehungen verbundene Herausforderungen bearbeitet wurden. Mein Ansatz wird also sein, mit diesen mehr emotionalen Herausforderungen anzufangen und dann zu den mehr k\u00f6rperlichen Symptomen zu kommen, falls diese noch nicht ganz verschwunden sein sollten.<\/li>\n<li>Ich werde Dir erkl\u00e4ren, wie die Kundalini funktioniert und warum sie diese merkw\u00fcrdigen Symptome in Deinem K\u00f6rper und Geist hervorruft. Dieses Wissen an sich wird schon viele Deiner Bef\u00fcrchtungen dar\u00fcber, was mit Dir geschieht, verringern und Dich bef\u00e4higen, mit Dir selbst besser umzugehen.<\/li>\n<li>Viele Kundalini-Klienten verschlimmern ihre Symptome unabsichtlich durch Missbrauch oder \u00fcberm\u00e4ssigen\u00a0Gebrauch von bestimmten spirituellen Methoden. Zusammen werden wir versuchen herauszufinden, ob es da etwas gibt, das Deine Symptome verschlimmert. Sobald wir das aufgedeckt und abgestellt haben, solltest Du eine rasche Verbesserung Deiner Symptome erleben.<\/li>\n<\/ol>\n<p>Bitte beachte, das ich bei Kundalini-Problemen mit dir in meiner Kapazit\u00e4t als buddhistische Lehrerin arbeiten werde und nicht in meiner Kapazit\u00e4t als Psychotherapeutin.<\/p>\n<p><strong>Kundalini-Symptome (spirituelle Krise), die gelindert und aufgel\u00f6st werden k\u00f6nnen:<\/strong><\/p>\n<ul>\n<li>Allgemeine Verwirrung und ein Gef\u00fchl, in Aufruhr zu sein<\/li>\n<li>Verst\u00e4rkte Emotionen wie zum Beispiel starke Verzweiflung, Wut, Traurigkeit und Bef\u00fcrchtungen, Depressionen<\/li>\n<li>Angst und Panik<\/li>\n<li>Beunruhigende paranormale Erfahrungen wie zum Beispiel Stimmen h\u00f6ren oder Visionen sehen (Ich werde detailliert erkl\u00e4ren, warum und wie sich diese Kundalini-Symptome sich von Geisteskrankheit unterscheiden)<\/li>\n<li>K\u00f6rperliche Symptome, wie zum Beispiel unerkl\u00e4rliche Schmerzen, Energie, die sich im K\u00f6rper bewegt, Zuckungen und Vibrationen<\/li>\n<li>\u00dcberempfindlichkeit der Sinne<\/li>\n<li>Sexuelle \u00dcbererregung<\/li>\n<li>Auftauchen von traumatischem Material aus der Kindheit oder aus fr\u00fcheren Leben<\/li>\n<li>Angst vor dem Sterben<\/li>\n<li>Angst verr\u00fcckt zu werden<\/li>\n<li>Aufnehmen von zuviel Negativit\u00e4t von anderen Menschen und der Umwelt<\/li>\n<li>Schlaflosigkeit (eine kurze Periode von Medikation ist manchmal notwendig)<\/li>\n<li>Unwillk\u00fcrliche Bewegungen (Kriyas)<\/li>\n<li>Kopfdruck (leider eines der schwierigsten Symptome, aber dennoch heilbar)<\/li>\n<li>Lernen mit aktiver Kundalini in einer Welt zu leben, die dies nicht versteht<\/li>\n<li>Beziehungsprobleme (die durch die Kundalini-Erweckung entstehen)<\/li>\n<li>Berufswechsel und Probleme am Arbeitsplatz<\/li>\n<li>Das Gef\u00fchl im Leben festzusitzen<\/li>\n<li>Probleme mit dem K\u00f6rpergewicht, Essen und Nahrungsmitteln<\/li>\n<li>Trauerfall<\/li>\n<li>K\u00f6rperbildprobleme (sich h\u00e4sslich oder zu dick\/d\u00fcnn finden)<\/li>\n<li>Tr\u00e4ume manifestieren<\/li>\n<li>Probleme mit Selbstvertrauen<\/li>\n<\/ul>\n<p><strong>Wie lange wird es dauern?<\/strong><\/p>\n<p>Im Allgemeinen solltest Du eine dramatische Verbesserung bei Deinem schwerwiegendsten Symptom nach 3 bis 6 Sitzungen feststellen. Wenn Du einmal verstanden hast wie ich arbeite, verschwinden die oben aufgef\u00fchrten Symptome danach oft immer schneller. Die meisten meiner Klienten bleiben ein paar Monate bei mir, aber wir brauchen nicht jede Woche zusammen zu arbeiten. Du wirst kleine \u00dcbungen bekommen, die Du zwischen Sitzungen praktizieren sollst. Diese \u00dcbungen werden die eigentliche Heilung erzeugen.<\/p>\n<p>Um zu sehen, was andere Klienten sagen <a href=\"https:\/\/www.taraspringett.com\/de\/andere-sagen\/kundalini-klienten\">klicke hier<\/a><\/p>\n<p><strong>\u00a0<\/strong>Um meine Qualifikationen anzusehen <a href=\"https:\/\/www.taraspringett.com\/de\/uber-tara\/tara-springett\">klicke hier<\/a><\/p>\n<p><strong><span style=\"color: #000000;\" data-mce-mark=\"1\">Kosten der Sitzungen<\/span><\/strong><\/p>\n<p>Sitzungen f\u00fcr Kundalini-Therapie finden einmal pro Woche oder zweimal im Monat statt (oder seltener) und kosten 105 Euro pro Stunde. Schweizer zahlen 140 US Dollar (zahlbar per PayPal). Die Sitzungen finden online\/Telefon statt.<\/p>\n<p>Ich habe erfolgreich mit Klienten aus der ganzen Welt online gearbeitet. Anrufe sind sehr kosteng\u00fcnstig aus England &#8211; daher sind die Telefongeb\u00fchren im Preis inbegriffen, falls das Video mal nicht funktioniert. Ich werde Dich anrufen. Verg\u00fcnstigungen sind m\u00f6glich f\u00fcr diejenigen, die arbeitslos sind und f\u00fcr Studenten. Bitte frage mich danach. Ich spreche flie\u00dfend deutsch und englisch.<\/p>\n<h2><strong>Vereinbare einen Termin\u00a0<\/strong><\/h2>\n<p>Um einen Termin zu vereinbaren,\u00a0verwende das Formular\u00a0<a href=\"https:\/\/www.taraspringett.com\/de\/kontakt\">hier<\/a>.<\/p>\n<h3><img loading=\"lazy\" decoding=\"async\" style=\"font-size: 16px;\" src=\"https:\/\/www.taraspringett.com\/wp-content\/uploads\/2011\/02\/Download-1-150x150.jpg\" alt=\"\" width=\"32\" height=\"32\" \/><a style=\"font-size: 16px;\" href=\"http:\/\/www.taraspringett.com\/sessions\/kundalini-healing\">English<\/a><\/h3>\n","protected":false},"excerpt":{"rendered":"<p>Ich arbeite seit Jahrzehnten als Psychotherapeutin und Buddhistische Lehrerin. Seit 2010 habe mich auf die Beratung f\u00fcr das Kundalini-Syndroms (oder spirituelle Krise) spezialisiert. Ich liebe meine Arbeit und habe tausenden von Menschen auf der ganzen Welt geholfen Heilung f\u00fcr ihre Kundalini-Symptome zu finden. Im Allgemeinen finden meine Klienten meinen Ansatz sehr effektiv und sind in &#8230; <a title=\"Sitzungen f\u00fcr Kundalini-Heilung\" class=\"read-more\" href=\"https:\/\/www.taraspringett.com\/de\/kundalini-heilung\" aria-label=\"Read more about Sitzungen f\u00fcr Kundalini-Heilung\">Read more<\/a><\/p>\n","protected":false},"author":1,"featured_media":0,"parent":0,"menu_order":0,"comment_status":"closed","ping_status":"closed","template":"","meta":{"footnotes":""},"class_list":["post-94","page","type-page","status-publish"],"aioseo_notices":[],"_links":{"self":[{"href":"https:\/\/www.taraspringett.com\/de\/wp-json\/wp\/v2\/pages\/94","targetHints":{"allow":["GET"]}}],"collection":[{"href":"https:\/\/www.taraspringett.com\/de\/wp-json\/wp\/v2\/pages"}],"about":[{"href":"https:\/\/www.taraspringett.com\/de\/wp-json\/wp\/v2\/types\/page"}],"author":[{"embeddable":true,"href":"https:\/\/www.taraspringett.com\/de\/wp-json\/wp\/v2\/users\/1"}],"replies":[{"embeddable":true,"href":"https:\/\/www.taraspringett.com\/de\/wp-json\/wp\/v2\/comments?post=94"}],"version-history":[{"count":16,"href":"https:\/\/www.taraspringett.com\/de\/wp-json\/wp\/v2\/pages\/94\/revisions"}],"predecessor-version":[{"id":2109,"href":"https:\/\/www.taraspringett.com\/de\/wp-json\/wp\/v2\/pages\/94\/revisions\/2109"}],"wp:attachment":[{"href":"https:\/\/www.taraspringett.com\/de\/wp-json\/wp\/v2\/media?parent=94"}],"curies":[{"name":"wp","href":"https:\/\/api.w.org\/{rel}","templated":true}]}}