{"id":90,"date":"2013-09-15T05:05:13","date_gmt":"2013-09-15T05:05:13","guid":{"rendered":"http:\/\/www.taraspringett.com\/de1\/?page_id=90"},"modified":"2017-06-03T20:40:19","modified_gmt":"2017-06-03T20:40:19","slug":"bedingungsloses-gluck","status":"publish","type":"page","link":"https:\/\/www.taraspringett.com\/de\/gluckseligkeit\/bedingungsloses-gluck","title":{"rendered":"Bedingungsloses Gl\u00fcck"},"content":{"rendered":"<p><!--:en--><\/p>\n<p><span style=\"color: #000000; font-size: 1.8em; line-height: 1.5em;\">Gl\u00fcckseligkeit, die von innen kommt<\/span><\/p>\n<h2><em style=\"font-size: 16px;\">von Tara Springett<\/em><\/h2>\n<p>Im Jahr 2001 hatte ich eine lebensver\u00e4ndernde Erfahrung. Nach vielen Jahren der<\/p>\n<figure id=\"attachment_1108\" aria-describedby=\"caption-attachment-1108\" style=\"width: 190px\" class=\"wp-caption alignright\"><a title=\"Buch kaufen: Spirituelle Freude\" href=\"https:\/\/www.taraspringett.com\/de\/buch-kaufen-spirituelle-freude\"><img loading=\"lazy\" decoding=\"async\" class=\"size-medium wp-image-1108\" src=\"https:\/\/www.taraspringett.com\/de\/wp-content\/uploads\/2016\/03\/spir-freude-cover-dzogchen-low-resolution-200x300.jpeg\" alt=\"Hier kann man das Buch kaufen\" width=\"200\" height=\"300\" srcset=\"https:\/\/www.taraspringett.com\/de\/wp-content\/uploads\/2016\/03\/spir-freude-cover-dzogchen-low-resolution-200x300.jpeg 200w, https:\/\/www.taraspringett.com\/de\/wp-content\/uploads\/2016\/03\/spir-freude-cover-dzogchen-low-resolution-684x1024.jpeg 684w, https:\/\/www.taraspringett.com\/de\/wp-content\/uploads\/2016\/03\/spir-freude-cover-dzogchen-low-resolution-900x1345.jpeg 900w\" sizes=\"auto, (max-width: 200px) 100vw, 200px\" \/><\/a><figcaption id=\"caption-attachment-1108\" class=\"wp-caption-text\"><a title=\"Buch kaufen: Spirituelle Freude\" href=\"https:\/\/www.taraspringett.com\/de\/buch-kaufen-spirituelle-freude\">Hier kann man das Buch kaufen<\/a><\/figcaption><\/figure>\n<p>Meditation und nach vielen H\u00f6hen und Tiefen konnte ich pl\u00f6tzlich willentlich auf einen Zustand des bedingungslosen Gl\u00fccks zugreifen, der mich seitdem nie mehr verlassen hat.<\/p>\n<p>Wie es geschah, war schon sehr erstaunlich. Eine gute Freundin hatte mir von einem wunderbaren buddhistischen Lehrer namens Garchen Rinpoche erz\u00e4hlt. Das hat mich sehr inspiriert, weil ich sofort eine starke Verbindung zu diesem Lehrer f\u00fchlte, obwohl ich ihn nie getroffen hatte und es Dutzende von anderen tibetisch-buddhistischen Lehrern gab, die ich stattdessen h\u00e4tte treffen k\u00f6nnen. Aber etwas in mir f\u00fchlte sich unglaublich stark zu Garchen Rinpoche hingezogen und ich fing an, zu ihm zu beten, oder besser gesagt, mit ihm im Geiste zu sprechen.<\/p>\n<p>Irgendwann &#8216;fragte ich ihn&#8217; wie ich meditieren sollte und schien diese Antwort zu h\u00f6ren:<br \/>\n&#8220;Sei einfach gl\u00fccklich!&#8221; Und das war&#8217;s \u2013 &#8220;Sei einfach gl\u00fccklich!&#8221;<\/p>\n<p>Also setzte ich mich in meine gewohnte Meditationsposition und versuchte das &#8216;einfach gl\u00fccklich sein\u2019 \u2013 und zu meiner \u00dcberraschung klappte es. Ich wurde sofort von einem gro\u00dfen Gef\u00fchl der Freude erf\u00fcllt, das sich weiter und weiter in mir aufbaute, bis ich von Wellen der Gl\u00fcckseligkeit und sogar Ekstase durchflutet wurde.<\/p>\n<p>Zu jener Zeit waren Gef\u00fchle der Gl\u00fcckseligkeit nicht neu f\u00fcr mich \u2013 ich hatte in den Jahren meiner Meditation schon viele gl\u00fcckselige Momente erlebt. Aber diese gl\u00fccklichen Gef\u00fchle waren ein bisschen wie das Wetter \u2013 sie kamen und gingen und ich hatte keine Kontrolle dar\u00fcber, sie willentlich herbeizurufen. Je mehr ich versucht habe, gl\u00fccklich zu sein, desto mehr ging es daneben und ich landete in einer Art von mentalem Stress, der alle Freude kaputtmachte, die ich durch meine Anstrengungen gewonnen hatte.<\/p>\n<p>All dies \u00e4nderte sich, als ich diesen erstaunlichen mentalen Ratschlag von dem Lehrer erhielt, den ich noch nie getroffen hatte.<img loading=\"lazy\" decoding=\"async\" class=\"alignright size-full wp-image-4737\" title=\"Buddha\" src=\"http:\/\/www.taraspringett.com\/wp-content\/uploads\/2012\/05\/903864_buddha_holding_crystal.jpg\" alt=\"\" width=\"300\" height=\"225\" \/>\u00a0Pl\u00f6tzlich waren Freude und sogar Gl\u00fcckseligkeit f\u00fcr mich jederzeit verf\u00fcgbar, sogar in Zeiten gro\u00dfer seelischer Probleme. Ich regte mich noch immer hin und wieder \u00fcber Dinge und Menschen auf, so wie ich es vorher getan hatte, aber jetzt konnte ich einfach wieder auf die bedingungslose Freude &#8216;umschalten&#8217;, die immer in mir vorhanden war \u2013 so wie die Sonne immer hinter einer dicken Schicht von Wolken scheint.<\/p>\n<p>All dies geschah vor fast 12 Jahren und im Laufe der Zeit hat sich die Erfahrung des bedingungslosen Gl\u00fccks immer mehr vertieft und ist in jeden Bereich meines Lebens eingedrungen. Im tibetischen Buddhismus nennt sich diese Erfahrung des bedingungslosen Gl\u00fccks &#8216;Maha Mudra&#8217; oder &#8216;Dzogchen&#8217; und ich werde Garchen Rinpoche f\u00fcr immer dankbar sein f\u00fcr seine mystische Einf\u00fchrung in diesen wunderbaren Geisteszustand.<\/p>\n<p><em>Tara Springett ist eine buddhistische Lehrerin, die autorisiert ist, Maha Mudra und Dzogchen zu lehren. Wenn Du gerne spirituelle F\u00fchrung erhalten m\u00f6chtest, dann klicke bitte <a title=\"Beratung\/Therapie\/Coaching\" href=\"https:\/\/www.taraspringett.com\/de\/sitzungen\/beratung-therapie-coaching\"> hier<\/a>.<\/em><\/p>\n<p>Buch: <a title=\"Buch kaufen: Spirituelle Freude\" href=\"https:\/\/www.taraspringett.com\/de\/buch-kaufen-spirituelle-freude\">Spirituelle Freude<\/a> ansehen<\/p>\n<p>Buch: <a href=\"https:\/\/www.taraspringett.com\/de\/heilen\/buch-kaufen-die-genuss-methode\">Die Genuss-Methode<\/a> \u2013 Der buddhistische Weg\u00a0zu genussvoller Ern\u00e4hrung und idealem Gewicht<\/p>\n<p style=\"color: #313017; font-family: Arial, Helvetica, sans-serif; line-height: normal; text-align: justify; background-color: #ffffff;\"><em style=\"font-size: 13px; text-align: -webkit-auto;\">Wenn Dir meine Webseite gef\u00e4llt, dann dr\u00fccke bitte einen der &#8220;Like-Buttons&#8221;, damit auch andere davon profitieren k\u00f6nnen. Danke!<\/em><\/p>\n<p><img loading=\"lazy\" decoding=\"async\" src=\"http:\/\/www.taraspringett.com\/wp-content\/uploads\/2011\/02\/Download-1-150x150.jpg\" alt=\"\" width=\"32\" height=\"32\" \/><a href=\"http:\/\/www.taraspringett.com\/bliss\/unconditional-happiness\">English<\/a><\/p>\n","protected":false},"excerpt":{"rendered":"<p>Gl\u00fcckseligkeit, die von innen kommt von Tara Springett Im Jahr 2001 hatte ich eine lebensver\u00e4ndernde Erfahrung. Nach vielen Jahren der Meditation und nach vielen H\u00f6hen und Tiefen konnte ich pl\u00f6tzlich willentlich auf einen Zustand des bedingungslosen Gl\u00fccks zugreifen, der mich seitdem nie mehr verlassen hat. Wie es geschah, war schon sehr erstaunlich. Eine gute Freundin &#8230; <a title=\"Bedingungsloses Gl\u00fcck\" class=\"read-more\" href=\"https:\/\/www.taraspringett.com\/de\/gluckseligkeit\/bedingungsloses-gluck\" aria-label=\"Read more about Bedingungsloses Gl\u00fcck\">Read more<\/a><\/p>\n","protected":false},"author":1,"featured_media":0,"parent":45,"menu_order":0,"comment_status":"closed","ping_status":"closed","template":"sidebar-page.php","meta":{"footnotes":""},"class_list":["post-90","page","type-page","status-publish"],"aioseo_notices":[],"_links":{"self":[{"href":"https:\/\/www.taraspringett.com\/de\/wp-json\/wp\/v2\/pages\/90","targetHints":{"allow":["GET"]}}],"collection":[{"href":"https:\/\/www.taraspringett.com\/de\/wp-json\/wp\/v2\/pages"}],"about":[{"href":"https:\/\/www.taraspringett.com\/de\/wp-json\/wp\/v2\/types\/page"}],"author":[{"embeddable":true,"href":"https:\/\/www.taraspringett.com\/de\/wp-json\/wp\/v2\/users\/1"}],"replies":[{"embeddable":true,"href":"https:\/\/www.taraspringett.com\/de\/wp-json\/wp\/v2\/comments?post=90"}],"version-history":[{"count":0,"href":"https:\/\/www.taraspringett.com\/de\/wp-json\/wp\/v2\/pages\/90\/revisions"}],"up":[{"embeddable":true,"href":"https:\/\/www.taraspringett.com\/de\/wp-json\/wp\/v2\/pages\/45"}],"wp:attachment":[{"href":"https:\/\/www.taraspringett.com\/de\/wp-json\/wp\/v2\/media?parent=90"}],"curies":[{"name":"wp","href":"https:\/\/api.w.org\/{rel}","templated":true}]}}