{"id":9,"date":"2013-09-14T15:11:16","date_gmt":"2013-09-14T15:11:16","guid":{"rendered":"http:\/\/www.taraspringett.com\/de1\/?page_id=9"},"modified":"2025-03-17T12:13:58","modified_gmt":"2025-03-17T12:13:58","slug":"home","status":"publish","type":"page","link":"https:\/\/www.taraspringett.com\/de\/","title":{"rendered":"Home"},"content":{"rendered":"<p><!--:en--><\/p>\r\n<h2 style=\"text-align: left;\"><strong><span style=\"color: #ad1d14;\"><img loading=\"lazy\" decoding=\"async\" class=\"alignleft wp-image-1450\" src=\"https:\/\/www.taraspringett.com\/de\/wp-content\/uploads\/2013\/09\/tara-2017-244x300.jpg\" alt=\"Tara Springett\" width=\"180\" height=\"221\" srcset=\"https:\/\/www.taraspringett.com\/de\/wp-content\/uploads\/2013\/09\/tara-2017-244x300.jpg 244w, https:\/\/www.taraspringett.com\/de\/wp-content\/uploads\/2013\/09\/tara-2017-768x945.jpg 768w, https:\/\/www.taraspringett.com\/de\/wp-content\/uploads\/2013\/09\/tara-2017-832x1024.jpg 832w, https:\/\/www.taraspringett.com\/de\/wp-content\/uploads\/2013\/09\/tara-2017.jpg 881w\" sizes=\"auto, (max-width: 180px) 100vw, 180px\" \/>Willkommen auf Taras Webseite&#8230;<\/span><\/strong><strong><span style=\"color: #ad1d14;\"><br \/><\/span><\/strong><\/h2>\r\n<p style=\"text-align: left;\">Wenn Du mehr Liebe, Gl\u00fcck und spirituelles Wachstum suchst, dann bist Du hier an der richtigen Stelle. Tara ist eine buddhistische Lehrerin, Qigong-Lehrerin und Beraterin f\u00fcr das Kundalini-Syndrom (spirituelle Krise) und lehrt hocheffiziente Selbsthilfe-Methoden. Seit fast 40 Jahren hat sie vielen Menschen als Psychotherapeutin und als spirituelle Lehrerin bei ihren Problemen und bei ihrem spirituellen Wachstum geholfen. Taras Methoden basieren auf buddhistischen Lehren, aber niemand muss Buddhist werden, um von ihnen zu profitieren. Diese Lehren sind f\u00fcr alle Menschen da. Mit den Informationen dieser Webseite kannst Du:<\/p>\r\n<p style=\"text-align: left;\"><strong>* Mehr\u00a0<strong>Liebe und Gl\u00fcck finden, die von innen kommen<\/strong><\/strong><\/p>\r\n<p style=\"text-align: left;\"><strong>* Dein spirituelles Wachstum vertiefen und \u00a0Dich in Richtung Erleuchtung weiter entwickeln<\/strong><\/p>\r\n<p style=\"text-align: left;\"><strong><strong>* Wunschtr\u00e4ume manifestieren und dabei die F\u00e4higkeit (weiter) entwickeln altruistisch zu lieben<br \/><\/strong><\/strong><\/p>\r\n<p><strong><strong>* Deinen Seelenpartner finden und lernen, Deine Beziehungen f\u00fcr spirituelles Wachstum zu nutzen<a href=\"https:\/\/kundalinisymptoms.com\/supportgroup\/\"><img loading=\"lazy\" decoding=\"async\" class=\"alignright size-full wp-image-2024\" src=\"https:\/\/www.taraspringett.com\/de\/wp-content\/uploads\/2023\/08\/deu-zoom.jpg\" alt=\"\" width=\"280\" height=\"248\" \/><\/a><\/strong><\/strong><\/p>\r\n<p><strong>* Chronische emotionale Probleme schnell durch ma\u00dfgeschneiderte Meditationen verbessern<\/strong><\/p>\r\n<p><strong>* Die Traumata aus der Vergangenheit heilen, ohne sie nochmals zu durchleben<\/strong><\/p>\r\n<p><strong>* Dein k\u00f6rperliches Wohlbefinden steigern und Dein Energie-Level anheben<\/strong><\/p>\r\n<p><strong>* Spirituelle Krisen (Kundalin Symptome und Kundalini-Syndrom) \u00fcberwinden<\/strong><\/p>\r\n<p><strong><a href=\"https:\/\/www.taraspringett.com\/de\/wp-content\/uploads\/2013\/09\/garchen2004-sm.jpg\"><img loading=\"lazy\" decoding=\"async\" class=\"alignright wp-image-798\" src=\"https:\/\/www.taraspringett.com\/de\/wp-content\/uploads\/2013\/09\/garchen2004-sm.jpg\" alt=\"Garchen Rinpoche\" width=\"150\" height=\"213\" \/><\/a><\/strong><\/p>\r\n<h2 style=\"text-align: center;\"><strong>Wer unterst\u00fctzt Tara?<\/strong><\/h2>\r\n<p>Taras spiritueller Lehrer ist Seine Eminenz Garchen Rinpoche, ein tibetisch-buddhistischer Meister. Im Jahr 2002 ermutigte er Tara buddhistische Therapeutin, Lehrerin und Selbsthilfebuchautorin zu werden. Trish Lamb, eine Mitarbeiterin am Garchen Institut in Arizona best\u00e4tigte, dass der Ehrw\u00fcrdige Meister Tara seinen Segen f\u00fcr ihr Buch <a style=\"font-size: 16px;\" title=\"The Five-Minute Miracle kaufen\" href=\"https:\/\/www.taraspringett.com\/de\/heilen\/buch-kaufen-das-heilen-mit-dem-hoeheren-bewusstsein\"><em>Das Heilen mit dem h\u00f6heren Bewusstsein<\/em><\/a><span style=\"font-size: 16px;\">\u00a0gegeben hat, sowie f\u00fcr ihre Selbsthilfemethode, dem &#8216;Heilen mit dem h\u00f6heren Bewusstsein&#8217;.<\/span><\/p>\r\n<p><img loading=\"lazy\" decoding=\"async\" class=\"alignleft\" src=\"https:\/\/www.lehmanns.de\/media\/98106973\" alt=\"Die K\u00f6rper-Geist-Beziehung im Vajrayana-Buddhismus - Julia K\u00f6nig\" width=\"99\" height=\"141\" \/>Julia K\u00f6nig hat Tara f\u00fcr ihre Doktorarbeit &#8220;Die K\u00f6rper-Geist Beziehung im Vajrayana Buddhismus&#8221; ausf\u00fchrlich interviewed und ihr ein ganzes Kapitel gewidmet.\u00a0<\/p>\r\n<p>&nbsp;<\/p>\r\n<p>&nbsp;<\/p>\r\n<p><strong>Das Heilen des Kundalini-Syndroms<img loading=\"lazy\" decoding=\"async\" class=\"alignright wp-image-1481\" src=\"https:\/\/www.taraspringett.com\/de\/wp-content\/uploads\/2013\/09\/kundalini-aktiv-300x222.jpg\" alt=\"\" width=\"217\" height=\"160\" srcset=\"https:\/\/www.taraspringett.com\/de\/wp-content\/uploads\/2013\/09\/kundalini-aktiv-300x222.jpg 300w, https:\/\/www.taraspringett.com\/de\/wp-content\/uploads\/2013\/09\/kundalini-aktiv-768x568.jpg 768w, https:\/\/www.taraspringett.com\/de\/wp-content\/uploads\/2013\/09\/kundalini-aktiv-1024x757.jpg 1024w, https:\/\/www.taraspringett.com\/de\/wp-content\/uploads\/2013\/09\/kundalini-aktiv-600x444.jpg 600w, https:\/\/www.taraspringett.com\/de\/wp-content\/uploads\/2013\/09\/kundalini-aktiv.jpg 1455w\" sizes=\"auto, (max-width: 217px) 100vw, 217px\" \/><\/strong><\/p>\r\n<p>Tara ist eine Kundalini-Lehrerin und Therapeutin. Seit 2010 hat sie \u00fcber 2000 Menschen geholfen, die an Kundalini Symptomen leiden, mit sehr guten Ergebnissen. Wenn man die eigentliche Ursache der Vielzahl der Symptome im Kundalini-Syndrom angeht, klingen diese Probleme in der Regel schnell ab. Danach hast Du die M\u00f6glichkeit, die vielen positiven Aspekte einer spirituellen Erweckung zu genie\u00dfen. Erfahre mehr dar\u00fcber <a title=\"Kundalini Heilung\" href=\"https:\/\/www.taraspringett.com\/de\/sitzungen\/kundalini-heilung\">hier.<\/a><\/p>\r\n<h2 style=\"text-align: center;\"><strong>\u00a0Feedbacks<\/strong><\/h2>\r\n<p style=\"text-align: center;\"><b>Ruth, 27 Jahre, kam wegen Kundalini-Problemen zu mir. Sie schrieb: <\/b>&#8220;Vielen Dank, f\u00fcr deine Unterst\u00fctzung. Sie kam genau zur richtigen Zeit. Vor dir wusste ich nicht, wie ich mit den Symptomen der pl\u00f6tzlichen Kundalini-Erweckung umgehen sollte und was das \u00fcberhaupt ist. Ich war wirklich sehr verzweifelt und wusste nicht, an wen ich mich wenden sollte. Kaum jemand den ich fragte, kannte sich wirklich damit aus. Mir fiel es dadurch sehr schwer, jemandem in dieser Sache zu vertrauen. Denn ich wollte die Symptome ja auch nicht verschlimmern. Dann entdeckte ich dein Buch \u201cErleuchtung durch den Pfad der Kundalini \u201c und daraufhin deine Homepage. So kam eines zum anderen. Anfangs tat ich mir etwas schwer, mich auf diesen Prozess einzulassen. Ich meine, es stellte ja doch irgendwo mein ganzes bisheriges Weltbild auf den Kopf. Dank dir, konnte ich aber nach und nach immer mehr loslassen, verstehen, \u00e4ndern und mich auf diesen sehr intensiven inneren Prozess einlassen. Mittlerweile geht es mir sehr viel besser und ich bin dabei, einen neuen Weg zu beschreiten. Den Weg des Herzens. Ich bereue ihn nicht. Zwar kostet dieser auch Mut, aber er macht einen innerlich so viel reicher. Ich bin gespannt, wo es mich hintreibt und freue mich auf meinen neuen Lebensweg. Danke, Tara&#8221;<\/p>\r\n<p style=\"text-align: center;\"><strong>Dr. med. Michael Miller<\/strong> hatte vor kurzem ein elfj\u00e4hriges M\u00e4dchen adoptiert. Er schrieb: &#8220;Ich hatte eine Sitzung, weil meine Tochter unter Wutanf\u00e4llen litt. Sie ist als kleines Kind misshandelt worden und ich erhielt ein Heilsymbol f\u00fcr sie.\u00a0 Meine Tocher hat ihr Problem \u00fcberwunden &#8211; komplett!\u00a0 Mit Deiner Hilfe bobachteten wir ein &#8220;Wunder&#8221; innerhalb von zwei\u00a0 Monaten. Der Psychologe und der Sozialarbeiter der Institution, in der sie war, und auch der Kinderarzt sind \u00fcber die Verbesserung ihres Verhaltens erstaunt.\u00a0Jetzt ist sie freundlicher, diese Agressivit\u00e4t ist fast ganz verschwunden, sie hat keine Tobsuchtsanf\u00e4lle mehr, sie schl\u00e4ft friedlich, die Alptr\u00e4ume sind selten. Bei verschiedenen Anl\u00e4ssen haben diese Experten mit fast den gleichen Worten zu uns gesagt: &#8220;Sie ist anders, sie ist gl\u00fccklich.&#8221;\u00a0 Und dem stimmen wir zu!\u00a0Jetzt sind vier Monate vergangen und die Verbesserung in ihrem Verhalten h\u00e4lt Tag f\u00fcr Tag an.\u00a0Was k\u00f6nnen wir sagen? Wir\u00a0sagen eintausend Mal: &#8220;Danke, Tara, Du bist in unserem Herzen.&#8221;<\/p>\r\n<p style=\"text-align: center;\"><strong>J\u00fcrgen<\/strong> hatte viele Jahre an schweren Depressionen gelitten. Die Sitzungen waren vor 10 Jahren. Dann schrieb er mir: &#8220;Ich denke regelm\u00e4\u00dfig an die wunderbare Arbeit, die wir zusammen gemacht haben und wie gut sie mir in so vielen unerwarteten Weisen getan hat, welche sich immer weiter in mir entfalten. Ich bin besonders froh, dass ich das Gl\u00fcck und die Gelegenheit hatte, dich \u00fcberhaupt zu treffen und so effektiv mit dir zu arbeiten. Ich habe dich an einen Freund weiter empfohlen als eine Weise meine anhaltende Dankbarkeit auszudr\u00fccken f\u00fcr deine exzellente und wunderbare Arbeit, die mir so au\u00dferordentlich viel geholfen hat.&#8221;<em><strong><br \/><\/strong><\/em><\/p>\r\n<p>Viele andere Feedbacks kannst du<a href=\"https:\/\/www.taraspringett.com\/de\/andere-sagen\"> hier<\/a> finden.<\/p>\r\n<p>\u00a0<span style=\"font-size: 16px;\">\u00a0<\/span><object style=\"font-size: 16px;\" width=\"420\" height=\"315\" classid=\"clsid:d27cdb6e-ae6d-11cf-96b8-444553540000\" codebase=\"http:\/\/download.macromedia.com\/pub\/shockwave\/cabs\/flash\/swflash.cab#version=6,0,40,0\"><param name=\"allowFullScreen\" value=\"true\" \/><param name=\"allowscriptaccess\" value=\"always\" \/><param name=\"src\" value=\"\/\/www.youtube.com\/v\/1wiERqOUpYQ?hl=en_US&amp;version=3&amp;rel=0\" \/><param name=\"allowfullscreen\" value=\"true\" \/><embed width=\"420\" height=\"315\" type=\"application\/x-shockwave-flash\" src=\"\/\/www.youtube.com\/v\/1wiERqOUpYQ?hl=en_US&amp;version=3&amp;rel=0\" allowfullscreen=\"allowfullscreen\" allowscriptaccess=\"always\" \/><\/object><\/p>\r\n<div class=\"homepagepost\">\r\n<h2 style=\"text-align: left;\"><strong>B\u00fccher von Tara Springett<\/strong><\/h2>\r\n<p style=\"text-align: left;\">Alle B\u00fccher sind als Taschenb\u00fccher und E-B\u00fccher auf den Amazon-Webseiten erh\u00e4ltlich. <span style=\"color: #ff0000;\">Hier auf Taras Webseite sind die E-Buch-Versionen 25% g\u00fcnstiger!<\/span><\/p>\r\n<p style=\"text-align: left;\">Klicke bitte auf das Bild eines der B\u00fccher, um es anzusehen!<\/p>\r\n<\/div>\r\n<p><a href=\"https:\/\/www.taraspringett.com\/de\/heilen\/buch-kaufen-das-heilen-mit-dem-hoeheren-bewusstsein\"><img loading=\"lazy\" decoding=\"async\" class=\"wp-image-924 alignleft\" src=\"https:\/\/www.taraspringett.com\/de\/wp-content\/uploads\/2013\/09\/heilen-new-10-185x300.jpg\" alt=\"Das Heilen mit dem h\u00f6heren Bewusstsein\" width=\"96\" height=\"156\" srcset=\"https:\/\/www.taraspringett.com\/de\/wp-content\/uploads\/2013\/09\/heilen-new-10-185x300.jpg 185w, https:\/\/www.taraspringett.com\/de\/wp-content\/uploads\/2013\/09\/heilen-new-10-632x1024.jpg 632w, https:\/\/www.taraspringett.com\/de\/wp-content\/uploads\/2013\/09\/heilen-new-10-900x1458.jpg 900w, https:\/\/www.taraspringett.com\/de\/wp-content\/uploads\/2013\/09\/heilen-new-10.jpg 916w\" sizes=\"auto, (max-width: 96px) 100vw, 96px\" \/><\/a><a href=\"https:\/\/www.taraspringett.com\/de\/heilen\/buch-kaufen-die-genuss-methode\"><img loading=\"lazy\" decoding=\"async\" class=\"wp-image-1099 alignleft\" src=\"https:\/\/www.taraspringett.com\/de\/wp-content\/uploads\/2013\/09\/genussmethode-194x300.png\" alt=\"Genuss-Methode\" width=\"102\" height=\"158\" srcset=\"https:\/\/www.taraspringett.com\/de\/wp-content\/uploads\/2013\/09\/genussmethode-194x300.png 194w, https:\/\/www.taraspringett.com\/de\/wp-content\/uploads\/2013\/09\/genussmethode.png 310w\" sizes=\"auto, (max-width: 102px) 100vw, 102px\" \/><\/a><\/p>\r\n<p style=\"text-align: left;\"><a href=\"https:\/\/www.taraspringett.com\/de\/kundalini\/kundalini-buch-kaufen\"><img loading=\"lazy\" decoding=\"async\" class=\"alignleft wp-image-693\" src=\"https:\/\/www.taraspringett.com\/de\/wp-content\/uploads\/2014\/12\/kundalini-cover-deutsch-225x300.jpg\" alt=\"\" width=\"119\" height=\"159\" srcset=\"https:\/\/www.taraspringett.com\/de\/wp-content\/uploads\/2014\/12\/kundalini-cover-deutsch-225x300.jpg 225w, https:\/\/www.taraspringett.com\/de\/wp-content\/uploads\/2014\/12\/kundalini-cover-deutsch.jpg 720w\" sizes=\"auto, (max-width: 119px) 100vw, 119px\" \/><\/a><\/p>\r\n<p style=\"text-align: left;\"><a title=\"Buch kaufen: So macht man Tr\u00e4ume wahr\" href=\"https:\/\/www.taraspringett.com\/de\/manifestieren\/so-macht-man-traeume-wahr-kaufen\"><img loading=\"lazy\" decoding=\"async\" class=\"wp-image-1051 alignleft\" src=\"https:\/\/www.taraspringett.com\/de\/wp-content\/uploads\/2013\/09\/Traume-Neu-222x300.png\" alt=\"So macht man Tr\u00e4ume wahr\" width=\"116\" height=\"157\" srcset=\"https:\/\/www.taraspringett.com\/de\/wp-content\/uploads\/2013\/09\/Traume-Neu-222x300.png 222w, https:\/\/www.taraspringett.com\/de\/wp-content\/uploads\/2013\/09\/Traume-Neu-759x1024.png 759w, https:\/\/www.taraspringett.com\/de\/wp-content\/uploads\/2013\/09\/Traume-Neu.png 786w\" sizes=\"auto, (max-width: 116px) 100vw, 116px\" \/><\/a><\/p>\r\n<p style=\"text-align: right;\"><a href=\"https:\/\/www.taraspringett.com\/de\/buch-kaufen-spirituelle-freude\"><img loading=\"lazy\" decoding=\"async\" class=\"alignleft wp-image-1528\" src=\"https:\/\/www.taraspringett.com\/de\/wp-content\/uploads\/2013\/09\/spir-freude-weniger-pixel-217x300.jpg\" alt=\"\" width=\"112\" height=\"155\" srcset=\"https:\/\/www.taraspringett.com\/de\/wp-content\/uploads\/2013\/09\/spir-freude-weniger-pixel-217x300.jpg 217w, https:\/\/www.taraspringett.com\/de\/wp-content\/uploads\/2013\/09\/spir-freude-weniger-pixel.jpg 600w\" sizes=\"auto, (max-width: 112px) 100vw, 112px\" \/><\/a><a href=\"https:\/\/www.taraspringett.com\/de\/gluckseligkeit\/das-leben-ist-ein-spiel\"><img loading=\"lazy\" decoding=\"async\" class=\"alignleft wp-image-1636\" src=\"https:\/\/www.taraspringett.com\/de\/wp-content\/uploads\/2018\/05\/spiel-208x300.jpg\" alt=\"\" width=\"107\" height=\"155\" srcset=\"https:\/\/www.taraspringett.com\/de\/wp-content\/uploads\/2018\/05\/spiel-208x300.jpg 208w, https:\/\/www.taraspringett.com\/de\/wp-content\/uploads\/2018\/05\/spiel-768x1109.jpg 768w, https:\/\/www.taraspringett.com\/de\/wp-content\/uploads\/2018\/05\/spiel-709x1024.jpg 709w, https:\/\/www.taraspringett.com\/de\/wp-content\/uploads\/2018\/05\/spiel-600x866.jpg 600w, https:\/\/www.taraspringett.com\/de\/wp-content\/uploads\/2018\/05\/spiel.jpg 831w\" sizes=\"auto, (max-width: 107px) 100vw, 107px\" \/><\/a><\/p>\r\n<h2 style=\"text-align: left;\">\u00a0<\/h2>\r\n<h2 style=\"text-align: center;\">\u00a0<\/h2>\r\n<h2 style=\"text-align: center;\"><span style=\"color: #ff6600;\">Neu!<\/span><\/h2>\r\n<p style=\"text-align: center;\"><a href=\"https:\/\/www.taraspringett.com\/de\/kundalini-symptome-heilen-buch\"><img loading=\"lazy\" decoding=\"async\" class=\"wp-image-1760 aligncenter\" src=\"https:\/\/www.taraspringett.com\/de\/wp-content\/uploads\/2020\/06\/kunda-symp-heilen-1-201x300.png\" alt=\"\" width=\"107\" height=\"160\" srcset=\"https:\/\/www.taraspringett.com\/de\/wp-content\/uploads\/2020\/06\/kunda-symp-heilen-1-201x300.png 201w, https:\/\/www.taraspringett.com\/de\/wp-content\/uploads\/2020\/06\/kunda-symp-heilen-1.png 321w\" sizes=\"auto, (max-width: 107px) 100vw, 107px\" \/><\/a><\/p>\r\n<h5 style=\"text-align: center;\"><strong style=\"color: inherit; font-size: 1.95em; text-align: left; background-color: initial;\">Englische B\u00fccher von Tara Springett<\/strong><\/h5>\r\n<div class=\"homepagepost\">\r\n<p style=\"text-align: left;\">Wenn Du Taras B\u00fccher ansehen oder kaufen willst, klicke bitte auf das Bild des entsprechenden Buches.<\/p>\r\n<p style=\"text-align: left;\"><span style=\"color: #ff0000;\">Hier auf Taras Webseite sind die E-Buch-Versionen um 25% g\u00fcnstiger als die B\u00fccher auf Amazon!<\/span><\/p>\r\n<p><a href=\"https:\/\/www.taraspringett.com\/self-help-books\/\"><img loading=\"lazy\" decoding=\"async\" class=\"wp-image-3049 alignnone\" src=\"https:\/\/www.taraspringett.com\/wp-content\/uploads\/2010\/10\/Advanced3-223x300.jpg\" alt=\"\" width=\"112\" height=\"151\" \/><\/a><a href=\"http:\/\/www.taraspringett.com\/self-help-books\/\"><img loading=\"lazy\" decoding=\"async\" class=\"alignleft wp-image-6349\" src=\"https:\/\/www.taraspringett.com\/wp-content\/uploads\/2010\/10\/creategoldenkeys27-188x300.jpg\" alt=\"Seven Golden Keys\" width=\"93\" height=\"149\" \/><\/a><a href=\"https:\/\/www.taraspringett.com\/self-help-books\/\"><img loading=\"lazy\" decoding=\"async\" class=\"alignnone wp-image-4384\" src=\"https:\/\/www.taraspringett.com\/wp-content\/uploads\/2012\/02\/Soulmate-Relationships1.jpg\" alt=\"Soulmate Relationships\" width=\"148\" height=\"148\" \/><\/a><a href=\"https:\/\/www.taraspringett.com\/self-help-books\/\"><img loading=\"lazy\" decoding=\"async\" class=\"alignleft  wp-image-1825\" src=\"https:\/\/www.taraspringett.com\/de\/wp-content\/uploads\/2013\/09\/healing-kundalini-symptoms-202x300.png\" alt=\"\" width=\"99\" height=\"147\" srcset=\"https:\/\/www.taraspringett.com\/de\/wp-content\/uploads\/2013\/09\/healing-kundalini-symptoms-202x300.png 202w, https:\/\/www.taraspringett.com\/de\/wp-content\/uploads\/2013\/09\/healing-kundalini-symptoms.png 333w\" sizes=\"auto, (max-width: 99px) 100vw, 99px\" \/><\/a><a title=\"Books\" href=\"http:\/\/www.taraspringett.com\/self-help-books\"><img loading=\"lazy\" decoding=\"async\" class=\"alignleft wp-image-5993\" src=\"https:\/\/www.taraspringett.com\/wp-content\/uploads\/2015\/02\/coverstairway-225x300.jpg\" alt=\"Stairway to Heaven\" width=\"115\" height=\"154\" \/><\/a><\/p>\r\n<p><a title=\"Books\" href=\"http:\/\/www.taraspringett.com\/self-help-books\"><img loading=\"lazy\" decoding=\"async\" class=\"alignleft wp-image-5973\" src=\"https:\/\/www.taraspringett.com\/wp-content\/uploads\/2014\/06\/kundalini-cover-english-225x300.jpg\" alt=\"Enlightenment Through the Path of Kundalini\" width=\"112\" height=\"150\" \/><\/a><\/p>\r\n<p><a title=\"Books\" href=\"http:\/\/www.taraspringett.com\/self-help-books\"><img loading=\"lazy\" decoding=\"async\" class=\"alignleft wp-image-6343\" src=\"https:\/\/www.taraspringett.com\/wp-content\/uploads\/2015\/06\/spir-joy-cover-dzogchen-create-low-resolution-200x300.jpeg\" alt=\"Spiritual Joy\" width=\"100\" height=\"150\" \/><\/a><\/p>\r\n<p><a title=\"Books\" href=\"http:\/\/www.taraspringett.com\/self-help-books\"><img loading=\"lazy\" decoding=\"async\" class=\"alignleft wp-image-6303\" src=\"https:\/\/www.taraspringett.com\/wp-content\/uploads\/2010\/10\/eating-slim-193x300.jpg\" alt=\"The Happy Eating Approach\" width=\"95\" height=\"148\" \/><\/a><\/p>\r\n<p><a href=\"http:\/\/www.taraspringett.com\/self-help-books\/\"><img loading=\"lazy\" decoding=\"async\" class=\"alignleft wp-image-6304\" src=\"https:\/\/www.taraspringett.com\/wp-content\/uploads\/2010\/10\/how-to-find-soulmate-COVERSLIM-196x300.jpg\" alt=\"How to Find Your Soulmate \" width=\"96\" height=\"147\" \/><\/a><\/p>\r\n<p><a href=\"http:\/\/www.taraspringett.com\/self-help-books\/\"><img loading=\"lazy\" decoding=\"async\" class=\"alignleft wp-image-1822\" src=\"https:\/\/www.taraspringett.com\/de\/wp-content\/uploads\/2013\/09\/hch-206x300.jpg\" alt=\"\" width=\"103\" height=\"150\" srcset=\"https:\/\/www.taraspringett.com\/de\/wp-content\/uploads\/2013\/09\/hch-206x300.jpg 206w, https:\/\/www.taraspringett.com\/de\/wp-content\/uploads\/2013\/09\/hch-600x872.jpg 600w, https:\/\/www.taraspringett.com\/de\/wp-content\/uploads\/2013\/09\/hch.jpg 688w\" sizes=\"auto, (max-width: 103px) 100vw, 103px\" \/><\/a><\/p>\r\n<p><img loading=\"lazy\" decoding=\"async\" src=\"https:\/\/www.taraspringett.com\/wp-content\/uploads\/2011\/02\/Download-1-150x150.jpg\" alt=\"\" width=\"32\" height=\"32\" \/><a href=\"http:\/\/www.taraspringett.com\">English<\/a><\/p>\r\n<\/div>\r\n\r\n\r\n\r\n<p>&nbsp;<\/p>\r\n","protected":false},"excerpt":{"rendered":"<p>Willkommen auf Taras Webseite&#8230; Wenn Du mehr Liebe, Gl\u00fcck und spirituelles Wachstum suchst, dann bist Du hier an der richtigen Stelle. Tara ist eine buddhistische Lehrerin, Qigong-Lehrerin und Beraterin f\u00fcr das Kundalini-Syndrom (spirituelle Krise) und lehrt hocheffiziente Selbsthilfe-Methoden. Seit fast 40 Jahren hat sie vielen Menschen als Psychotherapeutin und als spirituelle Lehrerin bei ihren Problemen &#8230; <a title=\"Home\" class=\"read-more\" href=\"https:\/\/www.taraspringett.com\/de\/\" aria-label=\"Read more about Home\">Read more<\/a><\/p>\n","protected":false},"author":1,"featured_media":0,"parent":0,"menu_order":0,"comment_status":"closed","ping_status":"closed","template":"","meta":{"footnotes":""},"class_list":["post-9","page","type-page","status-publish"],"aioseo_notices":[],"_links":{"self":[{"href":"https:\/\/www.taraspringett.com\/de\/wp-json\/wp\/v2\/pages\/9","targetHints":{"allow":["GET"]}}],"collection":[{"href":"https:\/\/www.taraspringett.com\/de\/wp-json\/wp\/v2\/pages"}],"about":[{"href":"https:\/\/www.taraspringett.com\/de\/wp-json\/wp\/v2\/types\/page"}],"author":[{"embeddable":true,"href":"https:\/\/www.taraspringett.com\/de\/wp-json\/wp\/v2\/users\/1"}],"replies":[{"embeddable":true,"href":"https:\/\/www.taraspringett.com\/de\/wp-json\/wp\/v2\/comments?post=9"}],"version-history":[{"count":52,"href":"https:\/\/www.taraspringett.com\/de\/wp-json\/wp\/v2\/pages\/9\/revisions"}],"predecessor-version":[{"id":2118,"href":"https:\/\/www.taraspringett.com\/de\/wp-json\/wp\/v2\/pages\/9\/revisions\/2118"}],"wp:attachment":[{"href":"https:\/\/www.taraspringett.com\/de\/wp-json\/wp\/v2\/media?parent=9"}],"curies":[{"name":"wp","href":"https:\/\/api.w.org\/{rel}","templated":true}]}}