{"id":890,"date":"2015-10-13T11:17:26","date_gmt":"2015-10-13T11:17:26","guid":{"rendered":"http:\/\/www.taraspringett.com\/de\/?page_id=890"},"modified":"2023-08-29T14:24:21","modified_gmt":"2023-08-29T14:24:21","slug":"buch-kaufen-das-heilen-mit-dem-hoeheren-bewusstsein","status":"publish","type":"page","link":"https:\/\/www.taraspringett.com\/de\/heilen\/buch-kaufen-das-heilen-mit-dem-hoeheren-bewusstsein","title":{"rendered":"Buch kaufen: Das Heilen mit dem h\u00f6heren Bewusstsein"},"content":{"rendered":"<h2><strong><a href=\"https:\/\/www.taraspringett.com\/de\/wp-content\/uploads\/2013\/09\/heilen-new-10.jpg\"><img loading=\"lazy\" decoding=\"async\" class=\"alignleft size-medium wp-image-924\" src=\"https:\/\/www.taraspringett.com\/de\/wp-content\/uploads\/2013\/09\/heilen-new-10-185x300.jpg\" alt=\"Das Heilen mit dem h\u00f6heren Bewusstsein\" width=\"185\" height=\"300\" srcset=\"https:\/\/www.taraspringett.com\/de\/wp-content\/uploads\/2013\/09\/heilen-new-10-185x300.jpg 185w, https:\/\/www.taraspringett.com\/de\/wp-content\/uploads\/2013\/09\/heilen-new-10-632x1024.jpg 632w, https:\/\/www.taraspringett.com\/de\/wp-content\/uploads\/2013\/09\/heilen-new-10-900x1458.jpg 900w, https:\/\/www.taraspringett.com\/de\/wp-content\/uploads\/2013\/09\/heilen-new-10.jpg 916w\" sizes=\"auto, (max-width: 185px) 100vw, 185px\" \/><\/a>Wie man negative Emotionen, Beziehungsprobleme, chronische M\u00fcdigkeit und Schmerzen auf die schnellste Weise heilt<\/strong><\/h2>\n<p><span style=\"color: #333333; font-family: Georgia, 'Times New Roman', 'Bitstream Charter', Times, serif;\">Dieses Buch beschreibt eine revolution\u00e4re und sehr einfache spirituelle Technik all unsere pers\u00f6nlichen Probleme schnell zu heilen, indem wir unser h\u00f6heres Bewusstsein kontaktieren. Dies ist der Teil unseres Geistes, der die L\u00f6sung f\u00fcr all unsere Probleme schon kennt. <\/span><\/p>\n<p><span style=\"color: #333333; font-family: Georgia, 'Times New Roman', 'Bitstream Charter', Times, serif;\">Tara Springett hat diese Technik an vielen hunderten von Klienten mit au\u00dfergew\u00f6hnlichem Erfolg angewandt. Ob das Problem psychologisch oder k\u00f6rperlich ist oder mit Beziehungen zu tun hat, die L\u00f6sung wird uns in Form von wundersch\u00f6nen Symbolen gezeigt, die man direkt vom eigenen h\u00f6heren Bewusstsein erh\u00e4lt. <\/span><\/p>\n<p><strong><span style=\"color: #333333; font-family: Georgia, 'Times New Roman', 'Bitstream Charter', Times, serif;\">Aus dem Inhalt:<\/span><\/strong><\/p>\n<p><span style=\"color: #333333; font-family: Georgia, 'Times New Roman', 'Bitstream Charter', Times, serif;\"> * Entdecke, wie man pers\u00f6nliche Heilsymbole vom eigenen h\u00f6heren Bewusstsein erh\u00e4lt. <\/span><\/p>\n<p><span style=\"color: #333333; font-family: Georgia, 'Times New Roman', 'Bitstream Charter', Times, serif;\">* Finde heraus, dass Symbole eine tiefgreifende, transformierende Wirkung auf unser gesamtes Dasein haben. <\/span><\/p>\n<p><span style=\"color: #333333; font-family: Georgia, 'Times New Roman', 'Bitstream Charter', Times, serif;\">* Lerne, dass Liebe die Wundermedizin ist, die all unsere Probleme l\u00f6st, wenn wir sie auf\u00a0 weise Art anwenden. <\/span><\/p>\n<p><span style=\"color: #333333; font-family: Georgia, 'Times New Roman', 'Bitstream Charter', Times, serif;\">Tara Springett M.A. ist eine qualifizierte Psychotherapeutin, buddhistische Lehrerin und Autorin vieler Selbsthilfeb\u00fccher. Sie hat \u00fcber 25 Jahre Erfahrung darin, anderen Menschen zu helfen, ihre Probleme zu l\u00f6sen und mehr Gl\u00fcck und Liebe zu finden.<\/span><\/p>\n<p>Die Einleitung von &#8220;<strong>Das Heilen mit dem h\u00f6heren Bewusstsein<\/strong>&#8221; kannst Du <a href=\"https:\/\/www.taraspringett.com\/de\/heilen\/heilen-mit-dem-hoheren-bewusstsein\">hier<\/a> lesen.<\/p>\n<p>Das Buch ist auf amazon.de als Taschenbuch und als Kindleversion verf\u00fcgbar.<\/p>\n<p><strong>Hier kannst Du das 321-seitige Buch zum sofortigen Download (als PDF) kaufen!\u00a0 <span style=\"color: #ff0000;\">Vorzugspreis: 6.49 Euro (25% billiger als bei Amazon)\u00a0\u00a0\u00a0<\/span><\/strong><\/p>\n<p>AusChecken mit PayPal:<\/p>\n<p><a href=\"https:\/\/www.paypal.com\/cgi-bin\/webscr?cmd=_s-xclick&amp;hosted_button_id=3QWS7WWKX7CJJ\"><img loading=\"lazy\" decoding=\"async\" class=\"aligncenter size-full wp-image-726\" src=\"https:\/\/www.taraspringett.com\/de\/wp-content\/uploads\/2014\/12\/paypal-deutsch.gif\" alt=\"paypal\" width=\"126\" height=\"47\" \/><\/a><\/p>\n<h2><span style=\"color: #ff0000;\">Bitte achte am Ende des AusCheck-Prozesses bei PayPal besonders auf den Link zur Download-Seite!<br \/>\n<\/span><\/h2>\n<p>Falls ein Problem auftreten sollte, kannst Du mich <a title=\"Kontakt\" href=\"https:\/\/www.taraspringett.com\/de\/kontakt\">hier<\/a> kontaktieren.<\/p>\n<p style=\"padding-left: 60px; text-align: left;\"><span style=\"text-align: center;\"> \u00a0 \u00a0 \u00a0 \u00a0 \u00a0 \u00a0 \u00a0 \u00a0 \u00a0 \u00a0 \u00a0 \u00a0 \u00a0 \u00a0\u00a0 14 Tage Geld-zur\u00fcck-Garantie!<br \/>\n<\/span><\/p>\n<p><iframe loading=\"lazy\" src=\"https:\/\/www.youtube.com\/embed\/Z1uSwKIY3kQ?rel=0\" width=\"560\" height=\"315\" frameborder=\"0\" allowfullscreen=\"allowfullscreen\"><\/iframe><\/p>\n<p><a href=\"https:\/\/www.taraspringett.com\/de\/wp-content\/uploads\/2013\/09\/heilen-new-10.jpg\"><img loading=\"lazy\" decoding=\"async\" class=\"aligncenter size-medium wp-image-924\" src=\"https:\/\/www.taraspringett.com\/de\/wp-content\/uploads\/2013\/09\/heilen-new-10-185x300.jpg\" alt=\"Das Heilen mit dem h\u00f6heren Bewusstsein\" width=\"185\" height=\"300\" srcset=\"https:\/\/www.taraspringett.com\/de\/wp-content\/uploads\/2013\/09\/heilen-new-10-185x300.jpg 185w, https:\/\/www.taraspringett.com\/de\/wp-content\/uploads\/2013\/09\/heilen-new-10-632x1024.jpg 632w, https:\/\/www.taraspringett.com\/de\/wp-content\/uploads\/2013\/09\/heilen-new-10-900x1458.jpg 900w, https:\/\/www.taraspringett.com\/de\/wp-content\/uploads\/2013\/09\/heilen-new-10.jpg 916w\" sizes=\"auto, (max-width: 185px) 100vw, 185px\" \/><\/a><\/p>\n<p><a href=\"https:\/\/www.taraspringett.com\/de\/wp-content\/uploads\/2013\/09\/Advanced-Manifesting.jpg\"><img loading=\"lazy\" decoding=\"async\" src=\"http:\/\/www.taraspringett.com\/wp-content\/uploads\/2011\/02\/Download-1-150x150.jpg\" alt=\"\" width=\"32\" height=\"32\" \/><\/a><a href=\"http:\/\/www.taraspringett.com\/healing\/five-minute-miracle\">English<\/a><\/p>\n","protected":false},"excerpt":{"rendered":"<p>Wie man negative Emotionen, Beziehungsprobleme, chronische M\u00fcdigkeit und Schmerzen auf die schnellste Weise heilt Dieses Buch beschreibt eine revolution\u00e4re und sehr einfache spirituelle Technik all unsere pers\u00f6nlichen Probleme schnell zu heilen, indem wir unser h\u00f6heres Bewusstsein kontaktieren. Dies ist der Teil unseres Geistes, der die L\u00f6sung f\u00fcr all unsere Probleme schon kennt. Tara Springett hat &#8230; <a title=\"Buch kaufen: Das Heilen mit dem h\u00f6heren Bewusstsein\" class=\"read-more\" href=\"https:\/\/www.taraspringett.com\/de\/heilen\/buch-kaufen-das-heilen-mit-dem-hoeheren-bewusstsein\" aria-label=\"Read more about Buch kaufen: Das Heilen mit dem h\u00f6heren Bewusstsein\">Read more<\/a><\/p>\n","protected":false},"author":1,"featured_media":0,"parent":20,"menu_order":0,"comment_status":"closed","ping_status":"closed","template":"","meta":{"footnotes":""},"class_list":["post-890","page","type-page","status-publish"],"aioseo_notices":[],"_links":{"self":[{"href":"https:\/\/www.taraspringett.com\/de\/wp-json\/wp\/v2\/pages\/890","targetHints":{"allow":["GET"]}}],"collection":[{"href":"https:\/\/www.taraspringett.com\/de\/wp-json\/wp\/v2\/pages"}],"about":[{"href":"https:\/\/www.taraspringett.com\/de\/wp-json\/wp\/v2\/types\/page"}],"author":[{"embeddable":true,"href":"https:\/\/www.taraspringett.com\/de\/wp-json\/wp\/v2\/users\/1"}],"replies":[{"embeddable":true,"href":"https:\/\/www.taraspringett.com\/de\/wp-json\/wp\/v2\/comments?post=890"}],"version-history":[{"count":4,"href":"https:\/\/www.taraspringett.com\/de\/wp-json\/wp\/v2\/pages\/890\/revisions"}],"predecessor-version":[{"id":2039,"href":"https:\/\/www.taraspringett.com\/de\/wp-json\/wp\/v2\/pages\/890\/revisions\/2039"}],"up":[{"embeddable":true,"href":"https:\/\/www.taraspringett.com\/de\/wp-json\/wp\/v2\/pages\/20"}],"wp:attachment":[{"href":"https:\/\/www.taraspringett.com\/de\/wp-json\/wp\/v2\/media?parent=890"}],"curies":[{"name":"wp","href":"https:\/\/api.w.org\/{rel}","templated":true}]}}