{"id":831,"date":"2015-08-03T13:52:20","date_gmt":"2015-08-03T13:52:20","guid":{"rendered":"http:\/\/www.taraspringett.com\/de\/?page_id=831"},"modified":"2024-07-25T17:01:34","modified_gmt":"2024-07-25T17:01:34","slug":"so-macht-man-traeume-wahr-kaufen","status":"publish","type":"page","link":"https:\/\/www.taraspringett.com\/de\/manifestieren\/so-macht-man-traeume-wahr-kaufen","title":{"rendered":"Buch kaufen: So macht man Tr\u00e4ume wahr"},"content":{"rendered":"<h2><strong><img loading=\"lazy\" decoding=\"async\" class=\"alignleft size-medium wp-image-1051\" src=\"https:\/\/www.taraspringett.com\/de\/wp-content\/uploads\/2013\/09\/Traume-Neu-222x300.png\" alt=\"So macht man Tr\u00e4ume wahr\" width=\"222\" height=\"300\" srcset=\"https:\/\/www.taraspringett.com\/de\/wp-content\/uploads\/2013\/09\/Traume-Neu-222x300.png 222w, https:\/\/www.taraspringett.com\/de\/wp-content\/uploads\/2013\/09\/Traume-Neu-759x1024.png 759w, https:\/\/www.taraspringett.com\/de\/wp-content\/uploads\/2013\/09\/Traume-Neu.png 786w\" sizes=\"auto, (max-width: 222px) 100vw, 222px\" \/>Tibetisch-buddhistische Geheimnisse zur Erf\u00fcllung unserer W\u00fcnsche<\/strong><\/h2>\n<p><b>SO MACHT MAN TR\u00c4UME WAHR \u00a0<\/b>beschreibt kraftvolle,\u00a0tibetisch-buddhistische Methoden, um das Gesetz der Anziehung zu nutzen und damit\u00a0unsere Tr\u00e4ume\u00a0zu verwirklichen. Diese Techniken sind sehr effektiv und k\u00f6nnen in keinem anderen Buch \u00fcber die Erf\u00fcllung von W\u00fcnschen gefunden werden.<\/p>\n<p><strong>Aus dem Inhalt:<\/strong><\/p>\n<ul>\n<li>\u00a0Entdecke, wie man sich auf W\u00fcnsche konzentriert, die definitiv Gl\u00fcck bringen.<\/li>\n<li style=\"text-align: left;\">Befreie den unbewussten Geist von\u00a0&#8216;inneren Saboteuren&#8217;\u00a0und harmonisiere\u00a0alle Unterpers\u00f6nlichkeiten.<\/li>\n<li style=\"text-align: left;\">Nutze\u00a0die\u00a0&#8217;emotionale Zielvibration&#8217;,\u00a0um W\u00fcnsche zu materialisieren.<\/li>\n<li style=\"text-align: left;\">Erlerne die wichtigste Geisteshaltung,\u00a0die sicherstellt, dass alle Anstrengungen von Erfolg gekr\u00f6nt werden.<\/li>\n<li style=\"text-align: left;\">Entdecke eine revolution\u00e4re\u00a0tibetisch-buddhistische Chakra-\u00dcbung, die wie eine Abk\u00fcrzung funktioniert, um das Leben unserer Tr\u00e4ume zu realisieren.<\/li>\n<\/ul>\n<p>Tara Springett M.A. ist eine qualifizierte Psychotherapeutin, tibetisch-buddhistische Lehrerin und Autorin vieler Selbsthilfeb\u00fccher. Seit \u00fcber 25 Jahren hilft sie anderen Menschen dabei, mehr Gl\u00fcck und Liebe zu finden und die eigenen Tr\u00e4ume zu verwirklichen.<\/p>\n<p>Die Einleitung zu &#8220;SO MACHT MAN TR\u00c4UME WAHR&#8221; kannst Du <a href=\"https:\/\/www.taraspringett.com\/de\/manifestieren\/einleitung-fuer-macht-man-traeume-wahr\">hier<\/a> lesen.<\/p>\n<p>Das Buch ist auf amazon.de \u00a0als Taschenbuch und als Kindleversion erh\u00e4ltlich.<\/p>\n<p><strong>Hier kannst Du das 181-seitige Buch (als PDF) zum sofortigen Download kaufen. <span style=\"color: #ff0000;\">Vorzugspreis: 6.49 Euro (25% billiger als bei Amazon)\u00a0\u00a0<\/span><\/strong><\/p>\n<p>AusChecken mit PayPal:<strong>6.49 Euro (25% billiger als bei Amazon)\u00a0\u00a0<\/strong><\/p>\n<p><a href=\"https:\/\/www.paypal.com\/cgi-bin\/webscr?cmd=_s-xclick&amp;hosted_button_id=EVQJA66QYUZ78\"><img loading=\"lazy\" decoding=\"async\" class=\"aligncenter size-full wp-image-726\" src=\"https:\/\/www.taraspringett.com\/de\/wp-content\/uploads\/2014\/12\/paypal-deutsch.gif\" alt=\"paypal\" width=\"126\" height=\"47\" \/><\/a><\/p>\n<h2><span style=\"color: #ff0000;\">Bitte achte am Ende des AusCheck-Prozesses bei PayPal besonders auf den Link zur Download-Seite!<br \/>\n<\/span><\/h2>\n<p>Falls ein Problem auftreten sollte, kannst Du mich <a title=\"Kontakt\" href=\"https:\/\/www.taraspringett.com\/de\/kontakt\">hier<\/a>\u00a0kontaktieren.<\/p>\n<p style=\"padding-left: 60px;\"><span style=\"text-align: center;\">\u00a0<\/span><span style=\"text-align: center;\">\u00a0 \u00a0 \u00a0\u00a0 14 Tage Geld-zur\u00fcck-Garantie!<br \/>\n<\/span><\/p>\n<p>&nbsp;<\/p>\n<p style=\"padding-left: 60px; text-align: center;\"><a href=\"https:\/\/www.taraspringett.com\/de\/wp-content\/uploads\/2013\/09\/Traume-Neu.png\"><img loading=\"lazy\" decoding=\"async\" class=\"size-medium wp-image-1051\" src=\"https:\/\/www.taraspringett.com\/de\/wp-content\/uploads\/2013\/09\/Traume-Neu-222x300.png\" alt=\"So macht man Tr\u00e4ume wahr\" width=\"222\" height=\"300\" srcset=\"https:\/\/www.taraspringett.com\/de\/wp-content\/uploads\/2013\/09\/Traume-Neu-222x300.png 222w, https:\/\/www.taraspringett.com\/de\/wp-content\/uploads\/2013\/09\/Traume-Neu-759x1024.png 759w, https:\/\/www.taraspringett.com\/de\/wp-content\/uploads\/2013\/09\/Traume-Neu.png 786w\" sizes=\"auto, (max-width: 222px) 100vw, 222px\" \/><\/a><\/p>\n<p><a href=\"https:\/\/www.taraspringett.com\/de\/wp-content\/uploads\/2013\/09\/Advanced-Manifesting.jpg\"><img loading=\"lazy\" decoding=\"async\" src=\"http:\/\/www.taraspringett.com\/wp-content\/uploads\/2011\/02\/Download-1-150x150.jpg\" alt=\"\" width=\"32\" height=\"32\" \/><\/a><a href=\"http:\/\/www.taraspringett.com\/manifesting\/book-advanced-manifesting\">English<\/a><\/p>\n","protected":false},"excerpt":{"rendered":"<p>Tibetisch-buddhistische Geheimnisse zur Erf\u00fcllung unserer W\u00fcnsche SO MACHT MAN TR\u00c4UME WAHR \u00a0beschreibt kraftvolle,\u00a0tibetisch-buddhistische Methoden, um das Gesetz der Anziehung zu nutzen und damit\u00a0unsere Tr\u00e4ume\u00a0zu verwirklichen. Diese Techniken sind sehr effektiv und k\u00f6nnen in keinem anderen Buch \u00fcber die Erf\u00fcllung von W\u00fcnschen gefunden werden. Aus dem Inhalt: \u00a0Entdecke, wie man sich auf W\u00fcnsche konzentriert, die definitiv &#8230; <a title=\"Buch kaufen: So macht man Tr\u00e4ume wahr\" class=\"read-more\" href=\"https:\/\/www.taraspringett.com\/de\/manifestieren\/so-macht-man-traeume-wahr-kaufen\" aria-label=\"Read more about Buch kaufen: So macht man Tr\u00e4ume wahr\">Read more<\/a><\/p>\n","protected":false},"author":1,"featured_media":0,"parent":41,"menu_order":0,"comment_status":"closed","ping_status":"closed","template":"","meta":{"footnotes":""},"class_list":["post-831","page","type-page","status-publish"],"aioseo_notices":[],"_links":{"self":[{"href":"https:\/\/www.taraspringett.com\/de\/wp-json\/wp\/v2\/pages\/831","targetHints":{"allow":["GET"]}}],"collection":[{"href":"https:\/\/www.taraspringett.com\/de\/wp-json\/wp\/v2\/pages"}],"about":[{"href":"https:\/\/www.taraspringett.com\/de\/wp-json\/wp\/v2\/types\/page"}],"author":[{"embeddable":true,"href":"https:\/\/www.taraspringett.com\/de\/wp-json\/wp\/v2\/users\/1"}],"replies":[{"embeddable":true,"href":"https:\/\/www.taraspringett.com\/de\/wp-json\/wp\/v2\/comments?post=831"}],"version-history":[{"count":6,"href":"https:\/\/www.taraspringett.com\/de\/wp-json\/wp\/v2\/pages\/831\/revisions"}],"predecessor-version":[{"id":2094,"href":"https:\/\/www.taraspringett.com\/de\/wp-json\/wp\/v2\/pages\/831\/revisions\/2094"}],"up":[{"embeddable":true,"href":"https:\/\/www.taraspringett.com\/de\/wp-json\/wp\/v2\/pages\/41"}],"wp:attachment":[{"href":"https:\/\/www.taraspringett.com\/de\/wp-json\/wp\/v2\/media?parent=831"}],"curies":[{"name":"wp","href":"https:\/\/api.w.org\/{rel}","templated":true}]}}