{"id":83,"date":"2013-09-15T04:47:03","date_gmt":"2013-09-15T04:47:03","guid":{"rendered":"http:\/\/www.taraspringett.com\/de1\/?page_id=83"},"modified":"2024-07-25T17:04:44","modified_gmt":"2024-07-25T17:04:44","slug":"soulmate-beziehungen","status":"publish","type":"page","link":"https:\/\/www.taraspringett.com\/de\/soulmates\/soulmate-beziehungen","title":{"rendered":"Seelenpartner-Beziehungen"},"content":{"rendered":"<h2>Die Suche nach einer Seelenpartner-Beziehung<\/h2>\n<p><em>von Tara Springett<\/em> <img loading=\"lazy\" decoding=\"async\" class=\"alignleft size-full wp-image-4711\" title=\"Heirat\" src=\"http:\/\/www.taraspringett.com\/wp-content\/uploads\/2012\/12\/678839_wedding.jpg\" alt=\"\" width=\"199\" height=\"300\" \/><\/p>\n<p>Ich bin seit 20 Jahren verheiratet und ich kann mit der Hand auf meinem Herzen best\u00e4tigen, dass ich eine wahre Seelenpartner-Beziehung habe. Mein Mann ist mein bester Freund und unsere Beziehung hilft uns beiden, uns selbst zu verwirklichen.<\/p>\n<p>Aber es war nicht immer so leicht f\u00fcr mich und bevor ich meinen Mann kennengelernt habe, hatte ich eine Reihe von \u00e4u\u00dferst unbefriedigenden Beziehungen. Erst nachdem ich dieses Thema viele Jahre lang erforscht hatte und alle meine fehlerhaften Einstellungen aufgegeben hatte, die zu diesen problematischen Beziehungen gef\u00fchrt hatten, wurde ich f\u00e4hig, eine zutiefst befriedigende Beziehung aufzubauen.<\/p>\n<p>Da ich selber so viele Probleme in diesem Bereich hatte, musste ich sehr viel Klarheit<br \/>\nentwickeln dar\u00fcber, was in einer Beziehung funktioniert und was nicht. Es ist genau dieses bewusste pers\u00f6nliche Wachstum, das es mir nun erm\u00f6glicht, unz\u00e4hligen Klienten zu helfen, ihren Seelenpartner zu finden oder ihre bestehende Beziehung zu transformieren.<\/p>\n<p><strong>Ein Engagement f\u00fcr die Liebe<\/strong><\/p>\n<p>Das Wichtigste in einer Seelenpartner-Beziehung ist ein tiefes Engagement f\u00fcr die Liebe. Liebe bedeutet, den tiefen Wunsch zu haben, dass unser Partner gl\u00fccklich ist. Wenn diese Motivation vorhanden ist, k\u00f6nnen alle praktischen Meinungsverschiedenheiten gel\u00f6st werden, indem man einfach so lange kreativ nachdenkt, bis ein Kompromiss gefunden ist, der ein gutes Gef\u00fchl in beiden Partnern ausl\u00f6st.<\/p>\n<p>Es ist interessant, dass fast jeder von sich selber glaubt, eine liebevolle Person zu sein. Niemand mag gerne zugeben, dass <img loading=\"lazy\" decoding=\"async\" class=\"alignright size-full wp-image-4712\" title=\"1038838_meditate\" src=\"http:\/\/www.taraspringett.com\/wp-content\/uploads\/2012\/12\/1038838_meditate.jpg\" alt=\"\" width=\"300\" height=\"225\" \/>er oder sie bewusst und b\u00f6swillig egoistisch ist. Aber alle Konflikte in Beziehungen entstehen aufgrund gerade dieser Tatsache, dass ein Partner seine eigenen Bed\u00fcrfnisse \u00fcber die Bed\u00fcrfnisse der anderen Person stellt.<\/p>\n<p>Wenn diese Selbstsucht geleugnet und verschwiegen wird, dann ist es unm\u00f6glich, damit umzugehen. Aber sobald diese selbsts\u00fcchtigen Muster an&#8217;s Tageslicht gebracht werden, k\u00f6nnen sie korrigiert werden.<\/p>\n<p>Es ist klar, dass es sehr schmerzhaft sein kann zuzugeben, dass man egoistisch gehandelt hat und um Verzeihung zu bitten. Aber es ist genau diese Demut, die die Grundlage einer wahren Seelenpartnerschaft ist.<\/p>\n<p><strong>Das Gesetz des fairen Handels<\/strong><\/p>\n<p>Ich habe in meiner eigenen Beziehung und auch in den Beziehungen meiner Klienten festgestellt, dass man nur gl\u00fccklich sein kann, wenn man einen &#8216;fairen Handel&#8217; mit seinem Partner hat. Dies bedeutet, dass das gesamte Geben und Nehmen zwischen zwei Personen sich in etwa gleichen muss und dass beide Partner das Gef\u00fchl haben m\u00fcssen, dass sie in der Beziehung genauso viel geben wie sie zur\u00fcckbekommen.<\/p>\n<p>Aber die meisten Menschen finden die Bezeichnung &#8216;fairer Handel&#8217; einfach zu berechnend f\u00fcr eine romantische Beziehung und finden sie deshalb nicht zutreffend. Insbesondere Frauen m\u00f6gen die Idee der bedingungslosen Liebe. Es ist daher nicht verwunderlich, dass es in der Regel Frauen sind, die sich \u00fcber den Egoismus ihres Freundes und Ehemanns beklagen. Sie haben es erlaubt, dass ihre Beziehung aus dem Gleichgewicht geraten ist &#8211; zu ihrem eigenen Nachteil &#8211; und k\u00f6nnen nicht verstehen, warum ihr Partner sich nicht revanchieren will.<\/p>\n<p>Ich sehe diese Dynamik in etwa 95% meiner weiblichen Klienten mit Beziehungs-problemen. Es ist daher eine \u00e4u\u00dferst wichtige Lektion f\u00fcr die meisten Frauen, diese \u00dcberf\u00fcrsorglichkeit zu stoppen und von ihrem Partner zu verlangen, dass er genauso viel gibt wie er bekommt. In den meisten F\u00e4llen wird ihr Freund oder Ehemann ihre Bitten erf\u00fcllen, weil, wie bereits weiter oben erl\u00e4utert, sich niemand gern bewusst egoistisch verh\u00e4lt. <strong><img loading=\"lazy\" decoding=\"async\" class=\"alignleft size-full wp-image-4713\" title=\"gl\u00fcckliches Paar\" src=\"http:\/\/www.taraspringett.com\/wp-content\/uploads\/2012\/12\/1039441_i_and_he.jpg\" alt=\"\" width=\"300\" height=\"183\" \/><\/strong><\/p>\n<p><strong>Beziehungs-Testfragen<\/strong><\/p>\n<p>Ich habe festgestellt, dass man die wesentlichen Muster in einer Beziehung schon in den ersten zwei Begegnungen mit einem neuen Partner beobachten kann. Wie ein Samenkorn zeigen diese ersten ein oder zwei Treffen bereits die gesamte Dynamik, die sich in den n\u00e4chsten Jahren entwickeln wird.\u00a0Es ist daher extrem wichtig zu lernen, die Fr\u00fchwarnzeichen zu erkennen und sie ernst zu nehmen. Dating ist NICHT der richtige Moment f\u00fcr positives Denken!<\/p>\n<p>Eine der Fragen, die Du Dir fr\u00fchzeitig stellen solltest ist, ob Du <em>wie Dein potentieller Partner werden willst<\/em>. Falls die Antwort &#8220;nein&#8221; ist, dann solltest Du rasch die Idee aufgeben, Dich ernsthaft mit dieser Person einzulassen, und zwar deswegen, weil wir im Laufe der Zeit mehr und mehr Charaktereigenschaften von unserem Partner annehmen werden, ob wir es wollen oder nicht.<\/p>\n<p>Wenn unser Partner zum Beispiel w\u00fctend und depressiv ist, werden auch wir w\u00fctender und deprimierter werden. Und wenn unser potentieller Partner sehr liebevoll und fr\u00f6hlich ist, dann werden auch wir in unserem eigenen Leben mehr Liebe und Spa\u00df erleben, sobald wir mit dieser Person f\u00fcr einige Zeit zusammen sind.<\/p>\n<p>&nbsp;<\/p>\n<p><em>Weitere Erkl\u00e4rungen, Beziehungs-Testfragen und Seelenpartner-Dynamiken findest Du in <\/em><em><em><em>Tara Springett&#8217;s Buch (in Englisch) <a title=\"Soulmate Buch kaufen\" href=\"https:\/\/www.taraspringett.com\/de\/soulmates\/soulmate-buch-kaufen\"> Soulmate Relationships<\/a><\/em><\/em><\/em><\/p>\n<p><strong style=\"text-align: left;\">Hier findest Du weitere Artikel \u00fcber Selbsthilfe:<\/strong><\/p>\n<p><a title=\"Heilen von \u00c4ngsten\" href=\"https:\/\/www.taraspringett.com\/de\/heilen\/heilen-von-angsten\">Heilung von Angst und Furcht<\/a><\/p>\n<p><a href=\"https:\/\/www.taraspringett.com\/de\/heilen\/heilen-mit-dem-hoheren-bewusstsein\">Heilen mit dem h\u00f6heren Bewusstsein<\/a><\/p>\n<p><em>Wenn Dir meine Webseite gef\u00e4llt, dann dr\u00fccke bitte einen der &#8220;Like Buttons&#8221;, damit auch andere davon profitieren k\u00f6nnen. Danke!<\/em><\/p>\n<p><img loading=\"lazy\" decoding=\"async\" src=\"http:\/\/www.taraspringett.com\/wp-content\/uploads\/2011\/02\/Download-1-150x150.jpg\" alt=\"\" width=\"32\" height=\"32\" \/><a href=\"http:\/\/www.taraspringett.com\/soulmates\/soulmate-relationship\">English<\/a><\/p>\n","protected":false},"excerpt":{"rendered":"<p>Die Suche nach einer Seelenpartner-Beziehung von Tara Springett Ich bin seit 20 Jahren verheiratet und ich kann mit der Hand auf meinem Herzen best\u00e4tigen, dass ich eine wahre Seelenpartner-Beziehung habe. Mein Mann ist mein bester Freund und unsere Beziehung hilft uns beiden, uns selbst zu verwirklichen. Aber es war nicht immer so leicht f\u00fcr mich &#8230; <a title=\"Seelenpartner-Beziehungen\" class=\"read-more\" href=\"https:\/\/www.taraspringett.com\/de\/soulmates\/soulmate-beziehungen\" aria-label=\"Read more about Seelenpartner-Beziehungen\">Read more<\/a><\/p>\n","protected":false},"author":1,"featured_media":0,"parent":43,"menu_order":0,"comment_status":"closed","ping_status":"closed","template":"","meta":{"footnotes":""},"class_list":["post-83","page","type-page","status-publish"],"aioseo_notices":[],"_links":{"self":[{"href":"https:\/\/www.taraspringett.com\/de\/wp-json\/wp\/v2\/pages\/83","targetHints":{"allow":["GET"]}}],"collection":[{"href":"https:\/\/www.taraspringett.com\/de\/wp-json\/wp\/v2\/pages"}],"about":[{"href":"https:\/\/www.taraspringett.com\/de\/wp-json\/wp\/v2\/types\/page"}],"author":[{"embeddable":true,"href":"https:\/\/www.taraspringett.com\/de\/wp-json\/wp\/v2\/users\/1"}],"replies":[{"embeddable":true,"href":"https:\/\/www.taraspringett.com\/de\/wp-json\/wp\/v2\/comments?post=83"}],"version-history":[{"count":2,"href":"https:\/\/www.taraspringett.com\/de\/wp-json\/wp\/v2\/pages\/83\/revisions"}],"predecessor-version":[{"id":2095,"href":"https:\/\/www.taraspringett.com\/de\/wp-json\/wp\/v2\/pages\/83\/revisions\/2095"}],"up":[{"embeddable":true,"href":"https:\/\/www.taraspringett.com\/de\/wp-json\/wp\/v2\/pages\/43"}],"wp:attachment":[{"href":"https:\/\/www.taraspringett.com\/de\/wp-json\/wp\/v2\/media?parent=83"}],"curies":[{"name":"wp","href":"https:\/\/api.w.org\/{rel}","templated":true}]}}