{"id":701,"date":"2014-12-11T14:28:43","date_gmt":"2014-12-11T14:28:43","guid":{"rendered":"http:\/\/www.taraspringett.com\/de\/?page_id=701"},"modified":"2021-11-01T20:25:07","modified_gmt":"2021-11-01T20:25:07","slug":"kundalinibuch-einleitung","status":"publish","type":"page","link":"https:\/\/www.taraspringett.com\/de\/kundalini\/kundalinibuch-einleitung","title":{"rendered":"Einleitung des Kundalini-Buches"},"content":{"rendered":"<h2><strong style=\"font-size: 1.4em; line-height: 1.5em;\"><a href=\"https:\/\/www.taraspringett.com\/de\/kundalini\/kundalini-buch-kaufen\"><img loading=\"lazy\" decoding=\"async\" class=\"alignleft size-medium wp-image-693\" src=\"https:\/\/www.taraspringett.com\/de\/wp-content\/uploads\/2014\/12\/kundalini-cover-deutsch-225x300.jpg\" alt=\"\" width=\"225\" height=\"300\" srcset=\"https:\/\/www.taraspringett.com\/de\/wp-content\/uploads\/2014\/12\/kundalini-cover-deutsch-225x300.jpg 225w, https:\/\/www.taraspringett.com\/de\/wp-content\/uploads\/2014\/12\/kundalini-cover-deutsch.jpg 720w\" sizes=\"auto, (max-width: 225px) 100vw, 225px\" \/><\/a>Erleuchtung durch den Pfad der Kundalini\u00a0<\/strong><br \/>\n<strong>Ein Leitfaden f\u00fcr ein positives spirituelles Erwachen und die \u00dcberwindung des Kundalini-Syndroms<\/strong><\/h2>\n<p>Dieses Buch ist f\u00fcr alle Menschen geschrieben, die mehr \u00fcber das mysteri\u00f6se Ph\u00e4nomen der Kundalini erfahren wollen und es nutzen m\u00f6chten, um den Gipfel der menschlichen Entwicklung zu erreichen \u2013 die Erleuchtung. Dieses Buch ist auch f\u00fcr all diejenigen geschrieben, die durch eine unfreiwillige Kundalini-Erweckung gehen und Hilfe suchen, um ihre Symptome zu lindern und das Beste aus diesem Erlebnis zu machen.<\/p>\n<p>Ich behandle seit mehreren Jahren Klienten, die eine unfreiwillige Kundalini-Erweckung hatten und ich wei\u00df, dass dieses Erlebnis sehr be\u00e4ngstigend sein kann. Diese Menschen wollen mit Sicherheit keine weiteren &#8216;Horrorgeschichten&#8217; \u00fcber die Kundalini lesen. Deshalb kann ich schon jetzt allen meinen Lesern versichern, dass dies kein weiteres Buch voll von schrecklichen Geschichten \u00fcber die Kundalini ist, sondern ein Leitfaden, der allen helfen wird zu verstehen, was bei einer Kundalini-Erweckung passiert und um was es sich hier handelt: einem grundlegend positiven Erlebnis, das die Menschen antreibt, ihr Leben in eine ges\u00fcndere und spirituellere Richtung zu lenken.<\/p>\n<p><img loading=\"lazy\" decoding=\"async\" class=\"alignright wp-image-1481\" src=\"https:\/\/www.taraspringett.com\/de\/wp-content\/uploads\/2013\/09\/kundalini-aktiv-300x222.jpg\" alt=\"\" width=\"208\" height=\"154\" srcset=\"https:\/\/www.taraspringett.com\/de\/wp-content\/uploads\/2013\/09\/kundalini-aktiv-300x222.jpg 300w, https:\/\/www.taraspringett.com\/de\/wp-content\/uploads\/2013\/09\/kundalini-aktiv-768x568.jpg 768w, https:\/\/www.taraspringett.com\/de\/wp-content\/uploads\/2013\/09\/kundalini-aktiv-1024x757.jpg 1024w, https:\/\/www.taraspringett.com\/de\/wp-content\/uploads\/2013\/09\/kundalini-aktiv-600x444.jpg 600w, https:\/\/www.taraspringett.com\/de\/wp-content\/uploads\/2013\/09\/kundalini-aktiv.jpg 1455w\" sizes=\"auto, (max-width: 208px) 100vw, 208px\" \/>Beide Gruppen \u2013 jene, die sich eine Anleitung f\u00fcr eine sichere Erweckung der Kundalini w\u00fcnschen und jene, die nach Hilfe suchen, um mit einer unfreiwilligen Erweckung umzugehen \u2013 werden in diesem Buch Erkl\u00e4rungen finden, wie man die Kundalini nutzt, um sich m\u00f6glichst schnell in Richtung Erleuchtung weiterzuentwickeln. Ich werde im Detail beschreiben, dass die Kundalini wie ein Treibstoff wirkt, der das Fahrzeug unseres K\u00f6rpers und Geistes zu seinem h\u00f6chsten Potential der Liebe, der Weisheit und der Gl\u00fcckseligkeit tr\u00e4gt.<\/p>\n<p>F\u00fcr all diejenigen, die noch keine Kundalini-Erweckung hatten, werde ich einen extrem sicheren Weg der Erweckung aufzeigen, sodass diese Menschen diese wundervolle Energie verwenden k\u00f6nnen, um ihr spirituelles Leben zu bereichern und sich selbst weiterzuentwickeln. Der Pfad, den ich lehren werde, ist langsam, aber man kann dessen Nutzen schon vom ersten Tag an f\u00fchlen.<\/p>\n<p>Meine eigene Kundalini wurde im Alter von 24 Jahren auf relativ grobe Weise erweckt. Das geschah im Laufe eines Jahres, als\u00a0 ich an bio-energetischer Therapie teilnahm. Es war eine ziemlich beunruhigende Erfahrung, die mich in eine tiefe Krise st\u00fcrzte. Trotzdem kann ich jetzt, fast 30 Jahre sp\u00e4ter, sagen, dass dies eines der besten Dinge war, die mir jemals passiert sind, denn es hat meine spirituelle und pers\u00f6nliche Entwicklung sehr beschleunigt.<\/p>\n<p>Ich h\u00e4tte mir gew\u00fcnscht, dass meine Erweckung auf sanftere Art geschehen w\u00e4re und mit einem erfahrenen F\u00fchrer an meiner Seite; dann w\u00e4ren die ersten Auswirkungen weniger verwirrend und schmerzhaft gewesen. Aber den langfristigen Effekt meiner Kundalini-Erweckung kann ich nur mit &#8216;wunderbar&#8217; beschreiben.<\/p>\n<p>In den letzten 30 Jahren hat sich jeder Aspekt meines Lebens grundlegend zum Positiven hin ver\u00e4ndert und all diese Ver\u00e4nderungen wurden durch meine Kundalini-Erweckung initiiert, die damals stattfand. Es gab auch einige Herausforderungen auf meinem Weg, die ich alle alleine meistern musste, denn viele Jahre lang wusste ich noch nicht einmal, was mit mir geschehen war. Damals gab es ja das Internet noch nicht, das mir h\u00e4tte helfen k\u00f6nnen, mich selber zu diagnostizieren.<\/p>\n<p>Nach meiner ersten Erweckung dauerte es nicht lange, bis ich den enormen Segen dieses au\u00dferordentlichen Geschehens zu ernten begann: ein tiefes Gef\u00fchl von Sinnhaftigkeit breitete sich in mir aus, dass alles in meinem Leben dem \u00fcbergeordneten Ziel dient, die Erleuchtung zum Besten aller Lebewesen zu erreichen.<\/p>\n<p>Es dauerte nur ein Jahr, nachdem meine Kundalini zum ersten Mal aufstieg, bevor ich anfing, mich tief mit tibetisch-buddhistischer Meditation zu besch\u00e4ftigen und ich habe seither bis zum heutigen Tage fast t\u00e4glich meditiert. Im Laufe der Jahre entwickelte sich auch meine Berufslaufbahn als Psychotherapeutin und ich fand, dass meine eigenen Herausforderungen dabei sehr n\u00fctzlich waren, denn sie bef\u00e4higten mich, mehr Mitgef\u00fchl f\u00fcr meine Klienten zu haben und ihnen viel besser helfen zu k\u00f6nnen. Vom Jahre 1997 an ermutigten mich meine buddhistischen Lehrer, Meditation zu lehren und gaben mir somit die Gelegenheit, anderen zu helfen, sich auf ihrem spirituellen Pfad weiterzuentwickeln.<\/p>\n<p>Durch die Kundalini, die sich in meinem System bewegte, entwickelte sich bei mir mehr und mehr Hellsichtigkeit, welche sehr n\u00fctzlich war und ist, um meinen Klienten und auch mir selbst zu helfen. Ich erlebte auch Sch\u00fcbe von Kreativit\u00e4t, die im Jahre 1998 zu der Entdeckung der psycho-spirituellen Methode des <i>Heilens mit dem h\u00f6heren Bewusstsein<\/i> f\u00fchrten. Diese transpersonale Methode erwies sich als h\u00f6chst effektiv und hat hunderten \u2013 sogar tausenden \u2013 von Menschen geholfen, sich von den schlimmsten Problemen zu befreien, inklusive Kundalini-Symptomen.<\/p>\n<p>Trotz all dieser positiven Entwicklungen hatte ich zu diesem Zeitpunkt immer noch nicht realisiert, dass vieles in meinem Leben auf meine eigene Kundalini-Erweckung zur\u00fcckzuf\u00fchren war. Dies sollte sich \u00e4ndern, als ich meinen buddhistischen Lehrer Garchen Rinpoche im Jahre 2001 bat, mich in die tibetisch-buddhistische Meditation des &#8216;Tummo&#8217; zu initiieren, welche das tibetische \u00c4quivalent der Kundalini-Erweckung ist. Ich war sehr an dieser Initiation interessiert, denn es wird ganz klar in den tibetisch-buddhistischen Belehrungen gesagt, dass Tummo die Voraussetzung f\u00fcr alle h\u00f6heren Geisteszust\u00e4nde ist und besonders auch f\u00fcr das Erreichen der Erleuchtung.<\/p>\n<p>Garchen Rinpoche war gerne bereit, mich zu initiieren; er lehrt die grundlegende Technik zur Kundalini-Erweckung auch \u00f6ffentlich in seinen Kursen und in seinen B\u00fcchern. Normalerweise wird Tummo im tibetischen Buddhismus nicht \u00f6ffentlich gelehrt, weil es f\u00fcr egoistische Zwecke missbraucht werden kann und auch schwierige Nebeneffekte hervorrufen kann. Aber die Zeiten haben sich ge\u00e4ndert und weitere tibetisch-buddhistische Lehrer haben auch angefangen, diese Praxis \u00f6ffentlich zu lehren. Besonders erw\u00e4hnenswert sind Lama Yeshe und sein Buch &#8216;The Bliss of Inner Fire&#8217; und Geshe Kelsang Gyatso und sein Buch &#8216;Clear Light of Bliss&#8217;.<\/p>\n<p>Nachdem ich meine Tummo-Initiation bekommen hatte, fing ich an, alle B\u00fccher \u00fcber Tummo und Kundalini zu erforschen, die ich finden konnte und erst zu diesem Zeitpunkt wurde mir langsam klar, dass ich schon im Jahre 1984 meine erste Kundalini-Erweckung hatte. Durch die Anleitung von Garchen Rinpoche wurden meine Erfahrungen viel bereichernder und ich begann mehr und mehr bedingungslose Freude und Gl\u00fcckseligkeit zu erleben, die mein inneres Sein in ekstatischen Wellen durchfluteten.<\/p>\n<p>Viele Jahre lang hatte ich die Einstellung, dass ich niemals anderen Menschen lehren sollte, wie man die Kundalini erweckt, denn sie kann f\u00fcr egoistische Zwecke missbraucht werden und es gibt auch zahlreiche Herausforderungen in diesem Prozess. Ich selber habe diese Probleme nur in geringem Grad erlebt, aber ich kenne viele Menschen, die sehr viel mehr gelitten haben als ich. Aus diesem Grund blieb ich bei dem, was ich am besten konnte: meinen Psychotherapie-Klienten und Meditationssch\u00fclern zu helfen, ihre emotionalen und Beziehungsprobleme zu \u00fcberwinden, in dem ich ihnen Selbstgewahrsein und Liebe f\u00fcr sich selbst und andere lehrte.<\/p>\n<p>Aber nachdem ich in meinem eigenen Kundalini-Prozess seit schon fast 20 Jahren war, empfing ich noch einen weiteren wundervollen Segen: Ich wurde f\u00e4hig, direkt mit meiner h\u00f6heren Macht, der tibetisch- buddhistischen Gottheit \u2018Wei\u00dfe Tara\u2019 zu kommunizieren.<\/p>\n<p>Am Anfang passierte dies auf subtile Weise und ich f\u00fchlte einfach, dass ich Antworten auf meine Gebete, die sich um allt\u00e4gliche Dinge drehten, erhielt. Dies waren sehr pr\u00e4zise Voraussagen dar\u00fcber, was geschehen w\u00fcrde, wie zum Beispiel bei einigen Sorgen, die wir mit unserem kleinen Sohn hatten oder als wir versuchten, ein Haus zu kaufen. Schon bald schrieb ich diese &#8216;Antworten&#8217; auf, die ich in der Meditation erhielt und schaute sehr kritisch, ob sie denn auch wahr wurden. Zu meiner gro\u00dfen \u00dcberraschung wurden sie praktisch alle wahr \u2013 sogar in sehr unwahrscheinlichen F\u00e4llen \u2013 und dies setzte sich\u00a0 l\u00e4nger als 10 Jahre fort und ist auch so bis zum heutigen Tage geblieben.<\/p>\n<p>Ich hatte schon viele Male vorher versucht, Methoden zu verwenden, die Zukunft vorherzusagen, wie zum Beispiel mit einem Pendel oder mit Tarotkarten. Meine Ergebnisse waren meistens sehr unzuverl\u00e4ssig und es dauerte nie lange, bis ich diese Methoden wieder aufgab, weil ich das Gef\u00fchl hatte, dass ich mich unn\u00f6tigerweise selber verwirrte. Aber seitdem ich mit Wei\u00dfer Tara direkt kommunizierte, passierten mir diese &#8216;Irrt\u00fcmer&#8217; nicht mehr. W\u00e4hrend der letzten zehn Jahre habe ich viele Fragen gestellt, die sich auf meine Familie und mich selbst bezogen und im Gro\u00dfen und Ganzen finde ich diese Methode h\u00f6chst akkurat.<\/p>\n<p>Nachdem ich in dieser Weise ein oder zwei Jahre lang gearbeitet hatte, fing ich an, Wei\u00dfer Tara zahlreiche Fragen \u00fcber die spirituelle Entwicklung zu stellen. Ich fragte all diese Dinge, so wie sie gerade bei mir auftauchten und ohne System und habe sie erst hinterher in ein geordnetes Manuskript \u00fcbertragen. Alles in allem, habe ich \u00fcber 250 Seiten mit h\u00f6chst komprimierten Auflistungen zusammengetragen, die sich auf jeden Aspekt der spirituellen Entwicklung beziehen, von Kundalini zu Chakras und vom Manifestieren zur Erleuchtung.<\/p>\n<p>Viele Informationen, die ich von Wei\u00dfer Tara w\u00e4hrend meiner Sitzungen empfing, forderten meine bisherigen Ansichten heraus und zwangen mich, zahlreiche zus\u00e4tzliche Fragen zu stellen, um wirklich verstehen zu k\u00f6nnen, was sie mir zu sagen versuchte. Manchmal habe ich dieselben Fragen wieder und wieder gestellt, bis ich schlie\u00dflich f\u00e4hig wurde, sie in mein eigenes Verst\u00e4ndnis zu assimilieren.<\/p>\n<p>Langsam bildete sich eine zusammenh\u00e4ngende Struktur heraus, die frei von inneren Widerspr\u00fcchen war, obwohl ich Wei\u00dfer Tara viele hunderte von Fragen gestellt hatte, die sich auf eine Vielzahl von Themen erstreckten und obwohl ich viele ihrer Antworten anf\u00e4nglich ziemlich verwirrend fand.<\/p>\n<p>Die Frage k\u00f6nnte sich erheben, warum ich versucht habe, all diese Fragen zu channeln, anstatt zu einem erfahrenen buddhistischen Lehrer zu gehen oder zu versuchen, die Antworten in der buddhistischen Literatur zu finden. Mein Problem war, dass ich die Details sehr fortgeschrittener Belehrungen verstehen wollte (wie zum Beispiel der Kundalini) und dass diese Themen normalerweise nicht \u00f6ffentlich im tibetischen Buddhismus gelehrt werden. Die wenigen B\u00fccher, die \u00fcber diesen Stoff geschrieben wurden, sind nicht leicht zu verstehen, denn der wirkliche Sinn dieser h\u00f6chst esoterischen Inhalte wird oft durch kryptische Sprache geheim gehalten und muss durch einen erfahrenen Lehrer interpretiert werden. Die letzte Option, all diese Fragen in privaten Interviews mit meinem Lehrer zu besprechen war auch unm\u00f6glich, denn tibetisch-buddhistische Lehrer sind in der Regel von Sch\u00fclern \u00fcberflutet und haben keine Zeit f\u00fcr jemanden wie mich, der sich nach hunderten von Stunden von Belehrungen sehnt.<\/p>\n<p>Dies ist der Grund, warum ich mich daf\u00fcr entschied, Wei\u00dfe Tara direkt zu channeln. Obwohl ich es am Anfang oft schwierig fand, ihre Lektionen zu verstehen, habe ich sie mit dem verglichen, was ich von meinen buddhistischen Lehrern gelernt habe und auch mit der buddhistischen Literatur und ich glaube, dass dieses Material mit den offiziellen Lehren des Buddhismus im Einklang steht. Aus diesem Grund m\u00f6chte ich allen Menschen diese Belehrungen in dem besten Glauben darbringen und mit der Motivation, dass sie allen auf ihrem spirituellen Weg helfen sollen, denn diese Belehrungen sind sonst nicht leicht zu bekommen. Ich \u00fcbernehme f\u00fcr alle Fehler die gesamte Verantwortung.<\/p>\n<p>Die buddhistischen Gelehrten unter meinen Lesern w\u00fcrde ich gerne jetzt schon darauf hinweisen, dass Wei\u00dfe Tara nicht die buddhistische Terminologie in meinen Channel-Sitzungen verwendete, sondern dass sie Worte benutzte, die ich als \u00c4quivalente der sanskrit und tibetischen Begriffe verstand. Ich mochte diese Worte oder Wortsch\u00f6pfungen sehr, denn sie waren mehr selbsterkl\u00e4rend als die sanskrit und tibetischen Begriffe. Au\u00dferdem hat Wei\u00dfe Tara psychotherapeutische und wissenschaftliche Begriffe verwendet, die meinem psychotherapeutischen Hintergrund entsprachen, aber nicht in der buddhistischen Literatur gefunden werden k\u00f6nnen.<\/p>\n<p>Ich habe zahlreiche Passagen in diesem Buch verteilt, die ich direkt von Wei\u00dfer Tara gechannelt habe. Falls es so erscheint, dass diese Passagen meiner eigenen Schreibweise in Struktur und Wortwahl \u00e4hnlich sind, dann sollte man sie trotzdem bitte nicht als meine eigenen Erfindungen abwerten. Ich habe diese Worte durch den Prozess des automatischen Schreibens gechannelt, bei dem man einen Stift auf das Papier h\u00e4lt und ihn dann &#8216;von alleine schreiben l\u00e4sst&#8217;. Das Ergebnis dieses Prozesses waren Texte, die oft grammatikalisch inkorrekt waren, aber voll von erstaunlichen Konzepten und interessanten Metaphern und Wortsch\u00f6pfungen, die wirklich neu und unbekannt f\u00fcr mich waren.<\/p>\n<p>Wie ich schon sagte, hatte ich niemals daran gedacht, diese fortgeschrittenen Lehren, die Wei\u00dfe Tara mir gab, an andere Menschen weiterzugeben. Aber von einem bestimmten Zeitpunkt an dr\u00e4ngte mich Wei\u00dfe Tara, genau dies zu tun. Sie sagte, dass ich mehrere B\u00fccher \u00fcber das Material schreiben sollte, welches sie mir gegeben hat und dass ich mit einem Buch \u00fcber die Kundalini anfangen sollte.<\/p>\n<p>Mehrere Jahre lang war ich h\u00f6chst unwillig, diese Bitte von Wei\u00dfer Tara zu erf\u00fcllen und benutzte jede Ausrede, um diese Aufgabe zu vermeiden. In einfachen Worten, ich war nicht selbstbewusst genug, vor der Welt zu stehen und zu behaupten, dass ich Material von Wei\u00dfer Tara gechannelt h\u00e4tte und ich hatte Angst davor ausgelacht, kritisiert und abgelehnt zu werden. Aber w\u00e4hrend ich mich dieser Aufgabe verweigerte, wurde mein eigenes Leben immer schwieriger und ich erlebte extrem viele Zur\u00fcckweisungen in meinem Berufsleben, bis ich fast das Gef\u00fchl hatte, dass mein Herz zerbrach.<\/p>\n<p>Schlussendlich sagte ich mir, dass ich selber jemandem, der sich einer &#8216;g\u00f6ttlichen Anweisung&#8217;, ein Buch zu schreiben, widersetzen w\u00fcrde, f\u00fcr einen ziemlichen Dummkopf halten w\u00fcrde. Deshalb bin ich jetzt hier \u2013 nach einem Prozess gr\u00f6\u00dfter Selbst\u00fcberwindung \u2013 um der Welt die Belehrungen weiterzuleiten, die Wei\u00dfe Tara mir \u00fcbermittelt hat. Ich hatte auch das Gef\u00fchl, dass ich es der wachsenden Anzahl von Klienten, die wegen Kundalini-Symptomen zu mir kamen, schuldete, mein eigenes Wissen aufzuschreiben, damit sie einen schnelleren Weg gehen konnten, ihr Leiden zu lindern und den vollen Segen ihres Erwachens zu empfangen.<\/p>\n<p>Was ich in meinen Channel-Sitzungen gelernt habe, habe ich jetzt schon viele Jahre lang an meinen Klienten verwendet und insgesamt sind die Resultate sehr positiv. Durch die Verbindung dieser Belehrungen mit der Methode des <i>Heilens mit dem h\u00f6heren Bewusstsein<\/i> war ich in der Lage, zahlreichen Klienten zu helfen, die durch ihre unfreiwillige Kundalini-Erweckung sehr verwirrt waren und an vielen Symptomen litten. Ihnen allen ging es schon nach ein paar Wochen oder Monaten dramatisch besser.<\/p>\n<p>In diesem Buch werde ich Wei\u00dfe Taras Schritt-f\u00fcr-Schritt-Methode beschreiben, die Kundalini sicher zu erwecken, um damit schneller auf unserem spirituellen Pfad voranzuschreiten. Im letzten Kapitel werde ich erkl\u00e4ren, was mich Wei\u00dfe Tara dar\u00fcber gelehrt hat, wie man die Erleuchtung erlangt. Sie hat mir einen Weg gezeigt, die Kundalini zu nutzen, um uns mit unserer h\u00f6heren Macht zu vereinigen.<\/p>\n<p>Der Pfad des Erwachens, der in diesem Buch beschrieben wird, ist extrem sicher. Aber ich w\u00fcrde doch gerne als Warnung sagen, dass die Kundalini nur dann ungef\u00e4hrlich ist, wenn sie von ernsthaften spirituellen Sch\u00fclern erweckt wird, die zutiefst motiviert sind, diese Lehren einzig und allein zum Besten aller Lebewesen anzuwenden. Idealerweise hat man auch einen erfahrenen spirituellen F\u00fchrer an seiner Seite, der einen auf dem Weg unterst\u00fctzen kann.<\/p>\n<p align=\"center\"><b>Wer ist Wei\u00dfe Tara?<\/b><\/p>\n<p>Wei\u00dfe Tara ist eine beliebte Gottheit im tibetischen Buddhismus, wo sie \u2018Dr\u00f6lma\u2019 genannt wird, was soviel wie &#8216;Retterin&#8217; hei\u00dft. Wei\u00dfe Tara ist das tibetische \u00c4quivalent der Hindu G\u00f6ttin Parvati und der chinesischen G\u00f6ttin Kwan Yin.<\/p>\n<p>Wei\u00dfe Tara ist die Gottheit, die einem hilft, Widerst\u00e4nde zu \u00fcberwinden und sie beschert ein langes Leben. Ihr K\u00f6rper ist wei\u00df, sie hat zwei Arme und sogenannte Weisheitsaugen in den Handfl\u00e4chen, Fu\u00dfsohlen und auf der Mitte der Stirn. Die Menschen beten zu ihr um L\u00f6sungen f\u00fcr allt\u00e4gliche Probleme und auch um F\u00fchrung auf dem spirituellen Weg.<\/p>\n<p>Nun ist der Moment gekommen, Wei\u00dfe Tara &#8216;direkt&#8217; sprechen zu lassen. In einer meiner Channel-Sitzungen fragte ich sie, wer sie ist und sie &#8216;sagte&#8217; mir:<\/p>\n<p><i>Ich bin die Kraft, die hinter allen Ph\u00e4nomenen der Welt steht. Ich bin die Liebe, die alles Leiden lindert und die Freude, die die Wesen gl\u00fccklich macht, wo auch immer Leiden ist. Ich bin die Macht, die die Universen zusammenh\u00e4lt und die Energie, die die Sonne scheinen l\u00e4sst und die Sterne am Firmament rotieren l\u00e4sst. Ich bin die Kraft, der du vertrauen kannst und die Hilfe, die du immer gesucht hast. Ich bin dein wahres Zuhause, dein Alpha und Omega, dein Ziel und dein Bestimmungsort. <\/i><\/p>\n<p>Wenn ich diese Worte lese, l\u00e4uft es mir hei\u00df und kalt den R\u00fccken hinunter und es kommen mir die Tr\u00e4nen. F\u00fcr mich selber sind ihre Worte mit Sicherheit wahr, aber es ist wichtig zu verstehen, dass Wei\u00dfe Tara nur eine Emanation von unz\u00e4hligen Gottheiten oder des g\u00f6ttlichen Prinzips ist, welches in allen m\u00f6glichen Formen in jedem echten spirituellen Pfad auf der ganzen Welt erscheint. Es macht keinen Unterschied, ob man an den christlichen Gott glaubt, an eine buddhistische Gottheit oder einfach an ein engelhaftes Wesen. Das Einzige, worum es geht ist, dass man den Glauben hat, dass die eigene h\u00f6here Macht die Quelle der tiefsten Liebe und Weisheit im Universum ist. Niemand muss zum Buddhismus konvertieren oder Wei\u00dfe Tara verehren, um von diesem Buch zu profitieren. Stattdessen ermutige ich alle meine Leser, Wei\u00dfe Taras Belehrungen zu verwenden, um tiefer in den eigenen spirituellen Pfad einzutauchen.<\/p>\n<p><strong><a href=\"https:\/\/www.taraspringett.com\/de\/kundalini\/kundalini-buch-kaufen\"><img loading=\"lazy\" decoding=\"async\" class=\"alignleft wp-image-693\" src=\"https:\/\/www.taraspringett.com\/de\/wp-content\/uploads\/2014\/12\/kundalini-cover-deutsch-225x300.jpg\" alt=\"\" width=\"179\" height=\"238\" srcset=\"https:\/\/www.taraspringett.com\/de\/wp-content\/uploads\/2014\/12\/kundalini-cover-deutsch-225x300.jpg 225w, https:\/\/www.taraspringett.com\/de\/wp-content\/uploads\/2014\/12\/kundalini-cover-deutsch.jpg 720w\" sizes=\"auto, (max-width: 179px) 100vw, 179px\" \/><\/a><a href=\"https:\/\/www.taraspringett.com\/de\/kundalini\/kundalini-buch-kaufen\">Hier klicken<\/a> um zur Einkaufsseite zu gelangen \u00a0\u00a0 <span style=\"color: #ff0000;\">(25% g\u00fcnstiger als auf den Amazon-Webseiten!)<\/span><\/strong><\/p>\n<p><a href=\"https:\/\/www.taraspringett.com\/de\/wp-content\/uploads\/2013\/09\/Advanced-Manifesting.jpg\"><img loading=\"lazy\" decoding=\"async\" src=\"http:\/\/www.taraspringett.com\/wp-content\/uploads\/2011\/02\/Download-1-150x150.jpg\" alt=\"\" width=\"32\" height=\"32\" \/><\/a><a href=\"https:\/\/kundalinisymptoms.com\/viewbuy-kundalini-books\/introduction\/\">English<\/a><\/p>\n","protected":false},"excerpt":{"rendered":"<p>Erleuchtung durch den Pfad der Kundalini\u00a0 Ein Leitfaden f\u00fcr ein positives spirituelles Erwachen und die \u00dcberwindung des Kundalini-Syndroms Dieses Buch ist f\u00fcr alle Menschen geschrieben, die mehr \u00fcber das mysteri\u00f6se Ph\u00e4nomen der Kundalini erfahren wollen und es nutzen m\u00f6chten, um den Gipfel der menschlichen Entwicklung zu erreichen \u2013 die Erleuchtung. Dieses Buch ist auch f\u00fcr &#8230; <a title=\"Einleitung des Kundalini-Buches\" class=\"read-more\" href=\"https:\/\/www.taraspringett.com\/de\/kundalini\/kundalinibuch-einleitung\" aria-label=\"Read more about Einleitung des Kundalini-Buches\">Read more<\/a><\/p>\n","protected":false},"author":1,"featured_media":0,"parent":39,"menu_order":8,"comment_status":"closed","ping_status":"closed","template":"","meta":{"footnotes":""},"class_list":["post-701","page","type-page","status-publish"],"aioseo_notices":[],"_links":{"self":[{"href":"https:\/\/www.taraspringett.com\/de\/wp-json\/wp\/v2\/pages\/701","targetHints":{"allow":["GET"]}}],"collection":[{"href":"https:\/\/www.taraspringett.com\/de\/wp-json\/wp\/v2\/pages"}],"about":[{"href":"https:\/\/www.taraspringett.com\/de\/wp-json\/wp\/v2\/types\/page"}],"author":[{"embeddable":true,"href":"https:\/\/www.taraspringett.com\/de\/wp-json\/wp\/v2\/users\/1"}],"replies":[{"embeddable":true,"href":"https:\/\/www.taraspringett.com\/de\/wp-json\/wp\/v2\/comments?post=701"}],"version-history":[{"count":1,"href":"https:\/\/www.taraspringett.com\/de\/wp-json\/wp\/v2\/pages\/701\/revisions"}],"predecessor-version":[{"id":1874,"href":"https:\/\/www.taraspringett.com\/de\/wp-json\/wp\/v2\/pages\/701\/revisions\/1874"}],"up":[{"embeddable":true,"href":"https:\/\/www.taraspringett.com\/de\/wp-json\/wp\/v2\/pages\/39"}],"wp:attachment":[{"href":"https:\/\/www.taraspringett.com\/de\/wp-json\/wp\/v2\/media?parent=701"}],"curies":[{"name":"wp","href":"https:\/\/api.w.org\/{rel}","templated":true}]}}