{"id":70,"date":"2013-09-15T04:28:29","date_gmt":"2013-09-15T04:28:29","guid":{"rendered":"http:\/\/www.taraspringett.com\/de1\/?page_id=70"},"modified":"2017-06-03T20:29:30","modified_gmt":"2017-06-03T20:29:30","slug":"manifestieren-ihrer-wunsche","status":"publish","type":"page","link":"https:\/\/www.taraspringett.com\/de\/manifestieren\/manifestieren-ihrer-wunsche","title":{"rendered":"Manifestieren Deiner W\u00fcnsche"},"content":{"rendered":"<h2><img loading=\"lazy\" decoding=\"async\" class=\"alignleft wp-image-3889\" title=\"gl\u00fcckliche Menschen\" src=\"http:\/\/www.taraspringett.com\/wp-content\/uploads\/2011\/06\/467398_happy_family_1.jpg\" alt=\"\" width=\"307\" height=\"229\" \/>Das Gesetz der Anziehung<\/h2>\n<p><em>von Tara Springett<\/em><\/p>\n<p>Ich arbeite mit dem Gesetz der Anziehung bereits seit 27 Jahren und ich kann bezeugen, dass es hervorragend funktioniert. Am Anfang waren meine Ergebnisse nicht sehr beeindruckend, weil ich das Gesetz der Anziehung nicht wirklich verstanden habe und auch nicht richtig darauf vertraut habe, dass mein eigener Gem\u00fctszustand der entscheidende Punkt ist, der meine Wirklichkeit bestimmt. Aber im Laufe der Zeit ist mein Verst\u00e4ndnis und mein Vertrauen gewachsen und so hat sich auch meine F\u00e4higkeit verst\u00e4rkt, meine Tr\u00e4ume zu manifestieren.<\/p>\n<p>Ich kann inzwischen mit Sicherheit sagen, dass alles Gute in meinem Leben \u2013 meine Gesundheit,\u00a0meine Emotionen, die Erfolge in\u00a0meiner Arbeit, mein Zuhause und meine Beziehungen alle ins Dasein gekommen sind durch die Techniken, die in diesem Buch beschrieben sind: <a title=\"Buch kaufen: So macht man Tr\u00e4ume wahr\" href=\"https:\/\/www.taraspringett.com\/de\/manifestieren\/so-macht-man-traeume-wahr-kaufen\">So macht man Tr\u00e4ume wahr<\/a><\/p>\n<p>Ich bin buddhistische Lehrerin und einige Leute fragen sich (zu Recht) wie das Manifestieren von W\u00fcnschen und Buddhismus zusammenpassen sollen, denn der Buddha sagte ja in seiner zweiten Edlen Wahrheit, dass Begierde die Quelle allen Leidens ist. Und nat\u00fcrlich hat der Buddha recht \u2013 es sind all diese fehlgeleiteten W\u00fcnsche, die den meisten Menschen das Leben zur H\u00f6lle machen.<\/p>\n<p>Aber die Verleugnung unserer W\u00fcnsche ist auch nicht die Antwort. Der tibetische Buddhismus zeigt uns einen dritten Weg im Umgang mit unseren W\u00fcnschen, der sich zwischen der Unterdr\u00fcckung unserer W\u00fcnsche oder der Versklavung durch unsere Begierden befindet.<\/p>\n<p>Die wichtigste Lehre, die wir im tibetischen Buddhismus zum Thema Manifestieren finden ist, dass nur W\u00fcnsche, deren Basis auf Liebe beruht, zu Gl\u00fcck f\u00fchren. Sobald wir alle unsere Begierden auf liebevolle W\u00fcnsche ausrichten, wird sich unser Leben in immer gl\u00fccklichere Zust\u00e4nde entfalten.<\/p>\n<p>Im Vergleich dazu wird jeder Wunsch, der nur unser eigenes Gl\u00fcck im Auge hat, nach nur kurzer Zeit zu Unzufriedenheit f\u00fchren. Wie funktioniert dieser Ratschlag in der Praxis? Grunds\u00e4tzlich m\u00fcssen wir unseren Wunsch genau analysieren (egal, worum es dabei geht) und uns ernsthaft fragen, wie wir diesen Wunsch dazu verwenden k\u00f6nnen, alle Wesen gl\u00fccklich zu machen.<\/p>\n<p>Das klingt komplizierter als es tats\u00e4chlich ist. Wenn wir uns z. B. einen Partner w\u00fcnschen, k\u00f6nnen wir uns vorstellen, dass unsere zuk\u00fcnftigen Kinder gl\u00fccklich sind und auch unsere Familien und Freunde dadurch inspiriert werden, wenn sie ein wirklich gl\u00fcckliches Paar sehen. Wenn wir unser eigenes Unternehmen haben, k\u00f6nnen wir uns auf Kunden-zufriedenheit statt Profit konzentrieren und sicherstellen, dass unsere Produkte ethisch und umweltfreundlich sind.<\/p>\n<p>Durch die Konzentration auf Liebe und die Verbindung dieser Liebe mit unseren tiefsten Leidenschaften k\u00f6nnen wir enorme Energie aufbringen und diese Energie bringt nur<img loading=\"lazy\" decoding=\"async\" class=\"alignright size-full wp-image-4690\" title=\"Stupa\" src=\"http:\/\/www.taraspringett.com\/wp-content\/uploads\/2011\/06\/855210_styrian_stupa.jpg\" alt=\"\" width=\"300\" height=\"199\" \/> Gl\u00fcck. Auf diese Weise werden wir noch mehr Energie gewinnen, sodass wir uns noch st\u00e4rker auf unsere altruistischen W\u00fcnsche konzentrieren k\u00f6nnen, was wiederum noch mehr Gl\u00fcck bringt &#8211; f\u00fcr uns selbst und die ganze Welt.<\/p>\n<p>Wenn wir uns hingegen auf W\u00fcnsche konzentrieren, die mehr oder weniger egoistisch sind, wird eine negative karmische Kraft in Gang gesetzt, so dass wir letzten Endes ungl\u00fccklich werden, auch wenn es uns gelingt, die Person unserer Tr\u00e4ume zu verf\u00fchren oder eine Menge Geld zu verdienen. Damit wird eine Abw\u00e4rtsspirale in Gang gesetzt, die uns Energie entzieht und wir werden dann noch weniger erfolgreich mit all unseren zuk\u00fcnftigen W\u00fcnschen.<\/p>\n<p>Den Lehren des tibetischen Buddhismus zufolge entspringt die Welt, die uns umgibt, aus unseren Chakren \u2013 den Energiezentren, die sich entlang unserer Wirbels\u00e4ule befinden. Je mehr positive und liebevolle Bilder wir in unserem Geist halten, desto reiner und energiegeladener werden unsere Chakren sein und unser Manifestationsprozess wird reibungsloser verlaufen.<\/p>\n<p>F\u00fcr Menschen, die diese Dynamik voll gemeistert haben, gen\u00fcgt oft nur ein einziger konzentrierter Gedanke, um ihn in der materiellen Welt zu manifestieren. F\u00fcr den Rest von uns kann es ein wenig l\u00e4nger dauern. Aber der Prozess der Reinigung unserer Chakren und die Entwicklung von Liebe ist so lohnend, dass die gesamte Entwicklung der Kr\u00e4fte unseres Geistes ein freudiges Abenteuer ist. Ich w\u00fcnsche Dir viel Gl\u00fcck bei der Manifestation Deiner altruistischen Tr\u00e4ume. <em>\u00a0<\/em><\/p>\n<p><em><a href=\"https:\/\/www.taraspringett.com\/de\/manifestieren\/so-macht-man-traeume-wahr-kaufen\"><img loading=\"lazy\" decoding=\"async\" class=\"alignleft wp-image-832\" src=\"https:\/\/www.taraspringett.com\/de\/wp-content\/uploads\/2015\/08\/Picture90-220x300.jpg\" alt=\"So macht man Tr\u00e4ume wahr\" width=\"106\" height=\"144\" srcset=\"https:\/\/www.taraspringett.com\/de\/wp-content\/uploads\/2015\/08\/Picture90-220x300.jpg 220w, https:\/\/www.taraspringett.com\/de\/wp-content\/uploads\/2015\/08\/Picture90-751x1024.jpg 751w, https:\/\/www.taraspringett.com\/de\/wp-content\/uploads\/2015\/08\/Picture90-900x1226.jpg 900w, https:\/\/www.taraspringett.com\/de\/wp-content\/uploads\/2015\/08\/Picture90.jpg 1135w\" sizes=\"auto, (max-width: 106px) 100vw, 106px\" \/><\/a>Mehr \u00fcber die Verwirklichung von W\u00fcnschen, sowie eine revolution\u00e4re Chakra-\u00dcbung, die als Abk\u00fcrzung beim Manifestieren unserer Tr\u00e4ume funktioniert, findest Du in meinem Buch: <a href=\"https:\/\/www.taraspringett.com\/de\/manifestieren\/so-macht-man-traeume-wahr-kaufen\">So macht man Tr\u00e4ume wahr.<\/a><br \/>\n<\/em><\/p>\n<p>&nbsp;<\/p>\n<p><strong>Hier findest Du weitere Artikel \u00fcber Selbsthilfe:<\/strong><\/p>\n<p><a href=\"https:\/\/www.taraspringett.com\/de\/heilen\/heilen-mit-dem-hoheren-bewusstsein\">Das Heilen mit dem h\u00f6heren Bewusstsein<\/a><\/p>\n<p><a href=\"https:\/\/www.taraspringett.com\/de\/heilen\/heilung-depression-ohne-medikamente\">Heilung von Depressionen<\/a><\/p>\n<p><a href=\"https:\/\/www.taraspringett.com\/de\/heilen\/heilen-von-angsten\">\u00c4ngste nat\u00fcrlich heilen<\/a><\/p>\n<p><em>Wenn Dir meine Webseite gef\u00e4llt, dann dr\u00fccke bitte einen der &#8220;Like Buttons&#8221;, damit auch andere davon profitieren k\u00f6nnen. Danke!<\/em><\/p>\n<p><img loading=\"lazy\" decoding=\"async\" src=\"http:\/\/www.taraspringett.com\/wp-content\/uploads\/2011\/02\/Download-1-150x150.jpg\" alt=\"\" width=\"32\" height=\"32\" \/><a href=\"http:\/\/www.taraspringett.com\/manifesting\/manifesting-your-desires\">English<\/a><\/p>\n","protected":false},"excerpt":{"rendered":"<p>Das Gesetz der Anziehung von Tara Springett Ich arbeite mit dem Gesetz der Anziehung bereits seit 27 Jahren und ich kann bezeugen, dass es hervorragend funktioniert. Am Anfang waren meine Ergebnisse nicht sehr beeindruckend, weil ich das Gesetz der Anziehung nicht wirklich verstanden habe und auch nicht richtig darauf vertraut habe, dass mein eigener Gem\u00fctszustand &#8230; <a title=\"Manifestieren Deiner W\u00fcnsche\" class=\"read-more\" href=\"https:\/\/www.taraspringett.com\/de\/manifestieren\/manifestieren-ihrer-wunsche\" aria-label=\"Read more about Manifestieren Deiner W\u00fcnsche\">Read more<\/a><\/p>\n","protected":false},"author":1,"featured_media":0,"parent":41,"menu_order":0,"comment_status":"closed","ping_status":"closed","template":"sidebar-page.php","meta":{"footnotes":""},"class_list":["post-70","page","type-page","status-publish"],"aioseo_notices":[],"_links":{"self":[{"href":"https:\/\/www.taraspringett.com\/de\/wp-json\/wp\/v2\/pages\/70","targetHints":{"allow":["GET"]}}],"collection":[{"href":"https:\/\/www.taraspringett.com\/de\/wp-json\/wp\/v2\/pages"}],"about":[{"href":"https:\/\/www.taraspringett.com\/de\/wp-json\/wp\/v2\/types\/page"}],"author":[{"embeddable":true,"href":"https:\/\/www.taraspringett.com\/de\/wp-json\/wp\/v2\/users\/1"}],"replies":[{"embeddable":true,"href":"https:\/\/www.taraspringett.com\/de\/wp-json\/wp\/v2\/comments?post=70"}],"version-history":[{"count":0,"href":"https:\/\/www.taraspringett.com\/de\/wp-json\/wp\/v2\/pages\/70\/revisions"}],"up":[{"embeddable":true,"href":"https:\/\/www.taraspringett.com\/de\/wp-json\/wp\/v2\/pages\/41"}],"wp:attachment":[{"href":"https:\/\/www.taraspringett.com\/de\/wp-json\/wp\/v2\/media?parent=70"}],"curies":[{"name":"wp","href":"https:\/\/api.w.org\/{rel}","templated":true}]}}