{"id":68,"date":"2013-09-15T03:51:02","date_gmt":"2013-09-15T03:51:02","guid":{"rendered":"http:\/\/www.taraspringett.com\/de1\/?page_id=68"},"modified":"2024-07-25T16:58:58","modified_gmt":"2024-07-25T16:58:58","slug":"kundalini-symptome","status":"publish","type":"page","link":"https:\/\/www.taraspringett.com\/de\/kundalini\/kundalini-symptome","title":{"rendered":"Kundalini-Symptome"},"content":{"rendered":"<h2><em style=\"font-size: 16px;\"><a href=\"https:\/\/kundalinisymptoms.com\/supportgroup\/\"><img loading=\"lazy\" decoding=\"async\" class=\"alignleft wp-image-2024\" src=\"https:\/\/www.taraspringett.com\/de\/wp-content\/uploads\/2023\/08\/deu-zoom.jpg\" alt=\"\" width=\"246\" height=\"218\" \/><\/a>von Tara Springett<\/em><\/h2>\n<p>Kundalini-Symptome k\u00f6nnen durch eine Vielzahl von Ereignissen verursacht werden:<\/p>\n<figure id=\"attachment_693\" aria-describedby=\"caption-attachment-693\" style=\"width: 215px\" class=\"wp-caption alignright\"><a href=\"https:\/\/www.taraspringett.com\/de\/wp-content\/uploads\/2014\/12\/kundalini-cover-deutsch.jpg\"><img loading=\"lazy\" decoding=\"async\" class=\"size-medium wp-image-693\" src=\"https:\/\/www.taraspringett.com\/de\/wp-content\/uploads\/2014\/12\/kundalini-cover-deutsch-225x300.jpg\" alt=\"Um das Buch anzuschauen, bitte hier klicken\" width=\"225\" height=\"300\" srcset=\"https:\/\/www.taraspringett.com\/de\/wp-content\/uploads\/2014\/12\/kundalini-cover-deutsch-225x300.jpg 225w, https:\/\/www.taraspringett.com\/de\/wp-content\/uploads\/2014\/12\/kundalini-cover-deutsch.jpg 720w\" sizes=\"auto, (max-width: 225px) 100vw, 225px\" \/><\/a><figcaption id=\"caption-attachment-693\" class=\"wp-caption-text\"><a href=\"https:\/\/www.taraspringett.com\/de\/kundalini\/kundalini-buch-kaufen\">Um das Buch anzuschauen, bitte hier klicken<\/a><\/figcaption><\/figure>\n<p>Einige meiner Klienten erleben das klassische Szenario, dass sich Symptome nach intensiver Meditation entwickeln, aber ich hatte auch andere Klienten, bei denen sich Symptome nach der Teilnahme an einem Lach-Workshop entwickelt haben oder nachdem sie taoistische Methoden verwendet haben, die sie in einem Buch gelesen hatten. In wieder anderen F\u00e4llen begannen die Symptome nach einer intensiven erotischen Begegnung, die nicht ausgelebt wurde.<\/p>\n<p>Ich habe vielen hunderten von Menschen geholfen ihre Kundalini-Symptome zu \u00fcberwinden. Ich selbst begann beunruhigende Kundalini- Symptome nach einer Phase intensiver bio- energetischer Therapie zu erleben. Dies geschah\u00a0\u00a0 vor knapp 30 Jahren.<\/p>\n<p>Klassische Kundalini-Erweckungs-Symptome werden oft als ein Gef\u00fchl von Kribbeln oder Zittern beschrieben oder als Erlebnis von kriechenden Insekten unter der Haut oder als Energie, die in der Wirbels\u00e4ule emporsteigt. Bei meiner Arbeit als Kundalini-Therapeutin konnte ich allerdings immer wieder beobachten, dass Kundalini in erster Linie ein Erlebnis des Geistes ist und nur in zweiter Linie des K\u00f6rpers.<\/p>\n<p><img loading=\"lazy\" decoding=\"async\" class=\"alignleft wp-image-1481\" src=\"https:\/\/www.taraspringett.com\/de\/wp-content\/uploads\/2013\/09\/kundalini-aktiv-300x222.jpg\" alt=\"\" width=\"199\" height=\"147\" srcset=\"https:\/\/www.taraspringett.com\/de\/wp-content\/uploads\/2013\/09\/kundalini-aktiv-300x222.jpg 300w, https:\/\/www.taraspringett.com\/de\/wp-content\/uploads\/2013\/09\/kundalini-aktiv-768x568.jpg 768w, https:\/\/www.taraspringett.com\/de\/wp-content\/uploads\/2013\/09\/kundalini-aktiv-1024x757.jpg 1024w, https:\/\/www.taraspringett.com\/de\/wp-content\/uploads\/2013\/09\/kundalini-aktiv-600x444.jpg 600w, https:\/\/www.taraspringett.com\/de\/wp-content\/uploads\/2013\/09\/kundalini-aktiv.jpg 1455w\" sizes=\"auto, (max-width: 199px) 100vw, 199px\" \/>Ich habe sowohl bei meinen Klienten als auch an mir festgestellt, dass Kundalini fast immer eine allgemeine Verst\u00e4rkung von Emotionen mit sich bringt sowie generelle \u00dcberempfindlichkeit. Menschen und Situationen, die vorher ohne Weiteres toleriert werden konnten, werden pl\u00f6tzlich unertr\u00e4glich. Emotionen, mit denen man vorher gut zurechtkam, k\u00f6nnen au\u00dfer Kontrolle geraten und manche Leute k\u00f6nnen starke Gef\u00fchle der Verzweiflung erleben, oder auch starke \u00c4ngste oder Wut.<\/p>\n<p>Aber auch positive Emotionen sind verst\u00e4rkt und viele Menschen erleben Gef\u00fchle der Ekstase und Gl\u00fcckseligkeit, die vor ihrem Kundalini-Erwachen v\u00f6llig au\u00dfer ihrer Reichweite waren. Unsere Bewusstheit wird ebenfalls verst\u00e4rkt, was zu Hellsichtigkeit f\u00fchren kann, zu tiefer Weisheit und erstaunlicher Kreativit\u00e4t.<\/p>\n<p>Ein Kundalini-Erwachen wird letztlich dazu verhelfen, unser Potenzial der Erleuchtung zu erlangen. Zusammenfassend l\u00e4sst sich sagen, dass die Kundalini eine allgemeine Verst\u00e4rkung ist von all dem, was in unserem Geist vorgeht \u2013 sowohl der guten Tendenzen als auch der schlechten.<\/p>\n<p>Wenn wir ein<img loading=\"lazy\" decoding=\"async\" class=\"alignright size-full wp-image-4632\" title=\"Gl\u00fcckliche Familie\" src=\"http:\/\/www.taraspringett.com\/wp-content\/uploads\/2011\/02\/467398_happy_family_11.jpg\" alt=\"\" width=\"300\" height=\"225\" \/> gesundes Leben f\u00fchren und so positiv und liebevoll sind wie m\u00f6glich, dann wird auch unser Kundalini-Prozess angenehmer und positiver. Aber auch die mildeste Kundalini-Entwicklung wird Herausforderungen bringen, da w\u00e4hrend dieses Prozesses die Pforten unseres Unterbewusstseins ge\u00f6ffnet werden, um uns mit Material zu konfrontieren, von dem wir lieber nichts gewusst h\u00e4tten.<\/p>\n<p>Man kann z. B. unangemessene sexuelle Gef\u00fchle erleben, gr\u00f6\u00dfenwahnsinnige Ideen, erschreckende Erinnerungen und \u00fcbernat\u00fcrliche Visionen, die sehr verwirrend und beunruhigend sein k\u00f6nnen. Es ist v\u00f6llig verst\u00e4ndlich, dass Menschen in eine Krise geraten k\u00f6nnen unter dem Ansturm dieser verwirrenden Vielfalt von Symptomen.<\/p>\n<figure id=\"attachment_1760\" aria-describedby=\"caption-attachment-1760\" style=\"width: 191px\" class=\"wp-caption alignleft\"><img loading=\"lazy\" decoding=\"async\" class=\"size-medium wp-image-1760\" src=\"https:\/\/www.taraspringett.com\/de\/wp-content\/uploads\/2020\/06\/kunda-symp-heilen-1-201x300.png\" alt=\"\" width=\"201\" height=\"300\" srcset=\"https:\/\/www.taraspringett.com\/de\/wp-content\/uploads\/2020\/06\/kunda-symp-heilen-1-201x300.png 201w, https:\/\/www.taraspringett.com\/de\/wp-content\/uploads\/2020\/06\/kunda-symp-heilen-1.png 321w\" sizes=\"auto, (max-width: 201px) 100vw, 201px\" \/><figcaption id=\"caption-attachment-1760\" class=\"wp-caption-text\"><a href=\"https:\/\/www.taraspringett.com\/de\/kundalini-symptome-heilen-buch\">Hier klicken, um das Buch zu kaufen<\/a><\/figcaption><\/figure>\n<p>Viele meiner Klienten w\u00fcnschen sich die Kundalini zu stoppen, aber es ist wichtig zu verstehen, dass dies\u00a0genauso wenig m\u00f6glich ist, wie die Pubert\u00e4t zu stoppen. Der einzige Weg f\u00fchrt vorw\u00e4rts und wir m\u00fcssen lernen, mit unserer erh\u00f6hten Sensibilit\u00e4t zu leben, genauso wie wir lernen mussten, mit unserem neu erwachten Sexualtrieb zu leben.<\/p>\n<p>Ich habe bei meinen Klienten festgestellt, dass k\u00f6rperliche Symptome abklingen, sobald emotionale, spirituelle und mit Beziehungen verkn\u00fcpfte Fragen bearbeitet worden sind. Es ist der Versuch, diese Probleme zu unterdr\u00fccken, der die meisten k\u00f6rperlichen Schmerzen erschafft, die man w\u00e4hrend einer Kundalini-Eweckung erleben kann. Diese Dynamiken waren wahrscheinlich schon vor dem Kundalini-Erwachen pr\u00e4sent, aber sobald Kundalini vorhanden ist, werden sie st\u00e4rker sp\u00fcrbar.<\/p>\n<p>Dieser Prozess wird viel einfacher werden, wenn wir einen erfahrenen F\u00fchrer an unserer Seite haben, der uns erkl\u00e4ren kann, was mit uns passiert und uns auch helfen kann, die sch\u00f6nen Seiten der Kundalini zu geniessen.<\/p>\n<h2>Wie ich Menschen mit Kundalini-Symptomen helfe<\/h2>\n<p>Ich erziele sehr gute Ergebnisse darin, problematische Kundalini-Symptome zu lindern und sogar zu beseitigen. Das geschieht durch den Prozess des &#8216;<em>Heilens mit dem h\u00f6heren Bewusstsein<\/em>&#8216;, der reine Liebe f\u00fcr die Heilung\u00a0verwendet. Wir m\u00fcssen zuerst das Problem klar definieren und es dann mit reiner Liebe durchdringen. Es ist meine durchg\u00e4ngige Erfahrung, dass damit selbst die kompliziertesten Probleme innerhalb weniger Wochen oder Monate gelindert oder gel\u00f6st werden k\u00f6nnen. Dies ist meine Erfahrung aus der Arbeit mit vielen Hunderten von Menschen in den letzten 15 Jahren.<\/p>\n<p><em><em>Tara Springett ist <\/em><\/em><em><em>eine voll qualifizierte Psychotherapeutin und buddhistische Lehrerin, die sich auf die Arbeit mit Menschen spezialisiert hat, die an Kundalini-Symptomen leiden. Sie kann diese zudem in ihrer spirituellen Praxis begleiten. <\/em><\/em><\/p>\n<p><em><em>Informationen \u00fcber pers\u00f6nliche Sitzungen mit Tara findest Du hier: <a title=\"Kundalini Heilen\" href=\"https:\/\/www.taraspringett.com\/de\/sessions\/kundalini-heilung\">Kundalini-Heilung<\/a><\/em><\/em><\/p>\n<p><em>Hier findest Du weitere Informationen \u00fcber:\u00a0<\/em><\/p>\n<p><em><a href=\"https:\/\/www.taraspringett.com\/de\/kundalini\/chakra-erklarungen\">Chakra-Erkl\u00e4rungen<\/a><\/em><\/p>\n<p><em><a href=\"https:\/\/www.taraspringett.com\/de\/kundalini\/kundalini-erweckung\">Kundalini-Erweckung <\/a><\/em><\/p>\n<p><em><a href=\"https:\/\/www.taraspringett.com\/de\/kundalini\/kundalini-syndrom\">Kundalini-Syndrom<\/a><\/em><\/p>\n<p><em>Falls Dir meine Webseite gef\u00e4llt, dann dr\u00fccke bitte einen der &#8220;Like Buttons&#8221;, damit auch andere davon profitieren k\u00f6nnen. Danke!<\/em><\/p>\n<p><img loading=\"lazy\" decoding=\"async\" src=\"http:\/\/www.taraspringett.com\/wp-content\/uploads\/2011\/02\/Download-1-150x150.jpg\" alt=\"\" width=\"32\" height=\"32\" \/><a href=\"http:\/\/www.taraspringett.com\/kundalini\/kundalini-symptoms\">English<\/a><\/p>\n","protected":false},"excerpt":{"rendered":"<p>von Tara Springett Kundalini-Symptome k\u00f6nnen durch eine Vielzahl von Ereignissen verursacht werden: Einige meiner Klienten erleben das klassische Szenario, dass sich Symptome nach intensiver Meditation entwickeln, aber ich hatte auch andere Klienten, bei denen sich Symptome nach der Teilnahme an einem Lach-Workshop entwickelt haben oder nachdem sie taoistische Methoden verwendet haben, die sie in einem &#8230; <a title=\"Kundalini-Symptome\" class=\"read-more\" href=\"https:\/\/www.taraspringett.com\/de\/kundalini\/kundalini-symptome\" aria-label=\"Read more about Kundalini-Symptome\">Read more<\/a><\/p>\n","protected":false},"author":1,"featured_media":0,"parent":39,"menu_order":0,"comment_status":"closed","ping_status":"closed","template":"","meta":{"footnotes":""},"class_list":["post-68","page","type-page","status-publish"],"aioseo_notices":[],"_links":{"self":[{"href":"https:\/\/www.taraspringett.com\/de\/wp-json\/wp\/v2\/pages\/68","targetHints":{"allow":["GET"]}}],"collection":[{"href":"https:\/\/www.taraspringett.com\/de\/wp-json\/wp\/v2\/pages"}],"about":[{"href":"https:\/\/www.taraspringett.com\/de\/wp-json\/wp\/v2\/types\/page"}],"author":[{"embeddable":true,"href":"https:\/\/www.taraspringett.com\/de\/wp-json\/wp\/v2\/users\/1"}],"replies":[{"embeddable":true,"href":"https:\/\/www.taraspringett.com\/de\/wp-json\/wp\/v2\/comments?post=68"}],"version-history":[{"count":4,"href":"https:\/\/www.taraspringett.com\/de\/wp-json\/wp\/v2\/pages\/68\/revisions"}],"predecessor-version":[{"id":2093,"href":"https:\/\/www.taraspringett.com\/de\/wp-json\/wp\/v2\/pages\/68\/revisions\/2093"}],"up":[{"embeddable":true,"href":"https:\/\/www.taraspringett.com\/de\/wp-json\/wp\/v2\/pages\/39"}],"wp:attachment":[{"href":"https:\/\/www.taraspringett.com\/de\/wp-json\/wp\/v2\/media?parent=68"}],"curies":[{"name":"wp","href":"https:\/\/api.w.org\/{rel}","templated":true}]}}