{"id":642,"date":"2014-07-04T11:07:19","date_gmt":"2014-07-04T11:07:19","guid":{"rendered":"http:\/\/www.taraspringett.com\/de\/?page_id=642"},"modified":"2024-02-20T11:03:34","modified_gmt":"2024-02-20T11:03:34","slug":"spiritueller-notfall","status":"publish","type":"page","link":"https:\/\/www.taraspringett.com\/de\/kundalini\/spiritueller-notfall","title":{"rendered":"Spiritueller Notfall"},"content":{"rendered":"<p><!--:en--><\/p>\n<figure id=\"attachment_1760\" aria-describedby=\"caption-attachment-1760\" style=\"width: 191px\" class=\"wp-caption alignleft\"><img loading=\"lazy\" decoding=\"async\" class=\"size-medium wp-image-1760\" src=\"https:\/\/www.taraspringett.com\/de\/wp-content\/uploads\/2020\/06\/kunda-symp-heilen-1-201x300.png\" alt=\"\" width=\"201\" height=\"300\" srcset=\"https:\/\/www.taraspringett.com\/de\/wp-content\/uploads\/2020\/06\/kunda-symp-heilen-1-201x300.png 201w, https:\/\/www.taraspringett.com\/de\/wp-content\/uploads\/2020\/06\/kunda-symp-heilen-1.png 321w\" sizes=\"auto, (max-width: 201px) 100vw, 201px\" \/><figcaption id=\"caption-attachment-1760\" class=\"wp-caption-text\"><a href=\"https:\/\/www.taraspringett.com\/de\/kundalini-symptome-heilen-buch\">Hier klicken, um das Buch zu kaufen<\/a><\/figcaption><\/figure>\n<p><em>von Tara Springett<a href=\"https:\/\/kundalinisymptoms.com\/supportgroup\/\"><img loading=\"lazy\" decoding=\"async\" class=\"alignright  wp-image-2024\" src=\"https:\/\/www.taraspringett.com\/de\/wp-content\/uploads\/2023\/08\/deu-zoom.jpg\" alt=\"\" width=\"245\" height=\"217\" \/><\/a><\/em><\/p>\n<p>Ein spiritueller Notfall oder eine spirituelle Krise kann bei jedem Menschen durch die Anwendung spiritueller Praktiken, durch Rituale oder das Lesen von spiritueller Literatur ausgel\u00f6st werden.<\/p>\n<p>Typische Symptome sind Verwirrung, be\u00e4ngstigende\u00a0\u00fcbernat\u00fcrliche Erlebnisse, ein Gef\u00fchl der Entfremdung und merkw\u00fcrdige Energie-Ph\u00e4nomene im K\u00f6rper.<\/p>\n<p>Obwohl diese Symptome sehr be\u00e4ngstigend sein k\u00f6nnen, sind sie im Grunde harmlos und<\/p>\n<figure id=\"attachment_693\" aria-describedby=\"caption-attachment-693\" style=\"width: 215px\" class=\"wp-caption alignright\"><a href=\"https:\/\/www.taraspringett.com\/de\/wp-content\/uploads\/2014\/12\/kundalini-cover-deutsch.jpg\"><img loading=\"lazy\" decoding=\"async\" class=\"size-medium wp-image-693\" src=\"https:\/\/www.taraspringett.com\/de\/wp-content\/uploads\/2014\/12\/kundalini-cover-deutsch-225x300.jpg\" alt=\"Um das Buch anzuschauen, bitte hier klicken\" width=\"225\" height=\"300\" srcset=\"https:\/\/www.taraspringett.com\/de\/wp-content\/uploads\/2014\/12\/kundalini-cover-deutsch-225x300.jpg 225w, https:\/\/www.taraspringett.com\/de\/wp-content\/uploads\/2014\/12\/kundalini-cover-deutsch.jpg 720w\" sizes=\"auto, (max-width: 225px) 100vw, 225px\" \/><\/a><figcaption id=\"caption-attachment-693\" class=\"wp-caption-text\"><a href=\"https:\/\/www.taraspringett.com\/de\/kundalini\/kundalini-buch-kaufen\">Um das Buch anzuschauen, bitte hier klicken<\/a><\/figcaption><\/figure>\n<p>man kann sehr schnell lernen, mit ihnen umzugehen. Es hilft entscheidend, wenn man mit jemandem dar\u00fcber sprechen kann, der diese Probleme versteht und der erkl\u00e4ren kann, inwiefern sie sich grundlegend von allen Formen der Geisteskrankheit unterscheiden.<\/p>\n<p>Das wahre Problem in einer spirituellen Krise sind die vielen schlechten Ratschl\u00e4ge, die man auf der Suche nach Hilfe bekommt und die das Problem nur verschlimmern.<\/p>\n<p>Es givt viele wohlmeinende Menschen, die einem vielleicht erz\u00e4hlen, dass man von D\u00e4monen, &#8216;Wesenheiten&#8217; oder sogar vom Teufel besessen ist. Nichts davon ist wahr! Durch unsere spirituelle Praxis hat sich unser unbewusster Geist etwas ge\u00f6ffnet und wir erleben unsere eigenen unterdr\u00fcckten Negativit\u00e4ten. Dies kann sehr furchterregend sein und auch sehr unangenehm. Aber wenn man die richtige Technik benutzt, lernt man schnell, damit umzugehen.<\/p>\n<p><img loading=\"lazy\" decoding=\"async\" class=\"alignleft wp-image-1481\" src=\"https:\/\/www.taraspringett.com\/de\/wp-content\/uploads\/2013\/09\/kundalini-aktiv-300x222.jpg\" alt=\"\" width=\"219\" height=\"162\" srcset=\"https:\/\/www.taraspringett.com\/de\/wp-content\/uploads\/2013\/09\/kundalini-aktiv-300x222.jpg 300w, https:\/\/www.taraspringett.com\/de\/wp-content\/uploads\/2013\/09\/kundalini-aktiv-768x568.jpg 768w, https:\/\/www.taraspringett.com\/de\/wp-content\/uploads\/2013\/09\/kundalini-aktiv-1024x757.jpg 1024w, https:\/\/www.taraspringett.com\/de\/wp-content\/uploads\/2013\/09\/kundalini-aktiv-600x444.jpg 600w, https:\/\/www.taraspringett.com\/de\/wp-content\/uploads\/2013\/09\/kundalini-aktiv.jpg 1455w\" sizes=\"auto, (max-width: 219px) 100vw, 219px\" \/>Andere Leute behaupten vielleicht, dass man eine Geisteskrankheit hat, wie z.B. eine Bipolare-St\u00f6rung oder andere vage Diagnosen. Ich kann ich Dir die Unterschiede zwischen Geisteskrankheit und einem spirituellen Notfall detailliert erkl\u00e4ren. Beide Zust\u00e4nde haben einige oberfl\u00e4chliche Gemeinsamkeiten, sind aber grundlegend verschieden.<\/p>\n<p>Ich habe zahlreichen Menschen geholfen, die sich von einer spirituellen Krise\u00a0\u00fcberw\u00e4ltigt f\u00fchlten und extreme Angst hatten. Durch unsere gemeinsame Arbeit ist die Angst in der Regel innerhalb von Tagen oder Wochen verschwunden, einfach weil das neue Verst\u00e4ndnis der Situation sehr beruhigend wirkt. Meine Klienten erlernen auch die Anti-Angsttechnik, die extrem effektiv darin ist, Angst zum Verschwinden zu bringen.<\/p>\n<p><img loading=\"lazy\" decoding=\"async\" class=\"alignright size-full wp-image-4737\" title=\"Buddha\" src=\"http:\/\/www.taraspringett.com\/wp-content\/uploads\/2012\/05\/903864_buddha_holding_crystal.jpg\" alt=\"\" width=\"300\" height=\"225\" \/><\/p>\n<p><em>Das Heilen mit dem h\u00f6heren Bewusstsein<\/em> ist eine transpersonale (spirituelle) Heilmethode, die sehr effektiv ist, Menschen in einer spirituellen Krise zu helfen. Das Heilmittel bei dieser Methode ist reine Liebe, welche alle m\u00f6glichen be\u00e4ngstigenden Ph\u00e4nomene beruhigt und heilt, wie z.B. paranormale Erfahrungen, verst\u00e4rkte Emotionen und Verwirrung.<\/p>\n<p>Wenn wir <em>das Heilen mit dem h\u00f6heren Bewusstsein<\/em> verwenden, werde ich Dir helfen, auf Deinem eigenen spirituellen Pfad voranzukommen und dessen Belehrungen so positiv aufzufassen, wie sie urspr\u00fcnglich gemeint waren. Ich habe mit Menschen von vielen verschiedenen spirituellen und religi\u00f6sen Hintergr\u00fcnde gearbeitet und all diese Menschen wurden f\u00e4hig, ihren eigenen Glauben auf eine positivere Weise zu leben.<\/p>\n<p><em>Tara Springett ist eine qualifizierte buddhistische Lehrerin, die sich auf die Behandlung von spirituellen Krisen spezialisiert hat. Um ihre Qualifikationen zu sehen, klicke <a href=\"https:\/\/www.taraspringett.com\/de\/uber-tara\/tara-springett\">hier<\/a><\/em><\/p>\n<p><em>Um zu sehen, was Tara&#8217;s Klienten sagen, klicke <a href=\"https:\/\/www.taraspringett.com\/de\/andere-sagen\/kundalini-klienten\">hier<\/a><\/em><\/p>\n<p><em>Um mehr\u00a0\u00fcber &#8216;das Heilen mit dem h\u00f6heren Bewusstsein&#8217; herauszufinden, klicke <a title=\"Heilen mit dem h\u00f6heren Bewusstsein\" href=\"https:\/\/www.taraspringett.com\/de\/heilen\/heilen-mit-dem-hoheren-bewusstsein\">hier<\/a><\/em><\/p>\n<p><em>Wenn Dir meine Webseite gef\u00e4llt, dann dr\u00fccke bitte einen der &#8220;Like Buttons&#8221;, damit auch andere davon profitieren k\u00f6nnen. Danke!<\/em><\/p>\n<p><img loading=\"lazy\" decoding=\"async\" src=\"http:\/\/www.taraspringett.com\/wp-content\/uploads\/2011\/02\/Download-1-150x150.jpg\" alt=\"\" width=\"32\" height=\"32\" \/><a href=\"http:\/\/kundalinisymptoms.com\/info\/spiritual-crisis\/\">English<\/a><\/p>\n","protected":false},"excerpt":{"rendered":"<p>von Tara Springett Ein spiritueller Notfall oder eine spirituelle Krise kann bei jedem Menschen durch die Anwendung spiritueller Praktiken, durch Rituale oder das Lesen von spiritueller Literatur ausgel\u00f6st werden. Typische Symptome sind Verwirrung, be\u00e4ngstigende\u00a0\u00fcbernat\u00fcrliche Erlebnisse, ein Gef\u00fchl der Entfremdung und merkw\u00fcrdige Energie-Ph\u00e4nomene im K\u00f6rper. Obwohl diese Symptome sehr be\u00e4ngstigend sein k\u00f6nnen, sind sie im Grunde &#8230; <a title=\"Spiritueller Notfall\" class=\"read-more\" href=\"https:\/\/www.taraspringett.com\/de\/kundalini\/spiritueller-notfall\" aria-label=\"Read more about Spiritueller Notfall\">Read more<\/a><\/p>\n","protected":false},"author":1,"featured_media":0,"parent":39,"menu_order":3,"comment_status":"closed","ping_status":"closed","template":"","meta":{"footnotes":""},"class_list":["post-642","page","type-page","status-publish"],"aioseo_notices":[],"_links":{"self":[{"href":"https:\/\/www.taraspringett.com\/de\/wp-json\/wp\/v2\/pages\/642","targetHints":{"allow":["GET"]}}],"collection":[{"href":"https:\/\/www.taraspringett.com\/de\/wp-json\/wp\/v2\/pages"}],"about":[{"href":"https:\/\/www.taraspringett.com\/de\/wp-json\/wp\/v2\/types\/page"}],"author":[{"embeddable":true,"href":"https:\/\/www.taraspringett.com\/de\/wp-json\/wp\/v2\/users\/1"}],"replies":[{"embeddable":true,"href":"https:\/\/www.taraspringett.com\/de\/wp-json\/wp\/v2\/comments?post=642"}],"version-history":[{"count":4,"href":"https:\/\/www.taraspringett.com\/de\/wp-json\/wp\/v2\/pages\/642\/revisions"}],"predecessor-version":[{"id":2064,"href":"https:\/\/www.taraspringett.com\/de\/wp-json\/wp\/v2\/pages\/642\/revisions\/2064"}],"up":[{"embeddable":true,"href":"https:\/\/www.taraspringett.com\/de\/wp-json\/wp\/v2\/pages\/39"}],"wp:attachment":[{"href":"https:\/\/www.taraspringett.com\/de\/wp-json\/wp\/v2\/media?parent=642"}],"curies":[{"name":"wp","href":"https:\/\/api.w.org\/{rel}","templated":true}]}}