{"id":64,"date":"2013-09-15T03:46:02","date_gmt":"2013-09-15T03:46:02","guid":{"rendered":"http:\/\/www.taraspringett.com\/de1\/?page_id=64"},"modified":"2024-07-25T16:58:16","modified_gmt":"2024-07-25T16:58:16","slug":"kundalini-syndrom","status":"publish","type":"page","link":"https:\/\/www.taraspringett.com\/de\/kundalini\/kundalini-syndrom","title":{"rendered":"Kundalini-Syndrom"},"content":{"rendered":"<h2><strong><a href=\"https:\/\/kundalinisymptoms.com\/supportgroup\/\"><img loading=\"lazy\" decoding=\"async\" class=\"alignleft size-full wp-image-2024\" src=\"https:\/\/www.taraspringett.com\/de\/wp-content\/uploads\/2023\/08\/deu-zoom.jpg\" alt=\"\" width=\"280\" height=\"248\" \/><\/a>Wie man das Kundalini-Syndrom heilt<\/strong><\/h2>\n<figure id=\"attachment_693\" aria-describedby=\"caption-attachment-693\" style=\"width: 215px\" class=\"wp-caption alignright\"><a href=\"https:\/\/www.taraspringett.com\/de\/wp-content\/uploads\/2014\/12\/kundalini-cover-deutsch.jpg\"><img loading=\"lazy\" decoding=\"async\" class=\"size-medium wp-image-693\" src=\"https:\/\/www.taraspringett.com\/de\/wp-content\/uploads\/2014\/12\/kundalini-cover-deutsch-225x300.jpg\" alt=\"Um das Buch anzuschauen, bitte hier klicken\" width=\"225\" height=\"300\" srcset=\"https:\/\/www.taraspringett.com\/de\/wp-content\/uploads\/2014\/12\/kundalini-cover-deutsch-225x300.jpg 225w, https:\/\/www.taraspringett.com\/de\/wp-content\/uploads\/2014\/12\/kundalini-cover-deutsch.jpg 720w\" sizes=\"auto, (max-width: 225px) 100vw, 225px\" \/><\/a><figcaption id=\"caption-attachment-693\" class=\"wp-caption-text\"><a href=\"https:\/\/www.taraspringett.com\/de\/kundalini\/kundalini-buch-kaufen\">Um das Buch anzuschauen, bitte hier klicken<\/a><\/figcaption><\/figure>\n<p><em><em>von Tara Springett<\/em><\/em><\/p>\n<p>Durch die Arbeit mit zahlreichen Klienten, die am Kundalini-Syndrom litten, ist mir klar geworden, dass es viele M\u00f6glichkeiten gibt, die Kundalini zu ewecken; von traditioneller Meditation bis hin zur traumatischen Nahtod-Erfahrung.<\/p>\n<p>Es ist mir ebenso klar geworden, dass so vielf\u00e4ltige und verschiedene Symptome auftreten, wie es Menschen gibt. Aber abgesehen von diesen individuellen Symptomen habe ich auch festgestellt, dass es Themen gibt, die bei allen Menschen fast gleich verlaufen, die am Kundalini-Syndrom leiden.<\/p>\n<p>So k\u00f6nnen diese\u00a0Menschen \u00a0in der Regel ein Ereignis lokalisieren, das ihrem Erwachen vorausging, wie z.B. ein Meditations-Retreat. Bei anderen Menschen l\u00f6st eine komplizierte Operation das Kundalini-Syndrom aus. Eine weitere Gemeinsamkeit dieser Erfahrungen ist das Gef\u00fchl, dass sich eine Art von Energie in unserem K\u00f6rper bewegt. Diese &#8216;Bewegungen&#8217; beginnen in der Regel im Unterbauch und steigen dann aufw\u00e4rts.<\/p>\n<p><img loading=\"lazy\" decoding=\"async\" class=\"alignleft wp-image-1481\" src=\"https:\/\/www.taraspringett.com\/de\/wp-content\/uploads\/2013\/09\/kundalini-aktiv-300x222.jpg\" alt=\"\" width=\"205\" height=\"152\" srcset=\"https:\/\/www.taraspringett.com\/de\/wp-content\/uploads\/2013\/09\/kundalini-aktiv-300x222.jpg 300w, https:\/\/www.taraspringett.com\/de\/wp-content\/uploads\/2013\/09\/kundalini-aktiv-768x568.jpg 768w, https:\/\/www.taraspringett.com\/de\/wp-content\/uploads\/2013\/09\/kundalini-aktiv-1024x757.jpg 1024w, https:\/\/www.taraspringett.com\/de\/wp-content\/uploads\/2013\/09\/kundalini-aktiv-600x444.jpg 600w, https:\/\/www.taraspringett.com\/de\/wp-content\/uploads\/2013\/09\/kundalini-aktiv.jpg 1455w\" sizes=\"auto, (max-width: 205px) 100vw, 205px\" \/>Abgesehen von diesen eher klassischen Symptomen berichten alle meine Klienten, dass sie stark intensivierte positive und negative Emotionen erleben und insgesamt sehr viel sensibler sind. Diese Gef\u00fchle machen es schwerer,\u00a0 bestimmte Umst\u00e4nde auszuhalten, die vorher toleriert werden konnten. Die meisten betroffenen Menschen haben das starke Bed\u00fcrfnis, viele Aspekte ihres Lebens und ihrer Beziehungen zu \u00e4ndern.<\/p>\n<p>Viele meiner Klienten empfinden ambivalente Gef\u00fchle gegen\u00fcber ihrem Kundalini-Erlebnis. Auf der einen Seite<\/p>\n<p>w\u00fcrden sie gerne die schmerzhaften Symptome loswerden, aber die positiven Aspekte w\u00fcrden sie gerne<\/p>\n<figure id=\"attachment_1760\" aria-describedby=\"caption-attachment-1760\" style=\"width: 191px\" class=\"wp-caption alignright\"><img loading=\"lazy\" decoding=\"async\" class=\"size-medium wp-image-1760\" src=\"https:\/\/www.taraspringett.com\/de\/wp-content\/uploads\/2020\/06\/kunda-symp-heilen-1-201x300.png\" alt=\"\" width=\"201\" height=\"300\" srcset=\"https:\/\/www.taraspringett.com\/de\/wp-content\/uploads\/2020\/06\/kunda-symp-heilen-1-201x300.png 201w, https:\/\/www.taraspringett.com\/de\/wp-content\/uploads\/2020\/06\/kunda-symp-heilen-1.png 321w\" sizes=\"auto, (max-width: 201px) 100vw, 201px\" \/><figcaption id=\"caption-attachment-1760\" class=\"wp-caption-text\"><a href=\"https:\/\/www.taraspringett.com\/de\/kundalini-symptome-heilen-buch\">Hier klicken, um das Buch zu kaufen<\/a><\/figcaption><\/figure>\n<p>behalten \u2013 wie z. B. das allgemeine Gef\u00fchl, lebendiger und kreativer zu sein und eine vertiefte Intuition und Spiritualit\u00e4t zu erleben.<\/p>\n<p>Aber wie so vieles im Leben funktioniert das so nicht! Eine Erweckung ist ein Prozess des gesamten K\u00f6rpers und Geistes und kann nicht st\u00fcckweise erlebt werden oder r\u00fcckg\u00e4ngig gemacht werden; genauso wenig, wie wir die Pubert\u00e4t umkehren k\u00f6nnen. Deshalb sollten wir versuchen, den gesamten Prozess voll anzunehmen und jede Herausforderung zu l\u00f6sen, anstatt sie abzulehnen.<\/p>\n<p>Es ist meine durchgehende Erfahrung mit meinen Klienten, dass k\u00f6rperliche Symptome des Kundalini-Syndroms nachlassen, sobald wir die entsprechenden emotionalen, spirituellen und psychologischen Probleme bearbeitet haben. Zum Beispiel, wenn wir religi\u00f6se oder spirituelle Einstellungen haben, durch die wir uns machtlos und \u00e4ngstlich f\u00fchlen, dann ist es wichtig, eine liebevollere und st\u00e4rkendere Beziehung mit dem G\u00f6ttlichen zu finden.<\/p>\n<p>Wenn wir Vorstellungen \u00fcber uns selbst haben, die etwas arrogant oder sogar gr\u00f6\u00dfenwahnsinnig sind, dann wird die Anwesenheit der Kundalini so viele Probleme aufwerfen, dass wir dadurch &#8216;gezwungen&#8217; werden, mehr Demut zu \u00fcben und realistischer \u00fcber uns selbst zu denken.<\/p>\n<p>In gleicher Weise ist es wichtig, alle unsere Beziehungen, in denen wir uns machtlos oder ungeliebt f\u00fchlen, zu \u00fcberdenken und entweder zu verbessern oder zu beenden.<\/p>\n<h2>Was ist eine Kundalini-Psychose?<img loading=\"lazy\" decoding=\"async\" class=\"alignright size-full wp-image-4737\" title=\"903864_buddha_holding_crystal\" src=\"http:\/\/www.taraspringett.com\/wp-content\/uploads\/2012\/05\/903864_buddha_holding_crystal.jpg\" alt=\"\" width=\"300\" height=\"225\" \/><\/h2>\n<p>Viele Menschen, die zu mir kommen, um eine Beratung wegen ihres Kundalini-Syndroms zu erhalten, haben verschiedene Horrorgeschichten \u00fcber die sogenannte Kundalini-Psychose gelesen und haben deswegen Angst. Ich habe die Erfahrung gemacht, dass vor allem Menschen mit einem Hintergrund von schwerem Drogenkonsum gef\u00e4hrdet sind. Wie allgemein bekannt ist, sind diese Menschen sowieso gef\u00e4hrdet und die Anwesenheit von Kundalini macht eine Psychose lediglich wahrscheinlicher, da die Kundalini ein allgemeiner Verst\u00e4rker unserer Tendenzen ist \u2013 sowohl der guten Tendenzen als auch der schlechten. Falls wir Drogen genommen haben, m\u00fcssen wir uns zuerst mit allen zugrunde liegenden Suchttendenzen besch\u00e4ftigen, dann wird sich das Risiko der Entwicklung einer Psychose drastisch verringern.<\/p>\n<h2><span style=\"color: #000000;\" data-mce-mark=\"1\">Kundalini ist keine von uns getrennte Kraft<\/span><\/h2>\n<p><img loading=\"lazy\" decoding=\"async\" class=\"alignleft size-full wp-image-4738\" title=\"467398Gl\u00fcck\" src=\"http:\/\/www.taraspringett.com\/wp-content\/uploads\/2012\/05\/467398_happy_family_1.jpg\" alt=\"\" width=\"300\" height=\"225\" \/>Fast jeder Klient, mit dem ich gearbeitet habe, hatte die Vorstellung, dass die Kundalini eine \u00e4u\u00dfere Kraft ist, die irgendwie in seinen K\u00f6rper eingedrungen ist, und dort Verheerungen angerichtet hat. Aber diese Ansicht ist nicht korrekt.<\/p>\n<p>Kundalini ist genauso wenig eine \u00e4u\u00dfere Kraft wie unser Sexualtrieb, der in der Pubert\u00e4t erwacht ist. Beide dieser enormen Kr\u00e4fte waren von Geburt an als Potential in uns und werden an einem bestimmten Punkt erweckt.<\/p>\n<p>W\u00e4hrend die meisten Menschen auf das Erwachen ihrer Libido einigerma\u00dfen vorbereitet sind, ist praktisch niemand auf das Erwachen der Kundalini vorbereitet. Es ist gerade diese Vorstellung, dass die Kundalini eine \u00e4u\u00dfere Kraft ist, die in unseren K\u00f6rper eingedrungen ist, die viele unangenehme Symptome hervorruft, weil wir versuchen, bewusst oder unbewusst, ihr zu widerstehen.<\/p>\n<p>Die L\u00f6sung besteht darin, die Kundalini-Energie als unser eigenes Selbst anzunehmen und den Versuch aufzugeben, sie loswerden zu wollen. Letztlich ist Kundalini reine Energie, die f\u00fcr gute oder schlechte Zwecke eingesetzt werden kann. Wenn wir lernen, diese erh\u00f6hte Energie in liebevolle Projekte und spirituelle Entwicklung zu kanalisieren, werden wir sehr gl\u00fccklich und erfolgreich sein. Die meisten Menschen profitieren von der Anleitung eines erfahrenen Mentors, um dieses Ziel zu erreichen.<\/p>\n<p>&nbsp;<\/p>\n<p><em><em>Tara Springett ist <\/em><\/em><em><em>eine voll qualifizierte buddhistische Lehrerin und Therapeutin, die sich auf die Behandlung des Kundalini-Syndroms spezialisiert hat. <\/em><\/em><\/p>\n<p><em><em>Informationen \u00fcber pers\u00f6nliche Sitzungen mit Tara findest Du hier: <a title=\"Kundalini Heilen\" href=\"https:\/\/www.taraspringett.com\/de\/sessions\/kundalini-heilung\">Kundalini-Heilung<\/a><\/em><\/em><\/p>\n<p><em>Hier findest Du weitere Informationen \u00fcber<\/em> <em><a href=\"https:\/\/www.taraspringett.com\/de\/kundalini\/hilfe-kundalini-erwachen\">Kundalini-Symptome<\/a><\/em><\/p>\n<p><em><a href=\"https:\/\/www.taraspringett.com\/de\/kundalini\/chakra-erklarungen\">Chakra-Erkl\u00e4rungen<\/a><\/em><\/p>\n<p><em><a href=\"https:\/\/www.taraspringett.com\/de\/kundalini\/kundalini-erweckung\">Kundalini-Erweckung <\/a><\/em><\/p>\n<p><em>Wenn Dir meine Webseite gef\u00e4llt, dann dr\u00fccke bitte einen der &#8220;Like Buttons&#8221;, damit auch andere davon profitieren k\u00f6nnen. Danke!<\/em><\/p>\n<p><img loading=\"lazy\" decoding=\"async\" src=\"http:\/\/www.taraspringett.com\/wp-content\/uploads\/2011\/02\/Download-1-150x150.jpg\" alt=\"\" width=\"32\" height=\"32\" \/><a href=\"http:\/\/www.taraspringett.com\/kundalini\/kundalini-syndrome\">English<\/a><\/p>\n","protected":false},"excerpt":{"rendered":"<p>Wie man das Kundalini-Syndrom heilt von Tara Springett Durch die Arbeit mit zahlreichen Klienten, die am Kundalini-Syndrom litten, ist mir klar geworden, dass es viele M\u00f6glichkeiten gibt, die Kundalini zu ewecken; von traditioneller Meditation bis hin zur traumatischen Nahtod-Erfahrung. Es ist mir ebenso klar geworden, dass so vielf\u00e4ltige und verschiedene Symptome auftreten, wie es Menschen &#8230; <a title=\"Kundalini-Syndrom\" class=\"read-more\" href=\"https:\/\/www.taraspringett.com\/de\/kundalini\/kundalini-syndrom\" aria-label=\"Read more about Kundalini-Syndrom\">Read more<\/a><\/p>\n","protected":false},"author":1,"featured_media":0,"parent":39,"menu_order":0,"comment_status":"closed","ping_status":"closed","template":"","meta":{"footnotes":""},"class_list":["post-64","page","type-page","status-publish"],"aioseo_notices":[],"_links":{"self":[{"href":"https:\/\/www.taraspringett.com\/de\/wp-json\/wp\/v2\/pages\/64","targetHints":{"allow":["GET"]}}],"collection":[{"href":"https:\/\/www.taraspringett.com\/de\/wp-json\/wp\/v2\/pages"}],"about":[{"href":"https:\/\/www.taraspringett.com\/de\/wp-json\/wp\/v2\/types\/page"}],"author":[{"embeddable":true,"href":"https:\/\/www.taraspringett.com\/de\/wp-json\/wp\/v2\/users\/1"}],"replies":[{"embeddable":true,"href":"https:\/\/www.taraspringett.com\/de\/wp-json\/wp\/v2\/comments?post=64"}],"version-history":[{"count":8,"href":"https:\/\/www.taraspringett.com\/de\/wp-json\/wp\/v2\/pages\/64\/revisions"}],"predecessor-version":[{"id":2092,"href":"https:\/\/www.taraspringett.com\/de\/wp-json\/wp\/v2\/pages\/64\/revisions\/2092"}],"up":[{"embeddable":true,"href":"https:\/\/www.taraspringett.com\/de\/wp-json\/wp\/v2\/pages\/39"}],"wp:attachment":[{"href":"https:\/\/www.taraspringett.com\/de\/wp-json\/wp\/v2\/media?parent=64"}],"curies":[{"name":"wp","href":"https:\/\/api.w.org\/{rel}","templated":true}]}}