{"id":62,"date":"2013-09-15T03:42:43","date_gmt":"2013-09-15T03:42:43","guid":{"rendered":"http:\/\/www.taraspringett.com\/de1\/?page_id=62"},"modified":"2024-02-21T11:31:07","modified_gmt":"2024-02-21T11:31:07","slug":"kundalini-erweckung","status":"publish","type":"page","link":"https:\/\/www.taraspringett.com\/de\/kundalini\/kundalini-erweckung","title":{"rendered":"Kundalini-Erweckung"},"content":{"rendered":"<p><img loading=\"lazy\" decoding=\"async\" class=\"alignleft size-full wp-image-4747\" src=\"http:\/\/www.taraspringett.com\/wp-content\/uploads\/2011\/04\/1200042_buddha_and_bird.jpg\" alt=\"1200042_buddha_and_bird\" width=\"225\" height=\"300\" \/><em>von Tara Springett<\/em><\/p>\n<figure id=\"attachment_1760\" aria-describedby=\"caption-attachment-1760\" style=\"width: 191px\" class=\"wp-caption alignright\"><img loading=\"lazy\" decoding=\"async\" class=\"size-medium wp-image-1760\" src=\"https:\/\/www.taraspringett.com\/de\/wp-content\/uploads\/2020\/06\/kunda-symp-heilen-1-201x300.png\" alt=\"\" width=\"201\" height=\"300\" srcset=\"https:\/\/www.taraspringett.com\/de\/wp-content\/uploads\/2020\/06\/kunda-symp-heilen-1-201x300.png 201w, https:\/\/www.taraspringett.com\/de\/wp-content\/uploads\/2020\/06\/kunda-symp-heilen-1.png 321w\" sizes=\"auto, (max-width: 201px) 100vw, 201px\" \/><figcaption id=\"caption-attachment-1760\" class=\"wp-caption-text\"><a href=\"https:\/\/www.taraspringett.com\/de\/kundalini-symptome-heilen-buch\">Hier klicken, um das Buch zu kaufen<\/a><\/figcaption><\/figure>\n<p>Die Kundalini-Erweckung ist eine der bereicherndsten Erfahrungen,\u00a0die ein Mensch erleben kann und<br \/>\ngleichzeitig ist sie sehr herausfordernd. W\u00e4hrend einer Kundalini-Erweckung wird eine starke Energie in uns erweckt, mit der wir unser h\u00f6chstes Potential erreichen k\u00f6nnen \u2013 aber nur, wenn wir in der Lage sind, all unsere kleinen menschlichen Schw\u00e4chen hinter uns zu lassen.<\/p>\n<p>Viele Menschen glauben f\u00e4lschlicherweise, dass die Kundalini eine Energie ist, die einfach unserer Pers\u00f6nlichkeit hinzugef\u00fcgt wird, so dass wir sie dazu verwenden k\u00f6nnen, \u00fcbernat\u00fcrliche Kr\u00e4fte zu bekommen und Wunder zu vollbringen. Aber so funktioniert es nicht.<\/p>\n<h2><span style=\"color: #000000;\"><a href=\"https:\/\/kundalinisymptoms.com\/supportgroup\/\"><img loading=\"lazy\" decoding=\"async\" class=\"alignleft size-full wp-image-2024\" src=\"https:\/\/www.taraspringett.com\/de\/wp-content\/uploads\/2023\/08\/deu-zoom.jpg\" alt=\"\" width=\"280\" height=\"248\" \/><\/a>Der Vergleich mit dem Wassertopf<\/span><\/h2>\n<p>Stell&#8217; Dir vor, Du bist ein Topf voll Wasser und die Kundalini ist die Energie, die das<\/p>\n<figure id=\"attachment_693\" aria-describedby=\"caption-attachment-693\" style=\"width: 215px\" class=\"wp-caption alignright\"><a href=\"https:\/\/www.taraspringett.com\/de\/wp-content\/uploads\/2014\/12\/kundalini-cover-deutsch.jpg\"><img loading=\"lazy\" decoding=\"async\" class=\"size-medium wp-image-693\" src=\"https:\/\/www.taraspringett.com\/de\/wp-content\/uploads\/2014\/12\/kundalini-cover-deutsch-225x300.jpg\" alt=\"Um das Buch anzuschauen, bitte hier klicken\" width=\"225\" height=\"300\" srcset=\"https:\/\/www.taraspringett.com\/de\/wp-content\/uploads\/2014\/12\/kundalini-cover-deutsch-225x300.jpg 225w, https:\/\/www.taraspringett.com\/de\/wp-content\/uploads\/2014\/12\/kundalini-cover-deutsch.jpg 720w\" sizes=\"auto, (max-width: 225px) 100vw, 225px\" \/><\/a><figcaption id=\"caption-attachment-693\" class=\"wp-caption-text\"><a href=\"https:\/\/www.taraspringett.com\/de\/kundalini\/kundalini-buch-kaufen\">Um das Buch anzuschauen, bitte hier klicken<\/a><\/figcaption><\/figure>\n<p>Wasser zum Kochen bringt. Was passiert mit dem Wasser? Es ver\u00e4ndert sich vollst\u00e4ndig und verwandelt sich in Dampf. Dies ist genau das, was mit den Menschen geschieht, die unter dem m\u00e4chtigen Einfluss der Kundalini-Energie stehen: sie m\u00fcssen ihre Pers\u00f6nlichkeit und ihr gesamtes Leben v\u00f6llig ver\u00e4ndern. Nichts kann so bleiben wie es war \u2013 unsere allgemeine Weltsicht muss sich radikal ver\u00e4ndern, mitsamt all unserer Beziehungen, Berufslaufbahn, Zuhause, Ern\u00e4hrung und Sexualit\u00e4t.<\/p>\n<p>Wenn alles gut geht, werden wir als gr\u00fcndlich ver\u00e4nderter und mehr erleuchteter Mensch aus dieser tiefen Transformation hervorgehen. Aber es ist wahrscheinlich, dass wir viele Jahre daran arbeiten m\u00fcssen, uns selbst und unser Leben immer wieder zu ver\u00e4ndern, bis wir uns an die h\u00f6here Energie, die durch unser System flie\u00dft, angepasst haben.<\/p>\n<p><img loading=\"lazy\" decoding=\"async\" class=\"alignleft wp-image-1481\" src=\"https:\/\/www.taraspringett.com\/de\/wp-content\/uploads\/2013\/09\/kundalini-aktiv-300x222.jpg\" alt=\"\" width=\"186\" height=\"138\" srcset=\"https:\/\/www.taraspringett.com\/de\/wp-content\/uploads\/2013\/09\/kundalini-aktiv-300x222.jpg 300w, https:\/\/www.taraspringett.com\/de\/wp-content\/uploads\/2013\/09\/kundalini-aktiv-768x568.jpg 768w, https:\/\/www.taraspringett.com\/de\/wp-content\/uploads\/2013\/09\/kundalini-aktiv-1024x757.jpg 1024w, https:\/\/www.taraspringett.com\/de\/wp-content\/uploads\/2013\/09\/kundalini-aktiv-600x444.jpg 600w, https:\/\/www.taraspringett.com\/de\/wp-content\/uploads\/2013\/09\/kundalini-aktiv.jpg 1455w\" sizes=\"auto, (max-width: 186px) 100vw, 186px\" \/>Und gerade wenn wir denken, dass wir endlich alle notwendigen \u00c4nderungen vorgenommen haben, wird ein frischer Zustrom von Kundalini-Energie uns noch einmal dazu zwingen, unsere Beziehungen zu anderen Menschen und der Welt im Allgemeinen zu \u00fcberdenken.<\/p>\n<p>Durch diesen Prozess &#8216;zwingt uns die Kundalini\u2019 mehr Liebe zu entwickeln, indem sie unser fr\u00fcheres \u2013 mehr egoistisches \u2013 Leben au\u00dferordentlich schmerzhaft macht. Unter dem <img loading=\"lazy\" decoding=\"async\" class=\"alignright size-full wp-image-4270\" title=\"923871_lotus\" src=\"http:\/\/www.taraspringett.com\/wp-content\/uploads\/2012\/05\/923871_lotus.jpg\" alt=\"\" width=\"412\" height=\"275\" \/>Einfluss dieser m\u00e4chtigen Energie werden wir mit all unseren inneren D\u00e4monen konfrontiert, die bis jetzt in unserem Unbewussten verborgen waren. Es ist, als ob jemand pl\u00f6tzlich ein helles Licht in einem vorher schwach beleuchteten Raum angeschaltet hat und pl\u00f6tzlich sehen wir all den Schmutz, der sich in den Tiefen unserer Psyche angesammelt hat.<\/p>\n<p>Mit erweckter Kundalini kann diese Negativit\u00e4t nicht mehr geleugnet werden, sondern muss gr\u00fcndlich und ehrlich bearbeitet werden. In diesem Prozess kann es zu Trauer, Schuldgef\u00fchlen und Verwirrung kommen.<\/p>\n<p>Viele Menschen, die sich im Kundalini-Prozess befinden, versuchen dieses beunruhigende Material zu verdr\u00e4ngen und erleben als direkte Folge davon viele schmerzhafte k\u00f6rperliche Symptome. Wieder andere k\u00f6nnen der Versuchung nicht widerstehen, ihre neu erwachten Kr\u00e4fte zu missbrauchen \u2013 mit schlimmen Folgen.<\/p>\n<p>Aber sobald der Prozess der Kundalini-Erweckung vollst\u00e4ndig angenommen und verstanden wird, ist er \u00e4u\u00dferst bereichernd.<\/p>\n<h2><span style=\"color: #000000;\">Die positiven Wirkungen einer Kundalini-Erweckung<\/span><\/h2>\n<p>Nachdem wir uns mit unserer eigenen potenziellen Finsternis ausges\u00f6hnt haben, werden wir freier und st\u00e4rker als je zuvor. Ein tiefes Mitgef\u00fchl mit unseren eigenen menschlichen Schw\u00e4chen wird es uns erm\u00f6glichen, mitf\u00fchlend mit anderen zu sein und ihnen den Weg zu einem freieren Leben zu zeigen. Der Gipfel dieser Entwicklung ist die Erleuchtung oder Vereinigung mit Gott.<\/p>\n<p><object width=\"420\" height=\"315\" classid=\"clsid:d27cdb6e-ae6d-11cf-96b8-444553540000\" codebase=\"http:\/\/download.macromedia.com\/pub\/shockwave\/cabs\/flash\/swflash.cab#version=6,0,40,0\"><param name=\"allowFullScreen\" value=\"true\" \/><param name=\"allowscriptaccess\" value=\"always\" \/><param name=\"src\" value=\"\/\/www.youtube.com\/v\/IHxd6gC2UPA?version=3&amp;hl=en_GB&amp;rel=0\" \/><param name=\"allowfullscreen\" value=\"true\" \/><embed width=\"420\" height=\"315\" type=\"application\/x-shockwave-flash\" src=\"\/\/www.youtube.com\/v\/IHxd6gC2UPA?version=3&amp;hl=en_GB&amp;rel=0\" allowfullscreen=\"allowfullscreen\" allowscriptaccess=\"always\" \/><\/object><br \/>\n<em><em>Tara Springett ist <\/em><\/em><em><em>eine buddhistische Lehrerin, die sich auf die Arbeit mit Menschen spezialisiert hat, die an Kundalini-Symptomen leiden. <\/em><\/em><\/p>\n<p><em><em>Informationen \u00fcber pers\u00f6nliche Sitzungen mit Tara findest Du hier: <a title=\"Kundalini Heilen\" href=\"https:\/\/www.taraspringett.com\/de\/sessions\/kundalini-heilung\">Kundalini-Heilung<\/a><\/em><\/em><\/p>\n<p><em>Hier findest Du weitere Informationen \u00fcber<\/em> <em><a href=\"https:\/\/www.taraspringett.com\/de\/kundalini\/hilfe-kundalini-erwachen\">Kundalini-Symptome<\/a><\/em><\/p>\n<p><em><a href=\"https:\/\/www.taraspringett.com\/de\/kundalini\/chakra-erklarungen\">Chakra-Erkl\u00e4rungen<\/a><\/em><\/p>\n<p><em><a href=\"https:\/\/www.taraspringett.com\/de\/kundalini\/kundalini-syndrom\">Kundalini-Syndrom<\/a><\/em><\/p>\n<p><em>Wenn Dir meine Webseite gef\u00e4llt, dann dr\u00fccke bitte einen der &#8220;Like Buttons&#8221;, damit auch andere davon profitieren k\u00f6nnen. Danke!<\/em><\/p>\n<p><img loading=\"lazy\" decoding=\"async\" src=\"http:\/\/www.taraspringett.com\/wp-content\/uploads\/2011\/02\/Download-1-150x150.jpg\" alt=\"\" width=\"32\" height=\"32\" \/><a href=\"http:\/\/kundalinisymptoms.com\/info\/kundalini-awakening\/\">English<\/a><\/p>\n","protected":false},"excerpt":{"rendered":"<p>von Tara Springett Die Kundalini-Erweckung ist eine der bereicherndsten Erfahrungen,\u00a0die ein Mensch erleben kann und gleichzeitig ist sie sehr herausfordernd. W\u00e4hrend einer Kundalini-Erweckung wird eine starke Energie in uns erweckt, mit der wir unser h\u00f6chstes Potential erreichen k\u00f6nnen \u2013 aber nur, wenn wir in der Lage sind, all unsere kleinen menschlichen Schw\u00e4chen hinter uns zu &#8230; <a title=\"Kundalini-Erweckung\" class=\"read-more\" href=\"https:\/\/www.taraspringett.com\/de\/kundalini\/kundalini-erweckung\" aria-label=\"Read more about Kundalini-Erweckung\">Read more<\/a><\/p>\n","protected":false},"author":1,"featured_media":0,"parent":39,"menu_order":0,"comment_status":"closed","ping_status":"closed","template":"","meta":{"footnotes":""},"class_list":["post-62","page","type-page","status-publish"],"aioseo_notices":[],"_links":{"self":[{"href":"https:\/\/www.taraspringett.com\/de\/wp-json\/wp\/v2\/pages\/62","targetHints":{"allow":["GET"]}}],"collection":[{"href":"https:\/\/www.taraspringett.com\/de\/wp-json\/wp\/v2\/pages"}],"about":[{"href":"https:\/\/www.taraspringett.com\/de\/wp-json\/wp\/v2\/types\/page"}],"author":[{"embeddable":true,"href":"https:\/\/www.taraspringett.com\/de\/wp-json\/wp\/v2\/users\/1"}],"replies":[{"embeddable":true,"href":"https:\/\/www.taraspringett.com\/de\/wp-json\/wp\/v2\/comments?post=62"}],"version-history":[{"count":4,"href":"https:\/\/www.taraspringett.com\/de\/wp-json\/wp\/v2\/pages\/62\/revisions"}],"predecessor-version":[{"id":2065,"href":"https:\/\/www.taraspringett.com\/de\/wp-json\/wp\/v2\/pages\/62\/revisions\/2065"}],"up":[{"embeddable":true,"href":"https:\/\/www.taraspringett.com\/de\/wp-json\/wp\/v2\/pages\/39"}],"wp:attachment":[{"href":"https:\/\/www.taraspringett.com\/de\/wp-json\/wp\/v2\/media?parent=62"}],"curies":[{"name":"wp","href":"https:\/\/api.w.org\/{rel}","templated":true}]}}