{"id":60,"date":"2013-09-15T03:39:37","date_gmt":"2013-09-15T03:39:37","guid":{"rendered":"http:\/\/www.taraspringett.com\/de1\/?page_id=60"},"modified":"2023-08-24T16:59:00","modified_gmt":"2023-08-24T16:59:00","slug":"hilfe-kundalini-erwachen","status":"publish","type":"page","link":"https:\/\/www.taraspringett.com\/de\/kundalini\/hilfe-kundalini-erwachen","title":{"rendered":"Hilfe beim Kundalini-Erwachen"},"content":{"rendered":"<p><em>von Tara Springett<a href=\"https:\/\/kundalinisymptoms.com\/supportgroup\/\"><img loading=\"lazy\" decoding=\"async\" class=\"alignright size-full wp-image-2024\" src=\"https:\/\/www.taraspringett.com\/de\/wp-content\/uploads\/2023\/08\/deu-zoom.jpg\" alt=\"\" width=\"280\" height=\"248\" \/><\/a><\/em><\/p>\n<p>Kundalini-Erwachens-Symptome k\u00f6nnen seltsame K\u00f6rper-Empfindungen hervorrufen wie Sch\u00fctteln,\u00a0Zucken, Kribbeln oder das Gef\u00fchl von kriechender Energie. Auf der psychologischen Ebene erleben wir oft stark intensivierte Emotionen und eine allgemeine \u00dcberempfindlichkeit gegen\u00fcber &#8220;allem&#8221;. Viele Menschen erleben verst\u00e4rktes spirituelles Interesse, aber leider auch viel Verwirrung auf diesem Gebiet.<\/p>\n<p><img loading=\"lazy\" decoding=\"async\" class=\"alignleft wp-image-1481\" src=\"https:\/\/www.taraspringett.com\/de\/wp-content\/uploads\/2013\/09\/kundalini-aktiv-300x222.jpg\" alt=\"\" width=\"195\" height=\"144\" srcset=\"https:\/\/www.taraspringett.com\/de\/wp-content\/uploads\/2013\/09\/kundalini-aktiv-300x222.jpg 300w, https:\/\/www.taraspringett.com\/de\/wp-content\/uploads\/2013\/09\/kundalini-aktiv-768x568.jpg 768w, https:\/\/www.taraspringett.com\/de\/wp-content\/uploads\/2013\/09\/kundalini-aktiv-1024x757.jpg 1024w, https:\/\/www.taraspringett.com\/de\/wp-content\/uploads\/2013\/09\/kundalini-aktiv-600x444.jpg 600w, https:\/\/www.taraspringett.com\/de\/wp-content\/uploads\/2013\/09\/kundalini-aktiv.jpg 1455w\" sizes=\"auto, (max-width: 195px) 100vw, 195px\" \/>Das erste, was ich allen meinen Kundalini-Klienten erkl\u00e4re ist, dass eine Kundalini-Erweckung sehr gut mit dem Erwachen des sexuellen Triebes in der Pubert\u00e4t verglichen werden kann. Beide Prozesse haben viel gemeinsam.<\/p>\n<h2>Kann Kundalini wieder verschwinden?<\/h2>\n<p>Es ist wichtig zu verstehen, dass beide Prozesse, Kundalini und Pubert\u00e4t, nicht umkehrbar sind.<\/p>\n<figure id=\"attachment_693\" aria-describedby=\"caption-attachment-693\" style=\"width: 215px\" class=\"wp-caption alignright\"><a href=\"https:\/\/www.taraspringett.com\/de\/kundalini\/kundalini-buch-kaufen\"><img loading=\"lazy\" decoding=\"async\" class=\"size-medium wp-image-693\" src=\"https:\/\/www.taraspringett.com\/de\/wp-content\/uploads\/2014\/12\/kundalini-cover-deutsch-225x300.jpg\" alt=\"Um das Buch anzuschauen, bitte hier klicken\" width=\"225\" height=\"300\" srcset=\"https:\/\/www.taraspringett.com\/de\/wp-content\/uploads\/2014\/12\/kundalini-cover-deutsch-225x300.jpg 225w, https:\/\/www.taraspringett.com\/de\/wp-content\/uploads\/2014\/12\/kundalini-cover-deutsch.jpg 720w\" sizes=\"auto, (max-width: 225px) 100vw, 225px\" \/><\/a><figcaption id=\"caption-attachment-693\" class=\"wp-caption-text\"><a href=\"https:\/\/www.taraspringett.com\/de\/kundalini\/kundalini-buch-kaufen\">Um das Buch anzuschauen, bitte hier klicken<\/a><\/figcaption><\/figure>\n<p>Egal, wie sehr wir uns danach sehnen, die unbeschwerte Unschuld der Kindheit wieder zu erleben; die Pubert\u00e4t verleiht uns starke sexuelle Triebe, die nicht ignoriert werden k\u00f6nnen. In gleicher Weise gibt es keinen Weg zur\u00fcck, sobald die Kundalini ihre Pr\u00e4senz in unserem K\u00f6rper und Geist bekanntgegeben hat.<\/p>\n<p>Viele meiner Klienten fragen mich, ob die Kundalini wieder weggehen kann und die Antwort darauf ist ganz klar: genauso wie in der Pubert\u00e4t f\u00fchrt der einzige Weg vorw\u00e4rts und je bereitwilliger wir unsere Herausforderungen annehmen, desto leichter und lohnenswerter wird der Prozess sein.<\/p>\n<h2>Kundalini bedeutet Macht<\/h2>\n<p>In beiden Prozessen, Pubert\u00e4t sowie Kundalini-Erweckung, bekommen wir mehr Macht, als wir bisher hatten. In der Pubert\u00e4t entwickeln wir die gewaltige Kraft, einen neuen Menschen zu erschaffen und w\u00e4hrend einer Kundalini-Erweckung erhalten wir \u00fcbernat\u00fcrliche F\u00e4higkeiten wie Hellsehen und letztlich die F\u00e4higkeit, uns als ein erleuchtetes g\u00f6ttliches Wesen zu manifestieren.<\/p>\n<p>Aber bis wir in der Lage sind, die angenehmen Seiten dieser neu erwachten Kr\u00e4fte zu genie\u00dfen, m\u00fcssen wir<\/p>\n<figure id=\"attachment_1760\" aria-describedby=\"caption-attachment-1760\" style=\"width: 191px\" class=\"wp-caption alignright\"><img loading=\"lazy\" decoding=\"async\" class=\"size-medium wp-image-1760\" src=\"https:\/\/www.taraspringett.com\/de\/wp-content\/uploads\/2020\/06\/kunda-symp-heilen-1-201x300.png\" alt=\"\" width=\"201\" height=\"300\" srcset=\"https:\/\/www.taraspringett.com\/de\/wp-content\/uploads\/2020\/06\/kunda-symp-heilen-1-201x300.png 201w, https:\/\/www.taraspringett.com\/de\/wp-content\/uploads\/2020\/06\/kunda-symp-heilen-1.png 321w\" sizes=\"auto, (max-width: 201px) 100vw, 201px\" \/><figcaption id=\"caption-attachment-1760\" class=\"wp-caption-text\"><a href=\"https:\/\/www.taraspringett.com\/de\/kundalini-symptome-heilen-buch\">Hier klicken, um das Buch zu kaufen<\/a><\/figcaption><\/figure>\n<p>uns radikal \u00e4ndern. Um beim Vergleich mit der Pubert\u00e4t zu bleiben: Wir alle wissen, dass die Entwicklung, derer es bedarf, um f\u00e4hige Eltern zu werden, nicht leicht ist. In der Regel brauchen wir viele Jahre, bis wir unseren Sexualtrieb so gemeistert haben, dass wir ihn in eine liebevolle und verantwortungsvolle Beziehung lenken k\u00f6nnen. Alles in uns muss in diesen Jahren ge\u00e4ndert werden \u2013 unser Selbstverst\u00e4ndnis, unsere Beziehungen, unsere F\u00e4higkeit, Verantwortung f\u00fcr unser Handeln zu \u00fcbernehmen und unsere gesamte Einstellung zum Leben. <img loading=\"lazy\" decoding=\"async\" class=\"alignleft size-full wp-image-4668\" title=\"1164529rotes Herz\" src=\"http:\/\/www.taraspringett.com\/wp-content\/uploads\/2011\/04\/1164529_red_flower_heart_11.jpg\" alt=\"\" width=\"300\" height=\"279\" \/><\/p>\n<p>Das Gleiche kann \u00fcber den Kundalini- Prozess gesagt werden. Bis wir seinen positiven Effekt wirklich nutzen k\u00f6nnen, m\u00fcssen wir eine enorme Menge an Herausforderungen bew\u00e4ltigen, die bisher in unserem Unterbewusstsein gespeichert waren. Alle unsere Gef\u00fchle scheinen intensiviert zu sein und wir m\u00fcssen lernen, mit ihnen umzugehen.<\/p>\n<h2>Lebe so gesund wie m\u00f6glich!<\/h2>\n<p>Damit wir m\u00f6glichst reibungslos durch den Kundalini-Prozess kommen, ist es wichtig, dass wir so friedlich, liebevoll und gesund leben wie m\u00f6glich. Alles, was uns mehr aufregen k\u00f6nnte, wie z.B. Drogen, Promiskuit\u00e4t oder das Experimentieren mit Meditation ohne die Hilfe eines erfahrenen Kundalini-Lehrers, sollte vermieden werden.<\/p>\n<p>Es ist gut, eine spirituelle Einstellung zum Leben zu haben und Vertrauen zu einer g\u00f6ttlichen Macht zu entwickeln. Aber es ist wichtig, unsere spirituellen Praktiken nicht zu \u00fcbertreiben, da sie die Kundalini verst\u00e4rken. Wenn Du t\u00e4glich meditieren m\u00f6chtest, ist es von gr\u00f6\u00dfter Bedeutung, dies nur unter der Anleitung eines erfahrenen Meditationslehrers zu tun, der bereits selbst den Kundalini-Prozess durchlebt hat.<\/p>\n<p>Frage Deinen Meditationslehrer, ob er oder sie diese Erfahrungen hat, aber sei nicht \u00fcberrascht, wenn dies nicht der Fall ist, denn echte Kundalini-Erweckungen sind immer noch sehr selten. Gl\u00fccklicherweise kann man im Zeitalter des Internets auch versuchen, einen Meditationslehrer oder -Lehrerin online zu finden und eine vertrauensvolle Beziehung aufbauen, um Anleitungen zum Meditieren zu bekommen.<\/p>\n<h2>Vermeide Energiearbeit und Atem\u00fcbungen<\/h2>\n<p>Es ist besonders wichtig, jede Form von Energiearbeit wie Reiki oder Akupunktur zu vermeiden. Diese Formen der Heilung sind f\u00fcr <img loading=\"lazy\" decoding=\"async\" class=\"alignright size-full wp-image-4747\" title=\"1200042Buddha\" src=\"http:\/\/www.taraspringett.com\/wp-content\/uploads\/2011\/04\/1200042_buddha_and_bird.jpg\" alt=\"\" width=\"225\" height=\"300\" \/>Menschen entwickelt worden, die sich nicht in einem Kundalini-Prozess befinden und sind daf\u00fcr auch h\u00f6chst geeignet. Aber sobald wir durch den Kundalini- Prozess \u00fcberempfindlich geworden sind, k\u00f6nnen diese Heilmethoden mehr Schaden anrichten, als Gutes tun.<\/p>\n<p>Ein Vergleich mit der Pubert\u00e4t kann erkl\u00e4ren, warum das so ist. Stell&#8217; Dir vor, dass Dir Deine erwachenden sexuellen Bed\u00fcrfnisse Angst bereiten und dass Du zu einem Energieheiler gehst, um sie loszuwerden. Es ist offensichtlich, dass dies zum Scheitern verurteilt ist. Unsere Libido, genauso wie die Kundalini, ist weit st\u00e4rker als irgendeiner dieser Heilans\u00e4tze und wir schaffen nur noch mehr Leid, wenn wir versuchen, sie in irgendeiner Weise zu stoppen.<\/p>\n<p>Es ist auch wichtig, Atem\u00fcbungen wie Rebirthing oder Yoga-Atmung zu vermeiden. Atem\u00fcbungen k\u00f6nnen die Chemie unseres K\u00f6rpers und Gehirns stark ver\u00e4ndern und dies kann verheerende Folgen haben, wenn man auch nur den kleinsten Fehler macht. Sie sollten nur verwendet werden, wenn man durch einen erfahrenen Lehrer angeleitet wird, aber mit Sicherheit nicht, wenn man sich bereits in einem herausfordernden Kundalini- Prozess befindet.<\/p>\n<h2>Lies keine Horrorgeschichten \u00fcber die Kundalini<\/h2>\n<p>Ich habe viele Kundalini-Klienten, die alle m\u00f6glichen Horrorgeschichten im Internet gelesen haben und gro\u00dfe Angst haben. Es ist diese Angst, die die Kundalini-Symptome soviel schlimmer macht, als sie sind. Stell&#8217; Dir vor, wie sich ein junges M\u00e4dchen f\u00fchlen w\u00fcrde, dem man wiederholt sagt, dass es ein Risiko gibt, vom eigenen Mann ermordet zu werden. Dies kann zwar in \u00e4u\u00dferst seltenen F\u00e4llen geschehen, aber es ist sicherlich nicht hilfreich, jungen Menschen auf diese Weise Angst einzujagen.<\/p>\n<p>Das Gleiche kann \u00fcber den Kundalini-Prozess gesagt werden. In sehr seltenen F\u00e4llen k\u00f6nnen Menschen mit ihm so schlecht zurechtkommen, dass er sich wie ein H\u00f6llenerlebnis anf\u00fchlt. Aber das wird nur geschehen, wenn eine gro\u00dfe Menge von negativen Faktoren zusammenkommt und es ist nicht sinnvoll, sich mit diesem Horrorszenario Angst zu machen. Deshalb rate ich jedem dringend davon ab, be\u00e4ngstigendes Material \u00fcber die Kundalini zu lesen.<\/p>\n<h2><img loading=\"lazy\" decoding=\"async\" class=\"alignleft size-full wp-image-4748\" title=\"923871_lotus\" src=\"http:\/\/www.taraspringett.com\/wp-content\/uploads\/2011\/04\/923871_lotus.jpg\" alt=\"\" width=\"300\" height=\"200\" \/>Finde einen pers\u00f6nlichen Mentor\/in<\/h2>\n<p>Ein Kundalini-Erwachen ist ein sehr individueller und pers\u00f6nlicher Prozess, genauso, wie die Entwicklung einer befriedigenden Sexualit\u00e4t nach der Pubert\u00e4t ein sehr pers\u00f6nlicher Prozess ist. In der Regel profitieren die Menschen in beiden Prozessen von einer pers\u00f6nlichen Begleitung.<\/p>\n<p>F\u00fcr eine Kundalini-Erweckung brauchst Du einen erfahrenen spirituellen Lehrer oder Lehrerin, die selbst durch diesen Prozess gegangen ist \u2013 genauso wie alle Jugendlichen jemanden brauchen, der sich im Bereich Beziehung und Sexualit\u00e4t selbst gut auskennt.<\/p>\n<p>Menschen im Kundalini-Prozess profitieren au\u00dferdem von einer Anleitung, mit ihrer beginnenden Hellsichtigkeit umzugehen, die sehr verwirrend und be\u00e4ngstigend sein kann, wenn man nicht darauf vorbereitet ist. Die gr\u00f6\u00dfte Herausforderung bleibt jedoch das sehr pers\u00f6nliche Material, das aus dem eigenen Unbewussten hervorkommt und dieses erfordert oft eine pers\u00f6nliche Beratung.<\/p>\n<p>Da viele Menschen im Kundalini-Prozess ein intensives spirituelles Interesse haben, ist es \u00e4u\u00dferst wichtig, die spirituellen Praktiken so anzupassen, dass die Kundalini ruhig und stetig flie\u00dft und nicht pl\u00f6tzlich immer wieder ausbricht. Um dies zu gew\u00e4hrleisten, ist es am besten, eine pers\u00f6nliche Beziehung zu einem Kundalini-Lehrer oder Lehrerin zu haben, die Dich dementsprechend anleiten kann.<\/p>\n<p><object width=\"420\" height=\"315\" classid=\"clsid:d27cdb6e-ae6d-11cf-96b8-444553540000\" codebase=\"http:\/\/download.macromedia.com\/pub\/shockwave\/cabs\/flash\/swflash.cab#version=6,0,40,0\"><param name=\"allowFullScreen\" value=\"true\" \/><param name=\"allowscriptaccess\" value=\"always\" \/><param name=\"src\" value=\"\/\/www.youtube.com\/v\/xcq7ydB-kzE?hl=en_GB&amp;version=3&amp;rel=0\" \/><param name=\"allowfullscreen\" value=\"true\" \/><embed width=\"420\" height=\"315\" type=\"application\/x-shockwave-flash\" src=\"\/\/www.youtube.com\/v\/xcq7ydB-kzE?hl=en_GB&amp;version=3&amp;rel=0\" allowfullscreen=\"allowfullscreen\" allowscriptaccess=\"always\" \/><\/object><\/p>\n<p><em><em>Tara Springett ist <\/em><\/em><em><em>eine voll qualifizierte Psychotherapeutin und buddhistische Lehrerin, die sich auf die Arbeit mit Kundalini-Erweckungs-Symptomen spezialisiert hat. <\/em><\/em><\/p>\n<p><em><em>Informationen \u00fcber pers\u00f6nliche Sitzungen mit Tara findest Du hier: <a title=\"Kundalini Heilen\" href=\"https:\/\/www.taraspringett.com\/de\/sessions\/kundalini-heilung\">Kundalini-Heilung<\/a><\/em><\/em><\/p>\n<p><em>Hier findest Du weitere Informationen \u00fcber:<\/em><\/p>\n<p><em><a href=\"https:\/\/www.taraspringett.com\/de\/kundalini\/kundalini-symptome\">Kundalini-Symptome<\/a><\/em><\/p>\n<p><em><a href=\"https:\/\/www.taraspringett.com\/de\/kundalini\/chakra-erklarungen\">Chakra-Erkl\u00e4rungen<\/a><\/em><\/p>\n<p><em><a href=\"https:\/\/www.taraspringett.com\/de\/kundalini\/kundalini-erweckung\">Kundalini-Erweckung <\/a><\/em><\/p>\n<p><em><a href=\"https:\/\/www.taraspringett.com\/de\/kundalini\/kundalini-syndrom\">Kundalini-Syndrom<\/a><\/em><\/p>\n<p><em>Wenn Dir meine Webseite gef\u00e4llt, dann dr\u00fccke bitte einen der &#8220;Like Buttons&#8221;, damit auch andere davon profitieren k\u00f6nnen. Danke!<\/em><\/p>\n<p><img loading=\"lazy\" decoding=\"async\" src=\"http:\/\/www.taraspringett.com\/wp-content\/uploads\/2011\/02\/Download-1-150x150.jpg\" alt=\"\" width=\"32\" height=\"32\" \/><a href=\"http:\/\/kundalinisymptoms.com\/info\/help-kundalini-awakening\/\">English<\/a><\/p>\n\n","protected":false},"excerpt":{"rendered":"<p>von Tara Springett Kundalini-Erwachens-Symptome k\u00f6nnen seltsame K\u00f6rper-Empfindungen hervorrufen wie Sch\u00fctteln,\u00a0Zucken, Kribbeln oder das Gef\u00fchl von kriechender Energie. Auf der psychologischen Ebene erleben wir oft stark intensivierte Emotionen und eine allgemeine \u00dcberempfindlichkeit gegen\u00fcber &#8220;allem&#8221;. Viele Menschen erleben verst\u00e4rktes spirituelles Interesse, aber leider auch viel Verwirrung auf diesem Gebiet. Das erste, was ich allen meinen Kundalini-Klienten erkl\u00e4re &#8230; <a title=\"Hilfe beim Kundalini-Erwachen\" class=\"read-more\" href=\"https:\/\/www.taraspringett.com\/de\/kundalini\/hilfe-kundalini-erwachen\" aria-label=\"Read more about Hilfe beim Kundalini-Erwachen\">Read more<\/a><\/p>\n","protected":false},"author":1,"featured_media":0,"parent":39,"menu_order":0,"comment_status":"closed","ping_status":"closed","template":"","meta":{"footnotes":""},"class_list":["post-60","page","type-page","status-publish"],"aioseo_notices":[],"_links":{"self":[{"href":"https:\/\/www.taraspringett.com\/de\/wp-json\/wp\/v2\/pages\/60","targetHints":{"allow":["GET"]}}],"collection":[{"href":"https:\/\/www.taraspringett.com\/de\/wp-json\/wp\/v2\/pages"}],"about":[{"href":"https:\/\/www.taraspringett.com\/de\/wp-json\/wp\/v2\/types\/page"}],"author":[{"embeddable":true,"href":"https:\/\/www.taraspringett.com\/de\/wp-json\/wp\/v2\/users\/1"}],"replies":[{"embeddable":true,"href":"https:\/\/www.taraspringett.com\/de\/wp-json\/wp\/v2\/comments?post=60"}],"version-history":[{"count":3,"href":"https:\/\/www.taraspringett.com\/de\/wp-json\/wp\/v2\/pages\/60\/revisions"}],"predecessor-version":[{"id":2031,"href":"https:\/\/www.taraspringett.com\/de\/wp-json\/wp\/v2\/pages\/60\/revisions\/2031"}],"up":[{"embeddable":true,"href":"https:\/\/www.taraspringett.com\/de\/wp-json\/wp\/v2\/pages\/39"}],"wp:attachment":[{"href":"https:\/\/www.taraspringett.com\/de\/wp-json\/wp\/v2\/media?parent=60"}],"curies":[{"name":"wp","href":"https:\/\/api.w.org\/{rel}","templated":true}]}}