{"id":58,"date":"2013-09-15T03:37:02","date_gmt":"2013-09-15T03:37:02","guid":{"rendered":"http:\/\/www.taraspringett.com\/de1\/?page_id=58"},"modified":"2023-08-24T16:54:23","modified_gmt":"2023-08-24T16:54:23","slug":"chakra-erklarungen","status":"publish","type":"page","link":"https:\/\/www.taraspringett.com\/de\/kundalini\/chakra-erklarungen","title":{"rendered":"Chakra-Erkl\u00e4rungen"},"content":{"rendered":"<h2><img loading=\"lazy\" decoding=\"async\" class=\"alignleft size-full wp-image-4741\" src=\"http:\/\/www.taraspringett.com\/wp-content\/uploads\/2012\/05\/993975_the_chakras2.jpg\" alt=\"993975_the_chakras\" width=\"300\" height=\"231\" \/>Chakra-Ver\u00e4nderung bedeutet Lebens-Ver\u00e4nderung<\/h2>\n<p><em>von Tara Springett<\/em><\/p>\n<p>Dieser Artikel\u00a0erkl\u00e4rt die tibetisch- buddhistische Sichtweise der Chakren. Gem\u00e4\u00df dieser Lehre gibt es f\u00fcnf Energie-Zentren, die sich in der Mitte unseres K\u00f6rpers entlang unserer Wirbels\u00e4ule befinden \u2013 im Kopf, Hals, Herz, Solar-Plexus und Nabel.<\/p>\n<p>Das Wort &#8216;Chakra&#8217; h\u00f6rt sich vielleicht ein bisschen esoterisch an, aber das direkte Erleben<\/p>\n<figure id=\"attachment_693\" aria-describedby=\"caption-attachment-693\" style=\"width: 215px\" class=\"wp-caption alignright\"><a href=\"https:\/\/www.taraspringett.com\/de\/kundalini\/kundalini-buch-kaufen\"><img loading=\"lazy\" decoding=\"async\" class=\"size-medium wp-image-693\" src=\"https:\/\/www.taraspringett.com\/de\/wp-content\/uploads\/2014\/12\/kundalini-cover-deutsch-225x300.jpg\" alt=\"Um das Buch anzuschauen, bitte darauf klicken\" width=\"225\" height=\"300\" srcset=\"https:\/\/www.taraspringett.com\/de\/wp-content\/uploads\/2014\/12\/kundalini-cover-deutsch-225x300.jpg 225w, https:\/\/www.taraspringett.com\/de\/wp-content\/uploads\/2014\/12\/kundalini-cover-deutsch.jpg 720w\" sizes=\"auto, (max-width: 225px) 100vw, 225px\" \/><\/a><figcaption id=\"caption-attachment-693\" class=\"wp-caption-text\"><a href=\"https:\/\/www.taraspringett.com\/de\/kundalini\/kundalini-buch-kaufen\">Um das Buch anzuschauen, bitte darauf klicken<\/a><\/figcaption><\/figure>\n<p><a href=\"https:\/\/kundalinisymptoms.com\/supportgroup\/\"><img loading=\"lazy\" decoding=\"async\" class=\"alignleft size-full wp-image-2024\" src=\"https:\/\/www.taraspringett.com\/de\/wp-content\/uploads\/2023\/08\/deu-zoom.jpg\" alt=\"\" width=\"280\" height=\"248\" \/><\/a>der\u00a0Chakren ist \u00fcberhaupt nicht esoterisch. Hierzu einige Beispiele: In einem Moment tiefer Liebe f\u00fchlen wir W\u00e4rme im Brustraum; das bedeutet, dass unser Herzchakra offen ist. Wenn wir sexuell erregt sind, findet eine \u00e4hnliche Dynamik in unserem Unterk\u00f6rper statt. Und wenn wir total gl\u00fccklich sind, dann bedeutet dies, dass alle unsere Chakren offen sind.<\/p>\n<p>Auf der anderen Seite korrespondiert jeder k\u00f6rperliche oder emotionale Schmerz mit einem geschlossenen oder blockierten Chakra. Depression bedeutet meistens, dass unser Kopf- und Herzchakra blockiert sind. \u00c4ngste manifestieren sich oft als ein blockiertes Hals- oder Solar-Plexuschakra und verursachen angespannte Schultern und das sprichw\u00f6rtliche flaue Gef\u00fchl im Magen.<\/p>\n<p><img loading=\"lazy\" decoding=\"async\" class=\"alignleft wp-image-1481\" src=\"https:\/\/www.taraspringett.com\/de\/wp-content\/uploads\/2013\/09\/kundalini-aktiv-300x222.jpg\" alt=\"\" width=\"202\" height=\"150\" srcset=\"https:\/\/www.taraspringett.com\/de\/wp-content\/uploads\/2013\/09\/kundalini-aktiv-300x222.jpg 300w, https:\/\/www.taraspringett.com\/de\/wp-content\/uploads\/2013\/09\/kundalini-aktiv-768x568.jpg 768w, https:\/\/www.taraspringett.com\/de\/wp-content\/uploads\/2013\/09\/kundalini-aktiv-1024x757.jpg 1024w, https:\/\/www.taraspringett.com\/de\/wp-content\/uploads\/2013\/09\/kundalini-aktiv-600x444.jpg 600w, https:\/\/www.taraspringett.com\/de\/wp-content\/uploads\/2013\/09\/kundalini-aktiv.jpg 1455w\" sizes=\"auto, (max-width: 202px) 100vw, 202px\" \/>Jeder Gedanke, jedes Wort, jede Emotion und jede Handlung f\u00fchrt zu subtilen oder dramatischen Ver\u00e4nderungen in unseren Chakren und erlaubt ihnen, sich entweder zu \u00f6ffnen (was zu einem Gef\u00fchl des Gl\u00fccks f\u00fchrt) oder zwingt sie, sich zu schliessen (was ein Gef\u00fchl des Leidens ausl\u00f6st).<\/p>\n<p>Wenn wir diese Dynamik verstehen, dann er\u00f6ffnet sich uns ein Weg, unser Leben dramatisch verbessern zu k\u00f6nnen.<\/p>\n<p>Normalerweise<img loading=\"lazy\" decoding=\"async\" class=\"alignright size-full wp-image-4748\" src=\"http:\/\/www.taraspringett.com\/wp-content\/uploads\/2011\/04\/923871_lotus.jpg\" alt=\"923871_lotus\" width=\"300\" height=\"200\" \/>\u00a0denken wir: &#8220;Wenn ich nur dies oder das h\u00e4tte \u2013 dann w\u00e4re ich gl\u00fccklich!&#8221;. Aber wie wir alle wissen, ist es nicht immer leicht, &#8216;dies oder das&#8217; zu kriegen&#8230;<\/p>\n<p>Sobald wir das Thema &#8216;gl\u00fccklich sein&#8217; unter dem Gesichtspunkt der Chakren betrachten, sind wir in einer sehr viel st\u00e4rkeren Position. Dann k\u00f6nnen wir sagen: &#8220;Wenn ich nur meine Chakren \u00f6ffnen k\u00f6nnte, dann w\u00e4re ich gl\u00fccklich!&#8221;. Und das Gute ist, dass jeder die F\u00e4higkeit hat, seine Chakren zu \u00f6ffnen!<\/p>\n<h2>Chakra-Heilung<\/h2>\n<p>Unsere Chakren zu \u00f6ffnen ist nicht schwierig, aber wir brauchen daf\u00fcr lang anhaltende Konzentration. Anstatt hinter den Millionen von Dingen herzulaufen, von denen wir uns Gl\u00fcck versprechen, setzen wir uns einfach hin und l\u00e4cheln mit Liebe in unsere f\u00fcnf Chakren.<\/p>\n<p>Wenn wir uns in dieser Weise auf unser Kopfchakra konzentrieren, werden wir mit der Zeit mehr Gl\u00fcckseligkeit erleben, geistige Klarheit, kreativere und intelligentere Ideen, mehr Weisheit und letztendlich Hellsichtigkeit.<\/p>\n<p>Wenn wir uns so auf unser Halschakra konzentrieren, dann wird unser Selbstvertrauen besser, \u00c4ngste, in der \u00d6ffentlichkeit zu sprechen, werden verschwinden und wir werden f\u00e4hig sein, mit jedem Menschen positiv zu kommunizieren.<\/p>\n<p>Wenn sich unser Herzchakra durch diesen andauernden sanften Fokus\u00a0\u00f6ffnet, dann werden wir ein allgemeines Gef\u00fchl des Wohlbehagens und sogar der Gl\u00fcckseligkeit empfinden. Wir werden ein tiefes Gef\u00fchl der Liebe erleben, unabh\u00e4ngig davon, ob wir uns in einer Beziehung befinden oder nicht.<\/p>\n<p>Wenn wir uns auf unseren Solar-Plexus konzentrieren, werden wir tiefen Frieden erleben und alle unsere \u00c4ngste werden verschwinden.<\/p>\n<p>Das Nabelchakra gibt uns ein Gef\u00fchl der St\u00e4rke und Macht, alle Herausforderungen anzunehmen und \u00fcberall Erfolg zu haben, inklusive unserer Sexualit\u00e4t.<\/p>\n<p><img loading=\"lazy\" decoding=\"async\" class=\"aligncenter  wp-image-1949\" src=\"https:\/\/www.taraspringett.com\/de\/wp-content\/uploads\/2022\/07\/20220725_181235-225x300.jpg\" alt=\"\" width=\"354\" height=\"472\" srcset=\"https:\/\/www.taraspringett.com\/de\/wp-content\/uploads\/2022\/07\/20220725_181235-225x300.jpg 225w, https:\/\/www.taraspringett.com\/de\/wp-content\/uploads\/2022\/07\/20220725_181235-768x1024.jpg 768w, https:\/\/www.taraspringett.com\/de\/wp-content\/uploads\/2022\/07\/20220725_181235-1152x1536.jpg 1152w, https:\/\/www.taraspringett.com\/de\/wp-content\/uploads\/2022\/07\/20220725_181235-1536x2048.jpg 1536w, https:\/\/www.taraspringett.com\/de\/wp-content\/uploads\/2022\/07\/20220725_181235-scaled.jpg 1920w\" sizes=\"auto, (max-width: 354px) 100vw, 354px\" \/><\/p>\n<p><em>Weitere Erkl\u00e4rungen \u00fcber Chakren und ihre Heilung findest Du in dem Buch: <a href=\"https:\/\/www.taraspringett.com\/de\/kundalini\/kundalini-buch-kaufen\">Erleuchtung durch den Pfad der Kundalini<\/a><\/em><\/p>\n<p><strong><em>Hier kannst Du eine pers\u00f6nliche Sitzung bei Tara zur Chakra-Heilung oder bei Kundalini-Erwachens-Symptomen vereinbaren:<\/em> <\/strong><\/p>\n<p><a href=\"https:\/\/www.taraspringett.com\/de\/kundalini\/kundalini-heilung\">Chakra- und Kundalini-Heilung<\/a><\/p>\n<p>Hier findest du weitere Informationen:<\/p>\n<p><a href=\"https:\/\/www.taraspringett.com\/de\/kundalini\/kundalini-symptome\">Kundalini-Symptome<\/a> \u2013 Informationen<\/p>\n<p>Hilfe bei <a href=\"https:\/\/www.taraspringett.com\/de\/kundalini\/hilfe-kundalini-erwachen\">Kundalini-Erwachens-Symptomen<\/a><\/p>\n<p><em>Wenn Dir meine Webseite gef\u00e4llt, dann dr\u00fccke bitte einen der &#8220;Like Buttons&#8221;, damit auch andere davon profitieren k\u00f6nnen. Danke!<\/em><\/p>\n<p><img loading=\"lazy\" decoding=\"async\" src=\"http:\/\/www.taraspringett.com\/wp-content\/uploads\/2011\/02\/Download-1-150x150.jpg\" alt=\"\" width=\"32\" height=\"32\" \/><a href=\"http:\/\/www.taraspringett.com\/kundalini\/chakras-explained\">English<\/a><\/p>\n","protected":false},"excerpt":{"rendered":"<p>Chakra-Ver\u00e4nderung bedeutet Lebens-Ver\u00e4nderung von Tara Springett Dieser Artikel\u00a0erkl\u00e4rt die tibetisch- buddhistische Sichtweise der Chakren. Gem\u00e4\u00df dieser Lehre gibt es f\u00fcnf Energie-Zentren, die sich in der Mitte unseres K\u00f6rpers entlang unserer Wirbels\u00e4ule befinden \u2013 im Kopf, Hals, Herz, Solar-Plexus und Nabel. Das Wort &#8216;Chakra&#8217; h\u00f6rt sich vielleicht ein bisschen esoterisch an, aber das direkte Erleben der\u00a0Chakren &#8230; <a title=\"Chakra-Erkl\u00e4rungen\" class=\"read-more\" href=\"https:\/\/www.taraspringett.com\/de\/kundalini\/chakra-erklarungen\" aria-label=\"Read more about Chakra-Erkl\u00e4rungen\">Read more<\/a><\/p>\n","protected":false},"author":1,"featured_media":0,"parent":39,"menu_order":0,"comment_status":"closed","ping_status":"closed","template":"","meta":{"footnotes":""},"class_list":["post-58","page","type-page","status-publish"],"aioseo_notices":[],"_links":{"self":[{"href":"https:\/\/www.taraspringett.com\/de\/wp-json\/wp\/v2\/pages\/58","targetHints":{"allow":["GET"]}}],"collection":[{"href":"https:\/\/www.taraspringett.com\/de\/wp-json\/wp\/v2\/pages"}],"about":[{"href":"https:\/\/www.taraspringett.com\/de\/wp-json\/wp\/v2\/types\/page"}],"author":[{"embeddable":true,"href":"https:\/\/www.taraspringett.com\/de\/wp-json\/wp\/v2\/users\/1"}],"replies":[{"embeddable":true,"href":"https:\/\/www.taraspringett.com\/de\/wp-json\/wp\/v2\/comments?post=58"}],"version-history":[{"count":3,"href":"https:\/\/www.taraspringett.com\/de\/wp-json\/wp\/v2\/pages\/58\/revisions"}],"predecessor-version":[{"id":2027,"href":"https:\/\/www.taraspringett.com\/de\/wp-json\/wp\/v2\/pages\/58\/revisions\/2027"}],"up":[{"embeddable":true,"href":"https:\/\/www.taraspringett.com\/de\/wp-json\/wp\/v2\/pages\/39"}],"wp:attachment":[{"href":"https:\/\/www.taraspringett.com\/de\/wp-json\/wp\/v2\/media?parent=58"}],"curies":[{"name":"wp","href":"https:\/\/api.w.org\/{rel}","templated":true}]}}