{"id":45,"date":"2013-09-14T16:57:23","date_gmt":"2013-09-14T16:57:23","guid":{"rendered":"http:\/\/www.taraspringett.com\/de1\/?page_id=45"},"modified":"2017-06-03T20:38:24","modified_gmt":"2017-06-03T20:38:24","slug":"gluckseligkeit","status":"publish","type":"page","link":"https:\/\/www.taraspringett.com\/de\/gluckseligkeit","title":{"rendered":"Gl\u00fcckseligkeit"},"content":{"rendered":"<h2><img loading=\"lazy\" decoding=\"async\" class=\"alignleft wp-image-1648\" title=\"Blume\" src=\"http:\/\/www.taraspringett.com\/wp-content\/uploads\/2011\/03\/flower.jpg\" alt=\"\" width=\"278\" height=\"208\" \/>Spiritualit\u00e4t<\/h2>\n<p><a href=\"https:\/\/www.taraspringett.com\/de\/gluckseligkeit\/bedingungsloses-gluck\">Bedingungsloses Gl\u00fcck<\/a><\/p>\n<p>In diesem Artikel beschreibt Tara, was spirituelle Gl\u00fcckseligkeit ist und wie man sie erreichen kann. Tara selbst ist sehr erfolgreich mit dieser Methode&#8230;\u00a0\u00a0 <a title=\"Bedingungsloses Gl\u00fcck\" href=\"https:\/\/www.taraspringett.com\/de\/gluckseligkeit\/bedingungsloses-gluck\">weiterlesen<\/a><\/p>\n<p>Hier stellt Tara ihr Buch &#8216;<a href=\"https:\/\/www.taraspringett.com\/de\/buch-kaufen-spirituelle-freude\">Spirituelle Freude<\/a>&#8216; vor. Es ist eine Technik, die so einfach ist, dass es fast schwierig ist, ein ganzes Buch dar\u00fcber zu schreiben&#8230; <a href=\"https:\/\/www.taraspringett.com\/de\/buch-kaufen-spirituelle-freude\">weiterlesen<\/a><\/p>\n<p>Hier kann man die <a href=\"https:\/\/www.taraspringett.com\/de\/einleitung-spirituelle-freude\">Einleitung zum Buch &#8216;Spirituelle Freude<\/a>&#8216; lesen.<\/p>\n<p><img loading=\"lazy\" decoding=\"async\" src=\"http:\/\/www.taraspringett.com\/wp-content\/uploads\/2011\/02\/Download-1-150x150.jpg\" alt=\"\" width=\"32\" height=\"32\" \/><a href=\"http:\/\/www.taraspringett.com\/bliss\">English<\/a><\/p>\n","protected":false},"excerpt":{"rendered":"<p>Spiritualit\u00e4t Bedingungsloses Gl\u00fcck In diesem Artikel beschreibt Tara, was spirituelle Gl\u00fcckseligkeit ist und wie man sie erreichen kann. Tara selbst ist sehr erfolgreich mit dieser Methode&#8230;\u00a0\u00a0 weiterlesen Hier stellt Tara ihr Buch &#8216;Spirituelle Freude&#8216; vor. Es ist eine Technik, die so einfach ist, dass es fast schwierig ist, ein ganzes Buch dar\u00fcber zu schreiben&#8230; weiterlesen &#8230; <a title=\"Gl\u00fcckseligkeit\" class=\"read-more\" href=\"https:\/\/www.taraspringett.com\/de\/gluckseligkeit\" aria-label=\"Read more about Gl\u00fcckseligkeit\">Read more<\/a><\/p>\n","protected":false},"author":1,"featured_media":0,"parent":0,"menu_order":3,"comment_status":"closed","ping_status":"closed","template":"sidebar-page.php","meta":{"footnotes":""},"class_list":["post-45","page","type-page","status-publish"],"aioseo_notices":[],"_links":{"self":[{"href":"https:\/\/www.taraspringett.com\/de\/wp-json\/wp\/v2\/pages\/45","targetHints":{"allow":["GET"]}}],"collection":[{"href":"https:\/\/www.taraspringett.com\/de\/wp-json\/wp\/v2\/pages"}],"about":[{"href":"https:\/\/www.taraspringett.com\/de\/wp-json\/wp\/v2\/types\/page"}],"author":[{"embeddable":true,"href":"https:\/\/www.taraspringett.com\/de\/wp-json\/wp\/v2\/users\/1"}],"replies":[{"embeddable":true,"href":"https:\/\/www.taraspringett.com\/de\/wp-json\/wp\/v2\/comments?post=45"}],"version-history":[{"count":0,"href":"https:\/\/www.taraspringett.com\/de\/wp-json\/wp\/v2\/pages\/45\/revisions"}],"wp:attachment":[{"href":"https:\/\/www.taraspringett.com\/de\/wp-json\/wp\/v2\/media?parent=45"}],"curies":[{"name":"wp","href":"https:\/\/api.w.org\/{rel}","templated":true}]}}