{"id":41,"date":"2013-09-14T16:52:50","date_gmt":"2013-09-14T16:52:50","guid":{"rendered":"http:\/\/www.taraspringett.com\/de1\/?page_id=41"},"modified":"2017-06-03T20:28:14","modified_gmt":"2017-06-03T20:28:14","slug":"manifestieren","status":"publish","type":"page","link":"https:\/\/www.taraspringett.com\/de\/manifestieren","title":{"rendered":"Manifestieren"},"content":{"rendered":"<h2>Manifestiere Deine W\u00fcnsche!<\/h2>\n<p><a href=\"https:\/\/www.taraspringett.com\/de\/manifestieren\/so-macht-man-traeume-wahr-kaufen\">Buch: So macht man Tr\u00e4ume wahr<\/a><\/p>\n<p>Wir alle k\u00f6nnen unsere W\u00fcnsche manifestieren. Dies bedarf Beharrlichkeit und Fokus und es ist wichtig, in einer positiven Stimmung w\u00e4hrend des gesamten Prozesses zu bleiben.\u00a0Im Buddhismus werden wir diesem bekannten Verfahren eine neue Dimension hinzuf\u00fcgen, in der Du Deine W\u00fcnsche noch schneller manifestieren kannst, w\u00e4hrend Du gleichzeitig mehr Liebe und Mitgef\u00fchl entwickelst&#8230;\u00a0 <a href=\"https:\/\/www.taraspringett.com\/de\/manifestieren\/so-macht-man-traeume-wahr-kaufen\">weiterlesen<\/a><\/p>\n<p>Hier kannst Du die Einleitung von Taras Buch: &#8220;So macht man Tr\u00e4ume wahr&#8221; lesen: <a href=\"https:\/\/www.taraspringett.com\/de\/manifestieren\/einleitung-fuer-macht-man-traeume-wahr\">weiterlesen<\/a><\/p>\n<p><a href=\"https:\/\/www.taraspringett.com\/de\/manifestieren\/manifestieren-ihrer-wunsche\">Das Gesetz der Anziehung<\/a><\/p>\n<p>Hier findest Du Erkl\u00e4rungen dar\u00fcber, wie Du Deine W\u00fcnsche manifesieren kannst. Tara selbst ist sehr erfolgreich mit dieser Methode&#8230;\u00a0 <a title=\"Manifestieren Ihrer W\u00fcnsche\" href=\"https:\/\/www.taraspringett.com\/de\/manifestieren\/manifestieren-ihrer-wunsche\">weiterlesen<\/a><\/p>\n<p><img loading=\"lazy\" decoding=\"async\" src=\"http:\/\/www.taraspringett.com\/wp-content\/uploads\/2011\/02\/Download-1-150x150.jpg\" alt=\"\" width=\"32\" height=\"32\" \/><a href=\"http:\/\/www.taraspringett.com\/manifesting\">English<\/a><\/p>\n","protected":false},"excerpt":{"rendered":"<p>Manifestiere Deine W\u00fcnsche! Buch: So macht man Tr\u00e4ume wahr Wir alle k\u00f6nnen unsere W\u00fcnsche manifestieren. Dies bedarf Beharrlichkeit und Fokus und es ist wichtig, in einer positiven Stimmung w\u00e4hrend des gesamten Prozesses zu bleiben.\u00a0Im Buddhismus werden wir diesem bekannten Verfahren eine neue Dimension hinzuf\u00fcgen, in der Du Deine W\u00fcnsche noch schneller manifestieren kannst, w\u00e4hrend Du &#8230; <a title=\"Manifestieren\" class=\"read-more\" href=\"https:\/\/www.taraspringett.com\/de\/manifestieren\" aria-label=\"Read more about Manifestieren\">Read more<\/a><\/p>\n","protected":false},"author":1,"featured_media":0,"parent":0,"menu_order":5,"comment_status":"closed","ping_status":"closed","template":"sidebar-page.php","meta":{"footnotes":""},"class_list":["post-41","page","type-page","status-publish"],"aioseo_notices":[],"_links":{"self":[{"href":"https:\/\/www.taraspringett.com\/de\/wp-json\/wp\/v2\/pages\/41","targetHints":{"allow":["GET"]}}],"collection":[{"href":"https:\/\/www.taraspringett.com\/de\/wp-json\/wp\/v2\/pages"}],"about":[{"href":"https:\/\/www.taraspringett.com\/de\/wp-json\/wp\/v2\/types\/page"}],"author":[{"embeddable":true,"href":"https:\/\/www.taraspringett.com\/de\/wp-json\/wp\/v2\/users\/1"}],"replies":[{"embeddable":true,"href":"https:\/\/www.taraspringett.com\/de\/wp-json\/wp\/v2\/comments?post=41"}],"version-history":[{"count":0,"href":"https:\/\/www.taraspringett.com\/de\/wp-json\/wp\/v2\/pages\/41\/revisions"}],"wp:attachment":[{"href":"https:\/\/www.taraspringett.com\/de\/wp-json\/wp\/v2\/media?parent=41"}],"curies":[{"name":"wp","href":"https:\/\/api.w.org\/{rel}","templated":true}]}}