{"id":39,"date":"2013-09-14T16:50:32","date_gmt":"2013-09-14T16:50:32","guid":{"rendered":"http:\/\/www.taraspringett.com\/de1\/?page_id=39"},"modified":"2018-05-22T13:59:22","modified_gmt":"2018-05-22T13:59:22","slug":"kundalini","status":"publish","type":"page","link":"https:\/\/www.taraspringett.com\/de\/kundalini","title":{"rendered":"Kundalini"},"content":{"rendered":"<p>Erfahre mehr \u00fcber die Kundalini und wie man mit all den Herausforderungen, die dabei entstehen k\u00f6nnen, umgehen kann.<\/p>\n<p><a href=\"https:\/\/www.taraspringett.com\/de\/kundalini\/kundalini-heilung\">Kundalini-Heilung<\/a><\/p>\n<p>Hier findest Du Erkl\u00e4rungen, wie Tara Dir bei Deinen Energie-Problemen helfen kann. Tara hat bereits vielen Klienten erfolgreich geholfen&#8230;\u00a0\u00a0 <a title=\"Kundalini Heilung\" href=\"https:\/\/www.taraspringett.com\/de\/sitzungen\/kundalini-heilung\">weiterlesen<\/a><\/p>\n<p><a href=\"https:\/\/www.taraspringett.com\/de\/kundalini\/kundalini-symptome\">Kundalini-Symptome<\/a><\/p>\n<p>Ein Erwachen kann zahlreiche Symptome hervorrufen. Hier findest Du Erkl\u00e4rungen, woran Du diesen Prozess erkennen kannst&#8230;\u00a0 <a title=\"Kundalini Symptome\" href=\"https:\/\/www.taraspringett.com\/de\/kundalini\/kundalini-symptome\">weiterlesen<\/a><\/p>\n<p>Hilfe bei st\u00f6renden <a href=\"https:\/\/www.taraspringett.com\/de\/kundalini\/hilfe-kundalini-erwachen\">Kundalini-Erwachens-Symptomen<\/a><\/p>\n<p>Tara hat sich darauf spezialisiert, Menschen mit Energie-Problemen zu helfen. Hier erkl\u00e4rt sie ihren Ansatz&#8230;\u00a0 <a title=\"Hilfe Kundalini Erwachen\" href=\"https:\/\/www.taraspringett.com\/de\/kundalini\/hilfe-kundalini-erwachen\">weiterlesen<\/a><\/p>\n<p><a href=\"https:\/\/www.taraspringett.com\/de\/kundalini\/chakra-erklarungen\">Chakra-Erkl\u00e4rungen<\/a><\/p>\n<p>Hier geht es um die Energie-Zentren des K\u00f6rpers. Du findest Erkl\u00e4rungen, wie Du Deine Energie-Zentren heilen und damit Dein Leben positiv ver\u00e4ndern kannst&#8230;\u00a0 <a title=\"Chakra Erkl\u00e4rungen\" href=\"https:\/\/www.taraspringett.com\/de\/kundalini\/chakra-erklarungen\">weiterlesen<\/a><\/p>\n<p><a href=\"https:\/\/www.taraspringett.com\/de\/kundalini\/kundalini-erweckung\">Kundalini-Erweckung<\/a><\/p>\n<p>Erfahre mehr dar\u00fcber, was &#8216;Erwachen&#8217; bedeutet und wie es Dein Leben ver\u00e4ndern wird. Tara ist eine erfahrene Therapeutin&#8230;\u00a0 <a title=\"Kundalini Erweckung\" href=\"https:\/\/www.taraspringett.com\/de\/kundalini\/kundalini-erweckung\">weiterlesen<\/a><\/p>\n<p><a href=\"https:\/\/www.taraspringett.com\/de\/kundalini\/kundalini-syndrom\">Kundalini-Syndrom<\/a><\/p>\n<p>Tara hat vielen Klienten erfolgreich geholfen, ihre Energie-Symptome zu\u00a0\u00fcberwinden. Sie kann auch Dir helfen, diese Probleme hinter Dir zu lassen&#8230;\u00a0 <a title=\"Kundalini Syndrom\" href=\"https:\/\/www.taraspringett.com\/de\/kundalini\/kundalini-syndrom\">weiterlesen<\/a><\/p>\n<p><a title=\"Spiritueller Notfall\" href=\"https:\/\/www.taraspringett.com\/de\/kundalini\/spiritueller-notfall\">Spiritueller Notfall<\/a><\/p>\n<p>Tara erkl\u00e4rt, was Du tun kannst, wenn Du Dich in einer Krise befindest, die durch spirituelle Methoden oder Erlebnisse ausgel\u00f6st wurde&#8230;\u00a0 <a title=\"Spiritueller Notfall\" href=\"https:\/\/www.taraspringett.com\/de\/kundalini\/spiritueller-notfall\">weiterlesen<\/a><\/p>\n<p>Buch: <a href=\"https:\/\/www.taraspringett.com\/de\/kundalini\/kundalini-buch-kaufen\">Erleuchtung durch den Pfad der Kundalini<\/a>: Hier kannst Du Taras Buch \u00fcber Kundalini und Kundalini-Syndrom anschauen oder kaufen&#8230;\u00a0 <a href=\"https:\/\/www.taraspringett.com\/de\/kundalini\/kundalini-buch-kaufen\">weiterlesen<\/a><\/p>\n<p><a href=\"https:\/\/www.taraspringett.com\/de\/kundalini\/kundalini-kopfdruck\">Kundalini Kopfdruck<\/a><\/p>\n<p>Hier kannst du Informationen finden, wie du Kopfdruck loswirst&#8230;. <a href=\"https:\/\/www.taraspringett.com\/de\/kundalini\/kundalini-kopfdruck\">weiterlesen<\/a><\/p>\n<p><a href=\"https:\/\/www.taraspringett.com\/de\/kundalini\/kundalini-psychose\">Kundalini-Psychose<\/a><\/p>\n<p>Was unterscheidet eine Kundalini-Psychose von normaler Geisteskrankheit&#8230;.<a href=\"https:\/\/www.taraspringett.com\/de\/kundalini\/kundalini-psychose\">weiterlesen<\/a><\/p>\n<p><a href=\"https:\/\/www.taraspringett.com\/de\/kundalini\/kundalinibuch-einleitung\">Einleitung zum Kundalini-Buch<\/a>: Hier kannst Du die Einleitung zu Taras Kundalini-Buch lesen&#8230;\u00a0 <a href=\"https:\/\/www.taraspringett.com\/de\/kundalini\/kundalinibuch-einleitung\">weiterlesen<\/a><\/p>\n<p><img loading=\"lazy\" decoding=\"async\" src=\"http:\/\/www.taraspringett.com\/wp-content\/uploads\/2011\/02\/Download-1-150x150.jpg\" alt=\"\" width=\"32\" height=\"32\" \/><a href=\"http:\/\/www.taraspringett.com\/kundalini\">English<\/a><\/p>\n","protected":false},"excerpt":{"rendered":"<p>Erfahre mehr \u00fcber die Kundalini und wie man mit all den Herausforderungen, die dabei entstehen k\u00f6nnen, umgehen kann. Kundalini-Heilung Hier findest Du Erkl\u00e4rungen, wie Tara Dir bei Deinen Energie-Problemen helfen kann. Tara hat bereits vielen Klienten erfolgreich geholfen&#8230;\u00a0\u00a0 weiterlesen Kundalini-Symptome Ein Erwachen kann zahlreiche Symptome hervorrufen. Hier findest Du Erkl\u00e4rungen, woran Du diesen Prozess erkennen &#8230; <a title=\"Kundalini\" class=\"read-more\" href=\"https:\/\/www.taraspringett.com\/de\/kundalini\" aria-label=\"Read more about Kundalini\">Read more<\/a><\/p>\n","protected":false},"author":1,"featured_media":0,"parent":0,"menu_order":2,"comment_status":"closed","ping_status":"closed","template":"sidebar-page.php","meta":{"footnotes":""},"class_list":["post-39","page","type-page","status-publish"],"aioseo_notices":[],"_links":{"self":[{"href":"https:\/\/www.taraspringett.com\/de\/wp-json\/wp\/v2\/pages\/39","targetHints":{"allow":["GET"]}}],"collection":[{"href":"https:\/\/www.taraspringett.com\/de\/wp-json\/wp\/v2\/pages"}],"about":[{"href":"https:\/\/www.taraspringett.com\/de\/wp-json\/wp\/v2\/types\/page"}],"author":[{"embeddable":true,"href":"https:\/\/www.taraspringett.com\/de\/wp-json\/wp\/v2\/users\/1"}],"replies":[{"embeddable":true,"href":"https:\/\/www.taraspringett.com\/de\/wp-json\/wp\/v2\/comments?post=39"}],"version-history":[{"count":3,"href":"https:\/\/www.taraspringett.com\/de\/wp-json\/wp\/v2\/pages\/39\/revisions"}],"predecessor-version":[{"id":1672,"href":"https:\/\/www.taraspringett.com\/de\/wp-json\/wp\/v2\/pages\/39\/revisions\/1672"}],"wp:attachment":[{"href":"https:\/\/www.taraspringett.com\/de\/wp-json\/wp\/v2\/media?parent=39"}],"curies":[{"name":"wp","href":"https:\/\/api.w.org\/{rel}","templated":true}]}}