{"id":29,"date":"2013-09-14T16:34:29","date_gmt":"2013-09-14T16:34:29","guid":{"rendered":"http:\/\/www.taraspringett.com\/de1\/?page_id=29"},"modified":"2024-07-25T16:55:46","modified_gmt":"2024-07-25T16:55:46","slug":"heilen-von-angsten","status":"publish","type":"page","link":"https:\/\/www.taraspringett.com\/de\/heilen\/heilen-von-angsten","title":{"rendered":"Heilen von \u00c4ngsten"},"content":{"rendered":"<p><img loading=\"lazy\" decoding=\"async\" class=\"alignleft size-full wp-image-3824\" title=\"Anxiety relief\" src=\"http:\/\/www.taraspringett.com\/wp-content\/uploads\/2010\/11\/406411_colourful_daisies.jpg\" alt=\"\" width=\"271\" height=\"202\" \/><em>von Tara Springett<br \/>\n<\/em><\/p>\n<p>Im Laufe der Jahre habe ich viel Hunderte von Menschen mit Angstsymptomen, Furcht, Phobien und Panikattacken durch ma\u00dfgeschneiderte spirituelle Meditationen geholfen. Ohne Ausnahme berichten meine Klienten, dass sie sich innerhalb von 3 bis 4 Sitzungen von diesen Symptomen v\u00f6llig befreien konnten oder dass sie sich deutlich gebessert haben.<\/p>\n<div id=\"stcpDiv\">\n<p>Wie habe ich das gemacht?<\/p>\n<p>Ganz ehrlich: Ich habe nicht viel getan \u2013 meine Klienten haben die ganze Arbeit selbst<br \/>\ngemacht! Ich habe ihnen einfach gezeigt, wie man mit der Methode des &#8216;Heilens mit dem h\u00f6heren Bewusstsein&#8217; arbeitet. Diese Form von Heilung bietet eine schnelle, einfache und dauerhafte L\u00f6sung f\u00fcr alle Formen der Angst.<\/p>\n<p>Ich bin mir sicher, dass viele Leute dies nur schwer glauben k\u00f6nnen, insbesondere diejenigen, die schon viele Jahre an Panik und Phobien leiden. Aber ich messe den Fortschritt all meiner Klienten auf einer Skala von 1 bis 10 (zehn ist die st\u00e4rkste Angst) und die meisten Menschen sind bei null, eins oder zwei innerhalb weniger Tagen oder Wochen, nachdem sie mit dem\u00a0<em>Heilen mit dem h\u00f6heren Bewusstsein<\/em> begonnen haben.<\/p>\n<p>Der erste Schritt beim <em>Heilen mit dem h\u00f6heren Bewusstsein<\/em> ist Kontakt mit dem Teil unseres Geistes aufzunehmen, der bereits die Antworten auf all unsere Probleme besitzt. Ich nenne diesen Teil unseres Geistes das &#8216;h\u00f6here Bewusstsein&#8217;. Das Problem besteht darin, dass wir selten in vollem Kontakt mit unserem h\u00f6heren Bewusstsein stehen, ausser in Momenten von gr\u00f6\u00dftem Gl\u00fcck und intensivster Liebe. Also m\u00fcssen wir einen Weg finden, zu unserem h\u00f6heren Bewusstsein auch dann einen Zugang zu finden, wenn wir nicht so gl\u00fccklich sind. Dieser Kontakt wird mit Hilfe von sch\u00f6nen, heilenden Symbolen hergestellt.<\/p>\n<p>Die Visualisierung und das Gef\u00fchl von diesen heilenden Symbolen in unserem Herzen ist der erste Schritt beim <em>Heilen mit dem h\u00f6heren Bewusstsein<\/em> und es hat einen sofortigen beruhigenden Einfluss auf eine Person, die an \u00c4ngsten leidet.<\/p>\n<\/div>\n<p>Im n\u00e4chsten Schritt schwingen wir uns in die liebevolle Schwingung unseres h\u00f6heren Bewusstseins ein und senden diese Liebe an uns selbst. Ver\u00e4nderung kann nur <img loading=\"lazy\" decoding=\"async\" class=\"alignright size-full wp-image-4682\" title=\"getting free of anxiety\" src=\"http:\/\/www.taraspringett.com\/wp-content\/uploads\/2010\/11\/325211_got_her.jpg\" alt=\"\" width=\"201\" height=\"300\" \/>auf der Grundlage von Akzeptanz und Liebe erreicht werden und im Licht dieser bedingungslosen Liebe werden unsere \u00c4ngste noch weiter reduziert werden.<\/p>\n<p>Wir m\u00fcssen zudem lernen, unsere Atmung zu verlangsamen. Das hat eine stark beruhigende Wirkung auf unsere \u00e4ngstlichen Gef\u00fchle und wirkt in der Regel innerhalb von wenigen Minuten.<\/p>\n<p>Der letzte Schritt besteht darin wahrzunehmen, wo in unserem K\u00f6rper wir die Angst sp\u00fcren; zum Beispiel in unserer Brust, im Hals oder im Solar-Plexus und dann entspannen wir diesen\u00a0Teil unseres K\u00f6rpers in Kombination mit der Anti-Angst-Atemtechnik.<\/p>\n<p>Das ist alles!<\/p>\n<div id=\"stcpDiv\">\n<p>Wenn Du auf diese Weise jeden Tag ungef\u00e4hr\u00a05 bis 20 Minuten praktizierst, dann wirst Du die Atmung in Deinem Gehirn neu einstellen und Du wirst neue Nervenbahnen in Deinem Gehirn bilden, die Dir helfen werden, Ruhe zu bewahren in zuvor be\u00e4ngstigenden Situationen. Im Laufe der Zeit musst Du immer weniger \u00fcben und dann wird Deine chronische und pathologische Angst f\u00fcr immer verschwunden sein! All dies wurde durch das Feedback best\u00e4tigt, das ich von meinen Klienten erhalten habe.<\/p>\n<p>&nbsp;<\/p>\n<h2><strong>Hier findest Du weitere Artikel \u00fcber Selbsthilfe:<\/strong><\/h2>\n<p><a href=\"https:\/\/www.taraspringett.com\/de\/heilen\/heilen-mit-dem-hoheren-bewusstsein\">Heilen mit dem h\u00f6heren Bewusstsein<\/a><\/p>\n<p>Buch: <a href=\"https:\/\/www.taraspringett.com\/de\/heilen\/buch-kaufen-die-genuss-methode\">Die Genuss-Methode<\/a> &#8211; Der buddhistische Weg\u00a0zu genussvoller Ern\u00e4hrung und idealem Gewicht<\/p>\n<p><em>Wenn Dir meine Webseite gef\u00e4llt, dann dr\u00fccke bitte einen der &#8216;Like Buttons&#8217;, damit auch andere davon profitieren k\u00f6nnen. Danke!<\/em><\/p>\n<\/div>\n<p><img loading=\"lazy\" decoding=\"async\" src=\"http:\/\/www.taraspringett.com\/wp-content\/uploads\/2011\/02\/Download-1-150x150.jpg\" alt=\"\" width=\"32\" height=\"32\" \/><a href=\"http:\/\/www.taraspringett.com\/healing\/natural-anxiety-relief\">English<\/a><\/p>\n","protected":false},"excerpt":{"rendered":"<p>von Tara Springett Im Laufe der Jahre habe ich viel Hunderte von Menschen mit Angstsymptomen, Furcht, Phobien und Panikattacken durch ma\u00dfgeschneiderte spirituelle Meditationen geholfen. Ohne Ausnahme berichten meine Klienten, dass sie sich innerhalb von 3 bis 4 Sitzungen von diesen Symptomen v\u00f6llig befreien konnten oder dass sie sich deutlich gebessert haben. Wie habe ich das &#8230; <a title=\"Heilen von \u00c4ngsten\" class=\"read-more\" href=\"https:\/\/www.taraspringett.com\/de\/heilen\/heilen-von-angsten\" aria-label=\"Read more about Heilen von \u00c4ngsten\">Read more<\/a><\/p>\n","protected":false},"author":1,"featured_media":0,"parent":20,"menu_order":0,"comment_status":"closed","ping_status":"closed","template":"","meta":{"footnotes":""},"class_list":["post-29","page","type-page","status-publish"],"aioseo_notices":[],"_links":{"self":[{"href":"https:\/\/www.taraspringett.com\/de\/wp-json\/wp\/v2\/pages\/29","targetHints":{"allow":["GET"]}}],"collection":[{"href":"https:\/\/www.taraspringett.com\/de\/wp-json\/wp\/v2\/pages"}],"about":[{"href":"https:\/\/www.taraspringett.com\/de\/wp-json\/wp\/v2\/types\/page"}],"author":[{"embeddable":true,"href":"https:\/\/www.taraspringett.com\/de\/wp-json\/wp\/v2\/users\/1"}],"replies":[{"embeddable":true,"href":"https:\/\/www.taraspringett.com\/de\/wp-json\/wp\/v2\/comments?post=29"}],"version-history":[{"count":3,"href":"https:\/\/www.taraspringett.com\/de\/wp-json\/wp\/v2\/pages\/29\/revisions"}],"predecessor-version":[{"id":2091,"href":"https:\/\/www.taraspringett.com\/de\/wp-json\/wp\/v2\/pages\/29\/revisions\/2091"}],"up":[{"embeddable":true,"href":"https:\/\/www.taraspringett.com\/de\/wp-json\/wp\/v2\/pages\/20"}],"wp:attachment":[{"href":"https:\/\/www.taraspringett.com\/de\/wp-json\/wp\/v2\/media?parent=29"}],"curies":[{"name":"wp","href":"https:\/\/api.w.org\/{rel}","templated":true}]}}