{"id":26,"date":"2013-09-14T16:26:33","date_gmt":"2013-09-14T16:26:33","guid":{"rendered":"http:\/\/www.taraspringett.com\/de1\/?page_id=26"},"modified":"2022-12-05T16:40:33","modified_gmt":"2022-12-05T16:40:33","slug":"heilen-mit-dem-hoheren-bewusstsein","status":"publish","type":"page","link":"https:\/\/www.taraspringett.com\/de\/heilen\/heilen-mit-dem-hoheren-bewusstsein","title":{"rendered":"Einleitung des Buches: Das Heilen mit dem h\u00f6heren Bewusstsein"},"content":{"rendered":"<p><!--:en--><\/p>\n<figure id=\"attachment_924\" aria-describedby=\"caption-attachment-924\" style=\"width: 175px\" class=\"wp-caption alignleft\"><a title=\"Buch kaufen: Das Heilen mit dem h\u00f6heren Bewusstsein\" href=\"https:\/\/www.taraspringett.com\/de\/heilen\/buch-kaufen-das-heilen-mit-dem-hoeheren-bewusstsein\"><img loading=\"lazy\" decoding=\"async\" class=\"size-medium wp-image-924\" src=\"https:\/\/www.taraspringett.com\/de\/wp-content\/uploads\/2013\/09\/heilen-new-10-185x300.jpg\" alt=\"Hier klicken um das Buch zu kaufen\" width=\"185\" height=\"300\" srcset=\"https:\/\/www.taraspringett.com\/de\/wp-content\/uploads\/2013\/09\/heilen-new-10-185x300.jpg 185w, https:\/\/www.taraspringett.com\/de\/wp-content\/uploads\/2013\/09\/heilen-new-10-632x1024.jpg 632w, https:\/\/www.taraspringett.com\/de\/wp-content\/uploads\/2013\/09\/heilen-new-10-900x1458.jpg 900w, https:\/\/www.taraspringett.com\/de\/wp-content\/uploads\/2013\/09\/heilen-new-10.jpg 916w\" sizes=\"auto, (max-width: 185px) 100vw, 185px\" \/><\/a><figcaption id=\"caption-attachment-924\" class=\"wp-caption-text\"><a title=\"Buch kaufen: Das Heilen mit dem h\u00f6heren Bewusstsein\" href=\"https:\/\/www.taraspringett.com\/de\/heilen\/buch-kaufen-das-heilen-mit-dem-hoeheren-bewusstsein\">Hier klicken um das Buch zu kaufen<\/a><\/figcaption><\/figure>\n<p><strong style=\"font-size: 16px;\">Wie man negative Emotionen, Beziehungsprobleme, chronische M\u00fcdigkeit und Schmerzen auf die schnellste Weise heilt<\/strong><\/p>\n<p><em style=\"font-size: 16px;\">von Tara Springett<\/em><\/p>\n<p>Im Jahr 1997 hatte ich ein Erlebnis, welches mein Leben f\u00fcr immer ver\u00e4nderte. Ich sa\u00df im Schreinraum meines buddhistischen Lehrers und versuchte, seinen Worten zuzuh\u00f6ren. Ich konnte mich jedoch nicht konzentrieren, denn innerlich k\u00e4mpfte ich mit schmerzhaften und traurigen Gef\u00fchlen, die schon seit langen Jahren meine Begleiter waren. So wie ich es schon oftmals zuvor getan hatte, betete ich um Hilfe und \u2013 siehe da \u2013 dieses Mal wurde mein Gebet beantwortet. Pl\u00f6tzlich hatte ich die spirituelle Methode, wie sie in diesem Buch beschrieben wird, ganz genau vor Augen. Die Vorstellung war so klar und detailliert, dass ich annahm, irgendwo davon gelesen zu haben und mich nun daran zu erinnern. Aber als ich Zuhause in meinen B\u00fcchern nachsah, konnte ich sie nirgendwo finden. In den darauffolgenden Wochen und Monaten nutzte ich diese Methode erfolgreich, um meine Traurigkeit und weitere kleinere Probleme zu l\u00f6sen.<\/p>\n<p>Dann stellte ich diese Methode meinen Freunden und meiner Familie vor und sp\u00e4ter auch meinen Klienten. Ich \u00fcberwachte deren individuelle Prozesse sehr sorgsam und bat sie, ihre Erfolge auf einer Skala zu messen. Die Ergebnisse waren geradezu \u00fcberw\u00e4ltigend. Ich habe nun schon mit tausenden von F\u00e4llen gearbeitet und nahezu jede einzelne Person, die diese Methode nutzte, erreichte innerhalb von Tagen oder einigen Wochen bemerkenswerte Erfolge mit ihren Problemen. Dar\u00fcber hinaus erz\u00e4hlten mir viele Menschen, dass sie wunderbare Ergebnisse erreichten; einfach nur mit Hilfe dieses Buches. Und was noch wichtiger war, diese Besserungen waren stabil und hielten an. Es scheint, als habe <i>das Heilen mit dem h\u00f6heren Bewusstsein<\/i> die Kraft, pers\u00f6nliche Probleme zu l\u00f6sen und zwar ohne lange Analysen und ohne vergangene Traumata neu zu durchleben.<\/p>\n<p>Wenn ich zur\u00fcckblicke, scheint es, als ob vieles in meinem Leben mich regelrecht zu dieser Erfahrung hingef\u00fchrt hat und mich sozusagen darauf vorbereitet hat, diese Methode zu \u201eerhalten\u201c, sie zu verfeinern und sie dann auch anderen Menschen zug\u00e4nglich zu machen. Dreizehn Jahre zuvor war ich zum tibetischen Buddhismus gekommen, wie ein verirrtes Kind in die Arme seiner Mutter l\u00e4uft. Seit ich das buddhistische Zentrum zum ersten Mal besucht hatte, meditierte ich jeden Tag mindestens eine Stunde. Ich habe auch nahezu all meine Urlaube in intensiven Kursen mit meinen buddhistischen Lehrern und in Meditations-Retreats verbracht. \u00dcber die Jahre hinweg entwickelte sich in mir eine tiefe Motivation: Ich wollte in mir genug Gl\u00fcck, Einsicht und Liebe entwickeln, um anderen Menschen wirklich helfen zu k\u00f6nnen.<\/p>\n<p>Einige Jahre, nachdem ich angefangen hatte zu meditieren, begann ich als Beraterin und Psychotherapeutin zu arbeiten und begann somit mein Ziel, anderen Menschen zu helfen, in die Tat umzusetzen. Ich hatte mehrere Langzeit-Ausbildungen in Psychotherapie absolviert und Qualifikationen erworben und hatte das Gef\u00fchl, dass sich meine F\u00e4higkeiten zu helfen wesentlich erweitert hatten. Jedoch w\u00fcnschte ich mir nach einigen Jahren, in meiner psychotherapeutischen Arbeit einen besseren Weg zu finden, um meinen Klienten noch effektiver zu helfen, als mit den Methoden, die ich zu jener Zeit nutzte. Idealerweise w\u00e4re diese Methode sehr einfach, sodass sie jeder als eine Art Selbsthilfewerkzeug nutzen k\u00f6nnte. Sie w\u00fcrde auch sehr verl\u00e4ssliche Ergebnisse bringen, wann immer sie angewendet wird. Dar\u00fcber hinaus wollte ich eine Methode, die den Menschen die ewige Wahrheit aufzeigen w\u00fcrde, dass wahres Gl\u00fcck nur durch das Erwachen eines liebevollen Herzens entstehen kann.<\/p>\n<p>Als ich <i>das Heilen mit dem h\u00f6heren Bewusstsein<\/i> entdeckte, hatte ich zuerst keine Ahnung, dass es\u00a0 genau dieser idealen Methode entsprach, nach der ich gesucht hatte. Erst nachdem eine Person nach der anderen wirklich positive und anhaltende Ergebnisse erreicht hatte, war ich langsam davon \u00fcberzeugt, dass mir ein echtes Juwel geschenkt worden war.<\/p>\n<p>Der Kern dieser Methode besteht darin, Kontakt mit unserem h\u00f6heren Bewusstsein aufzunehmen. Dieses h\u00f6here Bewusstsein ist der Teil unseres Geistes, der viel weiser und liebevoller ist, als unser allt\u00e4gliches Bewusstsein. Wenn wir einem spirituellen Pfad oder einer Religion folgen, dann k\u00f6nnen wir uns unser h\u00f6heres Bewusstsein als die zentrale Figur unserer Tradition vorstellen. Aber man braucht nicht religi\u00f6s oder spirituell zu sein, um mit <i>dem Heilen mit dem h\u00f6heren Bewusstsein<\/i> gute Ergebnisse zu erzielen. Das Wesen unseres h\u00f6heren Bewusstseins ist reine Liebe \u2013 eine Form der Liebe, die f\u00fcr jedermann verf\u00fcgbar ist, egal, ob man spirituell ist oder nicht.<\/p>\n<p>Die Methode, die in diesem Buch vorgestellt wird, wird uns helfen, mit unserem h\u00f6heren Bewusstsein in Kontakt zu treten, dessen Liebe und Weisheit f\u00fcr uns zug\u00e4nglich zu machen und damit unsere Probleme zu l\u00f6sen. Wir werden diese Hilfe in Form von \u00a0Symbolen erhalten. Diese Symbole haben gro\u00dfe Kraft, auch wenn wir sie uns t\u00e4glich nur f\u00fcr wenige Minuten vorstellen. Sie k\u00f6nnen weit in unser Unterbewusstsein hineinreichen und die Dinge dort wieder in Ordnung bringen. Wir m\u00fcssen dabei noch nicht einmal alle Ursachen unseres Problems genau kennen, denn <i>das Heilen mit dem h\u00f6heren Bewusstsein<\/i> konzentriert sich nur auf dessen L\u00f6sung.<\/p>\n<p><i>Das Heilen mit dem h\u00f6heren Bewusstsein<\/i> ist v\u00f6llig ungef\u00e4hrlich, denn ich habe noch kein einziges Mal irgendwelche negativen Nebenwirkungen bei den tausenden von Klienten beobachtet, mit denen ich in den letzten 18 Jahren gearbeitet habe. In der Regel k\u00f6nnen wir mit dieser Methode innerhalb von Tagen oder Wochen betr\u00e4chtliche Fortschritte bei der L\u00f6sung unserer Probleme erreichen. Das erscheint nun vielleicht als \u00fcbertriebene Behauptung, aber sie ist wirklich wahr. Ellens Ergebnisse sind ein gutes Beispiel daf\u00fcr, wie erstaunlich die Kraft der Ver\u00e4nderung durch <i>das Heilen mit dem h\u00f6heren Bewusstsein<\/i> sein kann.<\/p>\n<p><b><i>\u00a0<\/i><\/b><b><i>Ellen<\/i><\/b><\/p>\n<p><i>Ellen litt nahezu ihr ganzes Leben an Depressionen, sozialer Phobie und einem geringen Selbstwertgef\u00fchl. Sie hatte mehrere Psychotherapien absolviert und f\u00fcnfzehn Jahre lang Selbsthilfegruppen besucht. Als wir uns trafen, war ihre Depression etwas besser, aber sie litt immer noch schrecklich an \u00c4ngsten im sozialen Kontakt und einem geringen Selbstwertgef\u00fchl. <\/i><\/p>\n<p><i>Ich bat Ellen, ihr Leiden auf einer Skala von null bis zehn zu messen, wobei null f\u00fcr \u00fcberhaupt kein Leid und zehn f\u00fcr v\u00f6llige Verzweiflung steht. Ellen bewertete ihr Leid mit einer Sieben, was bedeutete, dass sie jeden Tag in vielen verschiedenen Situationen gro\u00dfe und schmerzliche Angst versp\u00fcrte. <\/i><\/p>\n<p><i>Ellen war damit einverstanden, das Heilen mit dem h\u00f6heren Bewusstsein auszu-probieren und ich begleitete sie in die Entspannung. Sie entschied sich daf\u00fcr, ihr h\u00f6heres Bewusstsein als ein wundersch\u00f6nes, helles Licht zu sehen und sie erhielt ein lilafarbenes Juwel als Heilsymbol. Dann zeigte ich ihr, wie sie sich ihr Symbol in der Mitte ihres Herzens vorstellen sollte. Sie sollte sich auch vorstellen, wie die liebevolle Energie ihres Symbols erst in sie selbst hineinstr\u00f6mt und dann auch zu den Menschen, vor denen sie sich f\u00fcrchtete. <\/i><\/p>\n<p><i>Aber Ellen war nicht sehr optimistisch. \u201eIch erwarte keine umgehenden Erfolge\u201c, sagte sie in ernstem Ton und ich antwortete: \u201eIn Ordnung, probiere es einfach aus.\u201c<\/i><\/p>\n<p><i>Zwei Wochen sp\u00e4ter telefonierte ich mit Ellen. <\/i><\/p>\n<p><i>\u201eMeine Furcht hat sich gebessert und sie ist auf der Skala von sieben auf eins zur\u00fcckgegangen\u201c, berichtete sie, aber sie war immer noch nicht \u00fcberzeugt. \u201eIch f\u00fchle mich definitiv besser, aber ich kann nicht glauben, dass das nur an dem Symbol liegt. Ich glaube, ich f\u00fchle mich vielleicht einfach nur besser, weil ich Urlaub habe.\u201c<\/i><\/p>\n<p><i>\u201eProbiere es einfach noch f\u00fcr zwei weitere Wochen aus\u201c, sagte ich innerlich l\u00e4chelnd, denn genauso wie sie hatte auch ich schon \u00f6fters reagiert. Manchmal sind die Ergebnisse des Heilens mit dem h\u00f6heren Bewusstsein einfach zu gut, um wahr zu sein.<\/i><\/p>\n<p><i>Zwei Wochen sp\u00e4ter kam Ellen in mein B\u00fcro und teilte mir mit: \u201eTara, ich bin jetzt bei einer Null auf der Leidensskala und auf einer Null war ich in meinem ganzen Leben noch nicht. Der Urlaub ist vorbei und ich hatte sogar eine schreckliche Auseinandersetzung mit dem Arzt meiner Tochter. Normalerweise w\u00e4re ich am Boden zerst\u00f6rt gewesen, aber mir geht es immer noch gut!\u201c<\/i><\/p>\n<p><i>Ellen ging es auch weiterhin gut und ihr Heilungserfolg blieb stabil. Manchmal versuchen ihre alten \u00c4ngste wieder an die Oberfl\u00e4che zu kommen, aber wenn sie sich ihr Heilsymbol vorstellt, kann sie sehr schnell zu ihrem positiven Geisteszustand zur\u00fcckkehren. <\/i><\/p>\n<p><i><\/i><i>Das Heilen mit dem h\u00f6heren Bewusstsein<\/i> basiert auf den Prinzipien des tibetischen Buddhismus. Mein Lehrer Garchen Rinpoche, der einer der Linienhalter der tibetisch-buddhistischen Drikung Kagyu Schule ist, hat mir seine volle Zustimmung und Unter-st\u00fctzung f\u00fcr diese Technik gegeben, auch wenn sie an sich neu und einzigartig ist. Sie kann von jedem genutzt werden, der sich von ihr angezogen f\u00fchlt. Man muss weder Buddhist werden, um sie anzuwenden, noch wird sie andere spirituelle \u00dcberzeugungen und Weltanschauungen in irgendeiner Weise beeintr\u00e4chtigen. Es ist eine einfache und kurze Methode, die innerhalb von Minuten erlernt und praktiziert werden kann. Hier ist eine erste kurze Zusammenfassung:<\/p>\n<p><b>Als Erstes<\/b> definiert man das Problem in der folgenden Weise: \u201eIch leide unter dem Gef\u00fchl (Angst\/ \u00c4rger\/Depression\u2026) wegen\/\u00fcber (Problem).\u201c\u00a0 Dann misst man die St\u00e4rke der Emotion auf einer Skala zwischen null und zehn (null ist kein Leiden und zehn ist das h\u00f6chste Leiden).\u00a0 Nach zwei Wochen Arbeit mit der Heilmethode sollte man die Emotion nochmals auf der Skala bewerten.<\/p>\n<p><b>Wir k\u00f6nnen<\/b> uns unser h\u00f6heres Bewusstsein auf jede Art vorstellen, die uns gef\u00e4llt \u2013 beispielsweise als eine religi\u00f6se Figur, als ein Engelwesen oder einfach als schimmerndes und liebevolles Licht.<\/p>\n<p><b>Nun bitten<\/b> wir unser h\u00f6heres Bewusstsein um ein Symbol, um unser Problem zu \u00fcberwinden. Mit der Technik, wie sie in diesem Buch beschrieben wird, wird dann in unserem Geiste einfach ein sch\u00f6nes, farbiges Symbol erscheinen.<\/p>\n<p><b>Wir stellen<\/b> uns dieses Symbol dann in unserem Herzen vor und sp\u00fcren, wie das farbige Licht unseres Symbols in uns selbst ausstrahlt, bis wir v\u00f6llig davon erf\u00fcllt sind und uns dann mit einer festbegrenzten Blase aus liebevollem, freudigem Licht umh\u00fcllt.<\/p>\n<p><b>Das Licht<\/b> des Heilsymbols strahlt auch auf jeden aus, der mit unserem Problem zu tun hat. Auch diese Menschen werden in eine festbegrenzte Blase aus liebevollem, freudigem Licht geh\u00fcllt. Die beiden Blasen ber\u00fchren sich dabei vielleicht, aber verschmelzen nicht miteinander.<\/p>\n<p><b>Im n\u00e4chsten Schritt <\/b>schauen wir, wo in unserem K\u00f6rper sich unsere negativen Gef\u00fchle manifestieren und entspannen sie ganz bewusst mit der Technik, die in diesem Buch beschrieben wird.<\/p>\n<p><b>Auf diese Art<\/b> \u00fcben wir zweimal t\u00e4glich f\u00fcr zwei Minuten und auch immer dann, wenn unsere negativen Gef\u00fchle im t\u00e4glichen Leben auftreten.<\/p>\n<p>Auch wenn <i>das Heilen mit dem h\u00f6heren Bewusstsein<\/i> eine sehr einfache Methode ist, bringt sie regelm\u00e4\u00dfig Linderung sogar f\u00fcr die schwerwiegendsten Probleme. Ich habe mit Klienten gearbeitet, die als Kinder missbraucht wurden, genauso wie mit Klienten, die als Erwachsene vergewaltigt wurden oder andere Formen von schrecklicher Gewalt erfuhren. Ich habe mit Menschen gearbeitet, die ihr ganzes Leben lang unter Panikattacken, S\u00fcchten, Depressionen, gewaltt\u00e4tiger Wut, chronischen Schmerzen oder l\u00e4hmenden Erm\u00fcdungserscheinungen litten. Ebenso habe ich mit vielen Paaren gearbeitet, die sich am Rande der Scheidung befanden und mit verzweifelten Eltern von Kindern, die unter vielerlei Problemen litten. Zu meiner Freude erreichten sie alle innerhalb von Tagen, Wochen oder wenigen Monaten dramatische und stabile Erfolge durch <i>das Heilen mit dem h\u00f6heren Bewusstsein<\/i>. Das war auch der Fall bei Menschen, die dieser Methode skeptisch gegen\u00fcber standen und keine guten Ergebnisse erwarteten.<\/p>\n<div id=\"stcpDiv\">\n<figure id=\"attachment_924\" aria-describedby=\"caption-attachment-924\" style=\"width: 175px\" class=\"wp-caption alignleft\"><a title=\"Buch kaufen: Das Heilen mit dem h\u00f6heren Bewusstsein\" href=\"https:\/\/www.taraspringett.com\/de\/heilen\/buch-kaufen-das-heilen-mit-dem-hoeheren-bewusstsein\"><img loading=\"lazy\" decoding=\"async\" class=\"size-medium wp-image-924\" src=\"https:\/\/www.taraspringett.com\/de\/wp-content\/uploads\/2013\/09\/heilen-new-10-185x300.jpg\" alt=\"Hier klicken um das Buch zu kaufen\" width=\"185\" height=\"300\" srcset=\"https:\/\/www.taraspringett.com\/de\/wp-content\/uploads\/2013\/09\/heilen-new-10-185x300.jpg 185w, https:\/\/www.taraspringett.com\/de\/wp-content\/uploads\/2013\/09\/heilen-new-10-632x1024.jpg 632w, https:\/\/www.taraspringett.com\/de\/wp-content\/uploads\/2013\/09\/heilen-new-10-900x1458.jpg 900w, https:\/\/www.taraspringett.com\/de\/wp-content\/uploads\/2013\/09\/heilen-new-10.jpg 916w\" sizes=\"auto, (max-width: 185px) 100vw, 185px\" \/><\/a><figcaption id=\"caption-attachment-924\" class=\"wp-caption-text\"><a title=\"Buch kaufen: Das Heilen mit dem h\u00f6heren Bewusstsein\" href=\"https:\/\/www.taraspringett.com\/de\/heilen\/buch-kaufen-das-heilen-mit-dem-hoeheren-bewusstsein\">Hier klicken um das Buch zu kaufen<\/a><\/figcaption><\/figure>\n<p><em>Tara bietet Therapie und Coaching-Sitzungen mit der Methode des Heilens mit dem h\u00f6heren Bewusstsein an. Sie kann auch Dir helfen, Deine Probleme innerhalb relativ kurzer Zeit zu \u00fcberwinden.<\/em><\/p>\n<h2><strong>Hier kannst Du eine pers\u00f6nliche Sitzung mit Tara vereinbaren:<\/strong><\/h2>\n<p><a title=\"Sitzungen\" href=\"https:\/\/www.taraspringett.com\/de\/sitzungen\/beratung-therapie-coaching\">Spirituelle Therapie<\/a><\/p>\n<p><a title=\"Kundalini Heilung\" href=\"https:\/\/www.taraspringett.com\/de\/sitzungen\/kundalini-heilung\">Kundalini-Heilung<\/a><\/p>\n<h2><strong>Weitere Artikel \u00fcber Selbsthilfe:<\/strong><\/h2>\n<p><a href=\"https:\/\/www.taraspringett.com\/de\/heilen\/heilung-depression-ohne-medikamente\">Heilung von Depressionen<\/a><\/p>\n<p><a href=\"https:\/\/www.taraspringett.com\/de\/heilen\/heilen-von-angsten\">\u00c4ngste nat\u00fcrlich heilen<\/a><\/p>\n<h2><strong>Weitere B\u00fccher:<\/strong><\/h2>\n<p><a title=\"Buch kaufen: Spirituelle Freude\" href=\"https:\/\/www.taraspringett.com\/de\/buch-kaufen-spirituelle-freude\">Spirituelle Freude<\/a><\/p>\n<p><a title=\"Buch kaufen: So macht man Tr\u00e4ume wahr\" href=\"https:\/\/www.taraspringett.com\/de\/manifestieren\/so-macht-man-traeume-wahr-kaufen\">So macht man Tr\u00e4ume wahr<\/a><\/p>\n<p><em>Wenn Dir meine Webseite gef\u00e4llt, dann dr\u00fccke bitte einen der &#8216;Like Buttons&#8217;, damit auch andere davon profitieren k\u00f6nnen. Danke!<\/em><\/p>\n<\/div>\n<p><!--:--><br \/>\n<img loading=\"lazy\" decoding=\"async\" src=\"http:\/\/www.taraspringett.com\/wp-content\/uploads\/2011\/02\/Download-1-150x150.jpg\" alt=\"\" width=\"32\" height=\"32\" \/><a href=\"http:\/\/www.taraspringett.com\/healing\/higher-consciousness-healing\">English<\/a><\/p>\n","protected":false},"excerpt":{"rendered":"<p>Wie man negative Emotionen, Beziehungsprobleme, chronische M\u00fcdigkeit und Schmerzen auf die schnellste Weise heilt von Tara Springett Im Jahr 1997 hatte ich ein Erlebnis, welches mein Leben f\u00fcr immer ver\u00e4nderte. Ich sa\u00df im Schreinraum meines buddhistischen Lehrers und versuchte, seinen Worten zuzuh\u00f6ren. Ich konnte mich jedoch nicht konzentrieren, denn innerlich k\u00e4mpfte ich mit schmerzhaften und &#8230; <a title=\"Einleitung des Buches: Das Heilen mit dem h\u00f6heren Bewusstsein\" class=\"read-more\" href=\"https:\/\/www.taraspringett.com\/de\/heilen\/heilen-mit-dem-hoheren-bewusstsein\" aria-label=\"Read more about Einleitung des Buches: Das Heilen mit dem h\u00f6heren Bewusstsein\">Read more<\/a><\/p>\n","protected":false},"author":1,"featured_media":0,"parent":20,"menu_order":0,"comment_status":"closed","ping_status":"closed","template":"","meta":{"footnotes":""},"class_list":["post-26","page","type-page","status-publish"],"aioseo_notices":[],"_links":{"self":[{"href":"https:\/\/www.taraspringett.com\/de\/wp-json\/wp\/v2\/pages\/26","targetHints":{"allow":["GET"]}}],"collection":[{"href":"https:\/\/www.taraspringett.com\/de\/wp-json\/wp\/v2\/pages"}],"about":[{"href":"https:\/\/www.taraspringett.com\/de\/wp-json\/wp\/v2\/types\/page"}],"author":[{"embeddable":true,"href":"https:\/\/www.taraspringett.com\/de\/wp-json\/wp\/v2\/users\/1"}],"replies":[{"embeddable":true,"href":"https:\/\/www.taraspringett.com\/de\/wp-json\/wp\/v2\/comments?post=26"}],"version-history":[{"count":1,"href":"https:\/\/www.taraspringett.com\/de\/wp-json\/wp\/v2\/pages\/26\/revisions"}],"predecessor-version":[{"id":1987,"href":"https:\/\/www.taraspringett.com\/de\/wp-json\/wp\/v2\/pages\/26\/revisions\/1987"}],"up":[{"embeddable":true,"href":"https:\/\/www.taraspringett.com\/de\/wp-json\/wp\/v2\/pages\/20"}],"wp:attachment":[{"href":"https:\/\/www.taraspringett.com\/de\/wp-json\/wp\/v2\/media?parent=26"}],"curies":[{"name":"wp","href":"https:\/\/api.w.org\/{rel}","templated":true}]}}