{"id":2088,"date":"2024-07-23T15:32:33","date_gmt":"2024-07-23T15:32:33","guid":{"rendered":"https:\/\/www.taraspringett.com\/de\/?page_id=2088"},"modified":"2024-07-23T15:32:33","modified_gmt":"2024-07-23T15:32:33","slug":"qigong","status":"publish","type":"page","link":"https:\/\/www.taraspringett.com\/de\/qigong","title":{"rendered":"Qigong"},"content":{"rendered":"<p><a href=\"https:\/\/kundalinisymptoms.com\/five-element-qigong\/\"><img loading=\"lazy\" decoding=\"async\" class=\"alignleft size-medium wp-image-7288\" src=\"https:\/\/www.taraspringett.com\/wp-content\/uploads\/2024\/07\/qigong-picture-300x170.jpg\" alt=\"\" width=\"300\" height=\"170\" \/><\/a><\/p>\n<p>Immer mehr Klienten kommen zu mir mit der Bitte ihnen zu helfen mysteri\u00f6se Krankheiten zu heilen, wie z.B. chronische M\u00fcdigkeit, Verdauungsprobleme, Migr\u00e4ne, chronische Schmerzen und post-virale Ersch\u00f6pfung.<\/p>\n<p>Ich habe mit vielen Dutzenden Klienten an diesen Problemen gearbeitet und sie alle f\u00fchlen sich sehr viel besser oder sind sogar komplett geheilt. Ich hoffe deshalb, dass ich auch dir helfen kann. Ich habe f\u00fcr dich eine Qigong-Praxis zusammengestellt, welche du <a href=\"https:\/\/kundalinisymptoms.com\/five-element-qigong\/\">hier\u00a0<\/a>anschauen oder kaufen kannst (im Moment leider nur auf englisch).<\/p>\n<p>Du wirst nicht nur eine sch\u00f6ne und effektive Qigong-Praxis bekommen, sondern auch ein B\u00fcchlein mit tiefgreifenden Erkl\u00e4rungen dar\u00fcber, wie und warum Qigong heilt, die ansonsten sehr schwer zu finden sind.<\/p>\n","protected":false},"excerpt":{"rendered":"<p>Immer mehr Klienten kommen zu mir mit der Bitte ihnen zu helfen mysteri\u00f6se Krankheiten zu heilen, wie z.B. chronische M\u00fcdigkeit, Verdauungsprobleme, Migr\u00e4ne, chronische Schmerzen und post-virale Ersch\u00f6pfung. Ich habe mit vielen Dutzenden Klienten an diesen Problemen gearbeitet und sie alle f\u00fchlen sich sehr viel besser oder sind sogar komplett geheilt. Ich hoffe deshalb, dass ich &#8230; <a title=\"Qigong\" class=\"read-more\" href=\"https:\/\/www.taraspringett.com\/de\/qigong\" aria-label=\"Read more about Qigong\">Read more<\/a><\/p>\n","protected":false},"author":1,"featured_media":0,"parent":0,"menu_order":0,"comment_status":"closed","ping_status":"closed","template":"","meta":{"footnotes":""},"class_list":["post-2088","page","type-page","status-publish"],"aioseo_notices":[],"_links":{"self":[{"href":"https:\/\/www.taraspringett.com\/de\/wp-json\/wp\/v2\/pages\/2088","targetHints":{"allow":["GET"]}}],"collection":[{"href":"https:\/\/www.taraspringett.com\/de\/wp-json\/wp\/v2\/pages"}],"about":[{"href":"https:\/\/www.taraspringett.com\/de\/wp-json\/wp\/v2\/types\/page"}],"author":[{"embeddable":true,"href":"https:\/\/www.taraspringett.com\/de\/wp-json\/wp\/v2\/users\/1"}],"replies":[{"embeddable":true,"href":"https:\/\/www.taraspringett.com\/de\/wp-json\/wp\/v2\/comments?post=2088"}],"version-history":[{"count":1,"href":"https:\/\/www.taraspringett.com\/de\/wp-json\/wp\/v2\/pages\/2088\/revisions"}],"predecessor-version":[{"id":2089,"href":"https:\/\/www.taraspringett.com\/de\/wp-json\/wp\/v2\/pages\/2088\/revisions\/2089"}],"wp:attachment":[{"href":"https:\/\/www.taraspringett.com\/de\/wp-json\/wp\/v2\/media?parent=2088"}],"curies":[{"name":"wp","href":"https:\/\/api.w.org\/{rel}","templated":true}]}}