{"id":20,"date":"2013-09-14T16:04:37","date_gmt":"2013-09-14T16:04:37","guid":{"rendered":"http:\/\/www.taraspringett.com\/de1\/?page_id=20"},"modified":"2022-12-05T16:32:59","modified_gmt":"2022-12-05T16:32:59","slug":"heilen","status":"publish","type":"page","link":"https:\/\/www.taraspringett.com\/de\/heilen","title":{"rendered":"Heilen"},"content":{"rendered":"<h2><span style=\"color: #000000;\" data-mce-mark=\"1\">Heilung f\u00fcr die Psyche, Emotionen, Beziehungen und<br \/>\nk\u00f6rperliches Wohlbefinden<\/span><\/h2>\n<p>In dem Buch: &#8216;<a title=\"Buch kaufen: Das Heilen mit dem h\u00f6heren Bewusstsein\" href=\"https:\/\/www.taraspringett.com\/de\/heilen\/buch-kaufen-das-heilen-mit-dem-hoeheren-bewusstsein\">Das Heilen mit dem h\u00f6heren Bewusstsein<\/a>&#8216; beschreibt Tara ihre einzigartige spirituelle Heilmethode.<\/p>\n<p>Hier kannst Du die Einleitung des Buches &#8216;<a href=\"https:\/\/www.taraspringett.com\/de\/heilen\/heilen-mit-dem-hoheren-bewusstsein\">Das Heilen mit dem h\u00f6heren Bewusstsein&#8217; <\/a>lesen.<\/p>\n<p><span style=\"color: #000000;\"><a href=\"https:\/\/www.taraspringett.com\/de\/heilen\/heilung-depression-ohne-medikamente\">Heilung von Depressionen:<\/a> <\/span>Tara hat vielen Menschen geholfen, ihre Depressionen mit spirituellen Methoden zu \u00fcberwinden&#8230;\u00a0 <a title=\"Heilung von Depressionen ohne Medikamente\" href=\"https:\/\/www.taraspringett.com\/de\/heilen\/depressionen-heilen-ohne-medikamente\">weiterlesen<\/a><\/p>\n<p>Hier geht&#8217;s zum Buch: <a href=\"https:\/\/www.taraspringett.com\/de\/heilen\/buch-kaufen-die-genuss-methode\">Die Genuss-Methode<\/a>, welches die buddhistischen Prinzipien f\u00fcr genussvolle Ern\u00e4hrung und ideales Gewicht beschreibt.<\/p>\n<p>Hier kannst Du die <a href=\"https:\/\/www.taraspringett.com\/de\/einleitung-des-buches-die-genuss-methode\">Einleitung des Buches &#8216;Die Genuss-Methode&#8217;<\/a> lesen.<\/p>\n<p><span style=\"color: #000000;\"><a href=\"https:\/\/www.taraspringett.com\/de\/heilen\/heilen-von-angsten\">\u00c4ngste durch spirituelle Methoden heilen:<\/a> <\/span>Tara hat vielen Menschen geholfen, sich von ihren \u00c4ngsten mit spirituellen Methoden zu befreien. Die Methode, die Tara verwendet, wirkt einfach und schnell&#8230;\u00a0 <a title=\"Heilen von \u00c4ngsten\" href=\"https:\/\/www.taraspringett.com\/de\/heilen\/heilen-von-angsten\">weiterlesen<\/a><\/p>\n<p><img loading=\"lazy\" decoding=\"async\" src=\"http:\/\/www.taraspringett.com\/wp-content\/uploads\/2011\/02\/Download-1-150x150.jpg\" alt=\"\" width=\"32\" height=\"32\" \/><a href=\"http:\/\/www.taraspringett.com\/healing\">English<\/a><\/p>\n","protected":false},"excerpt":{"rendered":"<p>Heilung f\u00fcr die Psyche, Emotionen, Beziehungen und k\u00f6rperliches Wohlbefinden In dem Buch: &#8216;Das Heilen mit dem h\u00f6heren Bewusstsein&#8216; beschreibt Tara ihre einzigartige spirituelle Heilmethode. Hier kannst Du die Einleitung des Buches &#8216;Das Heilen mit dem h\u00f6heren Bewusstsein&#8217; lesen. Heilung von Depressionen: Tara hat vielen Menschen geholfen, ihre Depressionen mit spirituellen Methoden zu \u00fcberwinden&#8230;\u00a0 weiterlesen Hier &#8230; <a title=\"Heilen\" class=\"read-more\" href=\"https:\/\/www.taraspringett.com\/de\/heilen\" aria-label=\"Read more about Heilen\">Read more<\/a><\/p>\n","protected":false},"author":1,"featured_media":0,"parent":0,"menu_order":4,"comment_status":"closed","ping_status":"closed","template":"","meta":{"footnotes":""},"class_list":["post-20","page","type-page","status-publish"],"aioseo_notices":[],"_links":{"self":[{"href":"https:\/\/www.taraspringett.com\/de\/wp-json\/wp\/v2\/pages\/20","targetHints":{"allow":["GET"]}}],"collection":[{"href":"https:\/\/www.taraspringett.com\/de\/wp-json\/wp\/v2\/pages"}],"about":[{"href":"https:\/\/www.taraspringett.com\/de\/wp-json\/wp\/v2\/types\/page"}],"author":[{"embeddable":true,"href":"https:\/\/www.taraspringett.com\/de\/wp-json\/wp\/v2\/users\/1"}],"replies":[{"embeddable":true,"href":"https:\/\/www.taraspringett.com\/de\/wp-json\/wp\/v2\/comments?post=20"}],"version-history":[{"count":1,"href":"https:\/\/www.taraspringett.com\/de\/wp-json\/wp\/v2\/pages\/20\/revisions"}],"predecessor-version":[{"id":1983,"href":"https:\/\/www.taraspringett.com\/de\/wp-json\/wp\/v2\/pages\/20\/revisions\/1983"}],"wp:attachment":[{"href":"https:\/\/www.taraspringett.com\/de\/wp-json\/wp\/v2\/media?parent=20"}],"curies":[{"name":"wp","href":"https:\/\/api.w.org\/{rel}","templated":true}]}}