{"id":1765,"date":"2020-06-23T15:57:16","date_gmt":"2020-06-23T15:57:16","guid":{"rendered":"https:\/\/www.taraspringett.com\/de\/?page_id=1765"},"modified":"2020-07-28T10:32:31","modified_gmt":"2020-07-28T10:32:31","slug":"kundalini-symtome-heilen-buch-einleitung","status":"publish","type":"page","link":"https:\/\/www.taraspringett.com\/de\/kundalini-symtome-heilen-buch-einleitung","title":{"rendered":"Kundalini-Symtome heilen &#8211; Einleitung"},"content":{"rendered":"<header id=\"masthead\" class=\"site-header grid-container grid-parent\">\n<div class=\"inside-header\">\n<figure id=\"attachment_1760\" aria-describedby=\"caption-attachment-1760\" style=\"width: 191px\" class=\"wp-caption alignleft\"><a href=\"https:\/\/www.taraspringett.com\/de\/kundalini-symptome-heilen-buch\"><img loading=\"lazy\" decoding=\"async\" class=\"size-medium wp-image-1760\" src=\"https:\/\/www.taraspringett.com\/de\/wp-content\/uploads\/2020\/06\/kunda-symp-heilen-1-201x300.png\" alt=\"\" width=\"201\" height=\"300\" srcset=\"https:\/\/www.taraspringett.com\/de\/wp-content\/uploads\/2020\/06\/kunda-symp-heilen-1-201x300.png 201w, https:\/\/www.taraspringett.com\/de\/wp-content\/uploads\/2020\/06\/kunda-symp-heilen-1.png 321w\" sizes=\"auto, (max-width: 201px) 100vw, 201px\" \/><\/a><figcaption id=\"caption-attachment-1760\" class=\"wp-caption-text\"><a href=\"https:\/\/www.taraspringett.com\/de\/kundalini-symptome-heilen-buch\">Um das Buch zu kaufen, bitte hier klicken<\/a><\/figcaption><\/figure>\n<p style=\"text-align: left;\">In diesem Buch werde ich einfache Methoden vorstellen, die \u00fcber tausend meiner Klienten mit Kundalini-Symptomen schnell und effektiv geholfen haben. Meine Klienten haben oft an den extremsten Problemen gelitten, aber wurden in der Regel von ihren Schmerzen, \u00c4ngsten, starken Emotionen und Verwirrungen durch die in diesem Buch beschriebenen Methoden innerhalb weniger Wochen oder Monate befreit und leben jetzt ein Leben, das sie als sinnvoll und oft sehr gl\u00fccklich bezeichnen und in dem sie den Kundalini-Prozess als Geschenk erfahren.<\/p>\n<p style=\"text-align: left;\">Es ist das Versprechen dieses Buches, dass jeder Mensch, der diese Methoden ernsthaft und intensiv anwendet, mit einer deutlichen Verbesserung von Kundalini-Symptomen rechnen kann oder sogar mit ihrer v\u00f6lligen Eliminierung. Aber nicht nur das. Die Kundalini ist in ihrer Essenz eine Erweiterung des Bewusstseins des Menschen und sobald die ersten schwierigen Symptome abklingen, kann man mit h\u00f6herer Kreativit\u00e4t, st\u00e4rkeren Gl\u00fccksgef\u00fchlen, tieferer spiritueller Weisheit und in manchen F\u00e4llen sogar mit \u00fcbernat\u00fcrlichen Kr\u00e4ften wie Hellsichtigkeit oder spirituellem Heilen rechnen.<\/p>\n<p style=\"text-align: left;\">Meine eigene Kundalini wurde vor 40 Jahren im Alter von 17 Jahren erweckt und trat mit 24 Jahren sehr deutlich<img loading=\"lazy\" decoding=\"async\" class=\"alignright wp-image-1481\" src=\"https:\/\/www.taraspringett.com\/de\/wp-content\/uploads\/2013\/09\/kundalini-aktiv-300x222.jpg\" alt=\"\" width=\"228\" height=\"169\" srcset=\"https:\/\/www.taraspringett.com\/de\/wp-content\/uploads\/2013\/09\/kundalini-aktiv-300x222.jpg 300w, https:\/\/www.taraspringett.com\/de\/wp-content\/uploads\/2013\/09\/kundalini-aktiv-768x568.jpg 768w, https:\/\/www.taraspringett.com\/de\/wp-content\/uploads\/2013\/09\/kundalini-aktiv-1024x757.jpg 1024w, https:\/\/www.taraspringett.com\/de\/wp-content\/uploads\/2013\/09\/kundalini-aktiv-600x444.jpg 600w, https:\/\/www.taraspringett.com\/de\/wp-content\/uploads\/2013\/09\/kundalini-aktiv.jpg 1455w\" sizes=\"auto, (max-width: 228px) 100vw, 228px\" \/> zum Vorschein. Ich habe also mein gesamtes Erwachsenenleben mit diesem Ph\u00e4nomen zugebracht. Als ich jung war, gab es noch kein Internet und mit dem Begriff &#8220;Kundalini&#8221; wurde ich erstmals im Alter von 28 Jahren durch die B\u00fccher von Gopi Krishna konfrontiert, aus denen mein damaliger buddhistischer Lehrer vorlas. Die Erlebnisse von Gopi Krishna waren allerdings so extrem, dass ich mich nicht darin wiedererkannte.<\/p>\n<p style=\"text-align: left;\">Mir wurde erst mit 40 Jahren klar, was eigentlich in mir vorging, als mir mein buddhistischer Lehrer Garchen Rinpoche die Tummo-\u00dcbertragung gab. Tummo ist das tibetisch-buddhistische \u00c4quivalent der Kundalini-Erweckung, wie es in Lama Yeshes Buch <em>Inneres Feuer: Eine Meditations\u00fcbung aus den Sechs Yogas von Naropa<\/em> beschrieben wird. Ich hatte allerdings mit dieser \u00dcbung Schwierigkeiten und begann deshalb, alle m\u00f6glichen B\u00fccher zu diesem Thema zu lesen und erst dann wurde mir klar, dass ich mich schon fast mein ganzes Leben lang im Kundalini-Prozess befunden hatte.<\/p>\n<p style=\"text-align: left;\">Zu jenem Zeitpunkt war ich schon viele Jahre Psychotherapeutin und hatte auch von mehreren buddhistischen Lehrern die Lehrerlaubnis als buddhistische Lehrerin zu arbeiten. Ich hatte tausende von psychotherapeutischen Sitzungen abgehalten und viele Jahre lang Meditationsgruppen angeleitet. Es lag also nahe, dass ich mein Wissen auch Klienten anbieten wollte, die an Kundalini-Symptomen litten. Ich legte mir eine Webseite zu und begann ab dem Jahr 2010 mit Kundalini-Klienten aus aller Welt zu arbeiten. Anfangs hatte ich nur wenige Klienten, aber es wurden mit jedem Jahr mehr, bis ich f\u00f6rmlich von Kundalini-Klienten \u00fcberschwemmt wurde, die mehr oder weniger verzweifelt meine Hilfe suchten. Ich f\u00fchre seit Jahren eine Warteliste, was mir eigentlich gar nicht gef\u00e4llt, da ich die Menschen nicht gern warten lasse. Deshalb habe ich mich dazu entschlossen, in diesem Buch genau darzustellen, wie ich den Menschen helfe, sich schnell und effektiv von all ihren Kundalini-Symptomen zu befreien.<\/p>\n<p style=\"text-align: left;\">Dieses Buch wendet sich auch an TherapeutInnen, PsychiaterInnen und \u00c4rztInnen, die mehr \u00fcber dieses Ph\u00e4nomen wissen wollen, welches in der psychiatrischen Fachliteratur auch manchmal als \u201espirituelle Krise\u201c beschrieben wird. Um eine solche Krise zu beheben, bedarf es erstens eines gr\u00fcndlichen Verst\u00e4ndnisses, worum es sich bei Kundalini-Ph\u00e4nomenen handelt und zweitens der Anwendung des Heilens mit dem h\u00f6heren Bewusstsein.<\/p>\n<p style=\"text-align: left;\">Das Heilen mit dem h\u00f6heren Bewusstsein ist eine von mir vor 20 Jahren entwickelte transpersonale Methode, was bedeutet, dass sie Spiritualit\u00e4t mit Psychologie verbindet. Es handelt sich hierbei um effektive tibetisch-buddhistische Techniken, die ich komprimiert und zu Heilungszwecken aufbereitet habe. Dabei werden einfache Visualisierungs- und Atemtechniken verwendet, wobei es nicht wichtig ist, gut visualisieren zu k\u00f6nnen. Es reicht aus, diese Dinge zu f\u00fchlen oder einfach in irgendeiner Form \u201ewahrzunehmen\u201c wie ein Kind beim Spielen. Das Heilen mit dem h\u00f6heren Bewusstsein ist im Detail in meinem gleichnamigen Buch beschrieben, welches im Jahr 2016 auf Deutsch erschienen ist. Ich werde diese Heilungstechnik hier in diesem Buch erneut beschreiben und zwar im Hinblick darauf, wie man sie auf Kundalini-Symptome anwendet.<\/p>\n<p style=\"text-align: left;\">Im Jahr 2014 wurde mein erstes Buch \u00fcber Kundalini ver\u00f6ffentlicht, in dem es haupts\u00e4chlich darum geht, wie man die Kundalini erweckt und wie man sie dazu nutzt, Erleuchtung zu erreichen. Wer mehr \u00fcber meine pers\u00f6nliche Geschichte wissen will, kann sie dort nachlesen. Im vorliegenden Buch soll es haupts\u00e4chlich darum gehen, wie man schmerzhafte, verwirrende und be\u00e4ngstigende Kundalini-Symptome auf schnellste und effektivste Weise \u00fcberwindet.<\/p>\n<p style=\"text-align: left;\">Eine Kundalini-Erweckung ist ein h\u00f6chst mysteri\u00f6ses Ph\u00e4nomen, aber mir geht es in diesem Buch darum, bodenst\u00e4ndige, praktische Ratschl\u00e4ge zu geben, die von Menschen aller Glaubensrichtungen, als auch von SchulmedizinerInnen ohne weiteres akzeptiert und angewendet werden k\u00f6nnen. Alles, was in diesem Buch beschrieben ist, beruht auf dem Erfahrungswissen, welches ich durch die Behandlung von \u00fcber eintausend Klienten in vielen tausenden von Sitzungen gewonnen habe. Nur wenn es gar nicht anders geht, werde ich auf den spirituellen Erfahrungsschatz des tibetischen Buddhismus verweisen.<\/p>\n<p style=\"text-align: left;\">Leider liegt f\u00fcr die Behandlung von Kundalini-Krisen extrem wenig Erfahrungswissen von anderen TherapeutInnen oder spirituellen LehrerInnen vor. Sogar tibetisch-buddhistische LehrerInnen haben wenig zu den sogenannten <em>Lung-<\/em>Krankheiten (w\u00f6rtlich \u00fcbersetzt: \u201eWind-Krankheiten\u201c oder \u201eEnergie-Krankheiten, welche das tibetisch-buddhistische \u00c4quivalent zu Kundalini-Symptomen sind) zu sagen und begn\u00fcgen sich in der Regel mit dem Ratschlag, die spirituelle Praxis herunterzuschrauben, etwas Alkohol zu trinken und mehr Fleisch zu essen. Auch unter westlichen TherapeutInnen findet man leider wenig Wissen, wie man mit einer pl\u00f6tzlichen \u00d6ffnung des Unterbewussten und den vielen Symptomen, die damit einhergehen, effektiv umgehen kann. Neben allgemeinen Ratschl\u00e4gen wenden viele TherapeutInnen und HeilerInnen leider oft Methoden an, die f\u00fcr Menschen ohne Kundalini-Syndrom entwickelt wurden und aus diesem Grund oft nicht wirklich greifen oder sogar Schaden anrichten.<\/p>\n<p style=\"text-align: left;\">Aufgrund dieses Mangels an Expertise unter \u00f6stlichen und westlichen TherapeutInnen und spirituellen LehrerInnen sehe ich mich selber als eine Forscherin und sogar Pionierin auf dem Gebiet der Behandlung von spirituellen Krisen. Ich habe von jedem meiner Klienten gelernt, was funktioniert und was nicht und \u00fcber die Jahre meine Methoden verfeinert, verbessert und ausgeweitet. Das Ergebnis all dessen liegt hier nun vor und ich werde alles in vollem Umfang erkl\u00e4ren, ohne etwas zur\u00fcckzuhalten. Es ist meine Hoffnung, dass sich Betroffene mithilfe dieses Buches selbst zu helfen lernen und dass auch TherapeutInnen und PsychiaterInnen lernen, Klienten mit Kundalini-Symptomen effektiver zu helfen.<\/p>\n<p style=\"text-align: left;\">Was allen Lesern und Leserinnen jetzt schon Mut machen kann, ist die Tatsache, dass meine Klienten extrem gute Erfolge verbucht haben und wer m\u00f6chte, kann auf meiner Webseite www.taraspringett.com\/de die vielen positiven Feedbacks meiner Klienten nachlesen, die diese Erfolge best\u00e4tigen.<\/p>\n<p style=\"padding-left: 30px;\"><a href=\"https:\/\/www.taraspringett.com\/de\/kundalini-symptome-heilen-buch\"><img loading=\"lazy\" decoding=\"async\" class=\"alignleft size-medium wp-image-1760\" src=\"https:\/\/www.taraspringett.com\/de\/wp-content\/uploads\/2020\/06\/kunda-symp-heilen-1-201x300.png\" alt=\"\" width=\"201\" height=\"300\" srcset=\"https:\/\/www.taraspringett.com\/de\/wp-content\/uploads\/2020\/06\/kunda-symp-heilen-1-201x300.png 201w, https:\/\/www.taraspringett.com\/de\/wp-content\/uploads\/2020\/06\/kunda-symp-heilen-1.png 321w\" sizes=\"auto, (max-width: 201px) 100vw, 201px\" \/><\/a><a style=\"color: blue;\" href=\"https:\/\/www.taraspringett.com\/de\/kundalini-symptome-heilen-buch\"><strong>Hier klicken<\/strong><\/a><strong>\u00a0um zur Einkaufsseite zu gelangen\u00a0(25% g\u00fcnstiger als auf den Amazon-Webseiten!)<\/strong><\/p>\n<p><a href=\"https:\/\/www.taraspringett.com\/de\/wp-content\/uploads\/2013\/09\/Advanced-Manifesting.jpg\"><img loading=\"lazy\" decoding=\"async\" src=\"https:\/\/www.taraspringett.com\/wp-content\/uploads\/2011\/02\/Download-1-150x150.jpg\" alt=\"\" width=\"32\" height=\"32\" \/><\/a><a href=\"https:\/\/kundalinisymptoms.com\/viewbuy-kundalini-books\/introduction-to-book-healing-kundalini-symptoms\/\">English<\/a><\/p>\n<div id=\"right-sidebar\" class=\"widget-area grid-25 tablet-grid-25 grid-parent sidebar\"><\/div>\n<p>&nbsp;<\/p>\n<\/div>\n<\/header>\n","protected":false},"excerpt":{"rendered":"<p>In diesem Buch werde ich einfache Methoden vorstellen, die \u00fcber tausend meiner Klienten mit Kundalini-Symptomen schnell und effektiv geholfen haben. Meine Klienten haben oft an den extremsten Problemen gelitten, aber wurden in der Regel von ihren Schmerzen, \u00c4ngsten, starken Emotionen und Verwirrungen durch die in diesem Buch beschriebenen Methoden innerhalb weniger Wochen oder Monate befreit &#8230; <a title=\"Kundalini-Symtome heilen &#8211; Einleitung\" class=\"read-more\" href=\"https:\/\/www.taraspringett.com\/de\/kundalini-symtome-heilen-buch-einleitung\" aria-label=\"Read more about Kundalini-Symtome heilen &#8211; Einleitung\">Read more<\/a><\/p>\n","protected":false},"author":1,"featured_media":0,"parent":0,"menu_order":0,"comment_status":"closed","ping_status":"closed","template":"","meta":{"footnotes":""},"class_list":["post-1765","page","type-page","status-publish"],"aioseo_notices":[],"_links":{"self":[{"href":"https:\/\/www.taraspringett.com\/de\/wp-json\/wp\/v2\/pages\/1765","targetHints":{"allow":["GET"]}}],"collection":[{"href":"https:\/\/www.taraspringett.com\/de\/wp-json\/wp\/v2\/pages"}],"about":[{"href":"https:\/\/www.taraspringett.com\/de\/wp-json\/wp\/v2\/types\/page"}],"author":[{"embeddable":true,"href":"https:\/\/www.taraspringett.com\/de\/wp-json\/wp\/v2\/users\/1"}],"replies":[{"embeddable":true,"href":"https:\/\/www.taraspringett.com\/de\/wp-json\/wp\/v2\/comments?post=1765"}],"version-history":[{"count":26,"href":"https:\/\/www.taraspringett.com\/de\/wp-json\/wp\/v2\/pages\/1765\/revisions"}],"predecessor-version":[{"id":1815,"href":"https:\/\/www.taraspringett.com\/de\/wp-json\/wp\/v2\/pages\/1765\/revisions\/1815"}],"wp:attachment":[{"href":"https:\/\/www.taraspringett.com\/de\/wp-json\/wp\/v2\/media?parent=1765"}],"curies":[{"name":"wp","href":"https:\/\/api.w.org\/{rel}","templated":true}]}}