{"id":1758,"date":"2020-06-22T17:17:30","date_gmt":"2020-06-22T17:17:30","guid":{"rendered":"https:\/\/www.taraspringett.com\/de\/?page_id=1758"},"modified":"2024-05-13T15:09:09","modified_gmt":"2024-05-13T15:09:09","slug":"kundalini-symptome-heilen-buch","status":"publish","type":"page","link":"https:\/\/www.taraspringett.com\/de\/kundalini-symptome-heilen-buch","title":{"rendered":"Kundalini-Symptome heilen &#8211; Buch kaufen"},"content":{"rendered":"<h2><strong><img loading=\"lazy\" decoding=\"async\" class=\"alignleft size-medium wp-image-1760\" src=\"https:\/\/www.taraspringett.com\/de\/wp-content\/uploads\/2020\/06\/kunda-symp-heilen-1-201x300.png\" alt=\"\" width=\"201\" height=\"300\" srcset=\"https:\/\/www.taraspringett.com\/de\/wp-content\/uploads\/2020\/06\/kunda-symp-heilen-1-201x300.png 201w, https:\/\/www.taraspringett.com\/de\/wp-content\/uploads\/2020\/06\/kunda-symp-heilen-1.png 321w\" sizes=\"auto, (max-width: 201px) 100vw, 201px\" \/>Kundalini-Symptome heilen &#8211; Erprobte Techniken, die wirklich helfen<\/strong><\/h2>\n<p>Eine Kundalini-Erweckung kann ein be\u00e4ngstigendes, verwirrendes und einsames Erlebnis sein, wenn man<a href=\"https:\/\/kundalinisymptoms.com\/recorded-meditations\/\"><img loading=\"lazy\" decoding=\"async\" class=\"alignright  wp-image-2076\" src=\"https:\/\/www.taraspringett.com\/de\/wp-content\/uploads\/2024\/05\/Picture2-300x214.jpg\" alt=\"\" width=\"212\" height=\"151\" srcset=\"https:\/\/www.taraspringett.com\/de\/wp-content\/uploads\/2024\/05\/Picture2-300x214.jpg 300w, https:\/\/www.taraspringett.com\/de\/wp-content\/uploads\/2024\/05\/Picture2.jpg 621w\" sizes=\"auto, (max-width: 212px) 100vw, 212px\" \/><\/a> keine positive Anleitung dazu hat. In diesem Buch bietet Tara pr\u00e4zise und hoch-wirksame Techniken an, mit denen sie \u00fcber tausend Menschen aus aller Welt geholfen hat, ihre Kundalini-Symptome zu \u00fcberwinden. Diese Methoden werden\u00a0auf\u00a0sehr praktische\u00a0und zug\u00e4ngliche Weise erkl\u00e4rt, so dass man sie direkt aus diesem Buch erlernen und anwenden kann.<\/p>\n<h2><strong>Aus dem Inhalt:<\/strong><\/h2>\n<ul>\n<li>Lerne, was die Kundalini im Grunde ist und wie sie unser Bewusstsein erweitert<\/li>\n<li>Erfahre, warum die Kundalini so viele unwillkommene Symptome hervorrufen kann und trotzdem ein riesiges Geschenk ist<\/li>\n<li>Lerne\u00a0hochwirksame\u00a0Techniken, um alle unwillkommenen Kundalini-Symptome schnell und\u00a0effektiv\u00a0\u00fcberwinden\u00a0zu k\u00f6nnen<\/li>\n<li>Entdecke, wie man auf dem Kundalini-Pfad besser vorankommt, indem man den buddhistischen &#8220;mittleren Weg&#8221; geht<\/li>\n<li>Finde Informationen, wie man diesen erstaunlichen Prozess in das Leben integriert und dabei sehr gl\u00fccklich werden kann<\/li>\n<\/ul>\n<p>Die Einleitung von &#8220;<strong>Kundalini-Symptome heilen<\/strong>&#8221; kannst Du<a href=\"https:\/\/www.taraspringett.com\/de\/kundalini-symtome-heilen-buch-einleitung\"><span style=\"color: #333399;\"> hier<\/span><\/a> lesen.<\/p>\n<p>Das Buch ist auch <a href=\"https:\/\/www.amazon.de\/Kundalini-Symptome-heilen-Erprobte-Techniken-wirklich-ebook\/dp\/B08CBFRL9N\/ref=sr_1_6?__mk_de_DE=%C3%85M%C3%85%C5%BD%C3%95%C3%91&amp;dchild=1&amp;keywords=tara+springett&amp;qid=1594033547&amp;sr=8-6\">hier<\/a> auf amazon.de als Taschenbuch und als Kindleversion verf\u00fcgbar.<\/p>\n<p><strong>Hier kannst Du das 207-seitige Buch (als PDF) zum sofortigen Download kaufen. Vorzugs-Preis:\u00a0 6.49 Euro (25% billiger als bei Amazon)\u00a0\u00a0<\/strong><\/p>\n<p>Kaufen mit PayPal:<\/p>\n<p><a href=\"https:\/\/www.paypal.com\/cgi-bin\/webscr?cmd=_s-xclick&amp;hosted_button_id=UPRFQDF8LDLRJ\"><img loading=\"lazy\" decoding=\"async\" class=\"aligncenter wp-image-726\" src=\"https:\/\/www.taraspringett.com\/de\/wp-content\/uploads\/2014\/12\/paypal-deutsch.gif\" alt=\"paypal\" width=\"171\" height=\"64\" \/><\/a><\/p>\n<h2>Bitte achte am Ende des AusCheck-Prozesses bei PayPal besonders auf den Link zur Download-Seite!<\/h2>\n<p>Falls ein Problem auftreten sollte, kannst Du mich <a title=\"Kontakt\" href=\"https:\/\/www.taraspringett.com\/de\/kontakt\"><span style=\"color: #333399;\">hier<\/span><\/a> kontaktieren.\u00a0 14 Tage Geld-zur\u00fcck-Garantie!<\/p>\n<p><img loading=\"lazy\" decoding=\"async\" class=\"aligncenter size-medium wp-image-1760\" src=\"https:\/\/www.taraspringett.com\/de\/wp-content\/uploads\/2020\/06\/kunda-symp-heilen-1-201x300.png\" alt=\"\" width=\"201\" height=\"300\" srcset=\"https:\/\/www.taraspringett.com\/de\/wp-content\/uploads\/2020\/06\/kunda-symp-heilen-1-201x300.png 201w, https:\/\/www.taraspringett.com\/de\/wp-content\/uploads\/2020\/06\/kunda-symp-heilen-1.png 321w\" sizes=\"auto, (max-width: 201px) 100vw, 201px\" \/><\/p>\n<p><a href=\"https:\/\/www.taraspringett.com\/de\/wp-content\/uploads\/2013\/09\/Advanced-Manifesting.jpg\"><img loading=\"lazy\" decoding=\"async\" src=\"https:\/\/www.taraspringett.com\/wp-content\/uploads\/2011\/02\/Download-1-150x150.jpg\" alt=\"\" width=\"32\" height=\"32\" \/><\/a><a href=\"https:\/\/www.taraspringett.com\/kundalini\/healing-kundalini-symptoms-book\/\">English<\/a><\/p>\n","protected":false},"excerpt":{"rendered":"<p>Kundalini-Symptome heilen &#8211; Erprobte Techniken, die wirklich helfen Eine Kundalini-Erweckung kann ein be\u00e4ngstigendes, verwirrendes und einsames Erlebnis sein, wenn man keine positive Anleitung dazu hat. In diesem Buch bietet Tara pr\u00e4zise und hoch-wirksame Techniken an, mit denen sie \u00fcber tausend Menschen aus aller Welt geholfen hat, ihre Kundalini-Symptome zu \u00fcberwinden. Diese Methoden werden\u00a0auf\u00a0sehr praktische\u00a0und zug\u00e4ngliche &#8230; <a title=\"Kundalini-Symptome heilen &#8211; Buch kaufen\" class=\"read-more\" href=\"https:\/\/www.taraspringett.com\/de\/kundalini-symptome-heilen-buch\" aria-label=\"Read more about Kundalini-Symptome heilen &#8211; Buch kaufen\">Read more<\/a><\/p>\n","protected":false},"author":1,"featured_media":0,"parent":0,"menu_order":0,"comment_status":"closed","ping_status":"closed","template":"","meta":{"footnotes":""},"class_list":["post-1758","page","type-page","status-publish"],"aioseo_notices":[],"_links":{"self":[{"href":"https:\/\/www.taraspringett.com\/de\/wp-json\/wp\/v2\/pages\/1758","targetHints":{"allow":["GET"]}}],"collection":[{"href":"https:\/\/www.taraspringett.com\/de\/wp-json\/wp\/v2\/pages"}],"about":[{"href":"https:\/\/www.taraspringett.com\/de\/wp-json\/wp\/v2\/types\/page"}],"author":[{"embeddable":true,"href":"https:\/\/www.taraspringett.com\/de\/wp-json\/wp\/v2\/users\/1"}],"replies":[{"embeddable":true,"href":"https:\/\/www.taraspringett.com\/de\/wp-json\/wp\/v2\/comments?post=1758"}],"version-history":[{"count":16,"href":"https:\/\/www.taraspringett.com\/de\/wp-json\/wp\/v2\/pages\/1758\/revisions"}],"predecessor-version":[{"id":2081,"href":"https:\/\/www.taraspringett.com\/de\/wp-json\/wp\/v2\/pages\/1758\/revisions\/2081"}],"wp:attachment":[{"href":"https:\/\/www.taraspringett.com\/de\/wp-json\/wp\/v2\/media?parent=1758"}],"curies":[{"name":"wp","href":"https:\/\/api.w.org\/{rel}","templated":true}]}}