{"id":1708,"date":"2019-01-18T11:00:56","date_gmt":"2019-01-18T11:00:56","guid":{"rendered":"http:\/\/www.taraspringett.com\/de\/?page_id=1708"},"modified":"2025-03-13T17:18:11","modified_gmt":"2025-03-13T17:18:11","slug":"datenschutz","status":"publish","type":"page","link":"https:\/\/www.taraspringett.com\/de\/datenschutz","title":{"rendered":"Datenschutz"},"content":{"rendered":"<p>Ich nehme den Datenschutz meiner KlientInnen sehr ernst. In \u00dcbereinstimmung mit dem Datenschutzgesetz der europ\u00e4ischen Union (General Data Protection Regulation GDPR) und mit Hilfe der Informationen der ICO (Information Commissioner\u2019s Office in Gro\u00dfbritannien) habe ich die folgenden Informationen zusammengestellt:<\/p>\n<p><strong>Meine Kontaktinformationen<\/strong><\/p>\n<p>Name: Tara Springett<\/p>\n<p>Adresse: Rosencombe, Okehampton, EX20 3AZ, Devon, UK<\/p>\n<p>Webseiten:\u00a0<a href=\"http:\/\/www.taraspringett.com\/\">www.taraspringett.com<\/a>,\u00a0<a href=\"http:\/\/www.taraspringett.de\/\">www.taraspringett.com\/de<\/a>,\u00a0<a href=\"http:\/\/www.kundalinisymptoms.com\/\">www.kundalinisymptoms.com<\/a><\/p>\n<p>E-mail: tara@taraspringett.com<\/p>\n<p><strong>Welche Informationen ich sammele:<\/strong><\/p>\n<p>Ich sammele die Email-Adressen von Rundbrief-Abonnenten und von Personen, die sich durch meine Kontaktseite nach Hilfe erkundigen: Ich bekomme die Email-Adressen, Namen und Wohn-Adressen von K\u00e4uferInnen meiner B\u00fccher von meiner Webseite durch die Best\u00e4tigungs-Emails von Paypal.<\/p>\n<p>Ich sammele die Email-Adressen, Telefonnummern und Wohn-Adressen von meinen KlientInnen und auch meine Notizen von den Sitzungen und Emails zwischen meinen KlientInnen und mir und Feedback-Aussagen \u00fcber die Sitzungen.<\/p>\n<p><strong>Wie ich die Informationen bekomme und warum ich sie habe<\/strong><\/p>\n<p>Ich sammele die Email-Adressen von Personen, die sich in der Abonennten-Box eintragen oder eine Anfrage durch meine Kontaktseite machen auf\u00a0taraspringett.com, taraspringett.com\/de and kundalinisymptoms.com.<\/p>\n<p>Paypal sendet mir die Namen, Email-Adressen und Wohn-Adressen der K\u00e4uferInnen von meinen B\u00fcchern von meinen Webseiten.<\/p>\n<p>Ich bitte meine KlientInnen um ihre Email-Adressen, Telefonnummern und Wohn-Adressen, speichere unsere Emails und schreibe Notizen w\u00e4hrend und nach unseren Sitzungen.<\/p>\n<p>Einige KlientInnen schreiben mir spontan Feedback \u00fcber ihre Erfahrungen in ihren Sitzungen. Ich frage dann explizit um Erlaubnis, diese Kommentare zu ver\u00f6ffentlichen. Manchmal frage ich auch KlientInnen im pers\u00f6nlichen Kontakt um ein schriftliches Feedback oder emaile KlientInnen nach der Beendigung ihrer Sitzungen mit der Bitte um ein Feedback \u00fcber ihre Erfahrungen und Resultate mit unserer Arbeit.<\/p>\n<p>Der General Data Protection Regulation (GDPR) gem\u00e4\u00df, ist die gesetzm\u00e4ssige Grundlage, auf der ich diese Informationen verarbeite, deine Zustimmung. <strong>Du hast jederzeit das Recht, deine Zustimmung wieder zur\u00fcckzunehmen, indem du mir ein Email schreibst und ABMELDEN in die Betreff-Leiste eintr\u00e4gst oder indem du den Abmeldelink in allen Rundbriefen anklickst. Du kannst mich auch bitten, dein Feedback auf meiner Webseite zu l\u00f6schen, was ich sofort mitsamt des dazugeh\u00f6rigen Emails tun werde.\u00a0<\/strong><\/p>\n<p><strong>Was ich mit den Informationen mache, die ich habe<\/strong><\/p>\n<p>Ich benutze die Email-Adressen meiner Abonennten, um ihnen gelegentlich Informationen zuzuschicken, die mit meinen B\u00fcchern zu tun haben oder mit dazugeh\u00f6rigen Dienstleistungen.<\/p>\n<p>Ich benutze die Email-Adresse der Personen, die Anfragen durch meine Kontaktseite machen, um mit ihren W\u00fcnschen umzugehen. Email-Adressen von einmaligen Anfragen werden sofort gel\u00f6scht, nachdem sie beantwortet sind.<\/p>\n<p>Ich werde die Email-Adressen von K\u00e4uferInnen meiner B\u00fccher nicht benutzen, um dich zu kontaktieren, au\u00dfer du hast dich in meiner Abonnenten-Box eingetragen. Ich behalte das Best\u00e4tigungsemail von Paypal, welches die Email-Adresse und Wohn-Adresse beinhaltet, ausschlie\u00dflich f\u00fcr Buchhaltungszwecke und l\u00f6sche sie nach 60 Tagen.<\/p>\n<p>Ich benutze die Email-Adressen, Telefonnummern und Wohn-Adressen meiner KlientInnen um online Sitzungen abzuhalten und auf das Telefon umzuschalten, falls das Video nicht funktioniert und in dem unwahrscheinlichen Fall von medizinischen Notf\u00e4llen zu helfen Hilfe zu organisieren. Ich schreibe Notizen w\u00e4hrend der Sitzungen, um die h\u00f6chste Qualit\u00e4t in meinen Sitzunen zu bieten. Fallstudien in meinen B\u00fcchern sind durch meine Arbeit mit meinen Klienten inspiriert, aber alle Details werden komplett ge\u00e4ndert, so dass niemand erkennbar ist.<\/p>\n<p>Nachdem ich die Erlaubnis bekommen habe, das Feedback von KlientInnen zu ver\u00f6ffentlichen, speichere ich das Email, in dem die Erlaubnis und das Feedback stehen und ver\u00e4ndere den ver\u00f6ffentlichten Namen und das Alter der KlientIn, um deren Anoymit\u00e4t zu wahren.<\/p>\n<p><strong>Wie ich die Informationen speichere<\/strong><\/p>\n<p>Alle pers\u00f6nlichen Daten sind sicher in passwort-gesicherten Datentr\u00e4gern gespeichert.<\/p>\n<p>Ich behalte deine Email-Adresse bis du dich abmeldest. Wenn du dich abmeldest or mich emailst, um mich zu bitten deine Email-Adresse zu l\u00f6schen, dann werde ich deine Email-Adresse sofort l\u00f6schen.<\/p>\n<p>Die Notizen von meinen KlientInnen werden in einem permanent verschlossenen Raum oder Schrank aufbewahrt. Ich habe totale Schweigepflicht \u00fcber alle Informationen, au\u00dfer, wenn ich gesetzlich gezwungen werden sie weiterzugeben oder wenn ich gerechtfertigte Sorge um deine Sicherheit habe. Ich werde alle pers\u00f6nlichen Informationen, inklusive Notizen \u00fcber die Sitzungen und Emails zwischen mir und dir nach sieben Jahren nach unserer letzten Sitzung l\u00f6schen, da sie f\u00fcr den unwahrscheinlichen Fall einer Anzeige gebraucht werden k\u00f6nnten. Ich behalte die Emails mit den Feedbacks solange, wie sie auf meiner Webseite ver\u00f6ffentlicht bleiben.<\/p>\n<p><strong>Deine Datenschutzrechte<\/strong><\/p>\n<p>Unter dem Datenschutzgesetz hast du Rechte, inklusive:<\/p>\n<ul>\n<li><strong>Das Recht auf deine Daten Zugang zu haben<\/strong>\u00a0\u2013 Du hast das Recht, mich nach den pers\u00f6nlichen Informationen, die ich gespeichert habe, zu fragen.<\/li>\n<li><strong>Das Recht auf Korrigierung<\/strong>\u00a0\u2013 Du hast das Recht, mich darum zu bitten, deine pers\u00f6nlichen Informationen zu korrigieren, falls sie unkorrekt sind.<\/li>\n<li><strong>Das Recht auf L\u00f6schung<\/strong>\u00a0\u2013 Du hast das Recht, mich darum zu bitten, deine pers\u00f6nlichen Daten zu l\u00f6schen ohne dich erk\u00e4ren zu m\u00fcssen.<\/li>\n<li><strong>Dein Recht auf Begrenzung deiner Daten-Benutzung<\/strong>\u00a0\u2013 Du hast das Recht, mich darum zu bitten, deine Daten-Benutzung zu begrenzen, wie z.B. die Bitte dir weniger Emails zu schicken.<\/li>\n<li><strong>Deine Recht gegen die Benutzung deiner Daten Einspruch einzulegen<\/strong>\u00a0\u2013 Du hast das Recht, gegen die Benutzung deiner Daten Einspruch einzulegen.<\/li>\n<li><strong>Dein Recht auf Daten-\u00dcbertragung<\/strong>\u00a0\u2013 Du hast das Recht, nach einer Daten\u00fcbertragung zu fragen, z.B. zu einer anderen Organisation oder zu dir selbst in bestimmten Situationen.<\/li>\n<\/ul>\n<p>Du brauchst nichts zu bezahlen, um diese Rechte einzufordern. Wenn du diese Anfragen machst, habe ich einen Monat, um darauf einzugehen.<\/p>\n<p>Bitte emaile mich durch\u00a0tara@taraspringett.com falls du eine Anfrage machen willst oder eine Beschwerde einlegen willst.<\/p>\n<p><strong>Wie man eine Beschwerde einlegt<\/strong><\/p>\n<p>Du kannst bei der englischen Information Commissioner\u2019s Office (ICO) Beschwerde einlegen, falls du ein Problem damit hast, wie ich deine Daten benutzt habe.<\/p>\n<p>Die ICO\u2019s Adresse:<\/p>\n<p>Information Commissioner\u2019s Office<\/p>\n<p>Wycliffe House<\/p>\n<p>Water Lane<\/p>\n<p>Wilmslow<\/p>\n<p>Cheshire<\/p>\n<p>SK9 5AF<\/p>\n<p>Gro\u00dfbritannien<\/p>\n","protected":false},"excerpt":{"rendered":"<p>Ich nehme den Datenschutz meiner KlientInnen sehr ernst. In \u00dcbereinstimmung mit dem Datenschutzgesetz der europ\u00e4ischen Union (General Data Protection Regulation GDPR) und mit Hilfe der Informationen der ICO (Information Commissioner\u2019s Office in Gro\u00dfbritannien) habe ich die folgenden Informationen zusammengestellt: Meine Kontaktinformationen Name: Tara Springett Adresse: Rosencombe, Okehampton, EX20 3AZ, Devon, UK Webseiten:\u00a0www.taraspringett.com,\u00a0www.taraspringett.com\/de,\u00a0www.kundalinisymptoms.com E-mail: tara@taraspringett.com Welche &#8230; <a title=\"Datenschutz\" class=\"read-more\" href=\"https:\/\/www.taraspringett.com\/de\/datenschutz\" aria-label=\"Read more about Datenschutz\">Read more<\/a><\/p>\n","protected":false},"author":1,"featured_media":0,"parent":0,"menu_order":0,"comment_status":"closed","ping_status":"closed","template":"","meta":{"footnotes":""},"class_list":["post-1708","page","type-page","status-publish"],"aioseo_notices":[],"_links":{"self":[{"href":"https:\/\/www.taraspringett.com\/de\/wp-json\/wp\/v2\/pages\/1708","targetHints":{"allow":["GET"]}}],"collection":[{"href":"https:\/\/www.taraspringett.com\/de\/wp-json\/wp\/v2\/pages"}],"about":[{"href":"https:\/\/www.taraspringett.com\/de\/wp-json\/wp\/v2\/types\/page"}],"author":[{"embeddable":true,"href":"https:\/\/www.taraspringett.com\/de\/wp-json\/wp\/v2\/users\/1"}],"replies":[{"embeddable":true,"href":"https:\/\/www.taraspringett.com\/de\/wp-json\/wp\/v2\/comments?post=1708"}],"version-history":[{"count":8,"href":"https:\/\/www.taraspringett.com\/de\/wp-json\/wp\/v2\/pages\/1708\/revisions"}],"predecessor-version":[{"id":2112,"href":"https:\/\/www.taraspringett.com\/de\/wp-json\/wp\/v2\/pages\/1708\/revisions\/2112"}],"wp:attachment":[{"href":"https:\/\/www.taraspringett.com\/de\/wp-json\/wp\/v2\/media?parent=1708"}],"curies":[{"name":"wp","href":"https:\/\/api.w.org\/{rel}","templated":true}]}}