{"id":17,"date":"2013-09-14T15:56:16","date_gmt":"2013-09-14T15:56:16","guid":{"rendered":"http:\/\/www.taraspringett.com\/de1\/?page_id=17"},"modified":"2022-08-23T19:36:32","modified_gmt":"2022-08-23T19:36:32","slug":"bucher","status":"publish","type":"page","link":"https:\/\/www.taraspringett.com\/de\/bucher","title":{"rendered":"B\u00fccher"},"content":{"rendered":"<h2><strong><span style=\"color: #000000;\">Selbsthilfeb\u00fccher von Tara Springett<\/span><\/strong><\/h2>\n<h2><strong><a href=\"https:\/\/www.taraspringett.com\/de\/kundalini-symptome-heilen-buch\"><img loading=\"lazy\" decoding=\"async\" class=\"alignleft wp-image-1760\" src=\"https:\/\/www.taraspringett.com\/de\/wp-content\/uploads\/2020\/06\/kunda-symp-heilen-1-201x300.png\" alt=\"\" width=\"149\" height=\"222\" srcset=\"https:\/\/www.taraspringett.com\/de\/wp-content\/uploads\/2020\/06\/kunda-symp-heilen-1-201x300.png 201w, https:\/\/www.taraspringett.com\/de\/wp-content\/uploads\/2020\/06\/kunda-symp-heilen-1.png 321w\" sizes=\"auto, (max-width: 149px) 100vw, 149px\" \/><\/a>Kundalini-Symptome heilen &#8211; <\/strong>Erprobte Techniken, die wirklich helfen<\/h2>\n<p>Tara hat \u00fcber tausend Menschen geholfen ihre verwirrenden und schmerzhaften Kundalini-Symptome zu \u00fcberwinden. In diesem Buch erkl\u00e4rt sie alle Techniken im Detail, die sie dabei angewendet hat<a href=\"https:\/\/www.taraspringett.com\/de\/kundalini-symptome-heilen-buch\">\u00a0\u2026weiterlesen\u2026<\/a><\/p>\n<p>Hier kannst Du das erste Kapitel von &#8216;Kundalini-Symptome heilen&#8221; lesen: <a href=\"https:\/\/www.taraspringett.com\/de\/kundalini-symtome-heilen-buch-einleitung\">hier klicken<\/a><\/p>\n<h2><a href=\"https:\/\/www.taraspringett.com\/de\/kundalini-symptome-heilen-buch\">Anschauen\/Kaufen<\/a> (25% billiger als auf den Amazon-Webseiten!)<\/h2>\n<h2 style=\"text-align: left;\"><span style=\"color: #000000;\"><strong><a href=\"https:\/\/www.taraspringett.com\/de\/kundalini\/kundalini-buch-kaufen\"><img loading=\"lazy\" decoding=\"async\" class=\"alignleft wp-image-693\" src=\"https:\/\/www.taraspringett.com\/de\/wp-content\/uploads\/2014\/12\/kundalini-cover-deutsch-225x300.jpg\" alt=\"\" width=\"149\" height=\"198\" srcset=\"https:\/\/www.taraspringett.com\/de\/wp-content\/uploads\/2014\/12\/kundalini-cover-deutsch-225x300.jpg 225w, https:\/\/www.taraspringett.com\/de\/wp-content\/uploads\/2014\/12\/kundalini-cover-deutsch.jpg 720w\" sizes=\"auto, (max-width: 149px) 100vw, 149px\" \/><\/a>Erleuchtung durch den Pfad der Kundalini\u00a0<\/strong> &#8211; Ein Leitfaden f\u00fcr ein positives spirituelles Erwachen und die \u00dcberwindung des Kundalini-Syndroms<\/span><\/h2>\n<p>In diesem Buch erkl\u00e4rt die buddhistische Lehrerin Tara Springett aus tibetisch-buddhistischer Perspektive, wie man die Kundalini vorsichtig erweckt, um Erleuchtung zu erlangen. Sie beschreibt auch, wie man alle negativen Symptome des Kundalini-Syndroms \u00fcberwindet.\u00a0 <a href=\"https:\/\/www.taraspringett.com\/de\/kundalini\/kundalini-buch-kaufen\">\u2026weiterlesen\u2026<\/a><\/p>\n<p>Hier kannst Du das erste Kapitel von &#8216;Erleuchtung durch den Pfad der Kundalini&#8217; lesen: <a href=\"https:\/\/www.taraspringett.com\/de\/kundalini\/kundalinibuch-einleitung\">hier klicken<\/a><\/p>\n<h2 style=\"text-align: left;\"><a title=\"Kaufen Advanced Manifesting\" href=\"https:\/\/www.taraspringett.com\/de\/kundalini\/kundalini-buch-kaufen\">Anschauen\/Kaufen<\/a> (25% billiger als auf den Amazon-Webseiten!)<\/h2>\n<h3><span style=\"color: #ffffff;\">.<\/span><\/h3>\n<h2><strong><a title=\"Buch kaufen: So macht man Tr\u00e4ume wahr\" href=\"https:\/\/www.taraspringett.com\/de\/manifestieren\/so-macht-man-traeume-wahr-kaufen\"><img loading=\"lazy\" decoding=\"async\" class=\"alignleft wp-image-1051\" src=\"https:\/\/www.taraspringett.com\/de\/wp-content\/uploads\/2013\/09\/Traume-Neu-222x300.png\" alt=\"So macht man Tr\u00e4ume wahr\" width=\"161\" height=\"218\" srcset=\"https:\/\/www.taraspringett.com\/de\/wp-content\/uploads\/2013\/09\/Traume-Neu-222x300.png 222w, https:\/\/www.taraspringett.com\/de\/wp-content\/uploads\/2013\/09\/Traume-Neu-759x1024.png 759w, https:\/\/www.taraspringett.com\/de\/wp-content\/uploads\/2013\/09\/Traume-Neu.png 786w\" sizes=\"auto, (max-width: 161px) 100vw, 161px\" \/><\/a>So macht man Tr\u00e4ume wahr<\/strong> &#8211; Tibetisch-buddhistische Geheimnisse zur Erf\u00fcllung unserer W\u00fcnsche<\/h2>\n<p>Dieses Buch\u00a0beschreibt kraftvolle tibetisch-buddhistische Methoden, die das Gesetz der Anziehung nutzen, um unsere Tr\u00e4ume wahr zu machen. Diese Techniken sind sehr effektiv und k\u00f6nnen in keinem anderen Buch \u00fcber die Erf\u00fcllung von W\u00fcnschen gefunden werden.\u00a0<a href=\"https:\/\/www.taraspringett.com\/de\/manifestieren\/so-macht-man-traeume-wahr-kaufen\"> .\u2026weiterlesen\u2026<\/a><\/p>\n<p>Hier kannst Du das erste Kapitel von &#8216;So macht man Tr\u00e4ume wahr&#8217; lesen: <a href=\"https:\/\/www.taraspringett.com\/de\/manifestieren\/einleitung-fuer-macht-man-traeume-wahr\">hier klicken<\/a><\/p>\n<h2 style=\"text-align: left;\"><a title=\"Kaufen Advanced Manifesting\" href=\"https:\/\/www.taraspringett.com\/de\/manifestieren\/so-macht-man-traeume-wahr-kaufen\">Anschauen\/Kaufen<\/a> (25% billiger als auf den Amazon-Webseiten!)<\/h2>\n<h2><strong><a title=\"Buch kaufen: Das Heilen mit dem h\u00f6heren Bewusstsein\" href=\"https:\/\/www.taraspringett.com\/de\/heilen\/buch-kaufen-das-heilen-mit-dem-hoeheren-bewusstsein\"><img loading=\"lazy\" decoding=\"async\" class=\"alignleft wp-image-924\" src=\"https:\/\/www.taraspringett.com\/de\/wp-content\/uploads\/2013\/09\/heilen-new-10-185x300.jpg\" alt=\"Das Heilen mit dem h\u00f6heren Bewusstsein\" width=\"156\" height=\"252\" srcset=\"https:\/\/www.taraspringett.com\/de\/wp-content\/uploads\/2013\/09\/heilen-new-10-185x300.jpg 185w, https:\/\/www.taraspringett.com\/de\/wp-content\/uploads\/2013\/09\/heilen-new-10-632x1024.jpg 632w, https:\/\/www.taraspringett.com\/de\/wp-content\/uploads\/2013\/09\/heilen-new-10-900x1458.jpg 900w, https:\/\/www.taraspringett.com\/de\/wp-content\/uploads\/2013\/09\/heilen-new-10.jpg 916w\" sizes=\"auto, (max-width: 156px) 100vw, 156px\" \/><\/a>Das Heilen mit dem h\u00f6heren Bewusstsein &#8211; <\/strong>Wie man negative Emotionen, Beziehungsprobleme, chronische M\u00fcdigkeit und Schmerzen auf die schnellste Weise heilt.<\/h2>\n<p>Tara hat die in diesem Buch beschriebene Technik an hunderten von Klienten angewendet, die an zahlreichen schwerwiegenden Problemen litten. Die Erfolge waren au\u00dferordentlich <a title=\"Buch kaufen: Das Heilen mit dem h\u00f6heren Bewusstsein\" href=\"https:\/\/www.taraspringett.com\/de\/heilen\/buch-kaufen-das-heilen-mit-dem-hoeheren-bewusstsein\">\u2026weiterlesen\u2026<\/a><\/p>\n<p>Hier kannst Du das erste Kapitel von &#8216;Das Heilen mit dem h\u00f6heren Bewusstsein&#8217; lesen: <a href=\"https:\/\/www.taraspringett.com\/de\/heilen\/heilen-mit-dem-hoheren-bewusstsein\">hier\u00a0klicken<\/a><\/p>\n<h2><a title=\"Buch kaufen: Das Heilen mit dem h\u00f6heren Bewusstsein\" href=\"https:\/\/www.taraspringett.com\/de\/heilen\/buch-kaufen-das-heilen-mit-dem-hoeheren-bewusstsein\">Anschauen\/Kaufen<\/a> (25% billiger als auf den Amazon-Webseiten!)<\/h2>\n<h3><span style=\"color: #ffffff;\">.<\/span><\/h3>\n<h2><strong><a title=\"Buch kaufen: Spirituelle Freude\" href=\"https:\/\/www.taraspringett.com\/de\/buch-kaufen-spirituelle-freude\"><img loading=\"lazy\" decoding=\"async\" class=\"alignleft wp-image-1108\" src=\"https:\/\/www.taraspringett.com\/de\/wp-content\/uploads\/2016\/03\/spir-freude-cover-dzogchen-low-resolution-200x300.jpeg\" alt=\"Spirituelle Freude\" width=\"160\" height=\"240\" srcset=\"https:\/\/www.taraspringett.com\/de\/wp-content\/uploads\/2016\/03\/spir-freude-cover-dzogchen-low-resolution-200x300.jpeg 200w, https:\/\/www.taraspringett.com\/de\/wp-content\/uploads\/2016\/03\/spir-freude-cover-dzogchen-low-resolution-684x1024.jpeg 684w, https:\/\/www.taraspringett.com\/de\/wp-content\/uploads\/2016\/03\/spir-freude-cover-dzogchen-low-resolution-900x1345.jpeg 900w\" sizes=\"auto, (max-width: 160px) 100vw, 160px\" \/><\/a>Spirituelle Freude <\/strong>&#8211; Der\u00a0buddhistische Dzogchen-Weg zur Erleuchtung<\/h2>\n<p>Dieses Buch\u00a0beschreibt, wie man Zugang zu dem unvergleichbaren Geisteszustand des Dzogchen oder der spirituellen Freude finden kann und zwar ohne jegliche Technik oder Methode. Diese tibetisch-buddhistische Geisteshaltung wird einfach und unkompliziert beschrieben und ohne jegliche kulturelle \u00dcberfrachtung <a title=\"Buch kaufen: Spirituelle Freude\" href=\"https:\/\/www.taraspringett.com\/de\/buch-kaufen-spirituelle-freude\">.\u2026weiterlesen\u2026<\/a><\/p>\n<p>Hier kannst Du das erste Kapitel von &#8216;Spirituelle Freude&#8217; lesen: \u00a0<a title=\"Einleitung: Spirituelle Freude\" href=\"https:\/\/www.taraspringett.com\/de\/einleitung-spirituelle-freude\">hier klicken<\/a><\/p>\n<h2 style=\"text-align: left;\"><a title=\"Buch kaufen: Spirituelle Freude\" href=\"https:\/\/www.taraspringett.com\/de\/buch-kaufen-spirituelle-freude\">Anschauen\/Kaufen<\/a> (25% billiger als auf den Amazon-Webseiten!)<\/h2>\n<h2 style=\"text-align: left;\"><span style=\"color: #000000;\"><strong><a href=\"https:\/\/www.taraspringett.com\/de\/heilen\/buch-kaufen-die-genuss-methode\"><img loading=\"lazy\" decoding=\"async\" class=\"alignleft wp-image-1099\" src=\"https:\/\/www.taraspringett.com\/de\/wp-content\/uploads\/2013\/09\/genussmethode-194x300.png\" alt=\"Genuss-Methode\" width=\"164\" height=\"253\" srcset=\"https:\/\/www.taraspringett.com\/de\/wp-content\/uploads\/2013\/09\/genussmethode-194x300.png 194w, https:\/\/www.taraspringett.com\/de\/wp-content\/uploads\/2013\/09\/genussmethode.png 310w\" sizes=\"auto, (max-width: 164px) 100vw, 164px\" \/><\/a>Die Genuss-Methode<\/strong>\u00a0&#8211;\u00a0<\/span>Der buddhistische Weg zu genussvoller Ern\u00e4hrung und idealem Gewicht<\/h2>\n<p style=\"text-align: left;\">In diesem Buch erkl\u00e4rt Tara, wie man sich nach buddhistischen Prinzipien ern\u00e4hren kann. Man wird lernen, wie man das Essen immer mehr genie\u00dfen kann und dabei gleichzeitig das eigene Wunschgewicht erreicht.\u00a0 <a href=\"https:\/\/www.taraspringett.com\/de\/heilen\/buch-kaufen-die-genuss-methode\">\u2026weiterlesen\u2026<\/a><\/p>\n<p><span style=\"color: #000000;\">Hier kannst Du das erste Kapitel von &#8216;Die Genuss-Methode&#8217; lesen: <a style=\"color: #000000;\" href=\"https:\/\/www.taraspringett.com\/de\/einleitung-des-buches-die-genuss-methode\">hier klicken<\/a><\/span><\/p>\n<h2 style=\"text-align: left;\"><a title=\"Kaufen Advanced Manifesting\" href=\"https:\/\/www.taraspringett.com\/de\/heilen\/buch-kaufen-die-genuss-methode\">Anschauen\/Kaufen<\/a>\u00a0 (25% billiger als auf den Amazon-Webseiten!)<\/h2>\n<h2><\/h2>\n<h2><strong><a href=\"https:\/\/www.taraspringett.com\/de\/gluckseligkeit\/das-leben-ist-ein-spiel\"><img loading=\"lazy\" decoding=\"async\" class=\"alignleft wp-image-1636\" src=\"https:\/\/www.taraspringett.com\/de\/wp-content\/uploads\/2018\/05\/spiel-208x300.jpg\" alt=\"\" width=\"167\" height=\"237\" \/><\/a>Das Leben ist ein Spiel &#8211; Hier sind die Spielregeln<\/strong><\/h2>\n<p>Dieses Buch beschreibt neun Stufen des Bewusstseins vom unbewussten Traum bis zur v\u00f6lligen Erleuchtung, die jeder Mensch durchlaufen muss, um sein h\u00f6chstes Potenzial zu entwicklen.<\/p>\n<p><a href=\"https:\/\/www.taraspringett.com\/de\/gluckseligkeit\/das-leben-ist-ein-spiel\"> .\u2026weiterlesen\u2026<\/a><\/p>\n<p>Hier kannst Du das erste Kapitel von &#8216;Das Leben ist ein Spiel&#8217; lesen: <a href=\"https:\/\/www.taraspringett.com\/de\/gluckseligkeit\/einleitung-das-leben-ist-ein-spiel\">hier klicken<\/a><\/p>\n<h2><a href=\"https:\/\/www.taraspringett.com\/de\/gluckseligkeit\/das-leben-ist-ein-spiel\">Anschauen\/Kaufen<\/a> (25% billiger als auf den Amazon-Webseiten!)<\/h2>\n<h2 style=\"text-align: center;\"><strong>Englische Selbsthilfeb\u00fccher<\/strong><\/h2>\n<p><span style=\"color: #000000;\">\u00a0Die folgenden B\u00fccher sind derzeit leider nur in Englisch erh\u00e4ltlich.<\/span><span style=\"color: #000000; font-size: 1.8em; line-height: 1.5em;\">\u00a0 \u00a0 \u00a0 \u00a0\u00a0<\/span><span style=\"color: #ffffff;\">.<\/span><\/p>\n<h2 style=\"text-align: left;\"><span style=\"color: #000000;\" data-mce-mark=\"1\"><a title=\"Buy Soulmate Relationships\" href=\"http:\/\/www.taraspringett.com\/soulmates\/buy-soulmate-relationships\"><img loading=\"lazy\" decoding=\"async\" class=\"alignleft wp-image-4084\" title=\"Soulmate Relationships\" src=\"https:\/\/www.taraspringett.com\/wp-content\/uploads\/2010\/10\/Soulmate-Relationships-150x150.jpg\" alt=\"\" width=\"169\" height=\"169\" \/><\/a><strong>Soulmate Relationships<\/strong><\/span><\/h2>\n<p>Das Buch &#8216;Soulmate Relationships&#8217; beschreibt die Dynamik, die in einer zutiefst befriedigenden Beziehung abl\u00e4uft. Es erkl\u00e4rt das positive Zusammenspiel von Mann und Frau, wenn sie sich lieben. Es zeigt Richtlinien auf, die helfen, die Muster in einer romantischen Beziehung zu erkennen, die zu einem perfekten Partner f\u00fchren\u00a0 <a title=\"Buy\/View Soulmate Book\" href=\"http:\/\/www.taraspringett.com\/soulmates\/buy-soulmate-relationships\">\u2026weiterlesen\u2026<\/a>\u00a0 (in Englisch)<\/p>\n<p>Hier kannst Du das erste Kapitel von &#8216;Soulmate Relationships&#8217; lesen: <a href=\"http:\/\/www.taraspringett.com\/soulmates\/introduction-soulmate-relationships\">hier klicken<\/a><\/p>\n<h2 style=\"text-align: left;\"><a title=\"Soulmate Buch kaufen\" href=\"http:\/\/www.taraspringett.com\/soulmates\/buy-soulmate-relationships\">Anschauen\/Kaufen<\/a> (25% billiger als auf den Amazon-Webseiten!)<\/h2>\n<h3 style=\"text-align: left;\"><span style=\"font-size: 16px;\">\u00a0<\/span><\/h3>\n<h2><strong><a href=\"http:\/\/www.taraspringett.com\/bliss\/buyview-seven-golden-keys\"><img loading=\"lazy\" decoding=\"async\" class=\"alignleft wp-image-758\" src=\"https:\/\/www.taraspringett.com\/de\/wp-content\/uploads\/2013\/09\/creategoldenkeys27-188x300.jpg\" alt=\"Seven Golden Keys for Love, Success and Happiness\" width=\"135\" height=\"216\" srcset=\"https:\/\/www.taraspringett.com\/de\/wp-content\/uploads\/2013\/09\/creategoldenkeys27-188x300.jpg 188w, https:\/\/www.taraspringett.com\/de\/wp-content\/uploads\/2013\/09\/creategoldenkeys27.jpg 217w\" sizes=\"auto, (max-width: 135px) 100vw, 135px\" \/><\/a>Seven Golden Keys for Love, Success and Happiness &#8211; Buddhist Advice for Creating the Life you really want\u00a0<\/strong><strong><br \/>\n<\/strong><\/h2>\n<p>In diesem Buch beschreibt die Psychotherapeutin und buddhistische Lehrerin Tara Springett, wie man sich auf dem spirituellen Pfad entwickelt, alte Wunden und Verletzungen zur\u00fcckl\u00e4sst und die eigenen Tr\u00e4ume verwirklicht &#8211; alles zur gleichen Zeit.<\/p>\n<p><a href=\"http:\/\/www.taraspringett.com\/bliss\/buyview-seven-golden-keys\">&#8230;weiterlesen&#8230;<\/a>\u00a0 (in Englisch)<\/p>\n<p>Hier kannst Du das erste Kapitel von &#8216;Seven Golden Keys&#8230;&#8217; lesen: <a href=\"http:\/\/www.taraspringett.com\/bliss\/introduction-seven-golden-keys\">hier klicken<\/a><\/p>\n<h2 style=\"text-align: left;\"><a href=\"http:\/\/www.taraspringett.com\/bliss\/buyview-seven-golden-keys\">Anschauen\/Kaufen<\/a> (25% billiger als auf den Amazon-Webseiten!)<\/h2>\n<h2><strong><a href=\"http:\/\/www.taraspringett.com\/soulmates\/viewbuy-find-soulmate\"><img loading=\"lazy\" decoding=\"async\" class=\"alignleft wp-image-1031\" src=\"https:\/\/www.taraspringett.com\/de\/wp-content\/uploads\/2013\/09\/how-to-find-soulmate-COVERSLIM-196x300.jpg\" alt=\"How to Find Your Soulmate \" width=\"157\" height=\"240\" srcset=\"https:\/\/www.taraspringett.com\/de\/wp-content\/uploads\/2013\/09\/how-to-find-soulmate-COVERSLIM-196x300.jpg 196w, https:\/\/www.taraspringett.com\/de\/wp-content\/uploads\/2013\/09\/how-to-find-soulmate-COVERSLIM-671x1024.jpg 671w, https:\/\/www.taraspringett.com\/de\/wp-content\/uploads\/2013\/09\/how-to-find-soulmate-COVERSLIM.jpg 721w\" sizes=\"auto, (max-width: 157px) 100vw, 157px\" \/><\/a>How to Find Your Soulmate &#8211; A Story about Finding True Love<\/strong><\/h2>\n<p>In diesem Buch beschreibt die Psychotherapeutin und buddhistische Lehrerin Tara Springett die Geschichte von Julia, die auf der Suche nach einem Seelenpartner ist. Julia trifft Jane, eine freundliche \u00e4ltere Frau, die ihr aus der Hand liest und die ihr eine baldige Heirat verspricht&#8230;\u00a0\u00a0 <a href=\"http:\/\/www.taraspringett.com\/soulmates\/viewbuy-find-soulmate\">&#8230;weiterlesen&#8230;<\/a> (in Englisch)<\/p>\n<p>Hier kannst Du das erste Kapitel von &#8216;How to Find Your Soulmate&#8217; lesen:\u00a0 <a href=\"http:\/\/www.taraspringett.com\/soulmates\/introduction-find-soulmate\">hier klicken<\/a><\/p>\n<h2><a href=\"http:\/\/www.taraspringett.com\/soulmates\/viewbuy-find-soulmate\">Anschauen\/Kaufen<\/a> (25% billiger als auf den Amazon-Webseiten!)<\/h2>\n<p><img loading=\"lazy\" decoding=\"async\" style=\"font-size: 16px;\" src=\"https:\/\/www.taraspringett.com\/wp-content\/uploads\/2011\/02\/Download-1-150x150.jpg\" alt=\"\" width=\"32\" height=\"32\" \/><a style=\"font-size: 16px;\" href=\"http:\/\/www.taraspringett.com\/self-help-books\"> English<\/a><\/p>\n","protected":false},"excerpt":{"rendered":"<p>Selbsthilfeb\u00fccher von Tara Springett Kundalini-Symptome heilen &#8211; Erprobte Techniken, die wirklich helfen Tara hat \u00fcber tausend Menschen geholfen ihre verwirrenden und schmerzhaften Kundalini-Symptome zu \u00fcberwinden. In diesem Buch erkl\u00e4rt sie alle Techniken im Detail, die sie dabei angewendet hat\u00a0\u2026weiterlesen\u2026 Hier kannst Du das erste Kapitel von &#8216;Kundalini-Symptome heilen&#8221; lesen: hier klicken Anschauen\/Kaufen (25% billiger als &#8230; <a title=\"B\u00fccher\" class=\"read-more\" href=\"https:\/\/www.taraspringett.com\/de\/bucher\" aria-label=\"Read more about B\u00fccher\">Read more<\/a><\/p>\n","protected":false},"author":1,"featured_media":0,"parent":0,"menu_order":1,"comment_status":"closed","ping_status":"closed","template":"","meta":{"footnotes":""},"class_list":["post-17","page","type-page","status-publish"],"aioseo_notices":[],"_links":{"self":[{"href":"https:\/\/www.taraspringett.com\/de\/wp-json\/wp\/v2\/pages\/17","targetHints":{"allow":["GET"]}}],"collection":[{"href":"https:\/\/www.taraspringett.com\/de\/wp-json\/wp\/v2\/pages"}],"about":[{"href":"https:\/\/www.taraspringett.com\/de\/wp-json\/wp\/v2\/types\/page"}],"author":[{"embeddable":true,"href":"https:\/\/www.taraspringett.com\/de\/wp-json\/wp\/v2\/users\/1"}],"replies":[{"embeddable":true,"href":"https:\/\/www.taraspringett.com\/de\/wp-json\/wp\/v2\/comments?post=17"}],"version-history":[{"count":8,"href":"https:\/\/www.taraspringett.com\/de\/wp-json\/wp\/v2\/pages\/17\/revisions"}],"predecessor-version":[{"id":1963,"href":"https:\/\/www.taraspringett.com\/de\/wp-json\/wp\/v2\/pages\/17\/revisions\/1963"}],"wp:attachment":[{"href":"https:\/\/www.taraspringett.com\/de\/wp-json\/wp\/v2\/media?parent=17"}],"curies":[{"name":"wp","href":"https:\/\/api.w.org\/{rel}","templated":true}]}}