{"id":1667,"date":"2018-05-22T13:46:02","date_gmt":"2018-05-22T13:46:02","guid":{"rendered":"http:\/\/www.taraspringett.com\/de\/?page_id=1667"},"modified":"2023-08-24T17:07:23","modified_gmt":"2023-08-24T17:07:23","slug":"kundalini-psychose","status":"publish","type":"page","link":"https:\/\/www.taraspringett.com\/de\/kundalini\/kundalini-psychose","title":{"rendered":"Kundalini-Psychose"},"content":{"rendered":"<figure id=\"attachment_693\" aria-describedby=\"caption-attachment-693\" style=\"width: 215px\" class=\"wp-caption alignright\"><a href=\"https:\/\/www.taraspringett.com\/de\/kundalini\/kundalini-buch-kaufen\"><img loading=\"lazy\" decoding=\"async\" class=\"wp-image-693 size-medium\" src=\"https:\/\/www.taraspringett.com\/de\/wp-content\/uploads\/2014\/12\/kundalini-cover-deutsch-225x300.jpg\" alt=\"\" width=\"225\" height=\"300\" srcset=\"https:\/\/www.taraspringett.com\/de\/wp-content\/uploads\/2014\/12\/kundalini-cover-deutsch-225x300.jpg 225w, https:\/\/www.taraspringett.com\/de\/wp-content\/uploads\/2014\/12\/kundalini-cover-deutsch.jpg 720w\" sizes=\"auto, (max-width: 225px) 100vw, 225px\" \/><\/a><figcaption id=\"caption-attachment-693\" class=\"wp-caption-text\"><a href=\"https:\/\/www.taraspringett.com\/de\/kundalini\/kundalini-buch-kaufen\">Hier klicken, um das Buch anzuschauen<\/a><\/figcaption><\/figure>\n<figure id=\"attachment_1760\" aria-describedby=\"caption-attachment-1760\" style=\"width: 191px\" class=\"wp-caption alignleft\"><img loading=\"lazy\" decoding=\"async\" class=\"size-medium wp-image-1760\" src=\"https:\/\/www.taraspringett.com\/de\/wp-content\/uploads\/2020\/06\/kunda-symp-heilen-1-201x300.png\" alt=\"\" width=\"201\" height=\"300\" srcset=\"https:\/\/www.taraspringett.com\/de\/wp-content\/uploads\/2020\/06\/kunda-symp-heilen-1-201x300.png 201w, https:\/\/www.taraspringett.com\/de\/wp-content\/uploads\/2020\/06\/kunda-symp-heilen-1.png 321w\" sizes=\"auto, (max-width: 201px) 100vw, 201px\" \/><figcaption id=\"caption-attachment-1760\" class=\"wp-caption-text\"><a href=\"https:\/\/www.taraspringett.com\/de\/kundalini-symptome-heilen-buch\">Hier klicken, um das Buch zu kaufen<\/a><\/figcaption><\/figure>\n<p><em>Der folgende Text ist ein Exzerpt aus Taras Buch: Erleuchtung durch den Pfad der Kundalini<\/em><\/p>\n<p>Ich stimme anderen Kundalini-Experten wie Lee Sanella und Yvonne Kason zu, dass die sogenannte Kundalini-&#8216;Psychose&#8217; eine Fehlbenennung ist, denn sie hat sehr wenig mit der geistigen Krankheit, die &#8216;Psychose&#8217; genannt wird, zu tun. Aber wenn jemand einige der Symptome hat, die in diesem Kapitel beschrieben wurden, dann kann dies f\u00fcr einen Laien (und leider auch f\u00fcr unwissende Psychiater) wie ein Nervenzusammenbruch oder eine Psychose aussehen.<\/p>\n<p>Die Person wird vielleicht mit paranormalen Visionen und Stimmen \u00fcberflutet, sie erlebt vielleicht das Gef\u00fchl einer Schlange, die sich im Unterleib windet und sie hat oft extreme Angst. Um es noch schlimmer zu machen, leidet diese Person vielleicht an Schlaflosigkeit, die milde Halluzinationen hervorbringen kann.<a href=\"https:\/\/kundalinisymptoms.com\/supportgroup\/\"><img loading=\"lazy\" decoding=\"async\" class=\"alignright  wp-image-2024\" src=\"https:\/\/www.taraspringett.com\/de\/wp-content\/uploads\/2023\/08\/deu-zoom.jpg\" alt=\"\" width=\"228\" height=\"202\" \/><\/a> All dies sieht vielleicht wie eine Geisteskrankheit aus, aber es gibt bestimmte Faktoren, die eine Kundalini-Krise von einer wirklichen Geisteskrankheit und Psychose unterscheiden.<\/p>\n<p><strong><em><img loading=\"lazy\" decoding=\"async\" class=\"alignleft wp-image-1481\" src=\"https:\/\/www.taraspringett.com\/de\/wp-content\/uploads\/2013\/09\/kundalini-aktiv-300x222.jpg\" alt=\"\" width=\"217\" height=\"163\" \/>Differentialdiagnose zwischen Kundalini-&#8216;Psychose&#8217; und wirklicher Geisteskrankheit<\/em><\/strong><\/p>\n<p><strong>Eine Person <\/strong>in einer Kundalini-Krise kann normalerweise ein funktionierendes Gef\u00fchl von &#8216;Selbst&#8217; aufrechterhalten, welches realisiert, dass etwas falsch l\u00e4uft und nach Hilfe sucht. Ein Mensch mit einer klinischen Psychose bemerkt dies normalerweise nicht, denn sein ganzer Geist ist von psychotischen Gedanken \u00fcberflutet. Er sucht nicht nach Hilfe und leistet oft sogar Widerstand gegen die Hilfe, die ihm angeboten wird.<\/p>\n<p><strong>Eine Person <\/strong>in einer Kundalini-Krise erinnert sich normalerweise an die genaue Zeit des Beginns der Krise und auch an deren Ausl\u00f6ser. In den meisten F\u00e4llen ist der Ausl\u00f6ser intensive spirituelle Praxis. Im Gegensatz dazu entwickelt sich normale Geisteskrankheit oft langsam und graduell und der Patient kann sich nicht an ein gesundes Gef\u00fchl von &#8216;Selbst&#8217; erinnern.<\/p>\n<p><strong>Eine Person <\/strong>in einer Kundalini-Krise kann sich daran erinnern, wie es sich anf\u00fchlt, &#8216;normal&#8217; zu sein und w\u00fcnscht sich, zu diesem Zustand zur\u00fcckzukehren, w\u00e4hrend ein psychotischer Patient in der Regel die Erinnerung an ein gesundes Selbst verloren hat.<\/p>\n<p><strong>Eine Person <\/strong>in einer Kundalini-Krise <em>kann<\/em> \u00fcber das sprechen, was in ihrem Geist vorgeht und oft <em>will<\/em> sie auch dar\u00fcber sprechen. Menschen mit einer normalen Psychose wollen dagegen selten \u00fcber den Inhalt ihres psychotischen Geistes sprechen.<\/p>\n<p><strong>Eine Person <\/strong>in einer Kundalini-Krise f\u00fchlt normalerweise den starken Drang, ihr Leben liebevoller, ges\u00fcnder und spiritueller zu machen. In Menschen mit einer klinischen Geisteskrankheit ist dies jedoch normalerweise nicht der Fall und oft wenden sich diese Menschen sogar von einem gesunden Lebensstil, liebevollen Beziehungen und Spiritualit\u00e4t ab.<\/p>\n<p>Meiner Erfahrung nach passieren Zusammenbr\u00fcche, die wie eine Psychose aussehen, nicht sehr oft in Menschen mit aktiver Kundalini. Sie sind am wahrscheinlichsten bei denjenigen, die f\u00fcr lange Zeit Drogen genommen haben. In meiner klinischen Erfahrung habe ich beobachtet, dass h\u00e4ufige Drogenbenutzung &#8211; auch wenn diese schon viele Jahre zur\u00fcckliegt &#8211; eine ernsthafte Kundalini-Krise wahrscheinlicher macht. Ich habe auch beobachtet, dass Ex-Drogenbenutzer manchmal die Drogen gegen die intensiven H\u00f6hen und Tiefen einer Kundalini-Erweckung &#8216;eintauschen&#8217; und an diesem Aufruhr anhaften. Manchmal benutzen sie auch wahllose Besuche bei\u00a0 Energieheilern, um mehr &#8216;Erfahrungen&#8217; zu bekommen in einer \u00e4hnlichen Weise, wie sie vorher Drogen genommen haben. Das kann schlimme Konsequenzen f\u00fcr ihren \u00fcberempfindlichen Geist haben.<\/p>\n<p><img loading=\"lazy\" decoding=\"async\" class=\"alignleft  wp-image-1668\" src=\"https:\/\/www.taraspringett.com\/de\/wp-content\/uploads\/2018\/05\/632269__gerbera_1-299x300.jpg\" alt=\"\" width=\"275\" height=\"275\" srcset=\"https:\/\/www.taraspringett.com\/de\/wp-content\/uploads\/2018\/05\/632269__gerbera_1.jpg 299w, https:\/\/www.taraspringett.com\/de\/wp-content\/uploads\/2018\/05\/632269__gerbera_1-150x150.jpg 150w\" sizes=\"auto, (max-width: 275px) 100vw, 275px\" \/>Im Internet kann man leider viele entsetzliche Geschichten von Menschen lesen, die denken, dass sie an einer Kundalini-Psychose leiden, aber in meiner eigenen therapeutischen Praxis habe ich keine wirklich hoffnungslosen F\u00e4lle gesehen. Normalerweise geht es meinen Klienten ziemlich schnell wieder besser, sobald sie mit <em>dem Heilen mit dem h\u00f6heren Bewusstsein<\/em> arbeiten und mit den Dingen aufh\u00f6ren, die ihre Symptome verschlechtern (wie zum Beispiel, zu Energieheilern zu gehen oder Atem\u00fcbungen zu machen).<\/p>\n<table style=\"height: 913px;\" width=\"562\">\n<tbody>\n<tr>\n<td width=\"567\"><strong>Fallstudie: Gerhard, 34 Jahre<\/strong>Gerhard ist ein hochintelligenter Buchhalter, der zu mir kam, weil er eine Art Zusammenbruch erlebt hatte, der durch die Kundalini ausgel\u00f6st war. Gerhard hat sehr viele Drogen genommen, aber hatte zwei Jahre zuvor nach einer sehr schmerzhaften Trennung von seiner Freundin damit aufgeh\u00f6rt.<\/p>\n<p>Gerhard reiste dann nach Bali, wo er sich mit Spiritualit\u00e4t besch\u00e4ftigte und zum ersten Mal von dem Konzept der Kundalini h\u00f6rte. Er besuchte viele Heiler und spirituelle Lehrer, um seine Kundalini zu erwecken, aber er hatte keine gesunde und stetige spirituelle Praxis. Stattdessen &#8216;konsumierte&#8217; er verschiedene Heilmethoden in einer wahllosen Weise, genau wie er vorher Drogen genommen hatte, ohne sich um die Risiken zu k\u00fcmmern.<\/p>\n<p>Nachdem Gerhard wieder nach Hause gekommen war, entwickelte er starke \u00c4ngste und Kundalini-Symptome. Er ging auch weiterhin zu vielen verschiedenen Heilern. Gerhard verbrachte t\u00e4glich mehrere Stunden damit, &#8216;seine Gef\u00fchle herauszulassen&#8217;, indem er sie in seinem Zimmer kraftvoll ausdr\u00fcckte, aber seine Symptome wurden nur noch schlimmer, bis er von furchterregenden Visionen \u00fcberflutet wurde und unf\u00e4hig war, zur Arbeit zu gehen.<\/p>\n<p>Ich erkl\u00e4rte Gerhard, dass das zwanghafte Herauslassen seiner Emotionen seine Symptome enorm verschlimmerte und dass es besser w\u00e4re, mit dieser selbstgemachten Therapie aufzuh\u00f6ren. Ich riet ihm auch sehr davon ab, weiterhin zu Energieheilern zu gehen, da beide Formen von Selbstheilung seine Symptome nur verst\u00e4rkten. Leider stimmte Gerhard mir nur sehr widerwillig zu, denn er war geradezu s\u00fcchtig nach diesen Erlebnissen.<\/p>\n<p>In den n\u00e4chsten Sitzungen arbeiteten wir an den vielen Schuldgef\u00fchlen, die in Gerhard aufkamen, denn er hatte vielen Menschen in seinen Drogenjahren sehr wehgetan. Dies war nicht leicht f\u00fcr Gerhard, denn er hatte ja immer den &#8216;leichten Weg&#8217; vorgezogen und seine Gef\u00fchle durch Drogen bet\u00e4ubt.<\/p>\n<p>W\u00e4hrend der Monate, in denen Gerhard mit mir arbeitete, wurde er immer stabiler und wir beendeten die Sitzungen, als er f\u00e4hig wurde, wieder zu seiner Arbeit zur\u00fcckzukehren.<\/td>\n<\/tr>\n<\/tbody>\n<\/table>\n<p><em>Um mit Tara eine Sitzung zu vereinbaren, bitte <a href=\"https:\/\/www.taraspringett.com\/de\/kontakt\">hier klicken<\/a><\/em><\/p>\n<p><a href=\"https:\/\/www.taraspringett.com\/de\/kundalini\/chakra-erklarungen\">Chakraerkl\u00e4rungen<\/a><\/p>\n<p><a href=\"https:\/\/www.taraspringett.com\/de\/kundalini\/spiritueller-notfall\">Spiritueller Notfall<\/a><\/p>\n<p><a href=\"https:\/\/www.taraspringett.com\/de\/kundalini\/kundalini-kopfdruck\">Kopfdruck<\/a><\/p>\n<p><a href=\"http:\/\/www.taraspringett.com\/kundalini\/kundalini-psychosis\/\"><img loading=\"lazy\" decoding=\"async\" src=\"http:\/\/www.taraspringett.com\/wp-content\/uploads\/2011\/02\/Download-1-150x150.jpg\" alt=\"\" width=\"32\" height=\"32\" \/>English<\/a><\/p>\n","protected":false},"excerpt":{"rendered":"<p>Der folgende Text ist ein Exzerpt aus Taras Buch: Erleuchtung durch den Pfad der Kundalini Ich stimme anderen Kundalini-Experten wie Lee Sanella und Yvonne Kason zu, dass die sogenannte Kundalini-&#8216;Psychose&#8217; eine Fehlbenennung ist, denn sie hat sehr wenig mit der geistigen Krankheit, die &#8216;Psychose&#8217; genannt wird, zu tun. Aber wenn jemand einige der Symptome hat, &#8230; <a title=\"Kundalini-Psychose\" class=\"read-more\" href=\"https:\/\/www.taraspringett.com\/de\/kundalini\/kundalini-psychose\" aria-label=\"Read more about Kundalini-Psychose\">Read more<\/a><\/p>\n","protected":false},"author":1,"featured_media":0,"parent":39,"menu_order":0,"comment_status":"closed","ping_status":"closed","template":"","meta":{"footnotes":""},"class_list":["post-1667","page","type-page","status-publish"],"aioseo_notices":[],"_links":{"self":[{"href":"https:\/\/www.taraspringett.com\/de\/wp-json\/wp\/v2\/pages\/1667","targetHints":{"allow":["GET"]}}],"collection":[{"href":"https:\/\/www.taraspringett.com\/de\/wp-json\/wp\/v2\/pages"}],"about":[{"href":"https:\/\/www.taraspringett.com\/de\/wp-json\/wp\/v2\/types\/page"}],"author":[{"embeddable":true,"href":"https:\/\/www.taraspringett.com\/de\/wp-json\/wp\/v2\/users\/1"}],"replies":[{"embeddable":true,"href":"https:\/\/www.taraspringett.com\/de\/wp-json\/wp\/v2\/comments?post=1667"}],"version-history":[{"count":5,"href":"https:\/\/www.taraspringett.com\/de\/wp-json\/wp\/v2\/pages\/1667\/revisions"}],"predecessor-version":[{"id":2037,"href":"https:\/\/www.taraspringett.com\/de\/wp-json\/wp\/v2\/pages\/1667\/revisions\/2037"}],"up":[{"embeddable":true,"href":"https:\/\/www.taraspringett.com\/de\/wp-json\/wp\/v2\/pages\/39"}],"wp:attachment":[{"href":"https:\/\/www.taraspringett.com\/de\/wp-json\/wp\/v2\/media?parent=1667"}],"curies":[{"name":"wp","href":"https:\/\/api.w.org\/{rel}","templated":true}]}}