{"id":1652,"date":"2018-05-21T15:24:57","date_gmt":"2018-05-21T15:24:57","guid":{"rendered":"http:\/\/www.taraspringett.com\/de\/?page_id=1652"},"modified":"2023-08-24T17:05:59","modified_gmt":"2023-08-24T17:05:59","slug":"kundalini-kopfdruck","status":"publish","type":"page","link":"https:\/\/www.taraspringett.com\/de\/kundalini\/kundalini-kopfdruck","title":{"rendered":"Kundalini Kopfdruck"},"content":{"rendered":"<figure id=\"attachment_693\" aria-describedby=\"caption-attachment-693\" style=\"width: 189px\" class=\"wp-caption alignright\"><a href=\"https:\/\/www.taraspringett.com\/de\/kundalini\/kundalini-buch-kaufen\"><img loading=\"lazy\" decoding=\"async\" class=\"wp-image-693\" src=\"https:\/\/www.taraspringett.com\/de\/wp-content\/uploads\/2014\/12\/kundalini-cover-deutsch.jpg\" alt=\"\" width=\"199\" height=\"265\" srcset=\"https:\/\/www.taraspringett.com\/de\/wp-content\/uploads\/2014\/12\/kundalini-cover-deutsch.jpg 720w, https:\/\/www.taraspringett.com\/de\/wp-content\/uploads\/2014\/12\/kundalini-cover-deutsch-225x300.jpg 225w\" sizes=\"auto, (max-width: 199px) 100vw, 199px\" \/><\/a><figcaption id=\"caption-attachment-693\" class=\"wp-caption-text\"><a href=\"https:\/\/www.taraspringett.com\/de\/kundalini\/kundalini-buch-kaufen\">Hier klicken, um das Buch anzuschauen<\/a><\/figcaption><\/figure>\n<figure id=\"attachment_1760\" aria-describedby=\"caption-attachment-1760\" style=\"width: 191px\" class=\"wp-caption alignleft\"><img loading=\"lazy\" decoding=\"async\" class=\"size-medium wp-image-1760\" src=\"https:\/\/www.taraspringett.com\/de\/wp-content\/uploads\/2020\/06\/kunda-symp-heilen-1-201x300.png\" alt=\"\" width=\"201\" height=\"300\" srcset=\"https:\/\/www.taraspringett.com\/de\/wp-content\/uploads\/2020\/06\/kunda-symp-heilen-1-201x300.png 201w, https:\/\/www.taraspringett.com\/de\/wp-content\/uploads\/2020\/06\/kunda-symp-heilen-1.png 321w\" sizes=\"auto, (max-width: 201px) 100vw, 201px\" \/><figcaption id=\"caption-attachment-1760\" class=\"wp-caption-text\"><a href=\"https:\/\/www.taraspringett.com\/de\/kundalini-symptome-heilen-buch\">Hier klicken, um das Buch zu kaufen<\/a><\/figcaption><\/figure>\n<p class=\"entry-header\">Ich habe viele Klienten, die an Kopfdruck leiden. welches ein Symptom ist, das zum Kundalini-Syndrom geh\u00f6rt. Dieser Druck kann sich so anf\u00fchlen, als ob ein schweres Gewicht von oben auf den Kopf dr\u00fcckt, von den Seiten oder von innen nach au\u00dfen. Der Druck kann in Intensit\u00e4t\u00a0 von mild bis unertr\u00e4glich variieren, aber unterscheidet sich\u00a0 von normalen Kopfschmerzen, da er nicht wirklich weh tut. Er ist einfach nur sehr unangenehm.<\/p>\n<p class=\"entry-header\">Ich habe auf YouTube Lehrer gesehen, die in solchen F\u00e4llen dazu raten die \u00fcbersch\u00fcssige Energie nach unten laufen zu lassen oder sich vorzustellen, an diesem Druck zu ziehen, um ihn wegzubewegen oder aufzul\u00f6sen. Meiner Erfahrung nach mit hunderten von Kundalini-Klienten machen solche Methoden den Kopfdruck nur noch schlimmer. Warum ist dies so?<\/p>\n<div class=\"entry-content\">\n<p><strong>Wir haben kein Klempnersystem in unserem Energiek\u00f6rper<a href=\"https:\/\/kundalinisymptoms.com\/supportgroup\/\"><img loading=\"lazy\" decoding=\"async\" class=\"alignright size-full wp-image-2024\" src=\"https:\/\/www.taraspringett.com\/de\/wp-content\/uploads\/2023\/08\/deu-zoom.jpg\" alt=\"\" width=\"280\" height=\"248\" \/><\/a><\/strong><\/p>\n<p>Obwohl es verlockend ist, sich unseren Energiek\u00f6rper als eine Art Klempnersystem mit Rohren und Ventilen vorzustellen, so ist die Realit\u00e4t v\u00f6llig anders. Unser Energiesystem sieht mehr wie Gaswolken aus, die sich vermischen und manchmal verkrampfen. Oder man kann es sich noch besser wie farbige Wasserstr\u00f6me vorstellen, die sich \u00f6fter vermischen oder manchmal zu Eis gefrieren. Diese verschieden farbigen Wasserstr\u00f6me sind unsere Gedanken und Gef\u00fchle und wenn wir sie unterdr\u00fccken, dann &#8220;gefrieren&#8221; sie und wir erleben sie als &#8220;Blockierungen&#8221; in unserem Geist und K\u00f6rper.<\/p>\n<p><strong><img loading=\"lazy\" decoding=\"async\" class=\"alignleft wp-image-1481\" src=\"https:\/\/www.taraspringett.com\/de\/wp-content\/uploads\/2013\/09\/kundalini-aktiv-300x222.jpg\" alt=\"\" width=\"244\" height=\"183\" \/>Energieprobleme in unserem Kopf haben mit unterdr\u00fcckten Gedanken zu tun.\u00a0<\/strong><\/p>\n<p>Die Kopfchakren (Stirn und Krone) haben mit dem mentalen Teil unseres Seins zu tun, welcher aus Gedanken, Konzepten und Glaubenss\u00e4tzen auf den intellektuellen und spirituellen Ebenen besteht. Wenn wir Kopfdruck erleben, unterdr\u00fccken wir buchst\u00e4blich bestimmte Gedanken, die wir nicht denken wollen. Es ist diese Unterdr\u00fcckung, die wir als Kopfdruck erleben und dieser Vorgang passiert komplett unbewusst. Menschen ohne erwachte Kundalini unterdr\u00fccken auch oft unbewusst bestimmte Gedanken, aber sie f\u00fchlen nicht den Schmerz dieser Unterdr\u00fcckung, da sie unbewusster und daher tauber sind.<\/p>\n<p><strong>Warum unterdr\u00fccken wir bestimmte Gedanken?<\/strong><\/p>\n<p>Im Kundalini-Prozess erwacht ein Durst f\u00fcr ein erweitertes Bewusstsein und mehr Spiritualit\u00e4t. Es sind aber vielleicht noch Teile unseres alten Egos intakt, die gewisse spirituelle Wahrheiten nicht h\u00f6ren wollen und sich dagegen wehren, indem sie alle Einsichten rigoros unterdr\u00fccken, die das alte Ego herausfordern. Dies ist also der Konflikt, der sich in unserem Kopf abspielt &#8211; der Kampf von spirituellen Einsichten und Autentizit\u00e4t auf der einen Seite und der Widerstand unseres alten Egos, welches nicht f\u00fcr gewisse dem\u00fctig-machendende Einsichten bereit ist.<\/p>\n<p><strong><img loading=\"lazy\" decoding=\"async\" class=\"alignright wp-image-1658\" src=\"https:\/\/www.taraspringett.com\/de\/wp-content\/uploads\/2018\/05\/22652_260332749921_109772934921_4508235_889298_n-300x225.jpg\" alt=\"\" width=\"242\" height=\"184\" \/>Welche Gedanken unterdr\u00fccken wir, wenn wir an Kopfdruck leiden?\u00a0<\/strong><\/p>\n<p>Bevor ich erkl\u00e4ren werde, welche Gedanken die Menschen typischerweise unterdr\u00fccken, muss ich eine kleine Warnung ausprechen. Falls du ein Mensch mit Kopfdruck bist, wirst du wahrscheinlich nicht m\u00f6gen, was ich gleich sagen werde aus dem exakten Grund, dass du diese Gedanken in dir unterdr\u00fcckt hast. Aber alles, was ich in diesem Artikel sage, basiert auf der Arbeit mit hunderten von Klienten, die am Kundalini-Syndrom litten. Und alle Klienten, die den folgenden Ratschlag annehmen konnten, haben heute sehr viel weniger Kopfdruck oder sind komplett davon befreit.<\/p>\n<p>Meiner Erfahrung nach unterdr\u00fccken Menschen mit Kopfdruck selbstkritische Gedanken. Diese Menschen beschreiben sich oft als entspannt, nett und sogar als sich selbst-liebend. Sie kritisieren sich nicht und wenn andere sie kritisieren, dann ignorieren sie es entweder oder sie werden w\u00fctend. Aber als spirituell reife Person ist es notwendig, dass wir unsere vielen Fehler klar sehen (ohne uns selber daf\u00fcr fertigzumachen) und dann damit beginnen diese Fehler zu eliminieren.<\/p>\n<p>F\u00fcr Menschen mit geringem Selbstbewusstsein ist es nicht schwer eine solche Arbeit zu tun, da sie oft schon von Anfang an zu selbstkritisch sind. Aber es sind gerade die Menschen, die sich selber (zu) gerne m\u00f6gen und eine (zu) hohe Meinung von sich haben, die am meisten f\u00fcr das Problem des Kopfdrucks anf\u00e4llig sind w\u00e4hrend des Kundalini-Prozesses. (Wenn du diesen Ratschlag nicht magst, erinnere dich bitte daran, dass ich dich gewarnt habe :))<\/p>\n<p><strong>Wie sind meine Klienten ihren Kopfdruck losgeworden?\u00a0<\/strong><\/p>\n<p>Im Prinzip ging es darum selbst-kritischer zu werden &#8211; und in manchen F\u00e4llen sogar sehr viel selbstkritischer. Meine Klienten mussten viele schmeichelhafte Gedanken \u00fcber ihr geliebtes Ego aufgeben und stattdessen\u00a0 eine strengere Haltung sich selbst gegen\u00fcber einnehmen &#8211; wie liebevolle strenge Eltern.\u00a0 Diese Arbeit ist schwer, wenn man ganz alleine damit ist, denn niemand mag sich gerne selbst kritisieren. Die Erfolge meiner Klienten sich von ihrem Kopfdruck zu befreien, haben jedoch gezeigt, dass das Loslassen des (zu) sehr geliebten Egos der Weg ist, allen Kopfdruck loszuwerden.<\/p>\n<p><strong>Feedback von Aaron, 27 Jahre:<\/strong><\/p>\n<p><em>\u201cIch hatte sehr schlimmen Kopfdruck f\u00fcr \u00fcber ein Jahr, bevor ich Tara online gefunden habe. Innerhalb von zwei Sitzungen bin ich zu einem Verst\u00e4ndnis gelangt, was mit mir los ist und was die Methoden sind, um dar\u00fcber hinweg zu kommen. Zwei Monate nach den Sitzungen hat sich der Kopfdruck bei etwa 80% reduziert und ich f\u00fchle, dass er letztendlich komplett weggehen wird.\u00a0<\/em><\/p>\n<p><em>Ich wollte auch erw\u00e4hnen, dass ich w\u00e4hrend dieser Zeit Probleme mit einer Frau hatte, in die ich mich verliebt hatte. als ich auf Reisen war. Ich bin Kanadier und ist Kolumbianerin. Wir hatten uns wegen unserer Verschiedenheit vor ein paar Monaten getrennt. Tara zeigte mir, dass es genauso mein Fehler war, warum es nicht funkioniert hatte. Ich sah, was sie meinte und akzeptierte es. Ein paar Stunden sp\u00e4ter schickte mit diese Frau eine SMS zum ersten Mal nach mehreren Monaten. Sie akzeptierte meinen neuen Standpunkt und \u00fcbernahm die Verantwortung f\u00fcr unsere Trennung und bat um Vergebung. Zwei Monate sp\u00e4ter sitze ich hier in ihrer Wohnung in Kolumbien und schreibe dieses Feedback. <\/em><\/p>\n<p><em>Tara, hab so vielen Dank daf\u00fcr, was du tust. Du hast mich von furchtbarem Kopfdruck gerettet und hast mir eine zweite Chance mit der Frau gegeben, die ich liebe. Ich bin dir f\u00fcr immer dankbar. Unendlicher Dank an dich.&#8221;<\/em><\/p>\n<p><strong>Feedback von Ulrike<\/strong><\/p>\n<p><em>Hallo Tara, ich wollte Dir schreiben, um dir f\u00fcr deinen Artikel \u00fcber Kundalini-Kopfdruck zu danken. Nach all diesen Jahren, in denen ich versucht habe meinen Selbstwert zu erh\u00f6hen, ist es mir niemals in den Sinn gekommen, dass ich mich selber kritisieren sollte und und meine Selbstwahrnehmung etwas heruntersetzen sollte. Obwohl ich die besten Absichten hatte anderen zu helfen, glaube ich, dass ich irgendwo unbewusst die Haltung angenommen habe, dass ich einen sehr besonderen Sinn und Zweck habe &#8211; als ob er wichtiger ist, als der von allen anderen.\u00a0<\/em><\/p>\n<p><em>Vor einiger Zeit, habe ich furchtbaren Druck im Kopf bekommen. Ich f\u00fchlte mich, als ob jemand Luft in meine Stirn gepumpt hat. Mir ging es so schlecht, dass ich glaubte verr\u00fcckt zu werden. Letztendlich bin ich zum Arzt gegangen, der mir best\u00e4tigte, dass ich Kopfschmerzen hatte oder ein Defizit und der mein Blut untersuchen wollte&#8230;.egal, ich wusste, dass es etwas Spirituelles ist und dass ich es selbst untersuchen musste und eine L\u00f6sung finden musste. Das f\u00fchrte mich zu dir.\u00a0<\/em><\/p>\n<p><em>Nachdem ich deinen Blog dar\u00fcber gelesen hatte, fiel es mir wie Schuppen von den Augen &#8211; meine G\u00fcte, vielleicht bin ich gar nicht so wichtig (zumindest im Vergleich mit anderen). Vielleicht\u00a0 bin ich gar nicht so toll (verglichen mit allen anderen Menschen). Vielleicht muss ich gar nicht Millionen von Dingen leisten in diesem Leben (verglichen mit allen anderen). Sofort wurde mein Kopfdruck besser und ein Gef\u00fchl der Erleichterung kam \u00fcber mich. Ich habe mich so gef\u00fchlt, als ob ich mich einfach entspannen kann und mein Leben genie\u00dfen kann, statt zu versuchen dieser \u00dcber-Mensch zu sein, der ich ganz offensichtlich nicht bin.\u00a0<\/em><\/p>\n<p><em>Jedes Mal, wenn ich sp\u00fcrte, dass sich dieser Druck wieder aufbaute, habe ich mich einfach daran erinnert: &#8220;Keine Sorge, ich bin gar nicht so wichtig&#8221; (eine geradezu lachhafte Affirmation, nachdem ich mir jahrzehntelang das Gegenteil gesagt habe) und dieser Druck geht wieder weg. Das bringt mich wieder zur\u00fcck in die richtige Welt, wo wir alle einfach nur unser Bestes tun und immer weiter alles nur m\u00f6gliche versuchen und die Freiheit haben auch Fehler zu machen oder auch mal gar nichts zu tun.\u00a0<\/em><\/p>\n<p><em>Viele Dank f\u00fcr all dies. Ich habe auf jeden Fall deinen Namen in meinem Handy gespeichert als jemand, der mir oder jemand anders, den ich kenne, mal seine therapeutischen Dienste leisten k\u00f6nnte .\u00a0<\/em><\/p>\n<p>Tara Springett M.A. ist eine qualifizierte Psychotherapeutin und buddhistische Lehrerin, welche sich darauf spezialisiert hat, mit Menschen zu arbeiten, die an Kundalini-Symptomen leiden. Um eine Sitzung auszumachen, klicke bitte<a href=\"https:\/\/www.taraspringett.com\/de\/kontakt\"> hier<\/a>.<\/p>\n<p>Schau dir Taras Buch \u00fcber Kundalini an <a href=\"https:\/\/www.taraspringett.com\/de\/kundalini\/kundalini-buch-kaufen\">hier<\/a><\/p>\n<p><strong>Hier gibt es mehr Informationen:<\/strong><\/p>\n<p><a href=\"https:\/\/www.taraspringett.com\/de\/kundalini\/kundalini-erweckung\">Kundalini Erweckung<\/a><\/p>\n<p><a href=\"https:\/\/www.taraspringett.com\/de\/kundalini\/kundalini-syndrom\">Kundalini-Syndrom<\/a><\/p>\n<p><a href=\"https:\/\/www.taraspringett.com\/de\/kundalini\/kundalini-symptome\">Kundalini-Symptome<\/a><\/p>\n<\/div>\n<p><em>Wenn du die Informationen auf dieser Webseite magst, bitte vergesse nicht einen der Like-buttons zu dr\u00fccken, so dass auch andere Menschen davon erfahren. Danke.<\/em><\/p>\n<p><a href=\"http:\/\/www.taraspringett.com\/kundalini\/head-pressure\/\"><img loading=\"lazy\" decoding=\"async\" src=\"http:\/\/www.taraspringett.com\/wp-content\/uploads\/2011\/02\/Download-1-150x150.jpg\" alt=\"\" width=\"32\" height=\"32\" \/>English<\/a><\/p>\n","protected":false},"excerpt":{"rendered":"<p>Ich habe viele Klienten, die an Kopfdruck leiden. welches ein Symptom ist, das zum Kundalini-Syndrom geh\u00f6rt. Dieser Druck kann sich so anf\u00fchlen, als ob ein schweres Gewicht von oben auf den Kopf dr\u00fcckt, von den Seiten oder von innen nach au\u00dfen. Der Druck kann in Intensit\u00e4t\u00a0 von mild bis unertr\u00e4glich variieren, aber unterscheidet sich\u00a0 von &#8230; <a title=\"Kundalini Kopfdruck\" class=\"read-more\" href=\"https:\/\/www.taraspringett.com\/de\/kundalini\/kundalini-kopfdruck\" aria-label=\"Read more about Kundalini Kopfdruck\">Read more<\/a><\/p>\n","protected":false},"author":1,"featured_media":0,"parent":39,"menu_order":0,"comment_status":"closed","ping_status":"closed","template":"","meta":{"footnotes":""},"class_list":["post-1652","page","type-page","status-publish"],"aioseo_notices":[],"_links":{"self":[{"href":"https:\/\/www.taraspringett.com\/de\/wp-json\/wp\/v2\/pages\/1652","targetHints":{"allow":["GET"]}}],"collection":[{"href":"https:\/\/www.taraspringett.com\/de\/wp-json\/wp\/v2\/pages"}],"about":[{"href":"https:\/\/www.taraspringett.com\/de\/wp-json\/wp\/v2\/types\/page"}],"author":[{"embeddable":true,"href":"https:\/\/www.taraspringett.com\/de\/wp-json\/wp\/v2\/users\/1"}],"replies":[{"embeddable":true,"href":"https:\/\/www.taraspringett.com\/de\/wp-json\/wp\/v2\/comments?post=1652"}],"version-history":[{"count":13,"href":"https:\/\/www.taraspringett.com\/de\/wp-json\/wp\/v2\/pages\/1652\/revisions"}],"predecessor-version":[{"id":2036,"href":"https:\/\/www.taraspringett.com\/de\/wp-json\/wp\/v2\/pages\/1652\/revisions\/2036"}],"up":[{"embeddable":true,"href":"https:\/\/www.taraspringett.com\/de\/wp-json\/wp\/v2\/pages\/39"}],"wp:attachment":[{"href":"https:\/\/www.taraspringett.com\/de\/wp-json\/wp\/v2\/media?parent=1652"}],"curies":[{"name":"wp","href":"https:\/\/api.w.org\/{rel}","templated":true}]}}