{"id":1635,"date":"2018-05-10T20:15:33","date_gmt":"2018-05-10T20:15:33","guid":{"rendered":"http:\/\/www.taraspringett.com\/de\/?page_id=1635"},"modified":"2025-09-05T09:52:14","modified_gmt":"2025-09-05T09:52:14","slug":"das-leben-ist-ein-spiel","status":"publish","type":"page","link":"https:\/\/www.taraspringett.com\/de\/gluckseligkeit\/das-leben-ist-ein-spiel","title":{"rendered":"Buch kaufen: Das Leben ist ein Spiel"},"content":{"rendered":"<p><strong style=\"font-size: 1.4em; line-height: 1.5em;\"><a href=\"https:\/\/www.taraspringett.com\/de\/wp-content\/uploads\/2014\/12\/kundalini-cover-deutsch.jpg\"><img loading=\"lazy\" decoding=\"async\" class=\"alignleft size-full wp-image-2129\" src=\"https:\/\/www.taraspringett.com\/de\/wp-content\/uploads\/2025\/09\/honor-shiny-web.png\" alt=\"\" width=\"144\" height=\"144\" \/><img loading=\"lazy\" decoding=\"async\" class=\"alignright wp-image-1636\" src=\"https:\/\/www.taraspringett.com\/de\/wp-content\/uploads\/2018\/05\/spiel-208x300.jpg\" alt=\"\" width=\"266\" height=\"377\" \/><\/a><\/strong><strong>DAS LEBEN IST EIN SPIEL <\/strong><\/p>\n<p>ist ein preisgekr\u00f6ntes Buch \u00fcber pers\u00f6nliche Entwicklung, Spiritualit\u00e4t und das Leben schlechthin.<\/p>\n<p>Warum wird eine Person zum Terroristen, die andere zum Priester und die n\u00e4chste zum\u00a0Wissenschaftler? Warum ruiniert ein Mensch sein Leben mit Drogen und Kriminalit\u00e4t, w\u00e4hrend der n\u00e4chste zum spirituellen Heiligen oder sogar Erleuchteten wird?<\/p>\n<p>Alle diese Fragen werden gekl\u00e4rt durch das Modell der Treppe zum Himmel, auf dem es neun Stufen des Bewusstseins gibt, beginnend mit v\u00f6lliger Unbewusstheit und kulminierend in der Erleuchtung.<\/p>\n<p>Durch das Verst\u00e4ndnis dieser neun Stufen des Bewusstseins\u00a0wird uns das Leben wie ein Spiel erscheinen und\u00a0durch dieses Buch erhalten wir die \u201cSpielregeln\u201d, um dieses Spiel in der erfolgreichsten und gl\u00fccklichsten Art zu spielen.<\/p>\n<p>Tara Springett M.A.\u00a0ist eine qualifizierte Psychotherapeutin, tibetisch-buddhistische Lehrerin und erfolgreiche Selbsthilfebuch-Autorin. Seit fast 30 Jahren hilft sie unz\u00e4hligen Klienten aus aller Welt, mehr Liebe, Gl\u00fcck und Erfolg zu finden<\/p>\n<p>Die Einleitung von &#8220;<strong>Das Leben ist ein Spiel<\/strong>&#8221; kannst Du <a href=\"https:\/\/www.taraspringett.com\/de\/gluckseligkeit\/einleitung-das-leben-ist-ein-spiel\">hier<\/a> lesen.<\/p>\n<p>Das Buch ist auf <a href=\"http:\/\/www.amazon.de\/Erleuchtung-durch-den-Pfad-Kundalini\/dp\/1506005608\/ref=tmm_pap_title_0?ie=UTF8&amp;qid=1424775311&amp;sr=8-1\">amazon.de<\/a> als Taschenbuch und als Kindleversion verf\u00fcgbar.<\/p>\n<p><strong>Hier kannst Du das 300-seitige Buch (als PDF) zum sofortigen Download kaufen. <span style=\"color: #ff0000;\">Vorzugs-Preis: 6.49 Euro (25% billiger als bei Amazon)\u00a0\u00a0<\/span><\/strong><\/p>\n<p>AusChecken mit PayPal:<\/p>\n<p><a href=\"https:\/\/www.paypal.com\/cgi-bin\/webscr?cmd=_xclick&amp;business=KTREBWARKDPX8&amp;lc=DE&amp;item_name=Das%20Leben%20ist%20ein%20Spiel&amp;item_number=Spiel&amp;amount=6%2e49&amp;currency_code=EUR&amp;button_subtype=services&amp;no_note=1&amp;no_shipping=2&amp;rm=1&amp;return=http%3a%2f%2fwww%2etaraspringett%2ecom%2fde%2fnbds7wjfnsuek59s7askr5usj1646%2d2&amp;cancel_return=http%3a%2f%2fwww%2etaraspringett%2ecom%2fde&amp;bn=PP%2dBuyNowBF%3abtn_buynowCC_LG%2egif%3aNonHosted\"><img loading=\"lazy\" decoding=\"async\" class=\"aligncenter size-full wp-image-726\" src=\"https:\/\/www.taraspringett.com\/de\/wp-content\/uploads\/2014\/12\/paypal-deutsch.gif\" alt=\"paypal\" width=\"126\" height=\"47\" \/><\/a><\/p>\n<h2 style=\"padding-left: 60px;\"><span style=\"color: #ff0000;\">Bitte achte am Ende des AusCheck-Prozesses bei PayPal besonders auf den Link zur Download-Seite!<\/span><\/h2>\n<p style=\"padding-left: 60px;\"><span style=\"text-align: center;\">Falls ein Problem auftreten sollte, kannst Du mich <a title=\"Kontakt\" href=\"https:\/\/www.taraspringett.com\/de\/kontakt\">hier<\/a> kontaktieren. \u00a0<\/span><\/p>\n<p style=\"padding-left: 60px; text-align: left;\"><span style=\"text-align: center;\"> \u00a0 \u00a0 \u00a0 \u00a0 \u00a0 \u00a0 \u00a0 \u00a0 \u00a0 \u00a0 \u00a0 \u00a0 \u00a0 \u00a0\u00a0 14 Tage Geld-zur\u00fcck-Garantie!<br \/>\n<\/span><\/p>\n<h4 style=\"text-align: center;\"><span style=\"text-align: center;\">\u00a0<\/span><strong>Leserstimmen<\/strong><\/h4>\n<div id=\"R30JMMVS403L6R\" class=\"a-section review\" data-hook=\"review\">\n<div id=\"customer_review-R30JMMVS403L6R\" class=\"a-section celwidget\">\n<div><strong>Peter:<\/strong><\/div>\n<div>Dies ist ein wundervolles, durchdachtes und tief erforschtes Buch. Ich w\u00fcrde es jedem empfehlen (und habe das auch getan), der sich seines Bed\u00fcrfnisses f\u00fcr pers\u00f6nliches Wachstum bewusst ist und nach mehr im Leben Ausschau h\u00e4lt. Die Beispiele der Menschen auf den verschiedenen Stufen des Bewusstseins sind sehr hilfreich und genauso hilfreich ist die Ermunterung die eigene Ebene des Bewusstseins herauszufinden, um sich vorw\u00e4rts zu entwickeln.<\/div>\n<div><\/div>\n<div class=\"a-row review-comments comments-for-R30JMMVS403L6R\">\n<div class=\"a-row a-expander-container a-expander-inline-container\" data-reftag=\"cm_cr_arp_d_cmt_opn\" aria-live=\"polite\" data-a-expander-name=\"review_comment_expander\">\n<div><strong>Carmen:<\/strong><\/div>\n<div class=\"cr-helpful-button cr-vote-component aok-float-left\">Ich habe gerade diese unglaublich wertvolle Buch fertiggelesen, das uns in ein gl\u00fccklicheres, erf\u00fcllenderes und liebevolleres Leben f\u00fchrt. Es ist aufregend herauszufinden, wo man sich selber auf der Treppe zum Himmel befindet, durch die verschiedenen Charakterz\u00fcge, die man hat\u00a0 und dann \u00fcber die verschiedenen Schritte auf der Treppe zur Erleuchtung zu lernen. Wenn man auf sein Leben zur\u00fcckblickt bis zum heutigen Zeitpunkt, wo man durch die verschieden Stufen gegangen ist, dann ist das h\u00f6chst interessant. Dieses Buch kann nicht nur f\u00fcr die eigene pers\u00f6nliche Entwicklung genutzt werden, sondern auch dazu anderen zu helfen, um auf ihren Wegen voranzukommen, vor allem, wenn man als Heiler oder Therapeut arbeitet. Es ist ein Buch, dass man immer zur Hand haben sollte, um die Lektionen zu lernen, die es lehrt und uns damit die Werkzeuge gibt, um uns auf der Treppe zur Erleuchtung weiter zu entwickeln.<\/div>\n<\/div>\n<\/div>\n<\/div>\n<\/div>\n<div id=\"R1J4NX6AKXGEYS\" class=\"a-section review\" data-hook=\"review\"><\/div>\n<p><img loading=\"lazy\" decoding=\"async\" class=\"aligncenter size-medium wp-image-1636\" src=\"https:\/\/www.taraspringett.com\/de\/wp-content\/uploads\/2018\/05\/spiel-208x300.jpg\" alt=\"\" width=\"208\" height=\"300\" srcset=\"https:\/\/www.taraspringett.com\/de\/wp-content\/uploads\/2018\/05\/spiel-208x300.jpg 208w, https:\/\/www.taraspringett.com\/de\/wp-content\/uploads\/2018\/05\/spiel-768x1109.jpg 768w, https:\/\/www.taraspringett.com\/de\/wp-content\/uploads\/2018\/05\/spiel-709x1024.jpg 709w, https:\/\/www.taraspringett.com\/de\/wp-content\/uploads\/2018\/05\/spiel-600x866.jpg 600w, https:\/\/www.taraspringett.com\/de\/wp-content\/uploads\/2018\/05\/spiel.jpg 831w\" sizes=\"auto, (max-width: 208px) 100vw, 208px\" \/><\/p>\n<p><a href=\"https:\/\/www.taraspringett.com\/de\/wp-content\/uploads\/2013\/09\/Advanced-Manifesting.jpg\"><img loading=\"lazy\" decoding=\"async\" src=\"https:\/\/www.taraspringett.com\/wp-content\/uploads\/2011\/02\/Download-1-150x150.jpg\" alt=\"\" width=\"32\" height=\"32\" \/><\/a><a href=\"http:\/\/www.taraspringett.com\/bliss\/viewbuy-stairway-heaven\/\">English<\/a><\/p>\n","protected":false},"excerpt":{"rendered":"<p>DAS LEBEN IST EIN SPIEL ist ein preisgekr\u00f6ntes Buch \u00fcber pers\u00f6nliche Entwicklung, Spiritualit\u00e4t und das Leben schlechthin. Warum wird eine Person zum Terroristen, die andere zum Priester und die n\u00e4chste zum\u00a0Wissenschaftler? Warum ruiniert ein Mensch sein Leben mit Drogen und Kriminalit\u00e4t, w\u00e4hrend der n\u00e4chste zum spirituellen Heiligen oder sogar Erleuchteten wird? Alle diese Fragen werden &#8230; <a title=\"Buch kaufen: Das Leben ist ein Spiel\" class=\"read-more\" href=\"https:\/\/www.taraspringett.com\/de\/gluckseligkeit\/das-leben-ist-ein-spiel\" aria-label=\"Read more about Buch kaufen: Das Leben ist ein Spiel\">Read more<\/a><\/p>\n","protected":false},"author":1,"featured_media":0,"parent":45,"menu_order":4,"comment_status":"closed","ping_status":"closed","template":"","meta":{"footnotes":""},"class_list":["post-1635","page","type-page","status-publish"],"aioseo_notices":[],"_links":{"self":[{"href":"https:\/\/www.taraspringett.com\/de\/wp-json\/wp\/v2\/pages\/1635","targetHints":{"allow":["GET"]}}],"collection":[{"href":"https:\/\/www.taraspringett.com\/de\/wp-json\/wp\/v2\/pages"}],"about":[{"href":"https:\/\/www.taraspringett.com\/de\/wp-json\/wp\/v2\/types\/page"}],"author":[{"embeddable":true,"href":"https:\/\/www.taraspringett.com\/de\/wp-json\/wp\/v2\/users\/1"}],"replies":[{"embeddable":true,"href":"https:\/\/www.taraspringett.com\/de\/wp-json\/wp\/v2\/comments?post=1635"}],"version-history":[{"count":13,"href":"https:\/\/www.taraspringett.com\/de\/wp-json\/wp\/v2\/pages\/1635\/revisions"}],"predecessor-version":[{"id":2131,"href":"https:\/\/www.taraspringett.com\/de\/wp-json\/wp\/v2\/pages\/1635\/revisions\/2131"}],"up":[{"embeddable":true,"href":"https:\/\/www.taraspringett.com\/de\/wp-json\/wp\/v2\/pages\/45"}],"wp:attachment":[{"href":"https:\/\/www.taraspringett.com\/de\/wp-json\/wp\/v2\/media?parent=1635"}],"curies":[{"name":"wp","href":"https:\/\/api.w.org\/{rel}","templated":true}]}}