{"id":1275,"date":"2016-09-30T10:12:48","date_gmt":"2016-09-30T10:12:48","guid":{"rendered":"http:\/\/www.taraspringett.com\/de\/?page_id=1275"},"modified":"2023-08-29T14:24:56","modified_gmt":"2023-08-29T14:24:56","slug":"buch-kaufen-die-genuss-methode","status":"publish","type":"page","link":"https:\/\/www.taraspringett.com\/de\/heilen\/buch-kaufen-die-genuss-methode","title":{"rendered":"Buch kaufen &#8211; Die Genuss-Methode"},"content":{"rendered":"<h2><strong><img loading=\"lazy\" decoding=\"async\" class=\"alignleft size-medium wp-image-1099\" src=\"https:\/\/www.taraspringett.com\/de\/wp-content\/uploads\/2013\/09\/genussmethode-194x300.png\" alt=\"Genuss-Methode\" width=\"194\" height=\"300\" srcset=\"https:\/\/www.taraspringett.com\/de\/wp-content\/uploads\/2013\/09\/genussmethode-194x300.png 194w, https:\/\/www.taraspringett.com\/de\/wp-content\/uploads\/2013\/09\/genussmethode.png 310w\" sizes=\"auto, (max-width: 194px) 100vw, 194px\" \/>Der buddhistische Weg zu genussvoller Ern\u00e4hrung und idealem Gewicht<\/strong><\/h2>\n<p>In diesem Buch wendet Tara Springett intensiv erforschte, buddhistische Weisheitslehren auf das Thema \u201eErn\u00e4hrung und Gewichtsabnahme\u201c an.<\/p>\n<p>Durch die Anwendung dieser Ratschl\u00e4ge werden viele Menschen feststellen, dass sie nun mit ihrer K\u00f6rperwahrnehmung Frieden schlie\u00dfen k\u00f6nnen. Sie werden auch leichter Gewicht abnehmen, ges\u00fcnder essen und sich insgesamt mit ihrer Ern\u00e4hrung und ihrem K\u00f6rper wohler f\u00fchlen.<\/p>\n<p><strong>Aus dem Inhalt:<\/strong><\/p>\n<ul>\n<li>Wie man den eigenen K\u00f6rper zum ultimativen Ern\u00e4hrungs-Guru erkl\u00e4rt, anstatt sich durch widerspr\u00fcchliche Ern\u00e4hrungstipps verwirren zu lassen.<\/li>\n<li>Wie man Nahrungsmittel w\u00e4hlt, durch die man sich k\u00f6rperlich <em>und <\/em>seelisch wohl f\u00fchlt.<\/li>\n<li>Wie man Essgel\u00fcsten widersteht, indem man lernt, sich selbst zu lieben, anstatt sich streng zu disziplinieren.<\/li>\n<li>Wie man herausfindet, ob es eine verborgene seelische Ursache gibt, die einem nicht gestattet, abzunehmen und wie man dieses Hindernis beseitigt.<\/li>\n<\/ul>\n<p>Tara Springett M.A. ist eine qualifizierte buddhistische Lehrerin und Therapeutin, die bereits vielen Menschen geholfen hat, ein besseres Verh\u00e4ltnis zu ihrem K\u00f6rper zu erlangen und ihr Wunschgewicht zu erreichen. Sie ist Autorin vieler Selbsthilfe-B\u00fccher, die in viele Sprachen \u00fcbersetzt wurden.<\/p>\n<p>Die Einleitung von &#8220;<strong>Die Genuss-Methode<\/strong>&#8221; kannst Du <a href=\"https:\/\/www.taraspringett.com\/de\/einleitung-des-buches-die-genuss-methode\">hier<\/a> lesen.<\/p>\n<p>Das Buch ist auf amazon.de als Taschenbuch und als Kindleversion verf\u00fcgbar.<\/p>\n<p><strong>Hier kannst Du das 200-seitige Buch (als PDF) zum sofortigen Download kaufen!\u00a0 <span style=\"color: #ff0000;\">Vorzugspreis: 6.49 Euro (25% billiger als bei Amazon)\u00a0\u00a0<\/span><\/strong><\/p>\n<p>AusChecken mit PayPal:<\/p>\n<p><a href=\"https:\/\/www.paypal.com\/cgi-bin\/webscr?cmd=_s-xclick&amp;hosted_button_id=AM6VP2H723BM8\"><img loading=\"lazy\" decoding=\"async\" class=\"aligncenter size-full wp-image-726\" src=\"https:\/\/www.taraspringett.com\/de\/wp-content\/uploads\/2014\/12\/paypal-deutsch.gif\" alt=\"paypal\" width=\"126\" height=\"47\" \/><\/a><\/p>\n<h2><span style=\"color: #ff0000;\">Bitte achte am Ende des AusCheck-Prozesses bei PayPal besonders auf den Link zur Download-Seite!<br \/>\n<\/span><\/h2>\n<p>Falls ein Problem auftreten sollte, kannst Du mich <a title=\"Kontakt\" href=\"https:\/\/www.taraspringett.com\/de\/kontakt\">hier<\/a> kontaktieren.<\/p>\n<p style=\"padding-left: 60px; text-align: left;\"><span style=\"text-align: center;\"> \u00a0 \u00a0 \u00a0 \u00a0 \u00a0 \u00a0 \u00a0 \u00a0 \u00a0 \u00a0 \u00a0 \u00a0 \u00a0 \u00a0\u00a0 14 Tage Geld-zur\u00fcck-Garantie!<br \/>\n<\/span><\/p>\n<p style=\"padding-left: 60px; text-align: left;\"><img loading=\"lazy\" decoding=\"async\" class=\"aligncenter size-medium wp-image-1099\" src=\"https:\/\/www.taraspringett.com\/de\/wp-content\/uploads\/2013\/09\/genussmethode-194x300.png\" alt=\"Genuss-Methode\" width=\"194\" height=\"300\" srcset=\"https:\/\/www.taraspringett.com\/de\/wp-content\/uploads\/2013\/09\/genussmethode-194x300.png 194w, https:\/\/www.taraspringett.com\/de\/wp-content\/uploads\/2013\/09\/genussmethode.png 310w\" sizes=\"auto, (max-width: 194px) 100vw, 194px\" \/><\/p>\n<p><a href=\"https:\/\/www.taraspringett.com\/de\/wp-content\/uploads\/2013\/09\/Advanced-Manifesting.jpg\"><img loading=\"lazy\" decoding=\"async\" src=\"http:\/\/www.taraspringett.com\/wp-content\/uploads\/2011\/02\/Download-1-150x150.jpg\" alt=\"\" width=\"32\" height=\"32\" \/><\/a><a href=\"https:\/\/www.taraspringett.com\/healing\/buyview-happy-eating-approach\/\">English<\/a><\/p>\n","protected":false},"excerpt":{"rendered":"<p>Der buddhistische Weg zu genussvoller Ern\u00e4hrung und idealem Gewicht In diesem Buch wendet Tara Springett intensiv erforschte, buddhistische Weisheitslehren auf das Thema \u201eErn\u00e4hrung und Gewichtsabnahme\u201c an. Durch die Anwendung dieser Ratschl\u00e4ge werden viele Menschen feststellen, dass sie nun mit ihrer K\u00f6rperwahrnehmung Frieden schlie\u00dfen k\u00f6nnen. Sie werden auch leichter Gewicht abnehmen, ges\u00fcnder essen und sich insgesamt &#8230; <a title=\"Buch kaufen &#8211; Die Genuss-Methode\" class=\"read-more\" href=\"https:\/\/www.taraspringett.com\/de\/heilen\/buch-kaufen-die-genuss-methode\" aria-label=\"Read more about Buch kaufen &#8211; Die Genuss-Methode\">Read more<\/a><\/p>\n","protected":false},"author":1,"featured_media":0,"parent":20,"menu_order":0,"comment_status":"closed","ping_status":"closed","template":"","meta":{"footnotes":""},"class_list":["post-1275","page","type-page","status-publish"],"aioseo_notices":[],"_links":{"self":[{"href":"https:\/\/www.taraspringett.com\/de\/wp-json\/wp\/v2\/pages\/1275","targetHints":{"allow":["GET"]}}],"collection":[{"href":"https:\/\/www.taraspringett.com\/de\/wp-json\/wp\/v2\/pages"}],"about":[{"href":"https:\/\/www.taraspringett.com\/de\/wp-json\/wp\/v2\/types\/page"}],"author":[{"embeddable":true,"href":"https:\/\/www.taraspringett.com\/de\/wp-json\/wp\/v2\/users\/1"}],"replies":[{"embeddable":true,"href":"https:\/\/www.taraspringett.com\/de\/wp-json\/wp\/v2\/comments?post=1275"}],"version-history":[{"count":5,"href":"https:\/\/www.taraspringett.com\/de\/wp-json\/wp\/v2\/pages\/1275\/revisions"}],"predecessor-version":[{"id":2040,"href":"https:\/\/www.taraspringett.com\/de\/wp-json\/wp\/v2\/pages\/1275\/revisions\/2040"}],"up":[{"embeddable":true,"href":"https:\/\/www.taraspringett.com\/de\/wp-json\/wp\/v2\/pages\/20"}],"wp:attachment":[{"href":"https:\/\/www.taraspringett.com\/de\/wp-json\/wp\/v2\/media?parent=1275"}],"curies":[{"name":"wp","href":"https:\/\/api.w.org\/{rel}","templated":true}]}}