{"id":101,"date":"2013-09-15T11:01:12","date_gmt":"2013-09-15T11:01:12","guid":{"rendered":"http:\/\/www.taraspringett.com\/de1\/?page_id=101"},"modified":"2025-09-04T19:33:51","modified_gmt":"2025-09-04T19:33:51","slug":"tara-springett","status":"publish","type":"page","link":"https:\/\/www.taraspringett.com\/de\/uber-tara\/tara-springett","title":{"rendered":"Tara Springett"},"content":{"rendered":"<h2><img loading=\"lazy\" decoding=\"async\" class=\"alignleft wp-image-1450\" src=\"https:\/\/www.taraspringett.com\/de\/wp-content\/uploads\/2013\/09\/tara-2017-244x300.jpg\" alt=\"Tara Springett\" width=\"202\" height=\"248\" srcset=\"https:\/\/www.taraspringett.com\/de\/wp-content\/uploads\/2013\/09\/tara-2017-244x300.jpg 244w, https:\/\/www.taraspringett.com\/de\/wp-content\/uploads\/2013\/09\/tara-2017-768x945.jpg 768w, https:\/\/www.taraspringett.com\/de\/wp-content\/uploads\/2013\/09\/tara-2017-832x1024.jpg 832w, https:\/\/www.taraspringett.com\/de\/wp-content\/uploads\/2013\/09\/tara-2017.jpg 881w\" sizes=\"auto, (max-width: 202px) 100vw, 202px\" \/>\u00dcber Tara Springett<\/h2>\n<p>Schon als Teenager hat sich Tara sehr f\u00fcr pers\u00f6nliches Wachstum interessiert und hat ihr Leben dieser Suche gewidmet.<\/p>\n<p>Tara hat einen M.A. in Erziehungswissenschaft und verf\u00fcgt \u00fcber Ausbildungen in Gestalttherapie, K\u00f6rper-Bewusstseins-Therapie und transpersonaler Therapie (spirituelle Therapie). Sie ist qualifizierte Psychotherapeutin und hat seit 1988 als Drogenberaterin gearbeitet, als Beraterin f\u00fcr Jugendliche und als allgemeine Psychotherapeutin.<\/p>\n<p>Tara praktiziert buddhistische Meditation seit 1986. Im Jahr 1997 erhielt sie die Erm\u00e4chtigung von ihrem buddhistischen Lehrer, Rigdzin Shikpo, Meditation zu lehren. Ebenso hat sie ihr buddhistischer Lehrer, seine Eminenz Garchen Rinpoche im Jahr 2002 ausdr\u00fccklich gebeten zu lehren.<\/p>\n<p>Des weiteren arbeitet Tara seit Jahrzehnten mit daoistischer Energiearbeit, Naturheilkunde und Yoga. Im Jahr 2024 erhielt sie ihre Qualifikation als Qigong-Lehrerin.<\/p>\n<p>Seit 2010 hat sich Tara darauf spezialisiert Menschen zu helfen, die am Kundalini-Syndrom (oder an einer spirituellen Krise) leiden. Als Kundalini-Lehrerin hat sie schon \u00fcber 2000 Menschen erfolgreich geholfen. Tara ist seit 40 Jahren in ihrem eigenen Kundalini-Prozess und hat diese Entwicklung f\u00fcr sich selbst gut gemeistert.<\/p>\n<p>Bitte beachte, dass Tara als Kundalini-Lehrerin iin ihrer Kapazit\u00e4t als buddhistische und Qigong-Lehrerin arbeitet und nicht als Psychotherapeutin.<\/p>\n<p><img loading=\"lazy\" decoding=\"async\" class=\"alignright wp-image-1631\" src=\"https:\/\/www.taraspringett.com\/de\/wp-content\/uploads\/2013\/09\/rosen-high-dpi-1.jpg\" alt=\"\" width=\"334\" height=\"468\" \/>Tara ist die Autorin von zahlreichen, z.T. preisgekr\u00f6nten\u00a0 <a href=\"https:\/\/www.taraspringett.com\/de\/bucher\">Selbsthilfe-B\u00fcchern<\/a>.\u00a0Es wurde in vielen Publikationen \u00a0\u00fcber Tara berichtet und sie ist in verschiedenen <a href=\"https:\/\/www.taraspringett.com\/de\/uber-tara\/radio\">Radio<\/a> und TV-Shows in Europa und den USA interviewed worden. Tara war auch eine regelm\u00e4\u00dfige Mitarbeiterin von beliefnet.com.<\/p>\n<p>Tara (geboren 1960) ist Mutter eines erwachsenen Sohnes und lebt mit ihrem Mann in der sch\u00f6nen Landschaft von Devon in England. In ihrer Freizeit geht sie gerne wandern, besucht englische Tea Rooms und arbeitet viele Stunden in ihrem Blumengarten (siehe Bild).<\/p>\n<h2>Einen Termin vereinbaren:<\/h2>\n<p><strong><strong>Um Sitzungen zu buchen<\/strong>, benutze bitte das Formular <a href=\"https:\/\/www.taraspringett.com\/de\/kontakt\">hier<\/a>.\u00a0<\/strong><\/p>\n<p><a title=\"Kundalini Heilung\" href=\"https:\/\/www.taraspringett.com\/de\/sitzungen\/kundalini-heilung\">Kundalini-Heilung<\/a><\/p>\n<p><img loading=\"lazy\" decoding=\"async\" src=\"http:\/\/www.taraspringett.com\/wp-content\/uploads\/2011\/02\/Download-1-150x150.jpg\" alt=\"\" width=\"32\" height=\"32\" \/><a href=\"http:\/\/www.taraspringett.com\/about\/tara-springett\">English<\/a><\/p>\n","protected":false},"excerpt":{"rendered":"<p>\u00dcber Tara Springett Schon als Teenager hat sich Tara sehr f\u00fcr pers\u00f6nliches Wachstum interessiert und hat ihr Leben dieser Suche gewidmet. Tara hat einen M.A. in Erziehungswissenschaft und verf\u00fcgt \u00fcber Ausbildungen in Gestalttherapie, K\u00f6rper-Bewusstseins-Therapie und transpersonaler Therapie (spirituelle Therapie). Sie ist qualifizierte Psychotherapeutin und hat seit 1988 als Drogenberaterin gearbeitet, als Beraterin f\u00fcr Jugendliche und &#8230; <a title=\"Tara Springett\" class=\"read-more\" href=\"https:\/\/www.taraspringett.com\/de\/uber-tara\/tara-springett\" aria-label=\"Read more about Tara Springett\">Read more<\/a><\/p>\n","protected":false},"author":1,"featured_media":0,"parent":53,"menu_order":1,"comment_status":"closed","ping_status":"closed","template":"","meta":{"footnotes":""},"class_list":["post-101","page","type-page","status-publish"],"aioseo_notices":[],"_links":{"self":[{"href":"https:\/\/www.taraspringett.com\/de\/wp-json\/wp\/v2\/pages\/101","targetHints":{"allow":["GET"]}}],"collection":[{"href":"https:\/\/www.taraspringett.com\/de\/wp-json\/wp\/v2\/pages"}],"about":[{"href":"https:\/\/www.taraspringett.com\/de\/wp-json\/wp\/v2\/types\/page"}],"author":[{"embeddable":true,"href":"https:\/\/www.taraspringett.com\/de\/wp-json\/wp\/v2\/users\/1"}],"replies":[{"embeddable":true,"href":"https:\/\/www.taraspringett.com\/de\/wp-json\/wp\/v2\/comments?post=101"}],"version-history":[{"count":11,"href":"https:\/\/www.taraspringett.com\/de\/wp-json\/wp\/v2\/pages\/101\/revisions"}],"predecessor-version":[{"id":2127,"href":"https:\/\/www.taraspringett.com\/de\/wp-json\/wp\/v2\/pages\/101\/revisions\/2127"}],"up":[{"embeddable":true,"href":"https:\/\/www.taraspringett.com\/de\/wp-json\/wp\/v2\/pages\/53"}],"wp:attachment":[{"href":"https:\/\/www.taraspringett.com\/de\/wp-json\/wp\/v2\/media?parent=101"}],"curies":[{"name":"wp","href":"https:\/\/api.w.org\/{rel}","templated":true}]}}